{"id":10422,"date":"2025-09-11T13:53:51","date_gmt":"2025-09-11T13:53:51","guid":{"rendered":"https:\/\/www.miyakoshi.eu\/digitaldruck-von-papiertueten\/"},"modified":"2025-10-16T14:58:20","modified_gmt":"2025-10-16T14:58:20","slug":"digitaldruck-von-papiertueten","status":"publish","type":"page","link":"https:\/\/www.miyakoshi.eu\/de\/digitaldruck-von-papiertueten\/","title":{"rendered":"Digitaldruck von Papiert\u00fcten"},"content":{"rendered":"\t\t<div data-elementor-type=\"wp-page\" data-elementor-id=\"10422\" class=\"elementor elementor-10422 elementor-10366\" data-elementor-post-type=\"page\">\n\t\t\t\t\t\t<section class=\"elementor-section elementor-top-section elementor-element elementor-element-56a9092 elementor-section-height-min-height animated-fast elementor-section-boxed elementor-section-height-default elementor-section-items-middle elementor-invisible\" data-id=\"56a9092\" data-element_type=\"section\" data-settings=\"{&quot;background_background&quot;:&quot;classic&quot;,&quot;animation&quot;:&quot;fadeInDown&quot;}\">\n\t\t\t\t\t\t\t<div class=\"elementor-background-overlay\"><\/div>\n\t\t\t\t\t\t\t<div class=\"elementor-container elementor-column-gap-default\">\n\t\t\t\t\t<div class=\"elementor-column elementor-col-100 elementor-top-column elementor-element elementor-element-c23ef50\" data-id=\"c23ef50\" data-element_type=\"column\">\n\t\t\t<div class=\"elementor-widget-wrap elementor-element-populated\">\n\t\t\t\t\t\t\t<\/div>\n\t\t<\/div>\n\t\t\t\t\t<\/div>\n\t\t<\/section>\n\t\t\t\t<section class=\"elementor-section elementor-top-section elementor-element elementor-element-f3519cd elementor-section-boxed elementor-section-height-default elementor-section-height-default\" data-id=\"f3519cd\" data-element_type=\"section\" data-settings=\"{&quot;animation&quot;:&quot;none&quot;}\">\n\t\t\t\t\t\t<div class=\"elementor-container elementor-column-gap-default\">\n\t\t\t\t\t<div class=\"elementor-column elementor-col-100 elementor-top-column elementor-element elementor-element-8a3e4e0\" data-id=\"8a3e4e0\" data-element_type=\"column\" data-settings=\"{&quot;animation&quot;:&quot;none&quot;}\">\n\t\t\t<div class=\"elementor-widget-wrap elementor-element-populated\">\n\t\t\t\t\t\t<div class=\"elementor-element elementor-element-e8c6159 animated-fast elementor-widget-mobile__width-initial elementor-widget elementor-widget-text-editor\" data-id=\"e8c6159\" data-element_type=\"widget\" data-settings=\"{&quot;_animation&quot;:&quot;none&quot;,&quot;_animation_delay&quot;:500}\" data-widget_type=\"text-editor.default\">\n\t\t\t\t<div class=\"elementor-widget-container\">\n\t\t\t\t\t\t\t\t\t<p>Die Papierbeutelherstellung befindet sich an einem Wendepunkt, der durch den \u00dcbergang zu nachhaltigen Verpackungen und die Notwendigkeit vielseitigerer Produktionsprozesse vorangetrieben wird. Die Hersteller suchen nach Maschinen, die in der Lage sind, auf die wachsende Nachfrage nach Individualisierung zu reagieren, kleine Chargenauftr\u00e4ge zu bew\u00e4ltigen und maximale Effizienz in Bezug auf Kosten und Zeit zu gew\u00e4hrleisten.<\/p><p>Technologische Fortschritte haben zu L\u00f6sungen gef\u00fchrt, die den Online-Digitaldruck integrieren, Abfall reduzieren und den Arbeitsablauf optimieren. Dadurch ist es m\u00f6glich, Beutel mit variablen Designs herzustellen, ohne Platten wechseln oder die Produktion unterbrechen zu m\u00fcssen, was einen klaren Wettbewerbsvorteil darstellt.<\/p><p>In diesem Zusammenhang pr\u00e4sentiert <strong>Newlong das Modell 1546CTS+536HS mit dem Digitaldrucker NDP1250<\/strong>, eine wegweisende L\u00f6sung, die Herstellung und Vollfarbdruck in einem einzigen Prozess vereint und Herstellern ein hochwertiges, flexibles und kosteng\u00fcnstiges Produktionswerkzeug bietet.<\/p>\t\t\t\t\t\t\t\t<\/div>\n\t\t\t\t<\/div>\n\t\t\t\t\t<\/div>\n\t\t<\/div>\n\t\t\t\t\t<\/div>\n\t\t<\/section>\n\t\t\t\t<section class=\"elementor-section elementor-top-section elementor-element elementor-element-b9c5873 elementor-section-boxed elementor-section-height-default elementor-section-height-default\" data-id=\"b9c5873\" data-element_type=\"section\" data-settings=\"{&quot;animation&quot;:&quot;none&quot;}\">\n\t\t\t\t\t\t<div class=\"elementor-container elementor-column-gap-default\">\n\t\t\t\t\t<div class=\"elementor-column elementor-col-100 elementor-top-column elementor-element elementor-element-205f285\" data-id=\"205f285\" data-element_type=\"column\" data-settings=\"{&quot;animation&quot;:&quot;none&quot;}\">\n\t\t\t<div class=\"elementor-widget-wrap elementor-element-populated\">\n\t\t\t\t\t\t<div class=\"elementor-element elementor-element-a71d0f8 elementor-invisible elementor-widget elementor-widget-image\" data-id=\"a71d0f8\" data-element_type=\"widget\" data-settings=\"{&quot;_animation&quot;:&quot;fadeInUp&quot;}\" data-widget_type=\"image.default\">\n\t\t\t\t<div class=\"elementor-widget-container\">\n\t\t\t\t\t\t\t\t\t\t\t\t<figure class=\"wp-caption\">\n\t\t\t\t\t\t\t\t\t\t\t<a href=\"https:\/\/www.miyakoshi.eu\/de\/digitaldruckmaschine-fuer-taschen-newlong-ndp1250\/\">\n\t\t\t\t\t\t\t<img fetchpriority=\"high\" decoding=\"async\" width=\"1024\" height=\"328\" src=\"https:\/\/www.miyakoshi.eu\/wp-content\/uploads\/2025\/09\/ShoppingBag-Making-Machine-1-1024x328.png\" class=\"attachment-large size-large wp-image-10373\" alt=\"\" srcset=\"https:\/\/www.miyakoshi.eu\/wp-content\/uploads\/2025\/09\/ShoppingBag-Making-Machine-1-1024x328.png 1024w, https:\/\/www.miyakoshi.eu\/wp-content\/uploads\/2025\/09\/ShoppingBag-Making-Machine-1-300x96.png 300w, https:\/\/www.miyakoshi.eu\/wp-content\/uploads\/2025\/09\/ShoppingBag-Making-Machine-1-768x246.png 768w, https:\/\/www.miyakoshi.eu\/wp-content\/uploads\/2025\/09\/ShoppingBag-Making-Machine-1.png 1124w\" sizes=\"(max-width: 1024px) 100vw, 1024px\" \/>\t\t\t\t\t\t\t\t<\/a>\n\t\t\t\t\t\t\t\t\t\t\t<figcaption class=\"widget-image-caption wp-caption-text\">Newlong NDP 1250<\/figcaption>\n\t\t\t\t\t\t\t\t\t\t<\/figure>\n\t\t\t\t\t\t\t\t\t<\/div>\n\t\t\t\t<\/div>\n\t\t\t\t\t<\/div>\n\t\t<\/div>\n\t\t\t\t\t<\/div>\n\t\t<\/section>\n\t\t\t\t<\/div>\n\t\t","protected":false},"excerpt":{"rendered":"<p>Die Papierbeutelherstellung befindet sich an einem Wendepunkt, der durch den \u00dcbergang zu nachhaltigen Verpackungen und die Notwendigkeit vielseitigerer Produktionsprozesse vorangetrieben wird. Die Hersteller suchen nach Maschinen, die in der Lage sind, auf die wachsende Nachfrage nach Individualisierung zu reagieren, kleine Chargenauftr\u00e4ge zu bew\u00e4ltigen und maximale Effizienz in Bezug auf Kosten und Zeit zu gew\u00e4hrleisten. Technologische [&hellip;]<\/p>\n","protected":false},"author":2,"featured_media":0,"parent":0,"menu_order":0,"comment_status":"closed","ping_status":"closed","template":"","meta":{"site-sidebar-layout":"no-sidebar","site-content-layout":"page-builder","ast-site-content-layout":"full-width-container","site-content-style":"default","site-sidebar-style":"default","ast-global-header-display":"","ast-banner-title-visibility":"","ast-main-header-display":"","ast-hfb-above-header-display":"","ast-hfb-below-header-display":"","ast-hfb-mobile-header-display":"","site-post-title":"disabled","ast-breadcrumbs-content":"","ast-featured-img":"disabled","footer-sml-layout":"","theme-transparent-header-meta":"default","adv-header-id-meta":"","stick-header-meta":"","header-above-stick-meta":"","header-main-stick-meta":"","header-below-stick-meta":"","astra-migrate-meta-layouts":"default","ast-page-background-enabled":"default","ast-page-background-meta":{"desktop":{"background-color":"","background-image":"","background-repeat":"repeat","background-position":"center center","background-size":"auto","background-attachment":"scroll","background-type":"","background-media":"","overlay-type":"","overlay-color":"","overlay-opacity":"","overlay-gradient":""},"tablet":{"background-color":"","background-image":"","background-repeat":"repeat","background-position":"center center","background-size":"auto","background-attachment":"scroll","background-type":"","background-media":"","overlay-type":"","overlay-color":"","overlay-opacity":"","overlay-gradient":""},"mobile":{"background-color":"","background-image":"","background-repeat":"repeat","background-position":"center center","background-size":"auto","background-attachment":"scroll","background-type":"","background-media":"","overlay-type":"","overlay-color":"","overlay-opacity":"","overlay-gradient":""}},"ast-content-background-meta":{"desktop":{"background-color":"var(--ast-global-color-5)","background-image":"","background-repeat":"repeat","background-position":"center center","background-size":"auto","background-attachment":"scroll","background-type":"","background-media":"","overlay-type":"","overlay-color":"","overlay-opacity":"","overlay-gradient":""},"tablet":{"background-color":"var(--ast-global-color-5)","background-image":"","background-repeat":"repeat","background-position":"center center","background-size":"auto","background-attachment":"scroll","background-type":"","background-media":"","overlay-type":"","overlay-color":"","overlay-opacity":"","overlay-gradient":""},"mobile":{"background-color":"var(--ast-global-color-5)","background-image":"","background-repeat":"repeat","background-position":"center center","background-size":"auto","background-attachment":"scroll","background-type":"","background-media":"","overlay-type":"","overlay-color":"","overlay-opacity":"","overlay-gradient":""}},"footnotes":""},"class_list":["post-10422","page","type-page","status-publish","hentry"],"yoast_head":"<!-- This site is optimized with the Yoast SEO plugin v26.3 - https:\/\/yoast.com\/wordpress\/plugins\/seo\/ -->\n<title>Digitaldruck von Papiert\u00fcten<\/title>\n<meta name=\"description\" content=\"Fortschrittliche Technologie in der Herstellung und Bedruckung von Papiert\u00fcten. Effiziente, nachhaltige und flexible Maschinen f\u00fcr Hersteller, die Produktivit\u00e4t anstreben.\" \/>\n<meta name=\"robots\" content=\"index, follow, max-snippet:-1, max-image-preview:large, max-video-preview:-1\" \/>\n<link rel=\"canonical\" href=\"https:\/\/www.miyakoshi.eu\/de\/digitaldruck-von-papiertueten\/\" \/>\n<meta property=\"og:locale\" content=\"de_DE\" \/>\n<meta property=\"og:type\" content=\"article\" \/>\n<meta property=\"og:title\" content=\"Digitaldruck von Papiert\u00fcten\" \/>\n<meta property=\"og:description\" content=\"Fortschrittliche Technologie in der Herstellung und Bedruckung von Papiert\u00fcten. Effiziente, nachhaltige und flexible Maschinen f\u00fcr Hersteller, die Produktivit\u00e4t anstreben.\" \/>\n<meta property=\"og:url\" content=\"https:\/\/www.miyakoshi.eu\/de\/digitaldruck-von-papiertueten\/\" \/>\n<meta property=\"og:site_name\" content=\"Miyakoshi\" \/>\n<meta property=\"article:modified_time\" content=\"2025-10-16T14:58:20+00:00\" \/>\n<meta property=\"og:image\" content=\"https:\/\/www.miyakoshi.eu\/wp-content\/uploads\/2025\/09\/ShoppingBag-Making-Machine-1.png\" \/>\n\t<meta property=\"og:image:width\" content=\"1124\" \/>\n\t<meta property=\"og:image:height\" content=\"360\" \/>\n\t<meta property=\"og:image:type\" content=\"image\/png\" \/>\n<meta name=\"twitter:card\" content=\"summary_large_image\" \/>\n<meta name=\"twitter:label1\" content=\"Gesch\u00e4tzte Lesezeit\" \/>\n\t<meta name=\"twitter:data1\" content=\"1\u00a0Minute\" \/>\n<script type=\"application\/ld+json\" class=\"yoast-schema-graph\">{\"@context\":\"https:\/\/schema.org\",\"@graph\":[{\"@type\":\"WebPage\",\"@id\":\"https:\/\/www.miyakoshi.eu\/de\/digitaldruck-von-papiertueten\/\",\"url\":\"https:\/\/www.miyakoshi.eu\/de\/digitaldruck-von-papiertueten\/\",\"name\":\"Digitaldruck von Papiert\u00fcten\",\"isPartOf\":{\"@id\":\"https:\/\/www.miyakoshi.eu\/de\/#website\"},\"primaryImageOfPage\":{\"@id\":\"https:\/\/www.miyakoshi.eu\/de\/digitaldruck-von-papiertueten\/#primaryimage\"},\"image\":{\"@id\":\"https:\/\/www.miyakoshi.eu\/de\/digitaldruck-von-papiertueten\/#primaryimage\"},\"thumbnailUrl\":\"https:\/\/www.miyakoshi.eu\/wp-content\/uploads\/2025\/09\/ShoppingBag-Making-Machine-1-1024x328.png\",\"datePublished\":\"2025-09-11T13:53:51+00:00\",\"dateModified\":\"2025-10-16T14:58:20+00:00\",\"description\":\"Fortschrittliche Technologie in der Herstellung und Bedruckung von Papiert\u00fcten. Effiziente, nachhaltige und flexible Maschinen f\u00fcr Hersteller, die Produktivit\u00e4t anstreben.\",\"breadcrumb\":{\"@id\":\"https:\/\/www.miyakoshi.eu\/de\/digitaldruck-von-papiertueten\/#breadcrumb\"},\"inLanguage\":\"de\",\"potentialAction\":[{\"@type\":\"ReadAction\",\"target\":[\"https:\/\/www.miyakoshi.eu\/de\/digitaldruck-von-papiertueten\/\"]}]},{\"@type\":\"ImageObject\",\"inLanguage\":\"de\",\"@id\":\"https:\/\/www.miyakoshi.eu\/de\/digitaldruck-von-papiertueten\/#primaryimage\",\"url\":\"https:\/\/www.miyakoshi.eu\/wp-content\/uploads\/2025\/09\/ShoppingBag-Making-Machine-1-1024x328.png\",\"contentUrl\":\"https:\/\/www.miyakoshi.eu\/wp-content\/uploads\/2025\/09\/ShoppingBag-Making-Machine-1-1024x328.png\"},{\"@type\":\"BreadcrumbList\",\"@id\":\"https:\/\/www.miyakoshi.eu\/de\/digitaldruck-von-papiertueten\/#breadcrumb\",\"itemListElement\":[{\"@type\":\"ListItem\",\"position\":1,\"name\":\"Portada\",\"item\":\"https:\/\/www.miyakoshi.eu\/de\/\"},{\"@type\":\"ListItem\",\"position\":2,\"name\":\"Digitaldruck von Papiert\u00fcten\"}]},{\"@type\":\"WebSite\",\"@id\":\"https:\/\/www.miyakoshi.eu\/de\/#website\",\"url\":\"https:\/\/www.miyakoshi.eu\/de\/\",\"name\":\"Miyakoshi\",\"description\":\"Fabricantes japoneses de impresoras offset\",\"publisher\":{\"@id\":\"https:\/\/www.miyakoshi.eu\/de\/#organization\"},\"potentialAction\":[{\"@type\":\"SearchAction\",\"target\":{\"@type\":\"EntryPoint\",\"urlTemplate\":\"https:\/\/www.miyakoshi.eu\/de\/?s={search_term_string}\"},\"query-input\":{\"@type\":\"PropertyValueSpecification\",\"valueRequired\":true,\"valueName\":\"search_term_string\"}}],\"inLanguage\":\"de\"},{\"@type\":\"Organization\",\"@id\":\"https:\/\/www.miyakoshi.eu\/de\/#organization\",\"name\":\"Miyakoshi Europe, S.L.\",\"url\":\"https:\/\/www.miyakoshi.eu\/de\/\",\"logo\":{\"@type\":\"ImageObject\",\"inLanguage\":\"de\",\"@id\":\"https:\/\/www.miyakoshi.eu\/de\/#\/schema\/logo\/image\/\",\"url\":\"https:\/\/www.miyakoshi.eu\/wp-content\/uploads\/2022\/02\/Logo-miyakoshi.svg\",\"contentUrl\":\"https:\/\/www.miyakoshi.eu\/wp-content\/uploads\/2022\/02\/Logo-miyakoshi.svg\",\"width\":483,\"height\":98,\"caption\":\"Miyakoshi Europe, S.L.\"},\"image\":{\"@id\":\"https:\/\/www.miyakoshi.eu\/de\/#\/schema\/logo\/image\/\"},\"sameAs\":[\"https:\/\/www.linkedin.com\/company\/miyakoshieurope\/\"]}]}<\/script>\n<!-- \/ Yoast SEO plugin. -->","yoast_head_json":{"title":"Digitaldruck von Papiert\u00fcten","description":"Fortschrittliche Technologie in der Herstellung und Bedruckung von Papiert\u00fcten. Effiziente, nachhaltige und flexible Maschinen f\u00fcr Hersteller, die Produktivit\u00e4t anstreben.","robots":{"index":"index","follow":"follow","max-snippet":"max-snippet:-1","max-image-preview":"max-image-preview:large","max-video-preview":"max-video-preview:-1"},"canonical":"https:\/\/www.miyakoshi.eu\/de\/digitaldruck-von-papiertueten\/","og_locale":"de_DE","og_type":"article","og_title":"Digitaldruck von Papiert\u00fcten","og_description":"Fortschrittliche Technologie in der Herstellung und Bedruckung von Papiert\u00fcten. Effiziente, nachhaltige und flexible Maschinen f\u00fcr Hersteller, die Produktivit\u00e4t anstreben.","og_url":"https:\/\/www.miyakoshi.eu\/de\/digitaldruck-von-papiertueten\/","og_site_name":"Miyakoshi","article_modified_time":"2025-10-16T14:58:20+00:00","og_image":[{"width":1124,"height":360,"url":"https:\/\/www.miyakoshi.eu\/wp-content\/uploads\/2025\/09\/ShoppingBag-Making-Machine-1.png","type":"image\/png"}],"twitter_card":"summary_large_image","twitter_misc":{"Gesch\u00e4tzte Lesezeit":"1\u00a0Minute"},"schema":{"@context":"https:\/\/schema.org","@graph":[{"@type":"WebPage","@id":"https:\/\/www.miyakoshi.eu\/de\/digitaldruck-von-papiertueten\/","url":"https:\/\/www.miyakoshi.eu\/de\/digitaldruck-von-papiertueten\/","name":"Digitaldruck von Papiert\u00fcten","isPartOf":{"@id":"https:\/\/www.miyakoshi.eu\/de\/#website"},"primaryImageOfPage":{"@id":"https:\/\/www.miyakoshi.eu\/de\/digitaldruck-von-papiertueten\/#primaryimage"},"image":{"@id":"https:\/\/www.miyakoshi.eu\/de\/digitaldruck-von-papiertueten\/#primaryimage"},"thumbnailUrl":"https:\/\/www.miyakoshi.eu\/wp-content\/uploads\/2025\/09\/ShoppingBag-Making-Machine-1-1024x328.png","datePublished":"2025-09-11T13:53:51+00:00","dateModified":"2025-10-16T14:58:20+00:00","description":"Fortschrittliche Technologie in der Herstellung und Bedruckung von Papiert\u00fcten. Effiziente, nachhaltige und flexible Maschinen f\u00fcr Hersteller, die Produktivit\u00e4t anstreben.","breadcrumb":{"@id":"https:\/\/www.miyakoshi.eu\/de\/digitaldruck-von-papiertueten\/#breadcrumb"},"inLanguage":"de","potentialAction":[{"@type":"ReadAction","target":["https:\/\/www.miyakoshi.eu\/de\/digitaldruck-von-papiertueten\/"]}]},{"@type":"ImageObject","inLanguage":"de","@id":"https:\/\/www.miyakoshi.eu\/de\/digitaldruck-von-papiertueten\/#primaryimage","url":"https:\/\/www.miyakoshi.eu\/wp-content\/uploads\/2025\/09\/ShoppingBag-Making-Machine-1-1024x328.png","contentUrl":"https:\/\/www.miyakoshi.eu\/wp-content\/uploads\/2025\/09\/ShoppingBag-Making-Machine-1-1024x328.png"},{"@type":"BreadcrumbList","@id":"https:\/\/www.miyakoshi.eu\/de\/digitaldruck-von-papiertueten\/#breadcrumb","itemListElement":[{"@type":"ListItem","position":1,"name":"Portada","item":"https:\/\/www.miyakoshi.eu\/de\/"},{"@type":"ListItem","position":2,"name":"Digitaldruck von Papiert\u00fcten"}]},{"@type":"WebSite","@id":"https:\/\/www.miyakoshi.eu\/de\/#website","url":"https:\/\/www.miyakoshi.eu\/de\/","name":"Miyakoshi","description":"Fabricantes japoneses de impresoras offset","publisher":{"@id":"https:\/\/www.miyakoshi.eu\/de\/#organization"},"potentialAction":[{"@type":"SearchAction","target":{"@type":"EntryPoint","urlTemplate":"https:\/\/www.miyakoshi.eu\/de\/?s={search_term_string}"},"query-input":{"@type":"PropertyValueSpecification","valueRequired":true,"valueName":"search_term_string"}}],"inLanguage":"de"},{"@type":"Organization","@id":"https:\/\/www.miyakoshi.eu\/de\/#organization","name":"Miyakoshi Europe, S.L.","url":"https:\/\/www.miyakoshi.eu\/de\/","logo":{"@type":"ImageObject","inLanguage":"de","@id":"https:\/\/www.miyakoshi.eu\/de\/#\/schema\/logo\/image\/","url":"https:\/\/www.miyakoshi.eu\/wp-content\/uploads\/2022\/02\/Logo-miyakoshi.svg","contentUrl":"https:\/\/www.miyakoshi.eu\/wp-content\/uploads\/2022\/02\/Logo-miyakoshi.svg","width":483,"height":98,"caption":"Miyakoshi Europe, S.L."},"image":{"@id":"https:\/\/www.miyakoshi.eu\/de\/#\/schema\/logo\/image\/"},"sameAs":["https:\/\/www.linkedin.com\/company\/miyakoshieurope\/"]}]}},"acf":[],"_links":{"self":[{"href":"https:\/\/www.miyakoshi.eu\/de\/wp-json\/wp\/v2\/pages\/10422","targetHints":{"allow":["GET"]}}],"collection":[{"href":"https:\/\/www.miyakoshi.eu\/de\/wp-json\/wp\/v2\/pages"}],"about":[{"href":"https:\/\/www.miyakoshi.eu\/de\/wp-json\/wp\/v2\/types\/page"}],"author":[{"embeddable":true,"href":"https:\/\/www.miyakoshi.eu\/de\/wp-json\/wp\/v2\/users\/2"}],"replies":[{"embeddable":true,"href":"https:\/\/www.miyakoshi.eu\/de\/wp-json\/wp\/v2\/comments?post=10422"}],"version-history":[{"count":4,"href":"https:\/\/www.miyakoshi.eu\/de\/wp-json\/wp\/v2\/pages\/10422\/revisions"}],"predecessor-version":[{"id":10557,"href":"https:\/\/www.miyakoshi.eu\/de\/wp-json\/wp\/v2\/pages\/10422\/revisions\/10557"}],"wp:attachment":[{"href":"https:\/\/www.miyakoshi.eu\/de\/wp-json\/wp\/v2\/media?parent=10422"}],"curies":[{"name":"wp","href":"https:\/\/api.w.org\/{rel}","templated":true}]}}