{"id":1424,"date":"2022-02-14T13:21:30","date_gmt":"2022-02-14T13:21:30","guid":{"rendered":"https:\/\/miyakoshi.eu\/impressum\/"},"modified":"2026-02-26T16:39:27","modified_gmt":"2026-02-26T16:39:27","slug":"rechtliche-hinweise","status":"publish","type":"page","link":"https:\/\/www.miyakoshi.eu\/de\/rechtliche-hinweise\/","title":{"rendered":"Rechtliche Hinweise"},"content":{"rendered":"\t\t<div data-elementor-type=\"wp-page\" data-elementor-id=\"1424\" class=\"elementor elementor-1424 elementor-372\" data-elementor-post-type=\"page\">\n\t\t\t\t\t\t<section class=\"elementor-section elementor-top-section elementor-element elementor-element-40c761bd elementor-section-boxed elementor-section-height-default elementor-section-height-default\" data-id=\"40c761bd\" data-element_type=\"section\">\n\t\t\t\t\t\t<div class=\"elementor-container elementor-column-gap-default\">\n\t\t\t\t\t<div class=\"elementor-column elementor-col-100 elementor-top-column elementor-element elementor-element-4fd1d64b\" data-id=\"4fd1d64b\" data-element_type=\"column\">\n\t\t\t<div class=\"elementor-widget-wrap elementor-element-populated\">\n\t\t\t\t\t\t<div class=\"elementor-element elementor-element-68dde86f elementor-widget elementor-widget-heading\" data-id=\"68dde86f\" data-element_type=\"widget\" data-widget_type=\"heading.default\">\n\t\t\t\t<div class=\"elementor-widget-container\">\n\t\t\t\t\t<h1 class=\"elementor-heading-title elementor-size-default\">Rechtliche Hinweise<\/h1>\t\t\t\t<\/div>\n\t\t\t\t<\/div>\n\t\t\t\t\t<\/div>\n\t\t<\/div>\n\t\t\t\t\t<\/div>\n\t\t<\/section>\n\t\t\t\t<section class=\"elementor-section elementor-top-section elementor-element elementor-element-f0b6aff elementor-section-boxed elementor-section-height-default elementor-section-height-default\" data-id=\"f0b6aff\" data-element_type=\"section\">\n\t\t\t\t\t\t<div class=\"elementor-container elementor-column-gap-default\">\n\t\t\t\t\t<div class=\"elementor-column elementor-col-100 elementor-top-column elementor-element elementor-element-f553f07\" data-id=\"f553f07\" data-element_type=\"column\">\n\t\t\t<div class=\"elementor-widget-wrap elementor-element-populated\">\n\t\t\t\t\t\t<div class=\"elementor-element elementor-element-0658a70 elementor-widget elementor-widget-text-editor\" data-id=\"0658a70\" data-element_type=\"widget\" data-widget_type=\"text-editor.default\">\n\t\t\t\t<div class=\"elementor-widget-container\">\n\t\t\t\t\t\t\t\t\t<p><em>Gem\u00e4\u00df den Bestimmungen des Gesetzes 34\/2002 vom 11. Juli \u00fcber die Dienstleistungen der Informationsgesellschaft und den elektronischen Gesch\u00e4ftsverkehr (im Folgenden LSSI) informieren wir Sie dar\u00fcber, dass diese Website Eigentum von <\/em><strong>Miyakoshi Europe, S.L.<\/strong><em> ist. Die allgemeinen Angaben zum Verantwortlichen dieser Website sind nachstehend aufgef\u00fchrt:<\/em><\/p>\n<ul>\n<li><strong>Eigent\u00fcmer: Miyakoshi Europe, S.L.<\/strong><\/li>\n<li><strong>Adresse:<\/strong> <em>Avenida Prado del Espino 14 &#8211; Pol\u00edgono Industrial Prado del Espino; 28660 &#8211; Boadilla del Monte (Madrid &#8211; Spanien)<\/em><\/li>\n<li><strong>Kontakt:<\/strong> <em>sales@miyakoshi.eu oder per Telefon +34 91 632 29 76<\/em><\/li>\n<li><strong>Registrierungsdaten:<\/strong> <em>Eingetragen im Handelsregister von Madrid am 14. Oktober 2015.<\/em><\/li>\n<li><strong>CIF:<\/strong> <em>B87383964<\/em><\/li>\n<\/ul>\n<p><em>Der Nutzer verpflichtet sich, die Website oder die dort angebotenen Informationen nicht f\u00fcr Aktivit\u00e4ten zu nutzen, die gegen das Gesetz, die Moral oder die \u00f6ffentliche Ordnung versto\u00dfen. Die vom Benutzer durchgef\u00fchrten Aktivit\u00e4ten liegen in der alleinigen Verantwortung des Benutzers, und <\/em><strong>Miyakoshi Europe, S.L.<\/strong><em> kann unter keinen Umst\u00e4nden f\u00fcr Sch\u00e4den oder Beeintr\u00e4chtigungen verantwortlich gemacht werden, die durch die vom Benutzer durchgef\u00fchrten Aktivit\u00e4ten verursacht werden k\u00f6nnten.<\/em><\/p>\n<p><em>Die Bedingungen f\u00fcr die Nutzung dieser Website sind unbefristet. <\/em><strong>Miyakoshi Europe, S.L.<\/strong><em> beh\u00e4lt sich das Recht vor, diese sowie deren Inhalt zu \u00e4ndern. Alle auf dieser Website ver\u00f6ffentlichten Informationen dienen nur zu Informationszwecken und Miyakoshi Europe, S.L. beh\u00e4lt sich das Recht vor, diese ohne vorherige Ank\u00fcndigung zu entfernen oder ihre Verbreitung auszusetzen. Die Erbringung von Dienstleistungen und die Verbreitung von Informationen unterliegt dem spanischen Recht.<\/em><\/p>\n<h3 style=\"text-align: center;\"><span style=\"color: #339966;\"><strong>Rechtliche und Technische Hinweise<\/strong><\/span><\/h3>\n<h6 style=\"padding-left: 40px;\">&nbsp;<\/h6>\n<h5 style=\"text-align: left;\"><em><strong>Haftungsausschluss f\u00fcr Informationen<\/strong><\/em><\/h5>\n<h6>&nbsp;<\/h6>\n<p style=\"text-align: left;\"><em>Die auf dieser Website bereitgestellten Informationen dienen ausschlie\u00dflich der allgemeinen Orientierung und Information. Trotz aller Bem\u00fchungen um Genauigkeit sind s\u00e4mtliche Inhalte als unverbindlich und rein indikativ zu verstehen.<\/em><\/p>\n<h5 style=\"text-align: left;\"><em><strong>Produktinformationen<\/strong><\/em><\/h5>\n<h6>&nbsp;<\/h6>\n<p style=\"text-align: left;\"><em>Beschreibungen, Spezifikationen, Merkmale, Bilder und Leistungsdaten dienen nur zur Orientierung und stellen kein vertragliches Angebot oder eine technische Garantie dar.<\/em><\/p>\n<h5 style=\"text-align: left;\"><em><strong>Ger\u00e4tekonfiguration<\/strong><\/em><\/h5>\n<h6>&nbsp;<\/h6>\n<p style=\"text-align: left;\"><em>Angaben zur Konfiguration sind unverbindlich und k\u00f6nnen je nach gew\u00e4hlter Option variieren.<\/em><\/p>\n<h5 style=\"text-align: left;\"><em><strong>Leistung und Druckgeschwindigkeit<\/strong><\/em><\/h5>\n<h6>&nbsp;<\/h6>\n<p style=\"text-align: left;\"><em>Alle Druckgeschwindigkeiten oder technischen Angaben sind ungef\u00e4hre Werte und beziehen sich auf den Leerlaufbetrieb der Maschine ohne zus\u00e4tzliche Module oder Elemente. Diese Werte sind lediglich Richtwerte und d\u00fcrfen nicht als Produktionsma\u00dfstab verwendet werden. Die tats\u00e4chliche Leistung kann je nach Material, Erfahrung des Bedieners, Umgebungsbedingungen und unterst\u00fctzenden Prozessen erheblich variieren.<\/em><\/p>\n<h5 style=\"text-align: left;\"><em><strong>Technische Einschr\u00e4nkungen<\/strong><\/em><\/h5>\n<h6>&nbsp;<\/h6>\n<p style=\"text-align: left;\"><em>Die Maschinenleistung \u2013 einschlie\u00dflich Pr\u00e4zision, Aush\u00e4rtung, Passer- und Haftverhalten \u2013 ist indikativ und kann je nach spezifischen Produktionsbedingungen variieren. Sie h\u00e4ngt auch von den verwendeten Materialien und Verfahren ab. Jeder Auftrag muss individuell gepr\u00fcft werden, um die Eignung zu best\u00e4tigen. Unter keinen Umst\u00e4nden d\u00fcrfen diese Informationen als Referenz f\u00fcr die Produktion verwendet werden.<\/em><\/p>\n<h5 style=\"text-align: left;\"><em><strong>Stromverbrauch<\/strong><\/em><\/h5>\n<h6>&nbsp;<\/h6>\n<p style=\"text-align: left;\"><em>Der angegebene Stromverbrauch ist unverbindlich und bezieht sich nur auf die Hauptmaschine, ohne Peripherieger\u00e4te oder optionale Module. Diese Werte d\u00fcrfen nicht als Grundlage f\u00fcr den tats\u00e4chlichen Energiebedarf verwendet werden.<\/em><\/p>\n<h5 style=\"text-align: left;\"><em><strong>Unverbindlichkeit der Informationen<\/strong><\/em><\/h5>\n<h6>&nbsp;<\/h6>\n<p style=\"text-align: left;\"><em>Alle Inhalte dieser Website, einschlie\u00dflich Brosch\u00fcren und anderer Werbematerialien, dienen nur zu Informationszwecken, k\u00f6nnen jederzeit ge\u00e4ndert werden und haben keinen verbindlichen oder vertraglichen Charakter.<\/em><\/p>\n<h5 style=\"text-align: left;\"><em><strong>\u00c4nderungen und Aktualisierungen<\/strong><\/em><\/h5>\n<h6>&nbsp;<\/h6>\n<p style=\"text-align: left;\"><em>Der Hersteller beh\u00e4lt sich das Recht vor, Spezifikationen, Komponenten oder Konfigurationen ohne vorherige Ank\u00fcndigung zu \u00e4ndern und ist nicht verpflichtet, fr\u00fchere Ger\u00e4te zu aktualisieren.<\/em><\/p>\n<h5 style=\"text-align: left;\"><em><strong>Geistiges Eigentum<\/strong><\/em><\/h5>\n<h6>&nbsp;<\/h6>\n<p><em>Alle Marken, Logos, Produktnamen und Bilder auf dieser Website sind Eigentum der jeweiligen Inhaber. Eine unautorisierte Nutzung, Vervielf\u00e4ltigung oder Verbreitung ist verboten.<\/em><\/p>\n<h5 style=\"text-align: left;\"><em><strong>Rechtliche Einschr\u00e4nkung<\/strong><\/em><\/h5>\n<h6>&nbsp;<\/h6>\n<p><em>Diese Informationen stellen keine rechtliche, technische oder gesch\u00e4ftliche Beratung dar. F\u00fcr Fehler, Auslassungen oder Folgen, die sich aus der Nutzung der bereitgestellten Informationen ergeben, wird keine Haftung \u00fcbernommen.<\/em><\/p><h5 style=\"\"><b><i>Ohne Autorit\u00e4t<\/i><\/b><\/h5><h5 style=\"font-style: normal;\">&nbsp;<\/h5><p style=\"\"><em style=\"font-size: 16px; font-style: normal; font-weight: 300;\">Miyakoshi Europe S.L.&nbsp;<\/em><i>ist nicht befugt, Miyakoshi Printing Machinery Co., Ltd. (Japan) oder andere Hersteller zu vertreten oder in deren Namen Erkl\u00e4rungen abzugeben, Garantien zu \u00fcbernehmen, Verpflichtungen einzugehen oder vertragliche Verpflichtungen einzugehen.<\/i><\/p><h5 style=\"\"><b><i>Pflichten der Nutzer der Website<\/i><\/b><\/h5><h5 style=\"font-style: normal;\">&nbsp;<\/h5><p style=\"\"><i>Alle technischen und kommerziellen Angaben auf dieser Website sind unverbindlich und unterliegen den oben genannten allgemeinen Haftungsausschl\u00fcssen. Sie k\u00f6nnen ohne vorherige Ank\u00fcndigung ge\u00e4ndert werden. Die Nutzer der Website sind daf\u00fcr verantwortlich, ihre eigenen technischen und kommerziellen \u00dcberpr\u00fcfungen durchzuf\u00fchren und alle produktbezogenen Informationen direkt bei Miyakoshi Printing Machinery Co., Ltd. (Japan) oder einem anderen Hersteller, auf den sich die Informationen beziehen, zu best\u00e4tigen. Nichts auf dieser Website ist als offizielle oder endg\u00fcltige Information von Miyakoshi Printing Machinery Co., Ltd. (Japan) oder einem anderen Hersteller zu verstehen.<\/i><\/p><h5 style=\"\"><b><i>Gerichtsbarkeit und anwendbares Recht<\/i><\/b><\/h5><h5 style=\"font-style: normal;\">&nbsp;<\/h5><p style=\"\"><i>Der gesamte Inhalt der von Miyakoshi Europe S.L. ver\u00f6ffentlichten Website unterliegt ausschlie\u00dflich spanischem Recht. F\u00fcr alle Streitigkeiten, die sich aus oder im Zusammenhang mit dem Inhalt dieser Website ergeben, sind ausschlie\u00dflich die Gerichte in Madrid, K\u00f6nigreich Spanien, zust\u00e4ndig.<\/i><\/p><h5 style=\"\"><b><i>Inoffizielle Informationen<\/i><\/b><\/h5><h5 style=\"font-style: normal;\">&nbsp;<\/h5><p style=\"\"><i>Alle Spezifikationen, Komponenten, Konfigurationen, Leistungsdaten und sonstigen technischen Details, die auf dieser Website aufgef\u00fchrt sind, dienen lediglich als Anhaltspunkte und sind nicht als offizielle oder endg\u00fcltige Angaben von Miyakoshi Printing Machinery Co., Ltd. (Japan) oder anderen Herstellern zu verstehen. Diese Angaben sind unverbindlich und k\u00f6nnen jederzeit ohne vorherige Ank\u00fcndigung ge\u00e4ndert werden.<\/i><\/p><p style=\"\"><b><i>Miyakoshi Europe S.L. ist nicht der Hersteller der auf dieser Website aufgef\u00fchrten Produkte.<\/i><\/b><\/p>\t\t\t\t\t\t\t\t<\/div>\n\t\t\t\t<\/div>\n\t\t\t\t\t<\/div>\n\t\t<\/div>\n\t\t\t\t\t<\/div>\n\t\t<\/section>\n\t\t\t\t<\/div>\n\t\t","protected":false},"excerpt":{"rendered":"<p>Gem\u00e4\u00df den Bestimmungen des Gesetzes 34\/2002 vom 11. Juli \u00fcber die Dienstleistungen der Informationsgesellschaft und den elektronischen Gesch\u00e4ftsverkehr (im Folgenden LSSI) informieren wir Sie dar\u00fcber, dass diese Website Eigentum von Miyakoshi Europe, S.L. ist. Die allgemeinen Angaben zum Verantwortlichen dieser Website sind nachstehend aufgef\u00fchrt: Eigent\u00fcmer: Miyakoshi Europe, S.L. Adresse: Avenida Prado del Espino 14 &#8211; [&hellip;]<\/p>\n","protected":false},"author":1,"featured_media":0,"parent":0,"menu_order":0,"comment_status":"closed","ping_status":"closed","template":"elementor_header_footer","meta":{"site-sidebar-layout":"default","site-content-layout":"default","ast-site-content-layout":"default","site-content-style":"default","site-sidebar-style":"default","ast-global-header-display":"","ast-banner-title-visibility":"","ast-main-header-display":"","ast-hfb-above-header-display":"","ast-hfb-below-header-display":"","ast-hfb-mobile-header-display":"","site-post-title":"disabled","ast-breadcrumbs-content":"","ast-featured-img":"","footer-sml-layout":"","theme-transparent-header-meta":"default","adv-header-id-meta":"","stick-header-meta":"","header-above-stick-meta":"","header-main-stick-meta":"","header-below-stick-meta":"","astra-migrate-meta-layouts":"set","ast-page-background-enabled":"default","ast-page-background-meta":{"desktop":{"background-color":"","background-image":"","background-repeat":"repeat","background-position":"center center","background-size":"auto","background-attachment":"scroll","background-type":"","background-media":"","overlay-type":"","overlay-color":"","overlay-opacity":"","overlay-gradient":""},"tablet":{"background-color":"","background-image":"","background-repeat":"repeat","background-position":"center center","background-size":"auto","background-attachment":"scroll","background-type":"","background-media":"","overlay-type":"","overlay-color":"","overlay-opacity":"","overlay-gradient":""},"mobile":{"background-color":"","background-image":"","background-repeat":"repeat","background-position":"center center","background-size":"auto","background-attachment":"scroll","background-type":"","background-media":"","overlay-type":"","overlay-color":"","overlay-opacity":"","overlay-gradient":""}},"ast-content-background-meta":{"desktop":{"background-color":"var(--ast-global-color-5)","background-image":"","background-repeat":"repeat","background-position":"center center","background-size":"auto","background-attachment":"scroll","background-type":"","background-media":"","overlay-type":"","overlay-color":"","overlay-opacity":"","overlay-gradient":""},"tablet":{"background-color":"var(--ast-global-color-5)","background-image":"","background-repeat":"repeat","background-position":"center center","background-size":"auto","background-attachment":"scroll","background-type":"","background-media":"","overlay-type":"","overlay-color":"","overlay-opacity":"","overlay-gradient":""},"mobile":{"background-color":"var(--ast-global-color-5)","background-image":"","background-repeat":"repeat","background-position":"center center","background-size":"auto","background-attachment":"scroll","background-type":"","background-media":"","overlay-type":"","overlay-color":"","overlay-opacity":"","overlay-gradient":""}},"footnotes":""},"class_list":["post-1424","page","type-page","status-publish","hentry"],"yoast_head":"<!-- This site is optimized with the Yoast SEO plugin v26.3 - https:\/\/yoast.com\/wordpress\/plugins\/seo\/ -->\n<title>Rechtliche Hinweise | Miyakoshi<\/title>\n<meta name=\"robots\" content=\"index, follow, max-snippet:-1, max-image-preview:large, max-video-preview:-1\" \/>\n<link rel=\"canonical\" href=\"https:\/\/www.miyakoshi.eu\/de\/rechtliche-hinweise\/\" \/>\n<meta property=\"og:locale\" content=\"de_DE\" \/>\n<meta property=\"og:type\" content=\"article\" \/>\n<meta property=\"og:title\" content=\"Rechtliche Hinweise | Miyakoshi\" \/>\n<meta property=\"og:description\" content=\"Gem\u00e4\u00df den Bestimmungen des Gesetzes 34\/2002 vom 11. Juli \u00fcber die Dienstleistungen der Informationsgesellschaft und den elektronischen Gesch\u00e4ftsverkehr (im Folgenden LSSI) informieren wir Sie dar\u00fcber, dass diese Website Eigentum von Miyakoshi Europe, S.L. ist. Die allgemeinen Angaben zum Verantwortlichen dieser Website sind nachstehend aufgef\u00fchrt: Eigent\u00fcmer: Miyakoshi Europe, S.L. Adresse: Avenida Prado del Espino 14 &#8211; [&hellip;]\" \/>\n<meta property=\"og:url\" content=\"https:\/\/www.miyakoshi.eu\/de\/rechtliche-hinweise\/\" \/>\n<meta property=\"og:site_name\" content=\"Miyakoshi\" \/>\n<meta property=\"article:modified_time\" content=\"2026-02-26T16:39:27+00:00\" \/>\n<meta name=\"twitter:card\" content=\"summary_large_image\" \/>\n<meta name=\"twitter:label1\" content=\"Gesch\u00e4tzte Lesezeit\" \/>\n\t<meta name=\"twitter:data1\" content=\"5\u00a0Minuten\" \/>\n<script type=\"application\/ld+json\" class=\"yoast-schema-graph\">{\"@context\":\"https:\/\/schema.org\",\"@graph\":[{\"@type\":\"WebPage\",\"@id\":\"https:\/\/www.miyakoshi.eu\/de\/rechtliche-hinweise\/\",\"url\":\"https:\/\/www.miyakoshi.eu\/de\/rechtliche-hinweise\/\",\"name\":\"Rechtliche Hinweise | Miyakoshi\",\"isPartOf\":{\"@id\":\"https:\/\/www.miyakoshi.eu\/de\/#website\"},\"datePublished\":\"2022-02-14T13:21:30+00:00\",\"dateModified\":\"2026-02-26T16:39:27+00:00\",\"breadcrumb\":{\"@id\":\"https:\/\/www.miyakoshi.eu\/de\/rechtliche-hinweise\/#breadcrumb\"},\"inLanguage\":\"de\",\"potentialAction\":[{\"@type\":\"ReadAction\",\"target\":[\"https:\/\/www.miyakoshi.eu\/de\/rechtliche-hinweise\/\"]}]},{\"@type\":\"BreadcrumbList\",\"@id\":\"https:\/\/www.miyakoshi.eu\/de\/rechtliche-hinweise\/#breadcrumb\",\"itemListElement\":[{\"@type\":\"ListItem\",\"position\":1,\"name\":\"Portada\",\"item\":\"https:\/\/www.miyakoshi.eu\/de\/\"},{\"@type\":\"ListItem\",\"position\":2,\"name\":\"Rechtliche Hinweise\"}]},{\"@type\":\"WebSite\",\"@id\":\"https:\/\/www.miyakoshi.eu\/de\/#website\",\"url\":\"https:\/\/www.miyakoshi.eu\/de\/\",\"name\":\"Miyakoshi\",\"description\":\"Fabricantes japoneses de impresoras offset\",\"publisher\":{\"@id\":\"https:\/\/www.miyakoshi.eu\/de\/#organization\"},\"potentialAction\":[{\"@type\":\"SearchAction\",\"target\":{\"@type\":\"EntryPoint\",\"urlTemplate\":\"https:\/\/www.miyakoshi.eu\/de\/?s={search_term_string}\"},\"query-input\":{\"@type\":\"PropertyValueSpecification\",\"valueRequired\":true,\"valueName\":\"search_term_string\"}}],\"inLanguage\":\"de\"},{\"@type\":\"Organization\",\"@id\":\"https:\/\/www.miyakoshi.eu\/de\/#organization\",\"name\":\"Miyakoshi Europe, S.L.\",\"url\":\"https:\/\/www.miyakoshi.eu\/de\/\",\"logo\":{\"@type\":\"ImageObject\",\"inLanguage\":\"de\",\"@id\":\"https:\/\/www.miyakoshi.eu\/de\/#\/schema\/logo\/image\/\",\"url\":\"https:\/\/www.miyakoshi.eu\/wp-content\/uploads\/2022\/02\/Logo-miyakoshi.svg\",\"contentUrl\":\"https:\/\/www.miyakoshi.eu\/wp-content\/uploads\/2022\/02\/Logo-miyakoshi.svg\",\"width\":483,\"height\":98,\"caption\":\"Miyakoshi Europe, S.L.\"},\"image\":{\"@id\":\"https:\/\/www.miyakoshi.eu\/de\/#\/schema\/logo\/image\/\"},\"sameAs\":[\"https:\/\/www.linkedin.com\/company\/miyakoshieurope\/\"]}]}<\/script>\n<!-- \/ Yoast SEO plugin. -->","yoast_head_json":{"title":"Rechtliche Hinweise | Miyakoshi","robots":{"index":"index","follow":"follow","max-snippet":"max-snippet:-1","max-image-preview":"max-image-preview:large","max-video-preview":"max-video-preview:-1"},"canonical":"https:\/\/www.miyakoshi.eu\/de\/rechtliche-hinweise\/","og_locale":"de_DE","og_type":"article","og_title":"Rechtliche Hinweise | Miyakoshi","og_description":"Gem\u00e4\u00df den Bestimmungen des Gesetzes 34\/2002 vom 11. Juli \u00fcber die Dienstleistungen der Informationsgesellschaft und den elektronischen Gesch\u00e4ftsverkehr (im Folgenden LSSI) informieren wir Sie dar\u00fcber, dass diese Website Eigentum von Miyakoshi Europe, S.L. ist. Die allgemeinen Angaben zum Verantwortlichen dieser Website sind nachstehend aufgef\u00fchrt: Eigent\u00fcmer: Miyakoshi Europe, S.L. Adresse: Avenida Prado del Espino 14 &#8211; [&hellip;]","og_url":"https:\/\/www.miyakoshi.eu\/de\/rechtliche-hinweise\/","og_site_name":"Miyakoshi","article_modified_time":"2026-02-26T16:39:27+00:00","twitter_card":"summary_large_image","twitter_misc":{"Gesch\u00e4tzte Lesezeit":"5\u00a0Minuten"},"schema":{"@context":"https:\/\/schema.org","@graph":[{"@type":"WebPage","@id":"https:\/\/www.miyakoshi.eu\/de\/rechtliche-hinweise\/","url":"https:\/\/www.miyakoshi.eu\/de\/rechtliche-hinweise\/","name":"Rechtliche Hinweise | Miyakoshi","isPartOf":{"@id":"https:\/\/www.miyakoshi.eu\/de\/#website"},"datePublished":"2022-02-14T13:21:30+00:00","dateModified":"2026-02-26T16:39:27+00:00","breadcrumb":{"@id":"https:\/\/www.miyakoshi.eu\/de\/rechtliche-hinweise\/#breadcrumb"},"inLanguage":"de","potentialAction":[{"@type":"ReadAction","target":["https:\/\/www.miyakoshi.eu\/de\/rechtliche-hinweise\/"]}]},{"@type":"BreadcrumbList","@id":"https:\/\/www.miyakoshi.eu\/de\/rechtliche-hinweise\/#breadcrumb","itemListElement":[{"@type":"ListItem","position":1,"name":"Portada","item":"https:\/\/www.miyakoshi.eu\/de\/"},{"@type":"ListItem","position":2,"name":"Rechtliche Hinweise"}]},{"@type":"WebSite","@id":"https:\/\/www.miyakoshi.eu\/de\/#website","url":"https:\/\/www.miyakoshi.eu\/de\/","name":"Miyakoshi","description":"Fabricantes japoneses de impresoras offset","publisher":{"@id":"https:\/\/www.miyakoshi.eu\/de\/#organization"},"potentialAction":[{"@type":"SearchAction","target":{"@type":"EntryPoint","urlTemplate":"https:\/\/www.miyakoshi.eu\/de\/?s={search_term_string}"},"query-input":{"@type":"PropertyValueSpecification","valueRequired":true,"valueName":"search_term_string"}}],"inLanguage":"de"},{"@type":"Organization","@id":"https:\/\/www.miyakoshi.eu\/de\/#organization","name":"Miyakoshi Europe, S.L.","url":"https:\/\/www.miyakoshi.eu\/de\/","logo":{"@type":"ImageObject","inLanguage":"de","@id":"https:\/\/www.miyakoshi.eu\/de\/#\/schema\/logo\/image\/","url":"https:\/\/www.miyakoshi.eu\/wp-content\/uploads\/2022\/02\/Logo-miyakoshi.svg","contentUrl":"https:\/\/www.miyakoshi.eu\/wp-content\/uploads\/2022\/02\/Logo-miyakoshi.svg","width":483,"height":98,"caption":"Miyakoshi Europe, S.L."},"image":{"@id":"https:\/\/www.miyakoshi.eu\/de\/#\/schema\/logo\/image\/"},"sameAs":["https:\/\/www.linkedin.com\/company\/miyakoshieurope\/"]}]}},"acf":[],"_links":{"self":[{"href":"https:\/\/www.miyakoshi.eu\/de\/wp-json\/wp\/v2\/pages\/1424","targetHints":{"allow":["GET"]}}],"collection":[{"href":"https:\/\/www.miyakoshi.eu\/de\/wp-json\/wp\/v2\/pages"}],"about":[{"href":"https:\/\/www.miyakoshi.eu\/de\/wp-json\/wp\/v2\/types\/page"}],"author":[{"embeddable":true,"href":"https:\/\/www.miyakoshi.eu\/de\/wp-json\/wp\/v2\/users\/1"}],"replies":[{"embeddable":true,"href":"https:\/\/www.miyakoshi.eu\/de\/wp-json\/wp\/v2\/comments?post=1424"}],"version-history":[{"count":24,"href":"https:\/\/www.miyakoshi.eu\/de\/wp-json\/wp\/v2\/pages\/1424\/revisions"}],"predecessor-version":[{"id":10627,"href":"https:\/\/www.miyakoshi.eu\/de\/wp-json\/wp\/v2\/pages\/1424\/revisions\/10627"}],"wp:attachment":[{"href":"https:\/\/www.miyakoshi.eu\/de\/wp-json\/wp\/v2\/media?parent=1424"}],"curies":[{"name":"wp","href":"https:\/\/api.w.org\/{rel}","templated":true}]}}