{"id":5131,"date":"2022-10-04T15:53:14","date_gmt":"2022-10-04T15:53:14","guid":{"rendered":"https:\/\/www.miyakoshi.eu\/akzidenzdruck\/"},"modified":"2022-10-28T14:26:35","modified_gmt":"2022-10-28T14:26:35","slug":"akzidenzdruck","status":"publish","type":"page","link":"https:\/\/www.miyakoshi.eu\/de\/akzidenzdruck\/","title":{"rendered":"Akzidenzdruck"},"content":{"rendered":"\t\t<div data-elementor-type=\"wp-page\" data-elementor-id=\"5131\" class=\"elementor elementor-5131 elementor-4905\" data-elementor-post-type=\"page\">\n\t\t\t\t\t\t<section class=\"elementor-section elementor-top-section elementor-element elementor-element-bb1780d elementor-section-height-min-height animated-fast elementor-section-boxed elementor-section-height-default elementor-section-items-middle elementor-invisible\" data-id=\"bb1780d\" data-element_type=\"section\" data-settings=\"{&quot;background_background&quot;:&quot;classic&quot;,&quot;animation&quot;:&quot;fadeInDown&quot;}\">\n\t\t\t\t\t\t\t<div class=\"elementor-background-overlay\"><\/div>\n\t\t\t\t\t\t\t<div class=\"elementor-container elementor-column-gap-default\">\n\t\t\t\t\t<div class=\"elementor-column elementor-col-100 elementor-top-column elementor-element elementor-element-8c5ad68\" data-id=\"8c5ad68\" data-element_type=\"column\">\n\t\t\t<div class=\"elementor-widget-wrap elementor-element-populated\">\n\t\t\t\t\t\t<div class=\"elementor-element elementor-element-c733ade elementor-widget elementor-widget-theme-post-title elementor-page-title elementor-widget-heading\" data-id=\"c733ade\" data-element_type=\"widget\" data-widget_type=\"theme-post-title.default\">\n\t\t\t\t<div class=\"elementor-widget-container\">\n\t\t\t\t\t<h1 class=\"elementor-heading-title elementor-size-default\">Akzidenzdruck<\/h1>\t\t\t\t<\/div>\n\t\t\t\t<\/div>\n\t\t\t\t\t<\/div>\n\t\t<\/div>\n\t\t\t\t\t<\/div>\n\t\t<\/section>\n\t\t\t\t<section class=\"elementor-section elementor-top-section elementor-element elementor-element-82e03b3 elementor-section-boxed elementor-section-height-default elementor-section-height-default\" data-id=\"82e03b3\" data-element_type=\"section\">\n\t\t\t\t\t\t<div class=\"elementor-container elementor-column-gap-default\">\n\t\t\t\t\t<div class=\"elementor-column elementor-col-100 elementor-top-column elementor-element elementor-element-dd495d0\" data-id=\"dd495d0\" data-element_type=\"column\">\n\t\t\t<div class=\"elementor-widget-wrap elementor-element-populated\">\n\t\t\t\t\t\t<section class=\"elementor-section elementor-inner-section elementor-element elementor-element-8f1645a elementor-reverse-mobile elementor-section-boxed elementor-section-height-default elementor-section-height-default\" data-id=\"8f1645a\" data-element_type=\"section\">\n\t\t\t\t\t\t<div class=\"elementor-container elementor-column-gap-default\">\n\t\t\t\t\t<div class=\"elementor-column elementor-col-50 elementor-inner-column elementor-element elementor-element-8d3d37b elementor-invisible\" data-id=\"8d3d37b\" data-element_type=\"column\" data-settings=\"{&quot;animation&quot;:&quot;fadeInLeft&quot;}\">\n\t\t\t<div class=\"elementor-widget-wrap elementor-element-populated\">\n\t\t\t\t\t\t<div class=\"elementor-element elementor-element-f25295e animated-fast elementor-widget-mobile__width-initial elementor-invisible elementor-widget elementor-widget-text-editor\" data-id=\"f25295e\" data-element_type=\"widget\" data-settings=\"{&quot;_animation&quot;:&quot;fadeInLeft&quot;,&quot;_animation_delay&quot;:500}\" data-widget_type=\"text-editor.default\">\n\t\t\t\t<div class=\"elementor-widget-container\">\n\t\t\t\t\t\t\t\t\t<p>Der Digitaldruck ist eine ideale L\u00f6sung f\u00fcr den kommerziellen Druck: Die Druckqualit\u00e4t muss hoch sein, es werden oft gro\u00dfe Mengen an Kopien ben\u00f6tigt und die Bilder m\u00fcssen auf dickem Papier gedruckt werden.<\/p><p>Die Digitaldruckmaschinen von Miyakoshi sind nicht nur in der Lage, diese Anforderungen zu erf\u00fcllen, sondern zeichnen sich auch durch h\u00f6chste Zuverl\u00e4ssigkeit und Flexibilit\u00e4t aus.<\/p>\t\t\t\t\t\t\t\t<\/div>\n\t\t\t\t<\/div>\n\t\t\t\t\t<\/div>\n\t\t<\/div>\n\t\t\t\t<div class=\"elementor-column elementor-col-50 elementor-inner-column elementor-element elementor-element-0f2cdae\" data-id=\"0f2cdae\" data-element_type=\"column\">\n\t\t\t<div class=\"elementor-widget-wrap elementor-element-populated\">\n\t\t\t\t\t\t<div class=\"elementor-element elementor-element-e7da643 animated-fast elementor-invisible elementor-widget elementor-widget-image\" data-id=\"e7da643\" data-element_type=\"widget\" data-settings=\"{&quot;_animation&quot;:&quot;fadeInRight&quot;,&quot;_animation_delay&quot;:1000}\" data-widget_type=\"image.default\">\n\t\t\t\t<div class=\"elementor-widget-container\">\n\t\t\t\t\t\t\t\t\t\t\t\t<figure class=\"wp-caption\">\n\t\t\t\t\t\t\t\t\t\t<img fetchpriority=\"high\" decoding=\"async\" width=\"2000\" height=\"766\" src=\"https:\/\/www.miyakoshi.eu\/wp-content\/uploads\/2022\/02\/prensa-digital-MJP20IXS.png\" class=\"attachment-2048x2048 size-2048x2048 wp-image-3205\" alt=\"\" srcset=\"https:\/\/www.miyakoshi.eu\/wp-content\/uploads\/2022\/02\/prensa-digital-MJP20IXS.png 2000w, https:\/\/www.miyakoshi.eu\/wp-content\/uploads\/2022\/02\/prensa-digital-MJP20IXS-300x115.png 300w, https:\/\/www.miyakoshi.eu\/wp-content\/uploads\/2022\/02\/prensa-digital-MJP20IXS-1024x392.png 1024w, https:\/\/www.miyakoshi.eu\/wp-content\/uploads\/2022\/02\/prensa-digital-MJP20IXS-768x294.png 768w, https:\/\/www.miyakoshi.eu\/wp-content\/uploads\/2022\/02\/prensa-digital-MJP20IXS-1536x588.png 1536w\" sizes=\"(max-width: 2000px) 100vw, 2000px\" \/>\t\t\t\t\t\t\t\t\t\t\t<figcaption class=\"widget-image-caption wp-caption-text\">Miyakoshi MJP20IXS<\/figcaption>\n\t\t\t\t\t\t\t\t\t\t<\/figure>\n\t\t\t\t\t\t\t\t\t<\/div>\n\t\t\t\t<\/div>\n\t\t\t\t\t<\/div>\n\t\t<\/div>\n\t\t\t\t\t<\/div>\n\t\t<\/section>\n\t\t\t\t\t<\/div>\n\t\t<\/div>\n\t\t\t\t\t<\/div>\n\t\t<\/section>\n\t\t\t\t<\/div>\n\t\t","protected":false},"excerpt":{"rendered":"<p>Der Digitaldruck ist eine ideale L\u00f6sung f\u00fcr den kommerziellen Druck: Die Druckqualit\u00e4t muss hoch sein, es werden oft gro\u00dfe Mengen an Kopien ben\u00f6tigt und die Bilder m\u00fcssen auf dickem Papier gedruckt werden. Die Digitaldruckmaschinen von Miyakoshi sind nicht nur in der Lage, diese Anforderungen zu erf\u00fcllen, sondern zeichnen sich auch durch h\u00f6chste Zuverl\u00e4ssigkeit und Flexibilit\u00e4t [&hellip;]<\/p>\n","protected":false},"author":2,"featured_media":0,"parent":0,"menu_order":0,"comment_status":"closed","ping_status":"closed","template":"","meta":{"site-sidebar-layout":"no-sidebar","site-content-layout":"page-builder","ast-site-content-layout":"default","site-content-style":"default","site-sidebar-style":"default","ast-global-header-display":"","ast-banner-title-visibility":"","ast-main-header-display":"","ast-hfb-above-header-display":"","ast-hfb-below-header-display":"","ast-hfb-mobile-header-display":"","site-post-title":"disabled","ast-breadcrumbs-content":"","ast-featured-img":"disabled","footer-sml-layout":"","theme-transparent-header-meta":"default","adv-header-id-meta":"","stick-header-meta":"","header-above-stick-meta":"","header-main-stick-meta":"","header-below-stick-meta":"","astra-migrate-meta-layouts":"default","ast-page-background-enabled":"default","ast-page-background-meta":{"desktop":{"background-color":"","background-image":"","background-repeat":"repeat","background-position":"center center","background-size":"auto","background-attachment":"scroll","background-type":"","background-media":"","overlay-type":"","overlay-color":"","overlay-opacity":"","overlay-gradient":""},"tablet":{"background-color":"","background-image":"","background-repeat":"repeat","background-position":"center center","background-size":"auto","background-attachment":"scroll","background-type":"","background-media":"","overlay-type":"","overlay-color":"","overlay-opacity":"","overlay-gradient":""},"mobile":{"background-color":"","background-image":"","background-repeat":"repeat","background-position":"center center","background-size":"auto","background-attachment":"scroll","background-type":"","background-media":"","overlay-type":"","overlay-color":"","overlay-opacity":"","overlay-gradient":""}},"ast-content-background-meta":{"desktop":{"background-color":"var(--ast-global-color-5)","background-image":"","background-repeat":"repeat","background-position":"center center","background-size":"auto","background-attachment":"scroll","background-type":"","background-media":"","overlay-type":"","overlay-color":"","overlay-opacity":"","overlay-gradient":""},"tablet":{"background-color":"var(--ast-global-color-5)","background-image":"","background-repeat":"repeat","background-position":"center center","background-size":"auto","background-attachment":"scroll","background-type":"","background-media":"","overlay-type":"","overlay-color":"","overlay-opacity":"","overlay-gradient":""},"mobile":{"background-color":"var(--ast-global-color-5)","background-image":"","background-repeat":"repeat","background-position":"center center","background-size":"auto","background-attachment":"scroll","background-type":"","background-media":"","overlay-type":"","overlay-color":"","overlay-opacity":"","overlay-gradient":""}},"footnotes":""},"class_list":["post-5131","page","type-page","status-publish","hentry"],"yoast_head":"<!-- This site is optimized with the Yoast SEO plugin v26.3 - https:\/\/yoast.com\/wordpress\/plugins\/seo\/ -->\n<title>Akzidenzdruck | Miyakoshi<\/title>\n<meta name=\"robots\" content=\"index, follow, max-snippet:-1, max-image-preview:large, max-video-preview:-1\" \/>\n<link rel=\"canonical\" href=\"https:\/\/www.miyakoshi.eu\/de\/akzidenzdruck\/\" \/>\n<meta property=\"og:locale\" content=\"de_DE\" \/>\n<meta property=\"og:type\" content=\"article\" \/>\n<meta property=\"og:title\" content=\"Akzidenzdruck | Miyakoshi\" \/>\n<meta property=\"og:description\" content=\"Der Digitaldruck ist eine ideale L\u00f6sung f\u00fcr den kommerziellen Druck: Die Druckqualit\u00e4t muss hoch sein, es werden oft gro\u00dfe Mengen an Kopien ben\u00f6tigt und die Bilder m\u00fcssen auf dickem Papier gedruckt werden. Die Digitaldruckmaschinen von Miyakoshi sind nicht nur in der Lage, diese Anforderungen zu erf\u00fcllen, sondern zeichnen sich auch durch h\u00f6chste Zuverl\u00e4ssigkeit und Flexibilit\u00e4t [&hellip;]\" \/>\n<meta property=\"og:url\" content=\"https:\/\/www.miyakoshi.eu\/de\/akzidenzdruck\/\" \/>\n<meta property=\"og:site_name\" content=\"Miyakoshi\" \/>\n<meta property=\"article:modified_time\" content=\"2022-10-28T14:26:35+00:00\" \/>\n<meta property=\"og:image\" content=\"https:\/\/www.miyakoshi.eu\/wp-content\/uploads\/2022\/02\/prensa-digital-MJP20IXS.png\" \/>\n<meta name=\"twitter:card\" content=\"summary_large_image\" \/>\n<meta name=\"twitter:label1\" content=\"Gesch\u00e4tzte Lesezeit\" \/>\n\t<meta name=\"twitter:data1\" content=\"1\u00a0Minute\" \/>\n<script type=\"application\/ld+json\" class=\"yoast-schema-graph\">{\"@context\":\"https:\/\/schema.org\",\"@graph\":[{\"@type\":\"WebPage\",\"@id\":\"https:\/\/www.miyakoshi.eu\/de\/akzidenzdruck\/\",\"url\":\"https:\/\/www.miyakoshi.eu\/de\/akzidenzdruck\/\",\"name\":\"Akzidenzdruck | Miyakoshi\",\"isPartOf\":{\"@id\":\"https:\/\/www.miyakoshi.eu\/de\/#website\"},\"primaryImageOfPage\":{\"@id\":\"https:\/\/www.miyakoshi.eu\/de\/akzidenzdruck\/#primaryimage\"},\"image\":{\"@id\":\"https:\/\/www.miyakoshi.eu\/de\/akzidenzdruck\/#primaryimage\"},\"thumbnailUrl\":\"https:\/\/www.miyakoshi.eu\/wp-content\/uploads\/2022\/02\/prensa-digital-MJP20IXS.png\",\"datePublished\":\"2022-10-04T15:53:14+00:00\",\"dateModified\":\"2022-10-28T14:26:35+00:00\",\"breadcrumb\":{\"@id\":\"https:\/\/www.miyakoshi.eu\/de\/akzidenzdruck\/#breadcrumb\"},\"inLanguage\":\"de\",\"potentialAction\":[{\"@type\":\"ReadAction\",\"target\":[\"https:\/\/www.miyakoshi.eu\/de\/akzidenzdruck\/\"]}]},{\"@type\":\"ImageObject\",\"inLanguage\":\"de\",\"@id\":\"https:\/\/www.miyakoshi.eu\/de\/akzidenzdruck\/#primaryimage\",\"url\":\"https:\/\/www.miyakoshi.eu\/wp-content\/uploads\/2022\/02\/prensa-digital-MJP20IXS.png\",\"contentUrl\":\"https:\/\/www.miyakoshi.eu\/wp-content\/uploads\/2022\/02\/prensa-digital-MJP20IXS.png\"},{\"@type\":\"BreadcrumbList\",\"@id\":\"https:\/\/www.miyakoshi.eu\/de\/akzidenzdruck\/#breadcrumb\",\"itemListElement\":[{\"@type\":\"ListItem\",\"position\":1,\"name\":\"Portada\",\"item\":\"https:\/\/www.miyakoshi.eu\/de\/\"},{\"@type\":\"ListItem\",\"position\":2,\"name\":\"Akzidenzdruck\"}]},{\"@type\":\"WebSite\",\"@id\":\"https:\/\/www.miyakoshi.eu\/de\/#website\",\"url\":\"https:\/\/www.miyakoshi.eu\/de\/\",\"name\":\"Miyakoshi\",\"description\":\"Fabricantes japoneses de impresoras offset\",\"publisher\":{\"@id\":\"https:\/\/www.miyakoshi.eu\/de\/#organization\"},\"potentialAction\":[{\"@type\":\"SearchAction\",\"target\":{\"@type\":\"EntryPoint\",\"urlTemplate\":\"https:\/\/www.miyakoshi.eu\/de\/?s={search_term_string}\"},\"query-input\":{\"@type\":\"PropertyValueSpecification\",\"valueRequired\":true,\"valueName\":\"search_term_string\"}}],\"inLanguage\":\"de\"},{\"@type\":\"Organization\",\"@id\":\"https:\/\/www.miyakoshi.eu\/de\/#organization\",\"name\":\"Miyakoshi Europe, S.L.\",\"url\":\"https:\/\/www.miyakoshi.eu\/de\/\",\"logo\":{\"@type\":\"ImageObject\",\"inLanguage\":\"de\",\"@id\":\"https:\/\/www.miyakoshi.eu\/de\/#\/schema\/logo\/image\/\",\"url\":\"https:\/\/www.miyakoshi.eu\/wp-content\/uploads\/2022\/02\/Logo-miyakoshi.svg\",\"contentUrl\":\"https:\/\/www.miyakoshi.eu\/wp-content\/uploads\/2022\/02\/Logo-miyakoshi.svg\",\"width\":483,\"height\":98,\"caption\":\"Miyakoshi Europe, S.L.\"},\"image\":{\"@id\":\"https:\/\/www.miyakoshi.eu\/de\/#\/schema\/logo\/image\/\"},\"sameAs\":[\"https:\/\/www.linkedin.com\/company\/miyakoshieurope\/\"]}]}<\/script>\n<!-- \/ Yoast SEO plugin. -->","yoast_head_json":{"title":"Akzidenzdruck | Miyakoshi","robots":{"index":"index","follow":"follow","max-snippet":"max-snippet:-1","max-image-preview":"max-image-preview:large","max-video-preview":"max-video-preview:-1"},"canonical":"https:\/\/www.miyakoshi.eu\/de\/akzidenzdruck\/","og_locale":"de_DE","og_type":"article","og_title":"Akzidenzdruck | Miyakoshi","og_description":"Der Digitaldruck ist eine ideale L\u00f6sung f\u00fcr den kommerziellen Druck: Die Druckqualit\u00e4t muss hoch sein, es werden oft gro\u00dfe Mengen an Kopien ben\u00f6tigt und die Bilder m\u00fcssen auf dickem Papier gedruckt werden. Die Digitaldruckmaschinen von Miyakoshi sind nicht nur in der Lage, diese Anforderungen zu erf\u00fcllen, sondern zeichnen sich auch durch h\u00f6chste Zuverl\u00e4ssigkeit und Flexibilit\u00e4t [&hellip;]","og_url":"https:\/\/www.miyakoshi.eu\/de\/akzidenzdruck\/","og_site_name":"Miyakoshi","article_modified_time":"2022-10-28T14:26:35+00:00","og_image":[{"url":"https:\/\/www.miyakoshi.eu\/wp-content\/uploads\/2022\/02\/prensa-digital-MJP20IXS.png","type":"","width":"","height":""}],"twitter_card":"summary_large_image","twitter_misc":{"Gesch\u00e4tzte Lesezeit":"1\u00a0Minute"},"schema":{"@context":"https:\/\/schema.org","@graph":[{"@type":"WebPage","@id":"https:\/\/www.miyakoshi.eu\/de\/akzidenzdruck\/","url":"https:\/\/www.miyakoshi.eu\/de\/akzidenzdruck\/","name":"Akzidenzdruck | Miyakoshi","isPartOf":{"@id":"https:\/\/www.miyakoshi.eu\/de\/#website"},"primaryImageOfPage":{"@id":"https:\/\/www.miyakoshi.eu\/de\/akzidenzdruck\/#primaryimage"},"image":{"@id":"https:\/\/www.miyakoshi.eu\/de\/akzidenzdruck\/#primaryimage"},"thumbnailUrl":"https:\/\/www.miyakoshi.eu\/wp-content\/uploads\/2022\/02\/prensa-digital-MJP20IXS.png","datePublished":"2022-10-04T15:53:14+00:00","dateModified":"2022-10-28T14:26:35+00:00","breadcrumb":{"@id":"https:\/\/www.miyakoshi.eu\/de\/akzidenzdruck\/#breadcrumb"},"inLanguage":"de","potentialAction":[{"@type":"ReadAction","target":["https:\/\/www.miyakoshi.eu\/de\/akzidenzdruck\/"]}]},{"@type":"ImageObject","inLanguage":"de","@id":"https:\/\/www.miyakoshi.eu\/de\/akzidenzdruck\/#primaryimage","url":"https:\/\/www.miyakoshi.eu\/wp-content\/uploads\/2022\/02\/prensa-digital-MJP20IXS.png","contentUrl":"https:\/\/www.miyakoshi.eu\/wp-content\/uploads\/2022\/02\/prensa-digital-MJP20IXS.png"},{"@type":"BreadcrumbList","@id":"https:\/\/www.miyakoshi.eu\/de\/akzidenzdruck\/#breadcrumb","itemListElement":[{"@type":"ListItem","position":1,"name":"Portada","item":"https:\/\/www.miyakoshi.eu\/de\/"},{"@type":"ListItem","position":2,"name":"Akzidenzdruck"}]},{"@type":"WebSite","@id":"https:\/\/www.miyakoshi.eu\/de\/#website","url":"https:\/\/www.miyakoshi.eu\/de\/","name":"Miyakoshi","description":"Fabricantes japoneses de impresoras offset","publisher":{"@id":"https:\/\/www.miyakoshi.eu\/de\/#organization"},"potentialAction":[{"@type":"SearchAction","target":{"@type":"EntryPoint","urlTemplate":"https:\/\/www.miyakoshi.eu\/de\/?s={search_term_string}"},"query-input":{"@type":"PropertyValueSpecification","valueRequired":true,"valueName":"search_term_string"}}],"inLanguage":"de"},{"@type":"Organization","@id":"https:\/\/www.miyakoshi.eu\/de\/#organization","name":"Miyakoshi Europe, S.L.","url":"https:\/\/www.miyakoshi.eu\/de\/","logo":{"@type":"ImageObject","inLanguage":"de","@id":"https:\/\/www.miyakoshi.eu\/de\/#\/schema\/logo\/image\/","url":"https:\/\/www.miyakoshi.eu\/wp-content\/uploads\/2022\/02\/Logo-miyakoshi.svg","contentUrl":"https:\/\/www.miyakoshi.eu\/wp-content\/uploads\/2022\/02\/Logo-miyakoshi.svg","width":483,"height":98,"caption":"Miyakoshi Europe, S.L."},"image":{"@id":"https:\/\/www.miyakoshi.eu\/de\/#\/schema\/logo\/image\/"},"sameAs":["https:\/\/www.linkedin.com\/company\/miyakoshieurope\/"]}]}},"acf":[],"_links":{"self":[{"href":"https:\/\/www.miyakoshi.eu\/de\/wp-json\/wp\/v2\/pages\/5131","targetHints":{"allow":["GET"]}}],"collection":[{"href":"https:\/\/www.miyakoshi.eu\/de\/wp-json\/wp\/v2\/pages"}],"about":[{"href":"https:\/\/www.miyakoshi.eu\/de\/wp-json\/wp\/v2\/types\/page"}],"author":[{"embeddable":true,"href":"https:\/\/www.miyakoshi.eu\/de\/wp-json\/wp\/v2\/users\/2"}],"replies":[{"embeddable":true,"href":"https:\/\/www.miyakoshi.eu\/de\/wp-json\/wp\/v2\/comments?post=5131"}],"version-history":[{"count":7,"href":"https:\/\/www.miyakoshi.eu\/de\/wp-json\/wp\/v2\/pages\/5131\/revisions"}],"predecessor-version":[{"id":5510,"href":"https:\/\/www.miyakoshi.eu\/de\/wp-json\/wp\/v2\/pages\/5131\/revisions\/5510"}],"wp:attachment":[{"href":"https:\/\/www.miyakoshi.eu\/de\/wp-json\/wp\/v2\/media?parent=5131"}],"curies":[{"name":"wp","href":"https:\/\/api.w.org\/{rel}","templated":true}]}}