{"id":5197,"date":"2022-10-17T13:36:26","date_gmt":"2022-10-17T13:36:26","guid":{"rendered":"https:\/\/www.miyakoshi.eu\/sicherheitsdruck\/"},"modified":"2022-10-28T14:38:53","modified_gmt":"2022-10-28T14:38:53","slug":"sicherheitsdruck","status":"publish","type":"page","link":"https:\/\/www.miyakoshi.eu\/de\/sicherheitsdruck\/","title":{"rendered":"Sicherheitsdruck"},"content":{"rendered":"\t\t<div data-elementor-type=\"wp-page\" data-elementor-id=\"5197\" class=\"elementor elementor-5197 elementor-5080\" data-elementor-post-type=\"page\">\n\t\t\t\t\t\t<section class=\"elementor-section elementor-top-section elementor-element elementor-element-8bec0f3 elementor-section-height-min-height animated-fast elementor-section-boxed elementor-section-height-default elementor-section-items-middle elementor-invisible\" data-id=\"8bec0f3\" data-element_type=\"section\" data-settings=\"{&quot;background_background&quot;:&quot;classic&quot;,&quot;animation&quot;:&quot;fadeInDown&quot;}\">\n\t\t\t\t\t\t\t<div class=\"elementor-background-overlay\"><\/div>\n\t\t\t\t\t\t\t<div class=\"elementor-container elementor-column-gap-default\">\n\t\t\t\t\t<div class=\"elementor-column elementor-col-100 elementor-top-column elementor-element elementor-element-0a9feaf\" data-id=\"0a9feaf\" data-element_type=\"column\">\n\t\t\t<div class=\"elementor-widget-wrap elementor-element-populated\">\n\t\t\t\t\t\t<div class=\"elementor-element elementor-element-4baa439 elementor-widget elementor-widget-theme-post-title elementor-page-title elementor-widget-heading\" data-id=\"4baa439\" data-element_type=\"widget\" data-widget_type=\"theme-post-title.default\">\n\t\t\t\t<div class=\"elementor-widget-container\">\n\t\t\t\t\t<h1 class=\"elementor-heading-title elementor-size-default\">Sicherheitsdruck<\/h1>\t\t\t\t<\/div>\n\t\t\t\t<\/div>\n\t\t\t\t\t<\/div>\n\t\t<\/div>\n\t\t\t\t\t<\/div>\n\t\t<\/section>\n\t\t\t\t<section class=\"elementor-section elementor-top-section elementor-element elementor-element-c050456 elementor-section-boxed elementor-section-height-default elementor-section-height-default\" data-id=\"c050456\" data-element_type=\"section\">\n\t\t\t\t\t\t<div class=\"elementor-container elementor-column-gap-default\">\n\t\t\t\t\t<div class=\"elementor-column elementor-col-100 elementor-top-column elementor-element elementor-element-534fe35\" data-id=\"534fe35\" data-element_type=\"column\">\n\t\t\t<div class=\"elementor-widget-wrap elementor-element-populated\">\n\t\t\t\t\t\t<section class=\"elementor-section elementor-inner-section elementor-element elementor-element-abb51c7 elementor-section-boxed elementor-section-height-default elementor-section-height-default\" data-id=\"abb51c7\" data-element_type=\"section\">\n\t\t\t\t\t\t<div class=\"elementor-container elementor-column-gap-default\">\n\t\t\t\t\t<div class=\"elementor-column elementor-col-100 elementor-inner-column elementor-element elementor-element-1f50b1c elementor-invisible\" data-id=\"1f50b1c\" data-element_type=\"column\" data-settings=\"{&quot;animation&quot;:&quot;fadeInLeft&quot;}\">\n\t\t\t<div class=\"elementor-widget-wrap elementor-element-populated\">\n\t\t\t\t\t\t<div class=\"elementor-element elementor-element-9f44525 elementor-invisible elementor-widget elementor-widget-text-editor\" data-id=\"9f44525\" data-element_type=\"widget\" data-settings=\"{&quot;_animation&quot;:&quot;fadeInLeft&quot;,&quot;_animation_delay&quot;:500}\" data-widget_type=\"text-editor.default\">\n\t\t\t\t<div class=\"elementor-widget-container\">\n\t\t\t\t\t\t\t\t\t<h3>F\u00c4LSCHUNGSSICHERHEITSMODULE<\/h3>\r\nDer Druck von Sicherheitsprodukten erfordert eine hochwertige und pr\u00e4zise Ausr\u00fcstung. Unsere <span style=\"color: #008000;\">Miyakoshi-Rollenoffsetdruckmaschinen<\/span> haben sich seit Jahrzehnten bew\u00e4hrt und bedienen Sicherheitsauftr\u00e4ge in der ganzen Welt. Die Vermeidung von Manipulationen an Schecks, P\u00e4ssen, Zertifikaten, Briefmarken und Banknoten ist eine wesentliche Voraussetzung f\u00fcr sicheres Drucken. F\u00e4lschungen werden durch die Verwendung von Spezialpapier, Wasserzeichen und speziellen Drucktechniken verhindert.\t\t\t\t\t\t\t\t<\/div>\n\t\t\t\t<\/div>\n\t\t\t\t<div class=\"elementor-element elementor-element-ef9668e elementor-invisible elementor-widget elementor-widget-image\" data-id=\"ef9668e\" data-element_type=\"widget\" data-settings=\"{&quot;_animation&quot;:&quot;fadeInRight&quot;,&quot;_animation_delay&quot;:500}\" data-widget_type=\"image.default\">\n\t\t\t\t<div class=\"elementor-widget-container\">\n\t\t\t\t\t\t\t\t\t\t\t\t<figure class=\"wp-caption\">\n\t\t\t\t\t\t\t\t\t\t<img fetchpriority=\"high\" decoding=\"async\" width=\"1598\" height=\"596\" src=\"https:\/\/www.miyakoshi.eu\/wp-content\/uploads\/2022\/02\/MVF-complete-web-press.gif\" class=\"attachment-full size-full wp-image-4309\" alt=\"\" \/>\t\t\t\t\t\t\t\t\t\t\t<figcaption class=\"widget-image-caption wp-caption-text\">Miyakoshi MVF<\/figcaption>\n\t\t\t\t\t\t\t\t\t\t<\/figure>\n\t\t\t\t\t\t\t\t\t<\/div>\n\t\t\t\t<\/div>\n\t\t\t\t<div class=\"elementor-element elementor-element-2f188aa elementor-invisible elementor-widget elementor-widget-text-editor\" data-id=\"2f188aa\" data-element_type=\"widget\" data-settings=\"{&quot;_animation&quot;:&quot;fadeInLeft&quot;,&quot;_animation_delay&quot;:500}\" data-widget_type=\"text-editor.default\">\n\t\t\t\t<div class=\"elementor-widget-container\">\n\t\t\t\t\t\t\t\t\t<span style=\"font-family: 'Roboto Condensed', sans-serif; font-size: 20px; font-style: normal; font-weight: 300;\">Miyakoshi verf\u00fcgt \u00fcber hochmoderne Verbunddruckmaschinen, die es Ihnen erm\u00f6glichen, Module hinzuzuf\u00fcgen, um all diese spezifischen Anforderungen zu erf\u00fcllen, so dass Sie alle Arten von Sicherheitsdrucken erstellen k\u00f6nnen.<\/span>\t\t\t\t\t\t\t\t<\/div>\n\t\t\t\t<\/div>\n\t\t\t\t\t<\/div>\n\t\t<\/div>\n\t\t\t\t\t<\/div>\n\t\t<\/section>\n\t\t\t\t\t<\/div>\n\t\t<\/div>\n\t\t\t\t\t<\/div>\n\t\t<\/section>\n\t\t\t\t<\/div>\n\t\t","protected":false},"excerpt":{"rendered":"<p>F\u00c4LSCHUNGSSICHERHEITSMODULE Der Druck von Sicherheitsprodukten erfordert eine hochwertige und pr\u00e4zise Ausr\u00fcstung. Unsere Miyakoshi-Rollenoffsetdruckmaschinen haben sich seit Jahrzehnten bew\u00e4hrt und bedienen Sicherheitsauftr\u00e4ge in der ganzen Welt. Die Vermeidung von Manipulationen an Schecks, P\u00e4ssen, Zertifikaten, Briefmarken und Banknoten ist eine wesentliche Voraussetzung f\u00fcr sicheres Drucken. F\u00e4lschungen werden durch die Verwendung von Spezialpapier, Wasserzeichen und speziellen Drucktechniken verhindert. [&hellip;]<\/p>\n","protected":false},"author":2,"featured_media":0,"parent":0,"menu_order":0,"comment_status":"closed","ping_status":"closed","template":"","meta":{"site-sidebar-layout":"no-sidebar","site-content-layout":"page-builder","ast-site-content-layout":"default","site-content-style":"default","site-sidebar-style":"default","ast-global-header-display":"","ast-banner-title-visibility":"","ast-main-header-display":"","ast-hfb-above-header-display":"","ast-hfb-below-header-display":"","ast-hfb-mobile-header-display":"","site-post-title":"disabled","ast-breadcrumbs-content":"","ast-featured-img":"disabled","footer-sml-layout":"","theme-transparent-header-meta":"default","adv-header-id-meta":"","stick-header-meta":"","header-above-stick-meta":"","header-main-stick-meta":"","header-below-stick-meta":"","astra-migrate-meta-layouts":"default","ast-page-background-enabled":"default","ast-page-background-meta":{"desktop":{"background-color":"","background-image":"","background-repeat":"repeat","background-position":"center center","background-size":"auto","background-attachment":"scroll","background-type":"","background-media":"","overlay-type":"","overlay-color":"","overlay-opacity":"","overlay-gradient":""},"tablet":{"background-color":"","background-image":"","background-repeat":"repeat","background-position":"center center","background-size":"auto","background-attachment":"scroll","background-type":"","background-media":"","overlay-type":"","overlay-color":"","overlay-opacity":"","overlay-gradient":""},"mobile":{"background-color":"","background-image":"","background-repeat":"repeat","background-position":"center center","background-size":"auto","background-attachment":"scroll","background-type":"","background-media":"","overlay-type":"","overlay-color":"","overlay-opacity":"","overlay-gradient":""}},"ast-content-background-meta":{"desktop":{"background-color":"var(--ast-global-color-5)","background-image":"","background-repeat":"repeat","background-position":"center center","background-size":"auto","background-attachment":"scroll","background-type":"","background-media":"","overlay-type":"","overlay-color":"","overlay-opacity":"","overlay-gradient":""},"tablet":{"background-color":"var(--ast-global-color-5)","background-image":"","background-repeat":"repeat","background-position":"center center","background-size":"auto","background-attachment":"scroll","background-type":"","background-media":"","overlay-type":"","overlay-color":"","overlay-opacity":"","overlay-gradient":""},"mobile":{"background-color":"var(--ast-global-color-5)","background-image":"","background-repeat":"repeat","background-position":"center center","background-size":"auto","background-attachment":"scroll","background-type":"","background-media":"","overlay-type":"","overlay-color":"","overlay-opacity":"","overlay-gradient":""}},"footnotes":""},"class_list":["post-5197","page","type-page","status-publish","hentry"],"yoast_head":"<!-- This site is optimized with the Yoast SEO plugin v26.3 - https:\/\/yoast.com\/wordpress\/plugins\/seo\/ -->\n<title>Sicherheitsdruck | Miyakoshi<\/title>\n<meta name=\"robots\" content=\"index, follow, max-snippet:-1, max-image-preview:large, max-video-preview:-1\" \/>\n<link rel=\"canonical\" href=\"https:\/\/www.miyakoshi.eu\/de\/sicherheitsdruck\/\" \/>\n<meta property=\"og:locale\" content=\"de_DE\" \/>\n<meta property=\"og:type\" content=\"article\" \/>\n<meta property=\"og:title\" content=\"Sicherheitsdruck | Miyakoshi\" \/>\n<meta property=\"og:description\" content=\"F\u00c4LSCHUNGSSICHERHEITSMODULE Der Druck von Sicherheitsprodukten erfordert eine hochwertige und pr\u00e4zise Ausr\u00fcstung. Unsere Miyakoshi-Rollenoffsetdruckmaschinen haben sich seit Jahrzehnten bew\u00e4hrt und bedienen Sicherheitsauftr\u00e4ge in der ganzen Welt. Die Vermeidung von Manipulationen an Schecks, P\u00e4ssen, Zertifikaten, Briefmarken und Banknoten ist eine wesentliche Voraussetzung f\u00fcr sicheres Drucken. F\u00e4lschungen werden durch die Verwendung von Spezialpapier, Wasserzeichen und speziellen Drucktechniken verhindert. [&hellip;]\" \/>\n<meta property=\"og:url\" content=\"https:\/\/www.miyakoshi.eu\/de\/sicherheitsdruck\/\" \/>\n<meta property=\"og:site_name\" content=\"Miyakoshi\" \/>\n<meta property=\"article:modified_time\" content=\"2022-10-28T14:38:53+00:00\" \/>\n<meta property=\"og:image\" content=\"https:\/\/www.miyakoshi.eu\/wp-content\/uploads\/2022\/02\/MVF-complete-web-press.gif\" \/>\n<meta name=\"twitter:card\" content=\"summary_large_image\" \/>\n<meta name=\"twitter:label1\" content=\"Gesch\u00e4tzte Lesezeit\" \/>\n\t<meta name=\"twitter:data1\" content=\"1\u00a0Minute\" \/>\n<script type=\"application\/ld+json\" class=\"yoast-schema-graph\">{\"@context\":\"https:\/\/schema.org\",\"@graph\":[{\"@type\":\"WebPage\",\"@id\":\"https:\/\/www.miyakoshi.eu\/de\/sicherheitsdruck\/\",\"url\":\"https:\/\/www.miyakoshi.eu\/de\/sicherheitsdruck\/\",\"name\":\"Sicherheitsdruck | Miyakoshi\",\"isPartOf\":{\"@id\":\"https:\/\/www.miyakoshi.eu\/de\/#website\"},\"primaryImageOfPage\":{\"@id\":\"https:\/\/www.miyakoshi.eu\/de\/sicherheitsdruck\/#primaryimage\"},\"image\":{\"@id\":\"https:\/\/www.miyakoshi.eu\/de\/sicherheitsdruck\/#primaryimage\"},\"thumbnailUrl\":\"https:\/\/www.miyakoshi.eu\/wp-content\/uploads\/2022\/02\/MVF-complete-web-press.gif\",\"datePublished\":\"2022-10-17T13:36:26+00:00\",\"dateModified\":\"2022-10-28T14:38:53+00:00\",\"breadcrumb\":{\"@id\":\"https:\/\/www.miyakoshi.eu\/de\/sicherheitsdruck\/#breadcrumb\"},\"inLanguage\":\"de\",\"potentialAction\":[{\"@type\":\"ReadAction\",\"target\":[\"https:\/\/www.miyakoshi.eu\/de\/sicherheitsdruck\/\"]}]},{\"@type\":\"ImageObject\",\"inLanguage\":\"de\",\"@id\":\"https:\/\/www.miyakoshi.eu\/de\/sicherheitsdruck\/#primaryimage\",\"url\":\"https:\/\/www.miyakoshi.eu\/wp-content\/uploads\/2022\/02\/MVF-complete-web-press.gif\",\"contentUrl\":\"https:\/\/www.miyakoshi.eu\/wp-content\/uploads\/2022\/02\/MVF-complete-web-press.gif\"},{\"@type\":\"BreadcrumbList\",\"@id\":\"https:\/\/www.miyakoshi.eu\/de\/sicherheitsdruck\/#breadcrumb\",\"itemListElement\":[{\"@type\":\"ListItem\",\"position\":1,\"name\":\"Portada\",\"item\":\"https:\/\/www.miyakoshi.eu\/de\/\"},{\"@type\":\"ListItem\",\"position\":2,\"name\":\"Sicherheitsdruck\"}]},{\"@type\":\"WebSite\",\"@id\":\"https:\/\/www.miyakoshi.eu\/de\/#website\",\"url\":\"https:\/\/www.miyakoshi.eu\/de\/\",\"name\":\"Miyakoshi\",\"description\":\"Fabricantes japoneses de impresoras offset\",\"publisher\":{\"@id\":\"https:\/\/www.miyakoshi.eu\/de\/#organization\"},\"potentialAction\":[{\"@type\":\"SearchAction\",\"target\":{\"@type\":\"EntryPoint\",\"urlTemplate\":\"https:\/\/www.miyakoshi.eu\/de\/?s={search_term_string}\"},\"query-input\":{\"@type\":\"PropertyValueSpecification\",\"valueRequired\":true,\"valueName\":\"search_term_string\"}}],\"inLanguage\":\"de\"},{\"@type\":\"Organization\",\"@id\":\"https:\/\/www.miyakoshi.eu\/de\/#organization\",\"name\":\"Miyakoshi Europe, S.L.\",\"url\":\"https:\/\/www.miyakoshi.eu\/de\/\",\"logo\":{\"@type\":\"ImageObject\",\"inLanguage\":\"de\",\"@id\":\"https:\/\/www.miyakoshi.eu\/de\/#\/schema\/logo\/image\/\",\"url\":\"https:\/\/www.miyakoshi.eu\/wp-content\/uploads\/2022\/02\/Logo-miyakoshi.svg\",\"contentUrl\":\"https:\/\/www.miyakoshi.eu\/wp-content\/uploads\/2022\/02\/Logo-miyakoshi.svg\",\"width\":483,\"height\":98,\"caption\":\"Miyakoshi Europe, S.L.\"},\"image\":{\"@id\":\"https:\/\/www.miyakoshi.eu\/de\/#\/schema\/logo\/image\/\"},\"sameAs\":[\"https:\/\/www.linkedin.com\/company\/miyakoshieurope\/\"]}]}<\/script>\n<!-- \/ Yoast SEO plugin. -->","yoast_head_json":{"title":"Sicherheitsdruck | Miyakoshi","robots":{"index":"index","follow":"follow","max-snippet":"max-snippet:-1","max-image-preview":"max-image-preview:large","max-video-preview":"max-video-preview:-1"},"canonical":"https:\/\/www.miyakoshi.eu\/de\/sicherheitsdruck\/","og_locale":"de_DE","og_type":"article","og_title":"Sicherheitsdruck | Miyakoshi","og_description":"F\u00c4LSCHUNGSSICHERHEITSMODULE Der Druck von Sicherheitsprodukten erfordert eine hochwertige und pr\u00e4zise Ausr\u00fcstung. Unsere Miyakoshi-Rollenoffsetdruckmaschinen haben sich seit Jahrzehnten bew\u00e4hrt und bedienen Sicherheitsauftr\u00e4ge in der ganzen Welt. Die Vermeidung von Manipulationen an Schecks, P\u00e4ssen, Zertifikaten, Briefmarken und Banknoten ist eine wesentliche Voraussetzung f\u00fcr sicheres Drucken. F\u00e4lschungen werden durch die Verwendung von Spezialpapier, Wasserzeichen und speziellen Drucktechniken verhindert. [&hellip;]","og_url":"https:\/\/www.miyakoshi.eu\/de\/sicherheitsdruck\/","og_site_name":"Miyakoshi","article_modified_time":"2022-10-28T14:38:53+00:00","og_image":[{"url":"https:\/\/www.miyakoshi.eu\/wp-content\/uploads\/2022\/02\/MVF-complete-web-press.gif","type":"","width":"","height":""}],"twitter_card":"summary_large_image","twitter_misc":{"Gesch\u00e4tzte Lesezeit":"1\u00a0Minute"},"schema":{"@context":"https:\/\/schema.org","@graph":[{"@type":"WebPage","@id":"https:\/\/www.miyakoshi.eu\/de\/sicherheitsdruck\/","url":"https:\/\/www.miyakoshi.eu\/de\/sicherheitsdruck\/","name":"Sicherheitsdruck | Miyakoshi","isPartOf":{"@id":"https:\/\/www.miyakoshi.eu\/de\/#website"},"primaryImageOfPage":{"@id":"https:\/\/www.miyakoshi.eu\/de\/sicherheitsdruck\/#primaryimage"},"image":{"@id":"https:\/\/www.miyakoshi.eu\/de\/sicherheitsdruck\/#primaryimage"},"thumbnailUrl":"https:\/\/www.miyakoshi.eu\/wp-content\/uploads\/2022\/02\/MVF-complete-web-press.gif","datePublished":"2022-10-17T13:36:26+00:00","dateModified":"2022-10-28T14:38:53+00:00","breadcrumb":{"@id":"https:\/\/www.miyakoshi.eu\/de\/sicherheitsdruck\/#breadcrumb"},"inLanguage":"de","potentialAction":[{"@type":"ReadAction","target":["https:\/\/www.miyakoshi.eu\/de\/sicherheitsdruck\/"]}]},{"@type":"ImageObject","inLanguage":"de","@id":"https:\/\/www.miyakoshi.eu\/de\/sicherheitsdruck\/#primaryimage","url":"https:\/\/www.miyakoshi.eu\/wp-content\/uploads\/2022\/02\/MVF-complete-web-press.gif","contentUrl":"https:\/\/www.miyakoshi.eu\/wp-content\/uploads\/2022\/02\/MVF-complete-web-press.gif"},{"@type":"BreadcrumbList","@id":"https:\/\/www.miyakoshi.eu\/de\/sicherheitsdruck\/#breadcrumb","itemListElement":[{"@type":"ListItem","position":1,"name":"Portada","item":"https:\/\/www.miyakoshi.eu\/de\/"},{"@type":"ListItem","position":2,"name":"Sicherheitsdruck"}]},{"@type":"WebSite","@id":"https:\/\/www.miyakoshi.eu\/de\/#website","url":"https:\/\/www.miyakoshi.eu\/de\/","name":"Miyakoshi","description":"Fabricantes japoneses de impresoras offset","publisher":{"@id":"https:\/\/www.miyakoshi.eu\/de\/#organization"},"potentialAction":[{"@type":"SearchAction","target":{"@type":"EntryPoint","urlTemplate":"https:\/\/www.miyakoshi.eu\/de\/?s={search_term_string}"},"query-input":{"@type":"PropertyValueSpecification","valueRequired":true,"valueName":"search_term_string"}}],"inLanguage":"de"},{"@type":"Organization","@id":"https:\/\/www.miyakoshi.eu\/de\/#organization","name":"Miyakoshi Europe, S.L.","url":"https:\/\/www.miyakoshi.eu\/de\/","logo":{"@type":"ImageObject","inLanguage":"de","@id":"https:\/\/www.miyakoshi.eu\/de\/#\/schema\/logo\/image\/","url":"https:\/\/www.miyakoshi.eu\/wp-content\/uploads\/2022\/02\/Logo-miyakoshi.svg","contentUrl":"https:\/\/www.miyakoshi.eu\/wp-content\/uploads\/2022\/02\/Logo-miyakoshi.svg","width":483,"height":98,"caption":"Miyakoshi Europe, S.L."},"image":{"@id":"https:\/\/www.miyakoshi.eu\/de\/#\/schema\/logo\/image\/"},"sameAs":["https:\/\/www.linkedin.com\/company\/miyakoshieurope\/"]}]}},"acf":[],"_links":{"self":[{"href":"https:\/\/www.miyakoshi.eu\/de\/wp-json\/wp\/v2\/pages\/5197","targetHints":{"allow":["GET"]}}],"collection":[{"href":"https:\/\/www.miyakoshi.eu\/de\/wp-json\/wp\/v2\/pages"}],"about":[{"href":"https:\/\/www.miyakoshi.eu\/de\/wp-json\/wp\/v2\/types\/page"}],"author":[{"embeddable":true,"href":"https:\/\/www.miyakoshi.eu\/de\/wp-json\/wp\/v2\/users\/2"}],"replies":[{"embeddable":true,"href":"https:\/\/www.miyakoshi.eu\/de\/wp-json\/wp\/v2\/comments?post=5197"}],"version-history":[{"count":5,"href":"https:\/\/www.miyakoshi.eu\/de\/wp-json\/wp\/v2\/pages\/5197\/revisions"}],"predecessor-version":[{"id":5524,"href":"https:\/\/www.miyakoshi.eu\/de\/wp-json\/wp\/v2\/pages\/5197\/revisions\/5524"}],"wp:attachment":[{"href":"https:\/\/www.miyakoshi.eu\/de\/wp-json\/wp\/v2\/media?parent=5197"}],"curies":[{"name":"wp","href":"https:\/\/api.w.org\/{rel}","templated":true}]}}