{"id":5471,"date":"2022-10-27T15:24:18","date_gmt":"2022-10-27T15:24:18","guid":{"rendered":"https:\/\/www.miyakoshi.eu\/labels\/"},"modified":"2022-11-08T09:44:43","modified_gmt":"2022-11-08T09:44:43","slug":"labels","status":"publish","type":"page","link":"https:\/\/www.miyakoshi.eu\/de\/labels\/","title":{"rendered":"Labels"},"content":{"rendered":"\t\t<div data-elementor-type=\"wp-page\" data-elementor-id=\"5471\" class=\"elementor elementor-5471 elementor-5426\" data-elementor-post-type=\"page\">\n\t\t\t\t\t\t<section class=\"elementor-section elementor-top-section elementor-element elementor-element-ec90cc4 elementor-section-height-min-height animated-fast elementor-section-boxed elementor-section-height-default elementor-section-items-middle elementor-invisible\" data-id=\"ec90cc4\" data-element_type=\"section\" data-settings=\"{&quot;background_background&quot;:&quot;classic&quot;,&quot;animation&quot;:&quot;fadeInDown&quot;}\">\n\t\t\t\t\t\t\t<div class=\"elementor-background-overlay\"><\/div>\n\t\t\t\t\t\t\t<div class=\"elementor-container elementor-column-gap-default\">\n\t\t\t\t\t<div class=\"elementor-column elementor-col-100 elementor-top-column elementor-element elementor-element-d3f41b4\" data-id=\"d3f41b4\" data-element_type=\"column\">\n\t\t\t<div class=\"elementor-widget-wrap elementor-element-populated\">\n\t\t\t\t\t\t<div class=\"elementor-element elementor-element-80d8e37 elementor-widget elementor-widget-theme-post-title elementor-page-title elementor-widget-heading\" data-id=\"80d8e37\" data-element_type=\"widget\" data-widget_type=\"theme-post-title.default\">\n\t\t\t\t<div class=\"elementor-widget-container\">\n\t\t\t\t\t<h1 class=\"elementor-heading-title elementor-size-default\">Labels<\/h1>\t\t\t\t<\/div>\n\t\t\t\t<\/div>\n\t\t\t\t\t<\/div>\n\t\t<\/div>\n\t\t\t\t\t<\/div>\n\t\t<\/section>\n\t\t\t\t<section class=\"elementor-section elementor-top-section elementor-element elementor-element-ce4c316 elementor-section-boxed elementor-section-height-default elementor-section-height-default\" data-id=\"ce4c316\" data-element_type=\"section\">\n\t\t\t\t\t\t<div class=\"elementor-container elementor-column-gap-default\">\n\t\t\t\t\t<div class=\"elementor-column elementor-col-50 elementor-top-column elementor-element elementor-element-42c822e\" data-id=\"42c822e\" data-element_type=\"column\">\n\t\t\t<div class=\"elementor-widget-wrap elementor-element-populated\">\n\t\t\t\t\t\t<section class=\"elementor-section elementor-inner-section elementor-element elementor-element-9c64b42 elementor-section-boxed elementor-section-height-default elementor-section-height-default\" data-id=\"9c64b42\" data-element_type=\"section\">\n\t\t\t\t\t\t<div class=\"elementor-container elementor-column-gap-default\">\n\t\t\t\t\t<div class=\"elementor-column elementor-col-100 elementor-inner-column elementor-element elementor-element-6f12f76\" data-id=\"6f12f76\" data-element_type=\"column\">\n\t\t\t<div class=\"elementor-widget-wrap elementor-element-populated\">\n\t\t\t\t\t\t<div class=\"elementor-element elementor-element-2d6273b elementor-absolute elementor-invisible elementor-widget elementor-widget-text-editor\" data-id=\"2d6273b\" data-element_type=\"widget\" data-settings=\"{&quot;_animation&quot;:&quot;fadeInUp&quot;,&quot;_animation_delay&quot;:500,&quot;_position&quot;:&quot;absolute&quot;}\" data-widget_type=\"text-editor.default\">\n\t\t\t\t<div class=\"elementor-widget-container\">\n\t\t\t\t\t\t\t\t\t<p>Etiketten sind ein wichtiger Bestandteil eines jeden Unternehmens. Sie tragen zur Identifizierung des Produkts oder der Dienstleistung bei und erleichtern den Kunden die Suche nach dem Gesuchten. Sie helfen auch bei der Vermarktung der Produkte eines Unternehmens, indem sie diese f\u00fcr die Verbraucher attraktiver machen.<\/p><p>Etiketten k\u00f6nnen nach Bedarf, in kleinen oder gro\u00dfen Mengen gedruckt werden. Flexibilit\u00e4t ist sehr wichtig, denn f\u00fcr wichtige Branchen wie Wein, Lebensmittel oder Kosmetika m\u00fcssen Sie je nach Bedarf verschiedene Drucke erstellen.<\/p><p>Miyakoshi-Pressen verf\u00fcgen \u00fcber eine Vielzahl von hochwertigen Maschinen, die die Ziele unserer Kunden in diesen und anderen Branchen erf\u00fcllen.<\/p>\t\t\t\t\t\t\t\t<\/div>\n\t\t\t\t<\/div>\n\t\t\t\t\t<\/div>\n\t\t<\/div>\n\t\t\t\t\t<\/div>\n\t\t<\/section>\n\t\t\t\t\t<\/div>\n\t\t<\/div>\n\t\t\t\t<div class=\"elementor-column elementor-col-50 elementor-top-column elementor-element elementor-element-c038170 elementor-invisible\" data-id=\"c038170\" data-element_type=\"column\" data-settings=\"{&quot;animation&quot;:&quot;fadeInUp&quot;,&quot;animation_delay&quot;:1000}\">\n\t\t\t<div class=\"elementor-widget-wrap elementor-element-populated\">\n\t\t\t\t\t\t<div class=\"elementor-element elementor-element-e351e21 elementor-widget elementor-widget-image\" data-id=\"e351e21\" data-element_type=\"widget\" data-widget_type=\"image.default\">\n\t\t\t\t<div class=\"elementor-widget-container\">\n\t\t\t\t\t\t\t\t\t\t\t\t<figure class=\"wp-caption\">\n\t\t\t\t\t\t\t\t\t\t<img fetchpriority=\"high\" decoding=\"async\" width=\"844\" height=\"800\" src=\"https:\/\/www.miyakoshi.eu\/wp-content\/uploads\/2022\/02\/entradamlp.jpg\" class=\"attachment-2048x2048 size-2048x2048 wp-image-3630\" alt=\"\" srcset=\"https:\/\/www.miyakoshi.eu\/wp-content\/uploads\/2022\/02\/entradamlp.jpg 844w, https:\/\/www.miyakoshi.eu\/wp-content\/uploads\/2022\/02\/entradamlp-300x284.jpg 300w, https:\/\/www.miyakoshi.eu\/wp-content\/uploads\/2022\/02\/entradamlp-768x728.jpg 768w\" sizes=\"(max-width: 844px) 100vw, 844px\" \/>\t\t\t\t\t\t\t\t\t\t\t<figcaption class=\"widget-image-caption wp-caption-text\">Miyakoshi MLP<\/figcaption>\n\t\t\t\t\t\t\t\t\t\t<\/figure>\n\t\t\t\t\t\t\t\t\t<\/div>\n\t\t\t\t<\/div>\n\t\t\t\t\t<\/div>\n\t\t<\/div>\n\t\t\t\t\t<\/div>\n\t\t<\/section>\n\t\t\t\t<\/div>\n\t\t","protected":false},"excerpt":{"rendered":"<p>Etiketten sind ein wichtiger Bestandteil eines jeden Unternehmens. Sie tragen zur Identifizierung des Produkts oder der Dienstleistung bei und erleichtern den Kunden die Suche nach dem Gesuchten. Sie helfen auch bei der Vermarktung der Produkte eines Unternehmens, indem sie diese f\u00fcr die Verbraucher attraktiver machen. Etiketten k\u00f6nnen nach Bedarf, in kleinen oder gro\u00dfen Mengen gedruckt [&hellip;]<\/p>\n","protected":false},"author":2,"featured_media":0,"parent":0,"menu_order":0,"comment_status":"closed","ping_status":"closed","template":"","meta":{"site-sidebar-layout":"no-sidebar","site-content-layout":"page-builder","ast-site-content-layout":"default","site-content-style":"default","site-sidebar-style":"default","ast-global-header-display":"","ast-banner-title-visibility":"","ast-main-header-display":"","ast-hfb-above-header-display":"","ast-hfb-below-header-display":"","ast-hfb-mobile-header-display":"","site-post-title":"disabled","ast-breadcrumbs-content":"","ast-featured-img":"disabled","footer-sml-layout":"","theme-transparent-header-meta":"default","adv-header-id-meta":"","stick-header-meta":"","header-above-stick-meta":"","header-main-stick-meta":"","header-below-stick-meta":"","astra-migrate-meta-layouts":"default","ast-page-background-enabled":"default","ast-page-background-meta":{"desktop":{"background-color":"","background-image":"","background-repeat":"repeat","background-position":"center center","background-size":"auto","background-attachment":"scroll","background-type":"","background-media":"","overlay-type":"","overlay-color":"","overlay-opacity":"","overlay-gradient":""},"tablet":{"background-color":"","background-image":"","background-repeat":"repeat","background-position":"center center","background-size":"auto","background-attachment":"scroll","background-type":"","background-media":"","overlay-type":"","overlay-color":"","overlay-opacity":"","overlay-gradient":""},"mobile":{"background-color":"","background-image":"","background-repeat":"repeat","background-position":"center center","background-size":"auto","background-attachment":"scroll","background-type":"","background-media":"","overlay-type":"","overlay-color":"","overlay-opacity":"","overlay-gradient":""}},"ast-content-background-meta":{"desktop":{"background-color":"var(--ast-global-color-5)","background-image":"","background-repeat":"repeat","background-position":"center center","background-size":"auto","background-attachment":"scroll","background-type":"","background-media":"","overlay-type":"","overlay-color":"","overlay-opacity":"","overlay-gradient":""},"tablet":{"background-color":"var(--ast-global-color-5)","background-image":"","background-repeat":"repeat","background-position":"center center","background-size":"auto","background-attachment":"scroll","background-type":"","background-media":"","overlay-type":"","overlay-color":"","overlay-opacity":"","overlay-gradient":""},"mobile":{"background-color":"var(--ast-global-color-5)","background-image":"","background-repeat":"repeat","background-position":"center center","background-size":"auto","background-attachment":"scroll","background-type":"","background-media":"","overlay-type":"","overlay-color":"","overlay-opacity":"","overlay-gradient":""}},"footnotes":""},"class_list":["post-5471","page","type-page","status-publish","hentry"],"yoast_head":"<!-- This site is optimized with the Yoast SEO plugin v26.3 - https:\/\/yoast.com\/wordpress\/plugins\/seo\/ -->\n<title>Labels | Miyakoshi<\/title>\n<meta name=\"robots\" content=\"index, follow, max-snippet:-1, max-image-preview:large, max-video-preview:-1\" \/>\n<link rel=\"canonical\" href=\"https:\/\/www.miyakoshi.eu\/de\/labels\/\" \/>\n<meta property=\"og:locale\" content=\"de_DE\" \/>\n<meta property=\"og:type\" content=\"article\" \/>\n<meta property=\"og:title\" content=\"Labels | Miyakoshi\" \/>\n<meta property=\"og:description\" content=\"Etiketten sind ein wichtiger Bestandteil eines jeden Unternehmens. Sie tragen zur Identifizierung des Produkts oder der Dienstleistung bei und erleichtern den Kunden die Suche nach dem Gesuchten. Sie helfen auch bei der Vermarktung der Produkte eines Unternehmens, indem sie diese f\u00fcr die Verbraucher attraktiver machen. Etiketten k\u00f6nnen nach Bedarf, in kleinen oder gro\u00dfen Mengen gedruckt [&hellip;]\" \/>\n<meta property=\"og:url\" content=\"https:\/\/www.miyakoshi.eu\/de\/labels\/\" \/>\n<meta property=\"og:site_name\" content=\"Miyakoshi\" \/>\n<meta property=\"article:modified_time\" content=\"2022-11-08T09:44:43+00:00\" \/>\n<meta property=\"og:image\" content=\"https:\/\/www.miyakoshi.eu\/wp-content\/uploads\/2022\/10\/bobina2.jpg\" \/>\n\t<meta property=\"og:image:width\" content=\"888\" \/>\n\t<meta property=\"og:image:height\" content=\"842\" \/>\n\t<meta property=\"og:image:type\" content=\"image\/jpeg\" \/>\n<meta name=\"twitter:card\" content=\"summary_large_image\" \/>\n<meta name=\"twitter:label1\" content=\"Gesch\u00e4tzte Lesezeit\" \/>\n\t<meta name=\"twitter:data1\" content=\"1\u00a0Minute\" \/>\n<script type=\"application\/ld+json\" class=\"yoast-schema-graph\">{\"@context\":\"https:\/\/schema.org\",\"@graph\":[{\"@type\":\"WebPage\",\"@id\":\"https:\/\/www.miyakoshi.eu\/de\/labels\/\",\"url\":\"https:\/\/www.miyakoshi.eu\/de\/labels\/\",\"name\":\"Labels | Miyakoshi\",\"isPartOf\":{\"@id\":\"https:\/\/www.miyakoshi.eu\/de\/#website\"},\"primaryImageOfPage\":{\"@id\":\"https:\/\/www.miyakoshi.eu\/de\/labels\/#primaryimage\"},\"image\":{\"@id\":\"https:\/\/www.miyakoshi.eu\/de\/labels\/#primaryimage\"},\"thumbnailUrl\":\"https:\/\/www.miyakoshi.eu\/wp-content\/uploads\/2022\/02\/entradamlp.jpg\",\"datePublished\":\"2022-10-27T15:24:18+00:00\",\"dateModified\":\"2022-11-08T09:44:43+00:00\",\"breadcrumb\":{\"@id\":\"https:\/\/www.miyakoshi.eu\/de\/labels\/#breadcrumb\"},\"inLanguage\":\"de\",\"potentialAction\":[{\"@type\":\"ReadAction\",\"target\":[\"https:\/\/www.miyakoshi.eu\/de\/labels\/\"]}]},{\"@type\":\"ImageObject\",\"inLanguage\":\"de\",\"@id\":\"https:\/\/www.miyakoshi.eu\/de\/labels\/#primaryimage\",\"url\":\"https:\/\/www.miyakoshi.eu\/wp-content\/uploads\/2022\/02\/entradamlp.jpg\",\"contentUrl\":\"https:\/\/www.miyakoshi.eu\/wp-content\/uploads\/2022\/02\/entradamlp.jpg\"},{\"@type\":\"BreadcrumbList\",\"@id\":\"https:\/\/www.miyakoshi.eu\/de\/labels\/#breadcrumb\",\"itemListElement\":[{\"@type\":\"ListItem\",\"position\":1,\"name\":\"Portada\",\"item\":\"https:\/\/www.miyakoshi.eu\/de\/\"},{\"@type\":\"ListItem\",\"position\":2,\"name\":\"Labels\"}]},{\"@type\":\"WebSite\",\"@id\":\"https:\/\/www.miyakoshi.eu\/de\/#website\",\"url\":\"https:\/\/www.miyakoshi.eu\/de\/\",\"name\":\"Miyakoshi\",\"description\":\"Fabricantes japoneses de impresoras offset\",\"publisher\":{\"@id\":\"https:\/\/www.miyakoshi.eu\/de\/#organization\"},\"potentialAction\":[{\"@type\":\"SearchAction\",\"target\":{\"@type\":\"EntryPoint\",\"urlTemplate\":\"https:\/\/www.miyakoshi.eu\/de\/?s={search_term_string}\"},\"query-input\":{\"@type\":\"PropertyValueSpecification\",\"valueRequired\":true,\"valueName\":\"search_term_string\"}}],\"inLanguage\":\"de\"},{\"@type\":\"Organization\",\"@id\":\"https:\/\/www.miyakoshi.eu\/de\/#organization\",\"name\":\"Miyakoshi Europe, S.L.\",\"url\":\"https:\/\/www.miyakoshi.eu\/de\/\",\"logo\":{\"@type\":\"ImageObject\",\"inLanguage\":\"de\",\"@id\":\"https:\/\/www.miyakoshi.eu\/de\/#\/schema\/logo\/image\/\",\"url\":\"https:\/\/www.miyakoshi.eu\/wp-content\/uploads\/2022\/02\/Logo-miyakoshi.svg\",\"contentUrl\":\"https:\/\/www.miyakoshi.eu\/wp-content\/uploads\/2022\/02\/Logo-miyakoshi.svg\",\"width\":483,\"height\":98,\"caption\":\"Miyakoshi Europe, S.L.\"},\"image\":{\"@id\":\"https:\/\/www.miyakoshi.eu\/de\/#\/schema\/logo\/image\/\"},\"sameAs\":[\"https:\/\/www.linkedin.com\/company\/miyakoshieurope\/\"]}]}<\/script>\n<!-- \/ Yoast SEO plugin. -->","yoast_head_json":{"title":"Labels | Miyakoshi","robots":{"index":"index","follow":"follow","max-snippet":"max-snippet:-1","max-image-preview":"max-image-preview:large","max-video-preview":"max-video-preview:-1"},"canonical":"https:\/\/www.miyakoshi.eu\/de\/labels\/","og_locale":"de_DE","og_type":"article","og_title":"Labels | Miyakoshi","og_description":"Etiketten sind ein wichtiger Bestandteil eines jeden Unternehmens. Sie tragen zur Identifizierung des Produkts oder der Dienstleistung bei und erleichtern den Kunden die Suche nach dem Gesuchten. Sie helfen auch bei der Vermarktung der Produkte eines Unternehmens, indem sie diese f\u00fcr die Verbraucher attraktiver machen. Etiketten k\u00f6nnen nach Bedarf, in kleinen oder gro\u00dfen Mengen gedruckt [&hellip;]","og_url":"https:\/\/www.miyakoshi.eu\/de\/labels\/","og_site_name":"Miyakoshi","article_modified_time":"2022-11-08T09:44:43+00:00","og_image":[{"width":888,"height":842,"url":"https:\/\/www.miyakoshi.eu\/wp-content\/uploads\/2022\/10\/bobina2.jpg","type":"image\/jpeg"}],"twitter_card":"summary_large_image","twitter_misc":{"Gesch\u00e4tzte Lesezeit":"1\u00a0Minute"},"schema":{"@context":"https:\/\/schema.org","@graph":[{"@type":"WebPage","@id":"https:\/\/www.miyakoshi.eu\/de\/labels\/","url":"https:\/\/www.miyakoshi.eu\/de\/labels\/","name":"Labels | Miyakoshi","isPartOf":{"@id":"https:\/\/www.miyakoshi.eu\/de\/#website"},"primaryImageOfPage":{"@id":"https:\/\/www.miyakoshi.eu\/de\/labels\/#primaryimage"},"image":{"@id":"https:\/\/www.miyakoshi.eu\/de\/labels\/#primaryimage"},"thumbnailUrl":"https:\/\/www.miyakoshi.eu\/wp-content\/uploads\/2022\/02\/entradamlp.jpg","datePublished":"2022-10-27T15:24:18+00:00","dateModified":"2022-11-08T09:44:43+00:00","breadcrumb":{"@id":"https:\/\/www.miyakoshi.eu\/de\/labels\/#breadcrumb"},"inLanguage":"de","potentialAction":[{"@type":"ReadAction","target":["https:\/\/www.miyakoshi.eu\/de\/labels\/"]}]},{"@type":"ImageObject","inLanguage":"de","@id":"https:\/\/www.miyakoshi.eu\/de\/labels\/#primaryimage","url":"https:\/\/www.miyakoshi.eu\/wp-content\/uploads\/2022\/02\/entradamlp.jpg","contentUrl":"https:\/\/www.miyakoshi.eu\/wp-content\/uploads\/2022\/02\/entradamlp.jpg"},{"@type":"BreadcrumbList","@id":"https:\/\/www.miyakoshi.eu\/de\/labels\/#breadcrumb","itemListElement":[{"@type":"ListItem","position":1,"name":"Portada","item":"https:\/\/www.miyakoshi.eu\/de\/"},{"@type":"ListItem","position":2,"name":"Labels"}]},{"@type":"WebSite","@id":"https:\/\/www.miyakoshi.eu\/de\/#website","url":"https:\/\/www.miyakoshi.eu\/de\/","name":"Miyakoshi","description":"Fabricantes japoneses de impresoras offset","publisher":{"@id":"https:\/\/www.miyakoshi.eu\/de\/#organization"},"potentialAction":[{"@type":"SearchAction","target":{"@type":"EntryPoint","urlTemplate":"https:\/\/www.miyakoshi.eu\/de\/?s={search_term_string}"},"query-input":{"@type":"PropertyValueSpecification","valueRequired":true,"valueName":"search_term_string"}}],"inLanguage":"de"},{"@type":"Organization","@id":"https:\/\/www.miyakoshi.eu\/de\/#organization","name":"Miyakoshi Europe, S.L.","url":"https:\/\/www.miyakoshi.eu\/de\/","logo":{"@type":"ImageObject","inLanguage":"de","@id":"https:\/\/www.miyakoshi.eu\/de\/#\/schema\/logo\/image\/","url":"https:\/\/www.miyakoshi.eu\/wp-content\/uploads\/2022\/02\/Logo-miyakoshi.svg","contentUrl":"https:\/\/www.miyakoshi.eu\/wp-content\/uploads\/2022\/02\/Logo-miyakoshi.svg","width":483,"height":98,"caption":"Miyakoshi Europe, S.L."},"image":{"@id":"https:\/\/www.miyakoshi.eu\/de\/#\/schema\/logo\/image\/"},"sameAs":["https:\/\/www.linkedin.com\/company\/miyakoshieurope\/"]}]}},"acf":[],"_links":{"self":[{"href":"https:\/\/www.miyakoshi.eu\/de\/wp-json\/wp\/v2\/pages\/5471","targetHints":{"allow":["GET"]}}],"collection":[{"href":"https:\/\/www.miyakoshi.eu\/de\/wp-json\/wp\/v2\/pages"}],"about":[{"href":"https:\/\/www.miyakoshi.eu\/de\/wp-json\/wp\/v2\/types\/page"}],"author":[{"embeddable":true,"href":"https:\/\/www.miyakoshi.eu\/de\/wp-json\/wp\/v2\/users\/2"}],"replies":[{"embeddable":true,"href":"https:\/\/www.miyakoshi.eu\/de\/wp-json\/wp\/v2\/comments?post=5471"}],"version-history":[{"count":10,"href":"https:\/\/www.miyakoshi.eu\/de\/wp-json\/wp\/v2\/pages\/5471\/revisions"}],"predecessor-version":[{"id":5675,"href":"https:\/\/www.miyakoshi.eu\/de\/wp-json\/wp\/v2\/pages\/5471\/revisions\/5675"}],"wp:attachment":[{"href":"https:\/\/www.miyakoshi.eu\/de\/wp-json\/wp\/v2\/media?parent=5471"}],"curies":[{"name":"wp","href":"https:\/\/api.w.org\/{rel}","templated":true}]}}