{"id":6563,"date":"2022-11-21T12:41:37","date_gmt":"2022-11-21T12:41:37","guid":{"rendered":"https:\/\/www.miyakoshi.eu\/gummi-und-batterie-regenerator-schwego-damp-8174\/"},"modified":"2023-01-18T09:36:51","modified_gmt":"2023-01-18T09:36:51","slug":"gummi-und-batterie-regenerator-schwego-damp-8174","status":"publish","type":"page","link":"https:\/\/www.miyakoshi.eu\/de\/gummi-und-batterie-regenerator-schwego-damp-8174\/","title":{"rendered":"Reiniger und Regenerierer f\u00fcr Feuchtwalzen \u2013 Schwego\u00ae Damp 8174"},"content":{"rendered":"\t\t<div data-elementor-type=\"wp-page\" data-elementor-id=\"6563\" class=\"elementor elementor-6563 elementor-6223\" data-elementor-post-type=\"page\">\n\t\t\t\t\t\t<section class=\"elementor-section elementor-top-section elementor-element elementor-element-7db1941 elementor-section-boxed elementor-section-height-default elementor-section-height-default\" data-id=\"7db1941\" data-element_type=\"section\">\n\t\t\t\t\t\t<div class=\"elementor-container elementor-column-gap-default\">\n\t\t\t\t\t<div class=\"elementor-column elementor-col-100 elementor-top-column elementor-element elementor-element-705e926 animated-slow elementor-invisible\" data-id=\"705e926\" data-element_type=\"column\" data-settings=\"{&quot;animation&quot;:&quot;fadeIn&quot;}\">\n\t\t\t<div class=\"elementor-widget-wrap elementor-element-populated\">\n\t\t\t\t\t\t\t<\/div>\n\t\t<\/div>\n\t\t\t\t\t<\/div>\n\t\t<\/section>\n\t\t\t\t<section class=\"elementor-section elementor-top-section elementor-element elementor-element-a189b9b elementor-section-boxed elementor-section-height-default elementor-section-height-default\" data-id=\"a189b9b\" data-element_type=\"section\">\n\t\t\t\t\t\t<div class=\"elementor-container elementor-column-gap-default\">\n\t\t\t\t\t<div class=\"elementor-column elementor-col-50 elementor-top-column elementor-element elementor-element-c8a3179 animated-slow elementor-invisible\" data-id=\"c8a3179\" data-element_type=\"column\" data-settings=\"{&quot;animation&quot;:&quot;fadeIn&quot;,&quot;animation_delay&quot;:500}\">\n\t\t\t<div class=\"elementor-widget-wrap elementor-element-populated\">\n\t\t\t\t\t\t<div class=\"elementor-element elementor-element-5b1c486 elementor-widget elementor-widget-image\" data-id=\"5b1c486\" data-element_type=\"widget\" data-widget_type=\"image.default\">\n\t\t\t\t<div class=\"elementor-widget-container\">\n\t\t\t\t\t\t\t\t\t\t\t\t\t\t\t<img fetchpriority=\"high\" decoding=\"async\" width=\"1668\" height=\"1668\" src=\"https:\/\/www.miyakoshi.eu\/wp-content\/uploads\/2022\/11\/8174reducida.jpg\" class=\"attachment-full size-full wp-image-6229\" alt=\"\" srcset=\"https:\/\/www.miyakoshi.eu\/wp-content\/uploads\/2022\/11\/8174reducida.jpg 1668w, https:\/\/www.miyakoshi.eu\/wp-content\/uploads\/2022\/11\/8174reducida-300x300.jpg 300w, https:\/\/www.miyakoshi.eu\/wp-content\/uploads\/2022\/11\/8174reducida-1024x1024.jpg 1024w, https:\/\/www.miyakoshi.eu\/wp-content\/uploads\/2022\/11\/8174reducida-150x150.jpg 150w, https:\/\/www.miyakoshi.eu\/wp-content\/uploads\/2022\/11\/8174reducida-768x768.jpg 768w, https:\/\/www.miyakoshi.eu\/wp-content\/uploads\/2022\/11\/8174reducida-1536x1536.jpg 1536w\" sizes=\"(max-width: 1668px) 100vw, 1668px\" \/>\t\t\t\t\t\t\t\t\t\t\t\t\t\t\t<\/div>\n\t\t\t\t<\/div>\n\t\t\t\t\t<\/div>\n\t\t<\/div>\n\t\t\t\t<div class=\"elementor-column elementor-col-50 elementor-top-column elementor-element elementor-element-f4cda0c animated-slow elementor-invisible\" data-id=\"f4cda0c\" data-element_type=\"column\" data-settings=\"{&quot;animation&quot;:&quot;fadeIn&quot;,&quot;animation_delay&quot;:1000}\">\n\t\t\t<div class=\"elementor-widget-wrap elementor-element-populated\">\n\t\t\t\t\t\t<div class=\"elementor-element elementor-element-fa79b0a elementor-widget elementor-widget-text-editor\" data-id=\"fa79b0a\" data-element_type=\"widget\" data-widget_type=\"text-editor.default\">\n\t\t\t\t<div class=\"elementor-widget-container\">\n\t\t\t\t\t\t\t\t\t<div class=\"product-short-description\"><div><p><strong>Schwego\u00ae damp 8174<\/strong> ist ein schnell trocknendes Reinigungs- und Entfettungsmittel f\u00fcr alle Feuchtwalzen in kontinuierlichen Feuchtwerken.<\/p><p>Entfernt \u00f6lige Ablagerungen wie Farbreste und Waschmittel und regeneriert die hydrophile Oberfl\u00e4che der Feuchtwalzen.<\/p><p>Durch die schnelle und r\u00fcckstandsfreie Trocknung werden bei sachgem\u00e4\u00dfer Anwendung keine R\u00fcckst\u00e4nde im Quellwasser abgelagert.<\/p><p><strong>Eigenschaften:<\/strong><\/p><ul><li>Gr\u00fcndliche Reinigung.<\/li><li>Gummigummis und Walzen werden wieder griffig und geschmeidig.<\/li><li>Verl\u00e4ngert die Lebensdauer von Gummis und Walzen.<\/li><li>Keine Ver\u00e4nderung der H\u00e4rte oder Schwellung.<\/li><li>Erh\u00f6ht die Akzeptanz von Tinte und Wasser.<\/li><li>Keine fettigen R\u00fcckst\u00e4nde.<\/li><li><strong>Schwego\u00ae Damp 8174<\/strong> ist frei von chlorierten und aromatischen kohlenwasserstoffen.<\/li><li>Zertifizierung ISEGA<\/li><li>Entflammbarkeitsgrenze: &lt;5\u00b0C<\/li><li><strong>Schwego\u00ae dump 8174<\/strong> kann generell auf allen Materialien bei starker Verschmutzung durch Druckfarben eingesetzt werden.<\/li><li>Bei sachgerechter Lagerung bleiben die beschriebenen Eigenschaften von <strong>Schwego\u00ae dump 8174<\/strong> mindestens 24 Monate lang stabil.<\/li><\/ul><p><strong>Gebrauchsanweisung:<\/strong><\/p><p>1. Reinigung von Gummi und Feuchtwerken: Schwego\u00ae Damp 8174 ein- bis zweimal t\u00e4glich mit einem Tuch oder Schwamm auftragen.<br \/>2. Reinigung der Farbwalzen: Nach der Reinigung der Walzen Schwego\u00ae Damp 8174 auftragen.<\/p><p><strong>Verpackung:<\/strong> 1 L Flasche &#8211; 200 L Fass<\/p><\/div><h6>*Produkt f\u00fcr den industriellen Einsatz. Es wird empfohlen, das Produktdatenblatt und das Sicherheitsdatenblatt herunterzuladen.<br \/>**Produktfoto kann je nach Auswahl der Attribute oder aufgrund der Aktualisierung der Verpackung abweichen.<\/h6><\/div>\t\t\t\t\t\t\t\t<\/div>\n\t\t\t\t<\/div>\n\t\t\t\t<div class=\"elementor-element elementor-element-34c1587 elementor-button-info elementor-align-center e-transform elementor-widget elementor-widget-button\" data-id=\"34c1587\" data-element_type=\"widget\" data-settings=\"{&quot;_transform_scale_effect_hover&quot;:{&quot;unit&quot;:&quot;px&quot;,&quot;size&quot;:1.1,&quot;sizes&quot;:[]},&quot;_transform_scale_effect_hover_tablet_extra&quot;:{&quot;unit&quot;:&quot;px&quot;,&quot;size&quot;:&quot;&quot;,&quot;sizes&quot;:[]},&quot;_transform_scale_effect_hover_tablet&quot;:{&quot;unit&quot;:&quot;px&quot;,&quot;size&quot;:&quot;&quot;,&quot;sizes&quot;:[]},&quot;_transform_scale_effect_hover_mobile&quot;:{&quot;unit&quot;:&quot;px&quot;,&quot;size&quot;:&quot;&quot;,&quot;sizes&quot;:[]}}\" data-widget_type=\"button.default\">\n\t\t\t\t<div class=\"elementor-widget-container\">\n\t\t\t\t\t\t\t\t\t<div class=\"elementor-button-wrapper\">\n\t\t\t\t\t<a class=\"elementor-button elementor-button-link elementor-size-sm\" href=\"https:\/\/www.miyakoshi.eu\/de\/kontakt\/\" target=\"_blank\">\n\t\t\t\t\t\t<span class=\"elementor-button-content-wrapper\">\n\t\t\t\t\t\t\t\t\t<span class=\"elementor-button-text\">Anforderung von Informationen<\/span>\n\t\t\t\t\t<\/span>\n\t\t\t\t\t<\/a>\n\t\t\t\t<\/div>\n\t\t\t\t\t\t\t\t<\/div>\n\t\t\t\t<\/div>\n\t\t\t\t<div class=\"elementor-element elementor-element-07cd879 elementor-share-buttons--view-icon elementor-share-buttons--shape-circle elementor-share-buttons--skin-gradient elementor-grid-0 elementor-share-buttons--color-official elementor-widget elementor-widget-share-buttons\" data-id=\"07cd879\" data-element_type=\"widget\" data-widget_type=\"share-buttons.default\">\n\t\t\t\t<div class=\"elementor-widget-container\">\n\t\t\t\t\t\t\t<div class=\"elementor-grid\" role=\"list\">\n\t\t\t\t\t\t\t\t<div class=\"elementor-grid-item\" role=\"listitem\">\n\t\t\t\t\t\t<div class=\"elementor-share-btn elementor-share-btn_email\" role=\"button\" tabindex=\"0\" aria-label=\"Teilen auf email\">\n\t\t\t\t\t\t\t\t\t\t\t\t\t\t\t<span class=\"elementor-share-btn__icon\">\n\t\t\t\t\t\t\t\t<i class=\"fas fa-envelope\" aria-hidden=\"true\"><\/i>\t\t\t\t\t\t\t<\/span>\n\t\t\t\t\t\t\t\t\t\t\t\t\t\t\t\t\t\t\t\t<\/div>\n\t\t\t\t\t<\/div>\n\t\t\t\t\t\t\t\t\t<div class=\"elementor-grid-item\" role=\"listitem\">\n\t\t\t\t\t\t<div class=\"elementor-share-btn elementor-share-btn_whatsapp\" role=\"button\" tabindex=\"0\" aria-label=\"Teilen auf whatsapp\">\n\t\t\t\t\t\t\t\t\t\t\t\t\t\t\t<span class=\"elementor-share-btn__icon\">\n\t\t\t\t\t\t\t\t<i class=\"fab fa-whatsapp\" aria-hidden=\"true\"><\/i>\t\t\t\t\t\t\t<\/span>\n\t\t\t\t\t\t\t\t\t\t\t\t\t\t\t\t\t\t\t\t<\/div>\n\t\t\t\t\t<\/div>\n\t\t\t\t\t\t\t\t\t<div class=\"elementor-grid-item\" role=\"listitem\">\n\t\t\t\t\t\t<div class=\"elementor-share-btn elementor-share-btn_linkedin\" role=\"button\" tabindex=\"0\" aria-label=\"Teilen auf linkedin\">\n\t\t\t\t\t\t\t\t\t\t\t\t\t\t\t<span class=\"elementor-share-btn__icon\">\n\t\t\t\t\t\t\t\t<i class=\"fab fa-linkedin\" aria-hidden=\"true\"><\/i>\t\t\t\t\t\t\t<\/span>\n\t\t\t\t\t\t\t\t\t\t\t\t\t\t\t\t\t\t\t\t<\/div>\n\t\t\t\t\t<\/div>\n\t\t\t\t\t\t\t\t\t<div class=\"elementor-grid-item\" role=\"listitem\">\n\t\t\t\t\t\t<div class=\"elementor-share-btn elementor-share-btn_pinterest\" role=\"button\" tabindex=\"0\" aria-label=\"Teilen auf pinterest\">\n\t\t\t\t\t\t\t\t\t\t\t\t\t\t\t<span class=\"elementor-share-btn__icon\">\n\t\t\t\t\t\t\t\t<i class=\"fab fa-pinterest\" aria-hidden=\"true\"><\/i>\t\t\t\t\t\t\t<\/span>\n\t\t\t\t\t\t\t\t\t\t\t\t\t\t\t\t\t\t\t\t<\/div>\n\t\t\t\t\t<\/div>\n\t\t\t\t\t\t\t\t\t<div class=\"elementor-grid-item\" role=\"listitem\">\n\t\t\t\t\t\t<div class=\"elementor-share-btn elementor-share-btn_facebook\" role=\"button\" tabindex=\"0\" aria-label=\"Teilen auf facebook\">\n\t\t\t\t\t\t\t\t\t\t\t\t\t\t\t<span class=\"elementor-share-btn__icon\">\n\t\t\t\t\t\t\t\t<i class=\"fab fa-facebook\" aria-hidden=\"true\"><\/i>\t\t\t\t\t\t\t<\/span>\n\t\t\t\t\t\t\t\t\t\t\t\t\t\t\t\t\t\t\t\t<\/div>\n\t\t\t\t\t<\/div>\n\t\t\t\t\t\t\t\t\t<div class=\"elementor-grid-item\" role=\"listitem\">\n\t\t\t\t\t\t<div class=\"elementor-share-btn elementor-share-btn_twitter\" role=\"button\" tabindex=\"0\" aria-label=\"Teilen auf twitter\">\n\t\t\t\t\t\t\t\t\t\t\t\t\t\t\t<span class=\"elementor-share-btn__icon\">\n\t\t\t\t\t\t\t\t<i class=\"fab fa-twitter\" aria-hidden=\"true\"><\/i>\t\t\t\t\t\t\t<\/span>\n\t\t\t\t\t\t\t\t\t\t\t\t\t\t\t\t\t\t\t\t<\/div>\n\t\t\t\t\t<\/div>\n\t\t\t\t\t\t<\/div>\n\t\t\t\t\t\t<\/div>\n\t\t\t\t<\/div>\n\t\t\t\t\t<\/div>\n\t\t<\/div>\n\t\t\t\t\t<\/div>\n\t\t<\/section>\n\t\t\t\t<\/div>\n\t\t","protected":false},"excerpt":{"rendered":"<p>Schwego\u00ae damp 8174 ist ein schnell trocknendes Reinigungs- und Entfettungsmittel f\u00fcr alle Feuchtwalzen in kontinuierlichen Feuchtwerken. Entfernt \u00f6lige Ablagerungen wie Farbreste und Waschmittel und regeneriert die hydrophile Oberfl\u00e4che der Feuchtwalzen. Durch die schnelle und r\u00fcckstandsfreie Trocknung werden bei sachgem\u00e4\u00dfer Anwendung keine R\u00fcckst\u00e4nde im Quellwasser abgelagert. Eigenschaften: Gr\u00fcndliche Reinigung. Gummigummis und Walzen werden wieder griffig und [&hellip;]<\/p>\n","protected":false},"author":2,"featured_media":0,"parent":0,"menu_order":0,"comment_status":"closed","ping_status":"closed","template":"","meta":{"site-sidebar-layout":"no-sidebar","site-content-layout":"page-builder","ast-site-content-layout":"default","site-content-style":"default","site-sidebar-style":"default","ast-global-header-display":"","ast-banner-title-visibility":"","ast-main-header-display":"","ast-hfb-above-header-display":"","ast-hfb-below-header-display":"","ast-hfb-mobile-header-display":"","site-post-title":"disabled","ast-breadcrumbs-content":"","ast-featured-img":"disabled","footer-sml-layout":"","theme-transparent-header-meta":"default","adv-header-id-meta":"","stick-header-meta":"","header-above-stick-meta":"","header-main-stick-meta":"","header-below-stick-meta":"","astra-migrate-meta-layouts":"default","ast-page-background-enabled":"default","ast-page-background-meta":{"desktop":{"background-color":"","background-image":"","background-repeat":"repeat","background-position":"center center","background-size":"auto","background-attachment":"scroll","background-type":"","background-media":"","overlay-type":"","overlay-color":"","overlay-opacity":"","overlay-gradient":""},"tablet":{"background-color":"","background-image":"","background-repeat":"repeat","background-position":"center center","background-size":"auto","background-attachment":"scroll","background-type":"","background-media":"","overlay-type":"","overlay-color":"","overlay-opacity":"","overlay-gradient":""},"mobile":{"background-color":"","background-image":"","background-repeat":"repeat","background-position":"center center","background-size":"auto","background-attachment":"scroll","background-type":"","background-media":"","overlay-type":"","overlay-color":"","overlay-opacity":"","overlay-gradient":""}},"ast-content-background-meta":{"desktop":{"background-color":"var(--ast-global-color-5)","background-image":"","background-repeat":"repeat","background-position":"center center","background-size":"auto","background-attachment":"scroll","background-type":"","background-media":"","overlay-type":"","overlay-color":"","overlay-opacity":"","overlay-gradient":""},"tablet":{"background-color":"var(--ast-global-color-5)","background-image":"","background-repeat":"repeat","background-position":"center center","background-size":"auto","background-attachment":"scroll","background-type":"","background-media":"","overlay-type":"","overlay-color":"","overlay-opacity":"","overlay-gradient":""},"mobile":{"background-color":"var(--ast-global-color-5)","background-image":"","background-repeat":"repeat","background-position":"center center","background-size":"auto","background-attachment":"scroll","background-type":"","background-media":"","overlay-type":"","overlay-color":"","overlay-opacity":"","overlay-gradient":""}},"footnotes":""},"class_list":["post-6563","page","type-page","status-publish","hentry"],"yoast_head":"<!-- This site is optimized with the Yoast SEO plugin v26.3 - https:\/\/yoast.com\/wordpress\/plugins\/seo\/ -->\n<title>Reiniger und Regenerierer f\u00fcr Feuchtwalzen \u2013 Schwego\u00ae Damp 8174 | Miyakoshi<\/title>\n<meta name=\"robots\" content=\"index, follow, max-snippet:-1, max-image-preview:large, max-video-preview:-1\" \/>\n<link rel=\"canonical\" href=\"https:\/\/www.miyakoshi.eu\/de\/gummi-und-batterie-regenerator-schwego-damp-8174\/\" \/>\n<meta property=\"og:locale\" content=\"de_DE\" \/>\n<meta property=\"og:type\" content=\"article\" \/>\n<meta property=\"og:title\" content=\"Reiniger und Regenerierer f\u00fcr Feuchtwalzen \u2013 Schwego\u00ae Damp 8174 | Miyakoshi\" \/>\n<meta property=\"og:description\" content=\"Schwego\u00ae damp 8174 ist ein schnell trocknendes Reinigungs- und Entfettungsmittel f\u00fcr alle Feuchtwalzen in kontinuierlichen Feuchtwerken. Entfernt \u00f6lige Ablagerungen wie Farbreste und Waschmittel und regeneriert die hydrophile Oberfl\u00e4che der Feuchtwalzen. Durch die schnelle und r\u00fcckstandsfreie Trocknung werden bei sachgem\u00e4\u00dfer Anwendung keine R\u00fcckst\u00e4nde im Quellwasser abgelagert. Eigenschaften: Gr\u00fcndliche Reinigung. Gummigummis und Walzen werden wieder griffig und [&hellip;]\" \/>\n<meta property=\"og:url\" content=\"https:\/\/www.miyakoshi.eu\/de\/gummi-und-batterie-regenerator-schwego-damp-8174\/\" \/>\n<meta property=\"og:site_name\" content=\"Miyakoshi\" \/>\n<meta property=\"article:modified_time\" content=\"2023-01-18T09:36:51+00:00\" \/>\n<meta property=\"og:image\" content=\"https:\/\/www.miyakoshi.eu\/wp-content\/uploads\/2022\/11\/8174reducida.jpg\" \/>\n<meta name=\"twitter:card\" content=\"summary_large_image\" \/>\n<meta name=\"twitter:label1\" content=\"Gesch\u00e4tzte Lesezeit\" \/>\n\t<meta name=\"twitter:data1\" content=\"2\u00a0Minuten\" \/>\n<script type=\"application\/ld+json\" class=\"yoast-schema-graph\">{\"@context\":\"https:\/\/schema.org\",\"@graph\":[{\"@type\":\"WebPage\",\"@id\":\"https:\/\/www.miyakoshi.eu\/de\/gummi-und-batterie-regenerator-schwego-damp-8174\/\",\"url\":\"https:\/\/www.miyakoshi.eu\/de\/gummi-und-batterie-regenerator-schwego-damp-8174\/\",\"name\":\"Reiniger und Regenerierer f\u00fcr Feuchtwalzen \u2013 Schwego\u00ae Damp 8174 | Miyakoshi\",\"isPartOf\":{\"@id\":\"https:\/\/www.miyakoshi.eu\/de\/#website\"},\"primaryImageOfPage\":{\"@id\":\"https:\/\/www.miyakoshi.eu\/de\/gummi-und-batterie-regenerator-schwego-damp-8174\/#primaryimage\"},\"image\":{\"@id\":\"https:\/\/www.miyakoshi.eu\/de\/gummi-und-batterie-regenerator-schwego-damp-8174\/#primaryimage\"},\"thumbnailUrl\":\"https:\/\/www.miyakoshi.eu\/wp-content\/uploads\/2022\/11\/8174reducida.jpg\",\"datePublished\":\"2022-11-21T12:41:37+00:00\",\"dateModified\":\"2023-01-18T09:36:51+00:00\",\"breadcrumb\":{\"@id\":\"https:\/\/www.miyakoshi.eu\/de\/gummi-und-batterie-regenerator-schwego-damp-8174\/#breadcrumb\"},\"inLanguage\":\"de\",\"potentialAction\":[{\"@type\":\"ReadAction\",\"target\":[\"https:\/\/www.miyakoshi.eu\/de\/gummi-und-batterie-regenerator-schwego-damp-8174\/\"]}]},{\"@type\":\"ImageObject\",\"inLanguage\":\"de\",\"@id\":\"https:\/\/www.miyakoshi.eu\/de\/gummi-und-batterie-regenerator-schwego-damp-8174\/#primaryimage\",\"url\":\"https:\/\/www.miyakoshi.eu\/wp-content\/uploads\/2022\/11\/8174reducida.jpg\",\"contentUrl\":\"https:\/\/www.miyakoshi.eu\/wp-content\/uploads\/2022\/11\/8174reducida.jpg\"},{\"@type\":\"BreadcrumbList\",\"@id\":\"https:\/\/www.miyakoshi.eu\/de\/gummi-und-batterie-regenerator-schwego-damp-8174\/#breadcrumb\",\"itemListElement\":[{\"@type\":\"ListItem\",\"position\":1,\"name\":\"Portada\",\"item\":\"https:\/\/www.miyakoshi.eu\/de\/\"},{\"@type\":\"ListItem\",\"position\":2,\"name\":\"Reiniger und Regenerierer f\u00fcr Feuchtwalzen \u2013 Schwego\u00ae Damp 8174\"}]},{\"@type\":\"WebSite\",\"@id\":\"https:\/\/www.miyakoshi.eu\/de\/#website\",\"url\":\"https:\/\/www.miyakoshi.eu\/de\/\",\"name\":\"Miyakoshi\",\"description\":\"Fabricantes japoneses de impresoras offset\",\"publisher\":{\"@id\":\"https:\/\/www.miyakoshi.eu\/de\/#organization\"},\"potentialAction\":[{\"@type\":\"SearchAction\",\"target\":{\"@type\":\"EntryPoint\",\"urlTemplate\":\"https:\/\/www.miyakoshi.eu\/de\/?s={search_term_string}\"},\"query-input\":{\"@type\":\"PropertyValueSpecification\",\"valueRequired\":true,\"valueName\":\"search_term_string\"}}],\"inLanguage\":\"de\"},{\"@type\":\"Organization\",\"@id\":\"https:\/\/www.miyakoshi.eu\/de\/#organization\",\"name\":\"Miyakoshi Europe, S.L.\",\"url\":\"https:\/\/www.miyakoshi.eu\/de\/\",\"logo\":{\"@type\":\"ImageObject\",\"inLanguage\":\"de\",\"@id\":\"https:\/\/www.miyakoshi.eu\/de\/#\/schema\/logo\/image\/\",\"url\":\"https:\/\/www.miyakoshi.eu\/wp-content\/uploads\/2022\/02\/Logo-miyakoshi.svg\",\"contentUrl\":\"https:\/\/www.miyakoshi.eu\/wp-content\/uploads\/2022\/02\/Logo-miyakoshi.svg\",\"width\":483,\"height\":98,\"caption\":\"Miyakoshi Europe, S.L.\"},\"image\":{\"@id\":\"https:\/\/www.miyakoshi.eu\/de\/#\/schema\/logo\/image\/\"},\"sameAs\":[\"https:\/\/www.linkedin.com\/company\/miyakoshieurope\/\"]}]}<\/script>\n<!-- \/ Yoast SEO plugin. -->","yoast_head_json":{"title":"Reiniger und Regenerierer f\u00fcr Feuchtwalzen \u2013 Schwego\u00ae Damp 8174 | Miyakoshi","robots":{"index":"index","follow":"follow","max-snippet":"max-snippet:-1","max-image-preview":"max-image-preview:large","max-video-preview":"max-video-preview:-1"},"canonical":"https:\/\/www.miyakoshi.eu\/de\/gummi-und-batterie-regenerator-schwego-damp-8174\/","og_locale":"de_DE","og_type":"article","og_title":"Reiniger und Regenerierer f\u00fcr Feuchtwalzen \u2013 Schwego\u00ae Damp 8174 | Miyakoshi","og_description":"Schwego\u00ae damp 8174 ist ein schnell trocknendes Reinigungs- und Entfettungsmittel f\u00fcr alle Feuchtwalzen in kontinuierlichen Feuchtwerken. Entfernt \u00f6lige Ablagerungen wie Farbreste und Waschmittel und regeneriert die hydrophile Oberfl\u00e4che der Feuchtwalzen. Durch die schnelle und r\u00fcckstandsfreie Trocknung werden bei sachgem\u00e4\u00dfer Anwendung keine R\u00fcckst\u00e4nde im Quellwasser abgelagert. Eigenschaften: Gr\u00fcndliche Reinigung. Gummigummis und Walzen werden wieder griffig und [&hellip;]","og_url":"https:\/\/www.miyakoshi.eu\/de\/gummi-und-batterie-regenerator-schwego-damp-8174\/","og_site_name":"Miyakoshi","article_modified_time":"2023-01-18T09:36:51+00:00","og_image":[{"url":"https:\/\/www.miyakoshi.eu\/wp-content\/uploads\/2022\/11\/8174reducida.jpg","type":"","width":"","height":""}],"twitter_card":"summary_large_image","twitter_misc":{"Gesch\u00e4tzte Lesezeit":"2\u00a0Minuten"},"schema":{"@context":"https:\/\/schema.org","@graph":[{"@type":"WebPage","@id":"https:\/\/www.miyakoshi.eu\/de\/gummi-und-batterie-regenerator-schwego-damp-8174\/","url":"https:\/\/www.miyakoshi.eu\/de\/gummi-und-batterie-regenerator-schwego-damp-8174\/","name":"Reiniger und Regenerierer f\u00fcr Feuchtwalzen \u2013 Schwego\u00ae Damp 8174 | Miyakoshi","isPartOf":{"@id":"https:\/\/www.miyakoshi.eu\/de\/#website"},"primaryImageOfPage":{"@id":"https:\/\/www.miyakoshi.eu\/de\/gummi-und-batterie-regenerator-schwego-damp-8174\/#primaryimage"},"image":{"@id":"https:\/\/www.miyakoshi.eu\/de\/gummi-und-batterie-regenerator-schwego-damp-8174\/#primaryimage"},"thumbnailUrl":"https:\/\/www.miyakoshi.eu\/wp-content\/uploads\/2022\/11\/8174reducida.jpg","datePublished":"2022-11-21T12:41:37+00:00","dateModified":"2023-01-18T09:36:51+00:00","breadcrumb":{"@id":"https:\/\/www.miyakoshi.eu\/de\/gummi-und-batterie-regenerator-schwego-damp-8174\/#breadcrumb"},"inLanguage":"de","potentialAction":[{"@type":"ReadAction","target":["https:\/\/www.miyakoshi.eu\/de\/gummi-und-batterie-regenerator-schwego-damp-8174\/"]}]},{"@type":"ImageObject","inLanguage":"de","@id":"https:\/\/www.miyakoshi.eu\/de\/gummi-und-batterie-regenerator-schwego-damp-8174\/#primaryimage","url":"https:\/\/www.miyakoshi.eu\/wp-content\/uploads\/2022\/11\/8174reducida.jpg","contentUrl":"https:\/\/www.miyakoshi.eu\/wp-content\/uploads\/2022\/11\/8174reducida.jpg"},{"@type":"BreadcrumbList","@id":"https:\/\/www.miyakoshi.eu\/de\/gummi-und-batterie-regenerator-schwego-damp-8174\/#breadcrumb","itemListElement":[{"@type":"ListItem","position":1,"name":"Portada","item":"https:\/\/www.miyakoshi.eu\/de\/"},{"@type":"ListItem","position":2,"name":"Reiniger und Regenerierer f\u00fcr Feuchtwalzen \u2013 Schwego\u00ae Damp 8174"}]},{"@type":"WebSite","@id":"https:\/\/www.miyakoshi.eu\/de\/#website","url":"https:\/\/www.miyakoshi.eu\/de\/","name":"Miyakoshi","description":"Fabricantes japoneses de impresoras offset","publisher":{"@id":"https:\/\/www.miyakoshi.eu\/de\/#organization"},"potentialAction":[{"@type":"SearchAction","target":{"@type":"EntryPoint","urlTemplate":"https:\/\/www.miyakoshi.eu\/de\/?s={search_term_string}"},"query-input":{"@type":"PropertyValueSpecification","valueRequired":true,"valueName":"search_term_string"}}],"inLanguage":"de"},{"@type":"Organization","@id":"https:\/\/www.miyakoshi.eu\/de\/#organization","name":"Miyakoshi Europe, S.L.","url":"https:\/\/www.miyakoshi.eu\/de\/","logo":{"@type":"ImageObject","inLanguage":"de","@id":"https:\/\/www.miyakoshi.eu\/de\/#\/schema\/logo\/image\/","url":"https:\/\/www.miyakoshi.eu\/wp-content\/uploads\/2022\/02\/Logo-miyakoshi.svg","contentUrl":"https:\/\/www.miyakoshi.eu\/wp-content\/uploads\/2022\/02\/Logo-miyakoshi.svg","width":483,"height":98,"caption":"Miyakoshi Europe, S.L."},"image":{"@id":"https:\/\/www.miyakoshi.eu\/de\/#\/schema\/logo\/image\/"},"sameAs":["https:\/\/www.linkedin.com\/company\/miyakoshieurope\/"]}]}},"acf":[],"_links":{"self":[{"href":"https:\/\/www.miyakoshi.eu\/de\/wp-json\/wp\/v2\/pages\/6563","targetHints":{"allow":["GET"]}}],"collection":[{"href":"https:\/\/www.miyakoshi.eu\/de\/wp-json\/wp\/v2\/pages"}],"about":[{"href":"https:\/\/www.miyakoshi.eu\/de\/wp-json\/wp\/v2\/types\/page"}],"author":[{"embeddable":true,"href":"https:\/\/www.miyakoshi.eu\/de\/wp-json\/wp\/v2\/users\/2"}],"replies":[{"embeddable":true,"href":"https:\/\/www.miyakoshi.eu\/de\/wp-json\/wp\/v2\/comments?post=6563"}],"version-history":[{"count":25,"href":"https:\/\/www.miyakoshi.eu\/de\/wp-json\/wp\/v2\/pages\/6563\/revisions"}],"predecessor-version":[{"id":7900,"href":"https:\/\/www.miyakoshi.eu\/de\/wp-json\/wp\/v2\/pages\/6563\/revisions\/7900"}],"wp:attachment":[{"href":"https:\/\/www.miyakoshi.eu\/de\/wp-json\/wp\/v2\/media?parent=6563"}],"curies":[{"name":"wp","href":"https:\/\/api.w.org\/{rel}","templated":true}]}}