{"id":10366,"date":"2025-09-11T13:53:51","date_gmt":"2025-09-11T13:53:51","guid":{"rendered":"https:\/\/www.miyakoshi.eu\/?page_id=10366"},"modified":"2025-09-11T15:27:57","modified_gmt":"2025-09-11T15:27:57","slug":"maquinaria-impresion-bolsas-papel","status":"publish","type":"page","link":"https:\/\/www.miyakoshi.eu\/es\/maquinaria-impresion-bolsas-papel\/","title":{"rendered":"Impresi\u00f3n digital de bolsas de papel"},"content":{"rendered":"\t\t<div data-elementor-type=\"wp-page\" data-elementor-id=\"10366\" class=\"elementor elementor-10366\" data-elementor-post-type=\"page\">\n\t\t\t\t\t\t<section class=\"elementor-section elementor-top-section elementor-element elementor-element-56a9092 elementor-section-height-min-height animated-fast elementor-section-boxed elementor-section-height-default elementor-section-items-middle elementor-invisible\" data-id=\"56a9092\" data-element_type=\"section\" data-settings=\"{&quot;background_background&quot;:&quot;classic&quot;,&quot;animation&quot;:&quot;fadeInDown&quot;}\">\n\t\t\t\t\t\t\t<div class=\"elementor-background-overlay\"><\/div>\n\t\t\t\t\t\t\t<div class=\"elementor-container elementor-column-gap-default\">\n\t\t\t\t\t<div class=\"elementor-column elementor-col-100 elementor-top-column elementor-element elementor-element-c23ef50\" data-id=\"c23ef50\" data-element_type=\"column\">\n\t\t\t<div class=\"elementor-widget-wrap elementor-element-populated\">\n\t\t\t\t\t\t<div class=\"elementor-element elementor-element-2a31817 elementor-widget elementor-widget-theme-post-title elementor-page-title elementor-widget-heading\" data-id=\"2a31817\" data-element_type=\"widget\" data-widget_type=\"theme-post-title.default\">\n\t\t\t\t<div class=\"elementor-widget-container\">\n\t\t\t\t\t<h1 class=\"elementor-heading-title elementor-size-default\">Impresi\u00f3n digital de bolsas de papel<\/h1>\t\t\t\t<\/div>\n\t\t\t\t<\/div>\n\t\t\t\t\t<\/div>\n\t\t<\/div>\n\t\t\t\t\t<\/div>\n\t\t<\/section>\n\t\t\t\t<section class=\"elementor-section elementor-top-section elementor-element elementor-element-f3519cd elementor-section-boxed elementor-section-height-default elementor-section-height-default\" data-id=\"f3519cd\" data-element_type=\"section\" data-settings=\"{&quot;animation&quot;:&quot;none&quot;}\">\n\t\t\t\t\t\t<div class=\"elementor-container elementor-column-gap-default\">\n\t\t\t\t\t<div class=\"elementor-column elementor-col-100 elementor-top-column elementor-element elementor-element-8a3e4e0\" data-id=\"8a3e4e0\" data-element_type=\"column\" data-settings=\"{&quot;animation&quot;:&quot;none&quot;}\">\n\t\t\t<div class=\"elementor-widget-wrap elementor-element-populated\">\n\t\t\t\t\t\t<div class=\"elementor-element elementor-element-e8c6159 animated-fast elementor-widget-mobile__width-initial elementor-widget elementor-widget-text-editor\" data-id=\"e8c6159\" data-element_type=\"widget\" data-settings=\"{&quot;_animation&quot;:&quot;none&quot;,&quot;_animation_delay&quot;:500}\" data-widget_type=\"text-editor.default\">\n\t\t\t\t<div class=\"elementor-widget-container\">\n\t\t\t\t\t\t\t\t\t<p class=\"p1\">El sector de la <span class=\"s1\"><b>fabricaci\u00f3n de bolsas de papel<\/b><\/span> vive un momento clave, impulsado por la transici\u00f3n hacia envases sostenibles y la necesidad de procesos de producci\u00f3n m\u00e1s vers\u00e1tiles. Los fabricantes buscan maquinaria capaz de <span class=\"s1\"><b>responder a la creciente demanda de personalizaci\u00f3n<\/b><\/span>, gestionar pedidos de lotes peque\u00f1os y mantener la m\u00e1xima eficiencia en costes y tiempos.<\/p><p class=\"p1\">La evoluci\u00f3n tecnol\u00f3gica ha llevado a soluciones que integran <span class=\"s1\"><b>impresi\u00f3n digital en l\u00ednea<\/b><\/span>, reduciendo el desperdicio y optimizando el flujo de trabajo. Esto permite producir bolsas con dise\u00f1os variables, sin necesidad de cambiar planchas ni detener la producci\u00f3n, lo que supone una clara ventaja competitiva.<\/p><p class=\"p1\">En este contexto, <span class=\"s1\"><b>Newlong presenta el modelo 1546CTS+536HS con impresora digital NDP1250<\/b><\/span>, una soluci\u00f3n pionera que combina fabricaci\u00f3n e impresi\u00f3n a todo color en un \u00fanico proceso, ofreciendo a los fabricantes una herramienta de producci\u00f3n de alta gama, flexible y rentable.<\/p>\t\t\t\t\t\t\t\t<\/div>\n\t\t\t\t<\/div>\n\t\t\t\t\t<\/div>\n\t\t<\/div>\n\t\t\t\t\t<\/div>\n\t\t<\/section>\n\t\t\t\t<section class=\"elementor-section elementor-top-section elementor-element elementor-element-b9c5873 elementor-section-boxed elementor-section-height-default elementor-section-height-default\" data-id=\"b9c5873\" data-element_type=\"section\" data-settings=\"{&quot;animation&quot;:&quot;none&quot;}\">\n\t\t\t\t\t\t<div class=\"elementor-container elementor-column-gap-default\">\n\t\t\t\t\t<div class=\"elementor-column elementor-col-100 elementor-top-column elementor-element elementor-element-205f285\" data-id=\"205f285\" data-element_type=\"column\" data-settings=\"{&quot;animation&quot;:&quot;none&quot;}\">\n\t\t\t<div class=\"elementor-widget-wrap elementor-element-populated\">\n\t\t\t\t\t\t<div class=\"elementor-element elementor-element-a71d0f8 elementor-invisible elementor-widget elementor-widget-image\" data-id=\"a71d0f8\" data-element_type=\"widget\" data-settings=\"{&quot;_animation&quot;:&quot;fadeInUp&quot;}\" data-widget_type=\"image.default\">\n\t\t\t\t<div class=\"elementor-widget-container\">\n\t\t\t\t\t\t\t\t\t\t\t\t<figure class=\"wp-caption\">\n\t\t\t\t\t\t\t\t\t\t\t<a href=\"https:\/\/www.miyakoshi.eu\/es\/maquina-de-impresion-digital-de-bolsas-newlong-ndp1250\/\">\n\t\t\t\t\t\t\t<img fetchpriority=\"high\" decoding=\"async\" width=\"1024\" height=\"328\" src=\"https:\/\/www.miyakoshi.eu\/wp-content\/uploads\/2025\/09\/ShoppingBag-Making-Machine-1-1024x328.png\" class=\"attachment-large size-large wp-image-10370\" alt=\"\" srcset=\"https:\/\/www.miyakoshi.eu\/wp-content\/uploads\/2025\/09\/ShoppingBag-Making-Machine-1-1024x328.png 1024w, https:\/\/www.miyakoshi.eu\/wp-content\/uploads\/2025\/09\/ShoppingBag-Making-Machine-1-300x96.png 300w, https:\/\/www.miyakoshi.eu\/wp-content\/uploads\/2025\/09\/ShoppingBag-Making-Machine-1-768x246.png 768w, https:\/\/www.miyakoshi.eu\/wp-content\/uploads\/2025\/09\/ShoppingBag-Making-Machine-1.png 1124w\" sizes=\"(max-width: 1024px) 100vw, 1024px\" \/>\t\t\t\t\t\t\t\t<\/a>\n\t\t\t\t\t\t\t\t\t\t\t<figcaption class=\"widget-image-caption wp-caption-text\">Newlong NDP 1250<\/figcaption>\n\t\t\t\t\t\t\t\t\t\t<\/figure>\n\t\t\t\t\t\t\t\t\t<\/div>\n\t\t\t\t<\/div>\n\t\t\t\t\t<\/div>\n\t\t<\/div>\n\t\t\t\t\t<\/div>\n\t\t<\/section>\n\t\t\t\t<\/div>\n\t\t","protected":false},"excerpt":{"rendered":"<p>El sector de la fabricaci\u00f3n de bolsas de papel vive un momento clave, impulsado por la transici\u00f3n hacia envases sostenibles y la necesidad de procesos de producci\u00f3n m\u00e1s vers\u00e1tiles. Los fabricantes buscan maquinaria capaz de responder a la creciente demanda de personalizaci\u00f3n, gestionar pedidos de lotes peque\u00f1os y mantener la m\u00e1xima eficiencia en costes y [&hellip;]<\/p>\n","protected":false},"author":2,"featured_media":0,"parent":0,"menu_order":0,"comment_status":"closed","ping_status":"closed","template":"","meta":{"site-sidebar-layout":"no-sidebar","site-content-layout":"page-builder","ast-site-content-layout":"full-width-container","site-content-style":"default","site-sidebar-style":"default","ast-global-header-display":"","ast-banner-title-visibility":"","ast-main-header-display":"","ast-hfb-above-header-display":"","ast-hfb-below-header-display":"","ast-hfb-mobile-header-display":"","site-post-title":"disabled","ast-breadcrumbs-content":"","ast-featured-img":"disabled","footer-sml-layout":"","theme-transparent-header-meta":"default","adv-header-id-meta":"","stick-header-meta":"","header-above-stick-meta":"","header-main-stick-meta":"","header-below-stick-meta":"","astra-migrate-meta-layouts":"set","ast-page-background-enabled":"default","ast-page-background-meta":{"desktop":{"background-color":"","background-image":"","background-repeat":"repeat","background-position":"center center","background-size":"auto","background-attachment":"scroll","background-type":"","background-media":"","overlay-type":"","overlay-color":"","overlay-opacity":"","overlay-gradient":""},"tablet":{"background-color":"","background-image":"","background-repeat":"repeat","background-position":"center center","background-size":"auto","background-attachment":"scroll","background-type":"","background-media":"","overlay-type":"","overlay-color":"","overlay-opacity":"","overlay-gradient":""},"mobile":{"background-color":"","background-image":"","background-repeat":"repeat","background-position":"center center","background-size":"auto","background-attachment":"scroll","background-type":"","background-media":"","overlay-type":"","overlay-color":"","overlay-opacity":"","overlay-gradient":""}},"ast-content-background-meta":{"desktop":{"background-color":"var(--ast-global-color-5)","background-image":"","background-repeat":"repeat","background-position":"center center","background-size":"auto","background-attachment":"scroll","background-type":"","background-media":"","overlay-type":"","overlay-color":"","overlay-opacity":"","overlay-gradient":""},"tablet":{"background-color":"var(--ast-global-color-5)","background-image":"","background-repeat":"repeat","background-position":"center center","background-size":"auto","background-attachment":"scroll","background-type":"","background-media":"","overlay-type":"","overlay-color":"","overlay-opacity":"","overlay-gradient":""},"mobile":{"background-color":"var(--ast-global-color-5)","background-image":"","background-repeat":"repeat","background-position":"center center","background-size":"auto","background-attachment":"scroll","background-type":"","background-media":"","overlay-type":"","overlay-color":"","overlay-opacity":"","overlay-gradient":""}},"footnotes":""},"class_list":["post-10366","page","type-page","status-publish","hentry"],"yoast_head":"<!-- This site is optimized with the Yoast SEO plugin v26.3 - https:\/\/yoast.com\/wordpress\/plugins\/seo\/ -->\n<title>Impresi\u00f3n digital de bolsas de papel<\/title>\n<meta name=\"description\" content=\"Tecnolog\u00eda avanzada en fabricaci\u00f3n e impresi\u00f3n de bolsas de papel. M\u00e1quinas eficientes, sostenibles y flexibles para fabricantes que buscan productividad.\" \/>\n<meta name=\"robots\" content=\"index, follow, max-snippet:-1, max-image-preview:large, max-video-preview:-1\" \/>\n<link rel=\"canonical\" href=\"https:\/\/www.miyakoshi.eu\/es\/maquinaria-impresion-bolsas-papel\/\" \/>\n<meta property=\"og:locale\" content=\"es_ES\" \/>\n<meta property=\"og:type\" content=\"article\" \/>\n<meta property=\"og:title\" content=\"Impresi\u00f3n digital de bolsas de papel\" \/>\n<meta property=\"og:description\" content=\"Tecnolog\u00eda avanzada en fabricaci\u00f3n e impresi\u00f3n de bolsas de papel. M\u00e1quinas eficientes, sostenibles y flexibles para fabricantes que buscan productividad.\" \/>\n<meta property=\"og:url\" content=\"https:\/\/www.miyakoshi.eu\/es\/maquinaria-impresion-bolsas-papel\/\" \/>\n<meta property=\"og:site_name\" content=\"Miyakoshi\" \/>\n<meta property=\"article:modified_time\" content=\"2025-09-11T15:27:57+00:00\" \/>\n<meta property=\"og:image\" content=\"https:\/\/www.miyakoshi.eu\/wp-content\/uploads\/2025\/09\/ShoppingBag-Making-Machine-1.png\" \/>\n\t<meta property=\"og:image:width\" content=\"1124\" \/>\n\t<meta property=\"og:image:height\" content=\"360\" \/>\n\t<meta property=\"og:image:type\" content=\"image\/png\" \/>\n<meta name=\"twitter:card\" content=\"summary_large_image\" \/>\n<meta name=\"twitter:label1\" content=\"Tiempo de lectura\" \/>\n\t<meta name=\"twitter:data1\" content=\"1 minuto\" \/>\n<script type=\"application\/ld+json\" class=\"yoast-schema-graph\">{\"@context\":\"https:\/\/schema.org\",\"@graph\":[{\"@type\":\"WebPage\",\"@id\":\"https:\/\/www.miyakoshi.eu\/es\/maquinaria-impresion-bolsas-papel\/\",\"url\":\"https:\/\/www.miyakoshi.eu\/es\/maquinaria-impresion-bolsas-papel\/\",\"name\":\"Impresi\u00f3n digital de bolsas de papel\",\"isPartOf\":{\"@id\":\"https:\/\/www.miyakoshi.eu\/es\/#website\"},\"primaryImageOfPage\":{\"@id\":\"https:\/\/www.miyakoshi.eu\/es\/maquinaria-impresion-bolsas-papel\/#primaryimage\"},\"image\":{\"@id\":\"https:\/\/www.miyakoshi.eu\/es\/maquinaria-impresion-bolsas-papel\/#primaryimage\"},\"thumbnailUrl\":\"https:\/\/www.miyakoshi.eu\/wp-content\/uploads\/2025\/09\/ShoppingBag-Making-Machine-1-1024x328.png\",\"datePublished\":\"2025-09-11T13:53:51+00:00\",\"dateModified\":\"2025-09-11T15:27:57+00:00\",\"description\":\"Tecnolog\u00eda avanzada en fabricaci\u00f3n e impresi\u00f3n de bolsas de papel. M\u00e1quinas eficientes, sostenibles y flexibles para fabricantes que buscan productividad.\",\"breadcrumb\":{\"@id\":\"https:\/\/www.miyakoshi.eu\/es\/maquinaria-impresion-bolsas-papel\/#breadcrumb\"},\"inLanguage\":\"es\",\"potentialAction\":[{\"@type\":\"ReadAction\",\"target\":[\"https:\/\/www.miyakoshi.eu\/es\/maquinaria-impresion-bolsas-papel\/\"]}]},{\"@type\":\"ImageObject\",\"inLanguage\":\"es\",\"@id\":\"https:\/\/www.miyakoshi.eu\/es\/maquinaria-impresion-bolsas-papel\/#primaryimage\",\"url\":\"https:\/\/www.miyakoshi.eu\/wp-content\/uploads\/2025\/09\/ShoppingBag-Making-Machine-1-1024x328.png\",\"contentUrl\":\"https:\/\/www.miyakoshi.eu\/wp-content\/uploads\/2025\/09\/ShoppingBag-Making-Machine-1-1024x328.png\"},{\"@type\":\"BreadcrumbList\",\"@id\":\"https:\/\/www.miyakoshi.eu\/es\/maquinaria-impresion-bolsas-papel\/#breadcrumb\",\"itemListElement\":[{\"@type\":\"ListItem\",\"position\":1,\"name\":\"Portada\",\"item\":\"https:\/\/www.miyakoshi.eu\/es\/\"},{\"@type\":\"ListItem\",\"position\":2,\"name\":\"Impresi\u00f3n digital de bolsas de papel\"}]},{\"@type\":\"WebSite\",\"@id\":\"https:\/\/www.miyakoshi.eu\/es\/#website\",\"url\":\"https:\/\/www.miyakoshi.eu\/es\/\",\"name\":\"Miyakoshi\",\"description\":\"Fabricantes japoneses de impresoras offset\",\"publisher\":{\"@id\":\"https:\/\/www.miyakoshi.eu\/es\/#organization\"},\"potentialAction\":[{\"@type\":\"SearchAction\",\"target\":{\"@type\":\"EntryPoint\",\"urlTemplate\":\"https:\/\/www.miyakoshi.eu\/es\/?s={search_term_string}\"},\"query-input\":{\"@type\":\"PropertyValueSpecification\",\"valueRequired\":true,\"valueName\":\"search_term_string\"}}],\"inLanguage\":\"es\"},{\"@type\":\"Organization\",\"@id\":\"https:\/\/www.miyakoshi.eu\/es\/#organization\",\"name\":\"Miyakoshi Europe, S.L.\",\"url\":\"https:\/\/www.miyakoshi.eu\/es\/\",\"logo\":{\"@type\":\"ImageObject\",\"inLanguage\":\"es\",\"@id\":\"https:\/\/www.miyakoshi.eu\/es\/#\/schema\/logo\/image\/\",\"url\":\"https:\/\/www.miyakoshi.eu\/wp-content\/uploads\/2022\/02\/Logo-miyakoshi.svg\",\"contentUrl\":\"https:\/\/www.miyakoshi.eu\/wp-content\/uploads\/2022\/02\/Logo-miyakoshi.svg\",\"width\":483,\"height\":98,\"caption\":\"Miyakoshi Europe, S.L.\"},\"image\":{\"@id\":\"https:\/\/www.miyakoshi.eu\/es\/#\/schema\/logo\/image\/\"},\"sameAs\":[\"https:\/\/www.linkedin.com\/company\/miyakoshieurope\/\"]}]}<\/script>\n<!-- \/ Yoast SEO plugin. -->","yoast_head_json":{"title":"Impresi\u00f3n digital de bolsas de papel","description":"Tecnolog\u00eda avanzada en fabricaci\u00f3n e impresi\u00f3n de bolsas de papel. M\u00e1quinas eficientes, sostenibles y flexibles para fabricantes que buscan productividad.","robots":{"index":"index","follow":"follow","max-snippet":"max-snippet:-1","max-image-preview":"max-image-preview:large","max-video-preview":"max-video-preview:-1"},"canonical":"https:\/\/www.miyakoshi.eu\/es\/maquinaria-impresion-bolsas-papel\/","og_locale":"es_ES","og_type":"article","og_title":"Impresi\u00f3n digital de bolsas de papel","og_description":"Tecnolog\u00eda avanzada en fabricaci\u00f3n e impresi\u00f3n de bolsas de papel. M\u00e1quinas eficientes, sostenibles y flexibles para fabricantes que buscan productividad.","og_url":"https:\/\/www.miyakoshi.eu\/es\/maquinaria-impresion-bolsas-papel\/","og_site_name":"Miyakoshi","article_modified_time":"2025-09-11T15:27:57+00:00","og_image":[{"width":1124,"height":360,"url":"https:\/\/www.miyakoshi.eu\/wp-content\/uploads\/2025\/09\/ShoppingBag-Making-Machine-1.png","type":"image\/png"}],"twitter_card":"summary_large_image","twitter_misc":{"Tiempo de lectura":"1 minuto"},"schema":{"@context":"https:\/\/schema.org","@graph":[{"@type":"WebPage","@id":"https:\/\/www.miyakoshi.eu\/es\/maquinaria-impresion-bolsas-papel\/","url":"https:\/\/www.miyakoshi.eu\/es\/maquinaria-impresion-bolsas-papel\/","name":"Impresi\u00f3n digital de bolsas de papel","isPartOf":{"@id":"https:\/\/www.miyakoshi.eu\/es\/#website"},"primaryImageOfPage":{"@id":"https:\/\/www.miyakoshi.eu\/es\/maquinaria-impresion-bolsas-papel\/#primaryimage"},"image":{"@id":"https:\/\/www.miyakoshi.eu\/es\/maquinaria-impresion-bolsas-papel\/#primaryimage"},"thumbnailUrl":"https:\/\/www.miyakoshi.eu\/wp-content\/uploads\/2025\/09\/ShoppingBag-Making-Machine-1-1024x328.png","datePublished":"2025-09-11T13:53:51+00:00","dateModified":"2025-09-11T15:27:57+00:00","description":"Tecnolog\u00eda avanzada en fabricaci\u00f3n e impresi\u00f3n de bolsas de papel. M\u00e1quinas eficientes, sostenibles y flexibles para fabricantes que buscan productividad.","breadcrumb":{"@id":"https:\/\/www.miyakoshi.eu\/es\/maquinaria-impresion-bolsas-papel\/#breadcrumb"},"inLanguage":"es","potentialAction":[{"@type":"ReadAction","target":["https:\/\/www.miyakoshi.eu\/es\/maquinaria-impresion-bolsas-papel\/"]}]},{"@type":"ImageObject","inLanguage":"es","@id":"https:\/\/www.miyakoshi.eu\/es\/maquinaria-impresion-bolsas-papel\/#primaryimage","url":"https:\/\/www.miyakoshi.eu\/wp-content\/uploads\/2025\/09\/ShoppingBag-Making-Machine-1-1024x328.png","contentUrl":"https:\/\/www.miyakoshi.eu\/wp-content\/uploads\/2025\/09\/ShoppingBag-Making-Machine-1-1024x328.png"},{"@type":"BreadcrumbList","@id":"https:\/\/www.miyakoshi.eu\/es\/maquinaria-impresion-bolsas-papel\/#breadcrumb","itemListElement":[{"@type":"ListItem","position":1,"name":"Portada","item":"https:\/\/www.miyakoshi.eu\/es\/"},{"@type":"ListItem","position":2,"name":"Impresi\u00f3n digital de bolsas de papel"}]},{"@type":"WebSite","@id":"https:\/\/www.miyakoshi.eu\/es\/#website","url":"https:\/\/www.miyakoshi.eu\/es\/","name":"Miyakoshi","description":"Fabricantes japoneses de impresoras offset","publisher":{"@id":"https:\/\/www.miyakoshi.eu\/es\/#organization"},"potentialAction":[{"@type":"SearchAction","target":{"@type":"EntryPoint","urlTemplate":"https:\/\/www.miyakoshi.eu\/es\/?s={search_term_string}"},"query-input":{"@type":"PropertyValueSpecification","valueRequired":true,"valueName":"search_term_string"}}],"inLanguage":"es"},{"@type":"Organization","@id":"https:\/\/www.miyakoshi.eu\/es\/#organization","name":"Miyakoshi Europe, S.L.","url":"https:\/\/www.miyakoshi.eu\/es\/","logo":{"@type":"ImageObject","inLanguage":"es","@id":"https:\/\/www.miyakoshi.eu\/es\/#\/schema\/logo\/image\/","url":"https:\/\/www.miyakoshi.eu\/wp-content\/uploads\/2022\/02\/Logo-miyakoshi.svg","contentUrl":"https:\/\/www.miyakoshi.eu\/wp-content\/uploads\/2022\/02\/Logo-miyakoshi.svg","width":483,"height":98,"caption":"Miyakoshi Europe, S.L."},"image":{"@id":"https:\/\/www.miyakoshi.eu\/es\/#\/schema\/logo\/image\/"},"sameAs":["https:\/\/www.linkedin.com\/company\/miyakoshieurope\/"]}]}},"acf":[],"_links":{"self":[{"href":"https:\/\/www.miyakoshi.eu\/es\/wp-json\/wp\/v2\/pages\/10366","targetHints":{"allow":["GET"]}}],"collection":[{"href":"https:\/\/www.miyakoshi.eu\/es\/wp-json\/wp\/v2\/pages"}],"about":[{"href":"https:\/\/www.miyakoshi.eu\/es\/wp-json\/wp\/v2\/types\/page"}],"author":[{"embeddable":true,"href":"https:\/\/www.miyakoshi.eu\/es\/wp-json\/wp\/v2\/users\/2"}],"replies":[{"embeddable":true,"href":"https:\/\/www.miyakoshi.eu\/es\/wp-json\/wp\/v2\/comments?post=10366"}],"version-history":[{"count":29,"href":"https:\/\/www.miyakoshi.eu\/es\/wp-json\/wp\/v2\/pages\/10366\/revisions"}],"predecessor-version":[{"id":10414,"href":"https:\/\/www.miyakoshi.eu\/es\/wp-json\/wp\/v2\/pages\/10366\/revisions\/10414"}],"wp:attachment":[{"href":"https:\/\/www.miyakoshi.eu\/es\/wp-json\/wp\/v2\/media?parent=10366"}],"curies":[{"name":"wp","href":"https:\/\/api.w.org\/{rel}","templated":true}]}}