{"id":3,"date":"2022-02-11T09:06:07","date_gmt":"2022-02-11T09:06:07","guid":{"rendered":"https:\/\/miyakoshi.eu\/?page_id=3"},"modified":"2022-03-10T18:35:50","modified_gmt":"2022-03-10T18:35:50","slug":"privacy-policy","status":"publish","type":"page","link":"https:\/\/www.miyakoshi.eu\/es\/privacy-policy\/","title":{"rendered":"Pol\u00edtica de Privacidad"},"content":{"rendered":"\t\t<div data-elementor-type=\"wp-page\" data-elementor-id=\"3\" class=\"elementor elementor-3\" data-elementor-post-type=\"page\">\n\t\t\t\t\t\t<section class=\"elementor-section elementor-top-section elementor-element elementor-element-3dc5ed83 elementor-section-boxed elementor-section-height-default elementor-section-height-default\" data-id=\"3dc5ed83\" data-element_type=\"section\">\n\t\t\t\t\t\t<div class=\"elementor-container elementor-column-gap-default\">\n\t\t\t\t\t<div class=\"elementor-column elementor-col-100 elementor-top-column elementor-element elementor-element-79c22a4b\" data-id=\"79c22a4b\" data-element_type=\"column\">\n\t\t\t<div class=\"elementor-widget-wrap elementor-element-populated\">\n\t\t\t\t\t\t<div class=\"elementor-element elementor-element-670ea363 elementor-widget elementor-widget-heading\" data-id=\"670ea363\" data-element_type=\"widget\" data-widget_type=\"heading.default\">\n\t\t\t\t<div class=\"elementor-widget-container\">\n\t\t\t\t\t<h1 class=\"elementor-heading-title elementor-size-default\">Pol\u00edtica de Privacidad<\/h1>\t\t\t\t<\/div>\n\t\t\t\t<\/div>\n\t\t\t\t\t<\/div>\n\t\t<\/div>\n\t\t\t\t\t<\/div>\n\t\t<\/section>\n\t\t\t\t<section class=\"elementor-section elementor-top-section elementor-element elementor-element-140a5a13 elementor-section-boxed elementor-section-height-default elementor-section-height-default\" data-id=\"140a5a13\" data-element_type=\"section\">\n\t\t\t\t\t\t<div class=\"elementor-container elementor-column-gap-default\">\n\t\t\t\t\t<div class=\"elementor-column elementor-col-100 elementor-top-column elementor-element elementor-element-107183ee\" data-id=\"107183ee\" data-element_type=\"column\">\n\t\t\t<div class=\"elementor-widget-wrap elementor-element-populated\">\n\t\t\t\t\t\t<div class=\"elementor-element elementor-element-1cadbf79 elementor-widget elementor-widget-text-editor\" data-id=\"1cadbf79\" data-element_type=\"widget\" data-widget_type=\"text-editor.default\">\n\t\t\t\t<div class=\"elementor-widget-container\">\n\t\t\t\t\t\t\t\t\t<p>En cumplimiento de lo establecido en el Reglamento (UE) 2016\/679 del Parlamento Europeo y del Consejo, de 27 de abril de 2016, relativo a la protecci\u00f3n de las personas f\u00edsicas en lo que respecta al tratamiento de datos personales (Reglamento general de protecci\u00f3n de datos, RGPD) y de la Ley Org\u00e1nica 3\/2018, de 5 de diciembre, de Protecci\u00f3n de Datos Personales y garant\u00eda de los derechos digitales (LOPDyGDD), le informamos de que los datos personales, incluidas las fotograf\u00edas, recogidos en esta p\u00e1gina web se podr\u00e1n incorporar y procesar en un tratamiento de responsabilidad de Miyakoshi Europe, S.L. para ponernos en contacto con Vd. por v\u00eda telef\u00f3nica o electr\u00f3nica a trav\u00e9s de su direcci\u00f3n de email, as\u00ed como tambi\u00e9n para otras finalidades: atender su solicitud de informaci\u00f3n, sus comentarios o consultas, alta en el bolet\u00edn y\/o para garantizar una correcta atenci\u00f3n en nuestras comunicaciones con Vd.<\/p>\n<p>Los titulares de los datos personales quedan informados y consienten expresamente que Miyakoshi Europe, S.L., como responsable del tratamiento, pueda tratar, comunicar, ceder y, en su caso, transferir internacionalmente los datos personales, incluidas fotograf\u00edas del usuario, para sus finalidades leg\u00edtimas, exclusivamente a las entidades que participan en sus actividades, desarrollo y fin social, as\u00ed como a las personas y entidades directamente relacionadas con esta Entidad.<\/p>\n<p>En atenci\u00f3n a nuestro compromiso de velar por la privacidad, Miyakoshi Europe, S.L. tiene como prioridad mantener una esmerada confidencialidad de toda la informaci\u00f3n que Vd. haya podido confiarnos y dispone de los medios t\u00e9cnicos, organizativos y humanos necesarios para garantizar que s\u00f3lo el personal autorizado tenga acceso a sus datos, y en todo caso con pleno respeto a su intimidad.<\/p>\n<p>Le informamos de que puede ejercitar en cualquier momento su derecho de acceso, rectificaci\u00f3n, supresi\u00f3n, oposici\u00f3n limitaci\u00f3n del tratamiento y portabilidad de sus datos personales incluidos en nuestros tratamientos, mediante escrito, acompa\u00f1ado de copia de documento oficial que le identifique, dirigido a Miyakoshi Europe, S.L., Avenida Prado del Espino 14 &#8211; Pol\u00edgono Industrial Prado del Espino, 28660 &#8211; Boadilla del Monte(Madrid &#8211; Espa\u00f1a) o mediante la direcci\u00f3n electr\u00f3nica sales@miyakoshi.eu.<\/p>\n<p>\u00daltima modificaci\u00f3n: abril de 2021.<\/p>\t\t\t\t\t\t\t\t<\/div>\n\t\t\t\t<\/div>\n\t\t\t\t\t<\/div>\n\t\t<\/div>\n\t\t\t\t\t<\/div>\n\t\t<\/section>\n\t\t\t\t<\/div>\n\t\t","protected":false},"excerpt":{"rendered":"<p>En cumplimiento de lo establecido en el Reglamento (UE) 2016\/679 del Parlamento Europeo y del Consejo, de 27 de abril de 2016, relativo a la protecci\u00f3n de las personas f\u00edsicas en lo que respecta al tratamiento de datos personales (Reglamento general de protecci\u00f3n de datos, RGPD) y de la Ley Org\u00e1nica 3\/2018, de 5 de [&hellip;]<\/p>\n","protected":false},"author":1,"featured_media":0,"parent":0,"menu_order":0,"comment_status":"closed","ping_status":"closed","template":"elementor_header_footer","meta":{"site-sidebar-layout":"default","site-content-layout":"","ast-site-content-layout":"default","site-content-style":"default","site-sidebar-style":"default","ast-global-header-display":"","ast-banner-title-visibility":"","ast-main-header-display":"","ast-hfb-above-header-display":"","ast-hfb-below-header-display":"","ast-hfb-mobile-header-display":"","site-post-title":"","ast-breadcrumbs-content":"","ast-featured-img":"","footer-sml-layout":"","theme-transparent-header-meta":"","adv-header-id-meta":"","stick-header-meta":"","header-above-stick-meta":"","header-main-stick-meta":"","header-below-stick-meta":"","astra-migrate-meta-layouts":"default","ast-page-background-enabled":"default","ast-page-background-meta":{"desktop":{"background-color":"","background-image":"","background-repeat":"repeat","background-position":"center center","background-size":"auto","background-attachment":"scroll","background-type":"","background-media":"","overlay-type":"","overlay-color":"","overlay-opacity":"","overlay-gradient":""},"tablet":{"background-color":"","background-image":"","background-repeat":"repeat","background-position":"center center","background-size":"auto","background-attachment":"scroll","background-type":"","background-media":"","overlay-type":"","overlay-color":"","overlay-opacity":"","overlay-gradient":""},"mobile":{"background-color":"","background-image":"","background-repeat":"repeat","background-position":"center center","background-size":"auto","background-attachment":"scroll","background-type":"","background-media":"","overlay-type":"","overlay-color":"","overlay-opacity":"","overlay-gradient":""}},"ast-content-background-meta":{"desktop":{"background-color":"var(--ast-global-color-5)","background-image":"","background-repeat":"repeat","background-position":"center center","background-size":"auto","background-attachment":"scroll","background-type":"","background-media":"","overlay-type":"","overlay-color":"","overlay-opacity":"","overlay-gradient":""},"tablet":{"background-color":"var(--ast-global-color-5)","background-image":"","background-repeat":"repeat","background-position":"center center","background-size":"auto","background-attachment":"scroll","background-type":"","background-media":"","overlay-type":"","overlay-color":"","overlay-opacity":"","overlay-gradient":""},"mobile":{"background-color":"var(--ast-global-color-5)","background-image":"","background-repeat":"repeat","background-position":"center center","background-size":"auto","background-attachment":"scroll","background-type":"","background-media":"","overlay-type":"","overlay-color":"","overlay-opacity":"","overlay-gradient":""}},"footnotes":""},"class_list":["post-3","page","type-page","status-publish","hentry"],"yoast_head":"<!-- This site is optimized with the Yoast SEO plugin v26.3 - https:\/\/yoast.com\/wordpress\/plugins\/seo\/ -->\n<title>Pol\u00edtica de Privacidad | Miyakoshi<\/title>\n<meta name=\"robots\" content=\"index, follow, max-snippet:-1, max-image-preview:large, max-video-preview:-1\" \/>\n<link rel=\"canonical\" href=\"https:\/\/www.miyakoshi.eu\/es\/privacy-policy\/\" \/>\n<meta property=\"og:locale\" content=\"es_ES\" \/>\n<meta property=\"og:type\" content=\"article\" \/>\n<meta property=\"og:title\" content=\"Pol\u00edtica de Privacidad | Miyakoshi\" \/>\n<meta property=\"og:description\" content=\"En cumplimiento de lo establecido en el Reglamento (UE) 2016\/679 del Parlamento Europeo y del Consejo, de 27 de abril de 2016, relativo a la protecci\u00f3n de las personas f\u00edsicas en lo que respecta al tratamiento de datos personales (Reglamento general de protecci\u00f3n de datos, RGPD) y de la Ley Org\u00e1nica 3\/2018, de 5 de [&hellip;]\" \/>\n<meta property=\"og:url\" content=\"https:\/\/www.miyakoshi.eu\/es\/privacy-policy\/\" \/>\n<meta property=\"og:site_name\" content=\"Miyakoshi\" \/>\n<meta property=\"article:modified_time\" content=\"2022-03-10T18:35:50+00:00\" \/>\n<meta name=\"twitter:card\" content=\"summary_large_image\" \/>\n<meta name=\"twitter:label1\" content=\"Tiempo de lectura\" \/>\n\t<meta name=\"twitter:data1\" content=\"2 minutos\" \/>\n<script type=\"application\/ld+json\" class=\"yoast-schema-graph\">{\"@context\":\"https:\/\/schema.org\",\"@graph\":[{\"@type\":\"WebPage\",\"@id\":\"https:\/\/www.miyakoshi.eu\/es\/privacy-policy\/\",\"url\":\"https:\/\/www.miyakoshi.eu\/es\/privacy-policy\/\",\"name\":\"Pol\u00edtica de Privacidad | Miyakoshi\",\"isPartOf\":{\"@id\":\"https:\/\/www.miyakoshi.eu\/es\/#website\"},\"datePublished\":\"2022-02-11T09:06:07+00:00\",\"dateModified\":\"2022-03-10T18:35:50+00:00\",\"breadcrumb\":{\"@id\":\"https:\/\/www.miyakoshi.eu\/es\/privacy-policy\/#breadcrumb\"},\"inLanguage\":\"es\",\"potentialAction\":[{\"@type\":\"ReadAction\",\"target\":[\"https:\/\/www.miyakoshi.eu\/es\/privacy-policy\/\"]}]},{\"@type\":\"BreadcrumbList\",\"@id\":\"https:\/\/www.miyakoshi.eu\/es\/privacy-policy\/#breadcrumb\",\"itemListElement\":[{\"@type\":\"ListItem\",\"position\":1,\"name\":\"Portada\",\"item\":\"https:\/\/www.miyakoshi.eu\/es\/\"},{\"@type\":\"ListItem\",\"position\":2,\"name\":\"Pol\u00edtica de Privacidad\"}]},{\"@type\":\"WebSite\",\"@id\":\"https:\/\/www.miyakoshi.eu\/es\/#website\",\"url\":\"https:\/\/www.miyakoshi.eu\/es\/\",\"name\":\"Miyakoshi\",\"description\":\"Fabricantes japoneses de impresoras offset\",\"publisher\":{\"@id\":\"https:\/\/www.miyakoshi.eu\/es\/#organization\"},\"potentialAction\":[{\"@type\":\"SearchAction\",\"target\":{\"@type\":\"EntryPoint\",\"urlTemplate\":\"https:\/\/www.miyakoshi.eu\/es\/?s={search_term_string}\"},\"query-input\":{\"@type\":\"PropertyValueSpecification\",\"valueRequired\":true,\"valueName\":\"search_term_string\"}}],\"inLanguage\":\"es\"},{\"@type\":\"Organization\",\"@id\":\"https:\/\/www.miyakoshi.eu\/es\/#organization\",\"name\":\"Miyakoshi Europe, S.L.\",\"url\":\"https:\/\/www.miyakoshi.eu\/es\/\",\"logo\":{\"@type\":\"ImageObject\",\"inLanguage\":\"es\",\"@id\":\"https:\/\/www.miyakoshi.eu\/es\/#\/schema\/logo\/image\/\",\"url\":\"https:\/\/www.miyakoshi.eu\/wp-content\/uploads\/2022\/02\/Logo-miyakoshi.svg\",\"contentUrl\":\"https:\/\/www.miyakoshi.eu\/wp-content\/uploads\/2022\/02\/Logo-miyakoshi.svg\",\"width\":483,\"height\":98,\"caption\":\"Miyakoshi Europe, S.L.\"},\"image\":{\"@id\":\"https:\/\/www.miyakoshi.eu\/es\/#\/schema\/logo\/image\/\"},\"sameAs\":[\"https:\/\/www.linkedin.com\/company\/miyakoshieurope\/\"]}]}<\/script>\n<!-- \/ Yoast SEO plugin. -->","yoast_head_json":{"title":"Pol\u00edtica de Privacidad | Miyakoshi","robots":{"index":"index","follow":"follow","max-snippet":"max-snippet:-1","max-image-preview":"max-image-preview:large","max-video-preview":"max-video-preview:-1"},"canonical":"https:\/\/www.miyakoshi.eu\/es\/privacy-policy\/","og_locale":"es_ES","og_type":"article","og_title":"Pol\u00edtica de Privacidad | Miyakoshi","og_description":"En cumplimiento de lo establecido en el Reglamento (UE) 2016\/679 del Parlamento Europeo y del Consejo, de 27 de abril de 2016, relativo a la protecci\u00f3n de las personas f\u00edsicas en lo que respecta al tratamiento de datos personales (Reglamento general de protecci\u00f3n de datos, RGPD) y de la Ley Org\u00e1nica 3\/2018, de 5 de [&hellip;]","og_url":"https:\/\/www.miyakoshi.eu\/es\/privacy-policy\/","og_site_name":"Miyakoshi","article_modified_time":"2022-03-10T18:35:50+00:00","twitter_card":"summary_large_image","twitter_misc":{"Tiempo de lectura":"2 minutos"},"schema":{"@context":"https:\/\/schema.org","@graph":[{"@type":"WebPage","@id":"https:\/\/www.miyakoshi.eu\/es\/privacy-policy\/","url":"https:\/\/www.miyakoshi.eu\/es\/privacy-policy\/","name":"Pol\u00edtica de Privacidad | Miyakoshi","isPartOf":{"@id":"https:\/\/www.miyakoshi.eu\/es\/#website"},"datePublished":"2022-02-11T09:06:07+00:00","dateModified":"2022-03-10T18:35:50+00:00","breadcrumb":{"@id":"https:\/\/www.miyakoshi.eu\/es\/privacy-policy\/#breadcrumb"},"inLanguage":"es","potentialAction":[{"@type":"ReadAction","target":["https:\/\/www.miyakoshi.eu\/es\/privacy-policy\/"]}]},{"@type":"BreadcrumbList","@id":"https:\/\/www.miyakoshi.eu\/es\/privacy-policy\/#breadcrumb","itemListElement":[{"@type":"ListItem","position":1,"name":"Portada","item":"https:\/\/www.miyakoshi.eu\/es\/"},{"@type":"ListItem","position":2,"name":"Pol\u00edtica de Privacidad"}]},{"@type":"WebSite","@id":"https:\/\/www.miyakoshi.eu\/es\/#website","url":"https:\/\/www.miyakoshi.eu\/es\/","name":"Miyakoshi","description":"Fabricantes japoneses de impresoras offset","publisher":{"@id":"https:\/\/www.miyakoshi.eu\/es\/#organization"},"potentialAction":[{"@type":"SearchAction","target":{"@type":"EntryPoint","urlTemplate":"https:\/\/www.miyakoshi.eu\/es\/?s={search_term_string}"},"query-input":{"@type":"PropertyValueSpecification","valueRequired":true,"valueName":"search_term_string"}}],"inLanguage":"es"},{"@type":"Organization","@id":"https:\/\/www.miyakoshi.eu\/es\/#organization","name":"Miyakoshi Europe, S.L.","url":"https:\/\/www.miyakoshi.eu\/es\/","logo":{"@type":"ImageObject","inLanguage":"es","@id":"https:\/\/www.miyakoshi.eu\/es\/#\/schema\/logo\/image\/","url":"https:\/\/www.miyakoshi.eu\/wp-content\/uploads\/2022\/02\/Logo-miyakoshi.svg","contentUrl":"https:\/\/www.miyakoshi.eu\/wp-content\/uploads\/2022\/02\/Logo-miyakoshi.svg","width":483,"height":98,"caption":"Miyakoshi Europe, S.L."},"image":{"@id":"https:\/\/www.miyakoshi.eu\/es\/#\/schema\/logo\/image\/"},"sameAs":["https:\/\/www.linkedin.com\/company\/miyakoshieurope\/"]}]}},"acf":[],"_links":{"self":[{"href":"https:\/\/www.miyakoshi.eu\/es\/wp-json\/wp\/v2\/pages\/3","targetHints":{"allow":["GET"]}}],"collection":[{"href":"https:\/\/www.miyakoshi.eu\/es\/wp-json\/wp\/v2\/pages"}],"about":[{"href":"https:\/\/www.miyakoshi.eu\/es\/wp-json\/wp\/v2\/types\/page"}],"author":[{"embeddable":true,"href":"https:\/\/www.miyakoshi.eu\/es\/wp-json\/wp\/v2\/users\/1"}],"replies":[{"embeddable":true,"href":"https:\/\/www.miyakoshi.eu\/es\/wp-json\/wp\/v2\/comments?post=3"}],"version-history":[{"count":12,"href":"https:\/\/www.miyakoshi.eu\/es\/wp-json\/wp\/v2\/pages\/3\/revisions"}],"predecessor-version":[{"id":3250,"href":"https:\/\/www.miyakoshi.eu\/es\/wp-json\/wp\/v2\/pages\/3\/revisions\/3250"}],"wp:attachment":[{"href":"https:\/\/www.miyakoshi.eu\/es\/wp-json\/wp\/v2\/media?parent=3"}],"curies":[{"name":"wp","href":"https:\/\/api.w.org\/{rel}","templated":true}]}}