{"id":5080,"date":"2022-10-17T13:36:26","date_gmt":"2022-10-17T13:36:26","guid":{"rendered":"https:\/\/www.miyakoshi.eu\/?page_id=5080"},"modified":"2022-10-28T14:33:35","modified_gmt":"2022-10-28T14:33:35","slug":"impresion-de-seguridad","status":"publish","type":"page","link":"https:\/\/www.miyakoshi.eu\/es\/impresion-de-seguridad\/","title":{"rendered":"Impresi\u00f3n de seguridad"},"content":{"rendered":"\t\t<div data-elementor-type=\"wp-page\" data-elementor-id=\"5080\" class=\"elementor elementor-5080\" data-elementor-post-type=\"page\">\n\t\t\t\t\t\t<section class=\"elementor-section elementor-top-section elementor-element elementor-element-8bec0f3 elementor-section-height-min-height animated-fast elementor-section-boxed elementor-section-height-default elementor-section-items-middle elementor-invisible\" data-id=\"8bec0f3\" data-element_type=\"section\" data-settings=\"{&quot;background_background&quot;:&quot;classic&quot;,&quot;animation&quot;:&quot;fadeInDown&quot;}\">\n\t\t\t\t\t\t\t<div class=\"elementor-background-overlay\"><\/div>\n\t\t\t\t\t\t\t<div class=\"elementor-container elementor-column-gap-default\">\n\t\t\t\t\t<div class=\"elementor-column elementor-col-100 elementor-top-column elementor-element elementor-element-0a9feaf\" data-id=\"0a9feaf\" data-element_type=\"column\">\n\t\t\t<div class=\"elementor-widget-wrap elementor-element-populated\">\n\t\t\t\t\t\t<div class=\"elementor-element elementor-element-4baa439 elementor-widget elementor-widget-theme-post-title elementor-page-title elementor-widget-heading\" data-id=\"4baa439\" data-element_type=\"widget\" data-widget_type=\"theme-post-title.default\">\n\t\t\t\t<div class=\"elementor-widget-container\">\n\t\t\t\t\t<h1 class=\"elementor-heading-title elementor-size-default\">Impresi\u00f3n de seguridad<\/h1>\t\t\t\t<\/div>\n\t\t\t\t<\/div>\n\t\t\t\t\t<\/div>\n\t\t<\/div>\n\t\t\t\t\t<\/div>\n\t\t<\/section>\n\t\t\t\t<section class=\"elementor-section elementor-top-section elementor-element elementor-element-c050456 elementor-section-boxed elementor-section-height-default elementor-section-height-default\" data-id=\"c050456\" data-element_type=\"section\">\n\t\t\t\t\t\t<div class=\"elementor-container elementor-column-gap-default\">\n\t\t\t\t\t<div class=\"elementor-column elementor-col-100 elementor-top-column elementor-element elementor-element-534fe35\" data-id=\"534fe35\" data-element_type=\"column\">\n\t\t\t<div class=\"elementor-widget-wrap elementor-element-populated\">\n\t\t\t\t\t\t<section class=\"elementor-section elementor-inner-section elementor-element elementor-element-abb51c7 elementor-section-boxed elementor-section-height-default elementor-section-height-default\" data-id=\"abb51c7\" data-element_type=\"section\">\n\t\t\t\t\t\t<div class=\"elementor-container elementor-column-gap-default\">\n\t\t\t\t\t<div class=\"elementor-column elementor-col-100 elementor-inner-column elementor-element elementor-element-1f50b1c elementor-invisible\" data-id=\"1f50b1c\" data-element_type=\"column\" data-settings=\"{&quot;animation&quot;:&quot;fadeInLeft&quot;}\">\n\t\t\t<div class=\"elementor-widget-wrap elementor-element-populated\">\n\t\t\t\t\t\t<div class=\"elementor-element elementor-element-9f44525 elementor-invisible elementor-widget elementor-widget-text-editor\" data-id=\"9f44525\" data-element_type=\"widget\" data-settings=\"{&quot;_animation&quot;:&quot;fadeInLeft&quot;,&quot;_animation_delay&quot;:500}\" data-widget_type=\"text-editor.default\">\n\t\t\t\t<div class=\"elementor-widget-container\">\n\t\t\t\t\t\t\t\t\t<h3>M\u00d3DULOS CONTRA LA FALSIFICACI\u00d3N<\/h3><p>La <span style=\"color: #008000;\">impresi\u00f3n de productos de seguridad<\/span> requiere equipos de alta calidad y precisi\u00f3n. <span style=\"font-size: 20px; color: var( --e-global-color-text ); letter-spacing: 0px;\">Nuestras imprentas <span style=\"color: #008000;\">offset de bobina Miyakoshi<\/span> han sido probadas durante d\u00e9cadas y est\u00e1n dando servicio para trabajos destinados a la seguridad en todo el mundo. Evitar la manipulaci\u00f3n de cheques, pasaportes, certificados, sellos postales y billetes de banco es fundamental para asegurar la impresi\u00f3n. La falsificaci\u00f3n se previene mediante el uso de papel especial, marcas de agua y utilizando t\u00e9cnicas de impresi\u00f3n especiales.\u00a0<\/span><\/p>\t\t\t\t\t\t\t\t<\/div>\n\t\t\t\t<\/div>\n\t\t\t\t<div class=\"elementor-element elementor-element-ef9668e elementor-invisible elementor-widget elementor-widget-image\" data-id=\"ef9668e\" data-element_type=\"widget\" data-settings=\"{&quot;_animation&quot;:&quot;fadeInRight&quot;,&quot;_animation_delay&quot;:500}\" data-widget_type=\"image.default\">\n\t\t\t\t<div class=\"elementor-widget-container\">\n\t\t\t\t\t\t\t\t\t\t\t\t<figure class=\"wp-caption\">\n\t\t\t\t\t\t\t\t\t\t<img fetchpriority=\"high\" decoding=\"async\" width=\"1598\" height=\"596\" src=\"https:\/\/www.miyakoshi.eu\/wp-content\/uploads\/2022\/02\/MVF-complete-web-press.gif\" class=\"attachment-full size-full wp-image-4310\" alt=\"\" \/>\t\t\t\t\t\t\t\t\t\t\t<figcaption class=\"widget-image-caption wp-caption-text\">Miyakoshi MVF<\/figcaption>\n\t\t\t\t\t\t\t\t\t\t<\/figure>\n\t\t\t\t\t\t\t\t\t<\/div>\n\t\t\t\t<\/div>\n\t\t\t\t<div class=\"elementor-element elementor-element-2f188aa elementor-invisible elementor-widget elementor-widget-text-editor\" data-id=\"2f188aa\" data-element_type=\"widget\" data-settings=\"{&quot;_animation&quot;:&quot;fadeInLeft&quot;,&quot;_animation_delay&quot;:500}\" data-widget_type=\"text-editor.default\">\n\t\t\t\t<div class=\"elementor-widget-container\">\n\t\t\t\t\t\t\t\t\t<p><span style=\"font-family: 'Roboto Condensed', sans-serif; font-size: 20px; font-style: normal; font-weight: 300;\">Miyakoshi cuenta con prensas compuestas de \u00faltima generaci\u00f3n que permiten agregar m\u00f3dulos para satisfacer todas \u00e9stas necesidades espec\u00edficas, por lo tanto, puede crear todo tipo de impresiones de seguridad.<\/span><\/p>\t\t\t\t\t\t\t\t<\/div>\n\t\t\t\t<\/div>\n\t\t\t\t\t<\/div>\n\t\t<\/div>\n\t\t\t\t\t<\/div>\n\t\t<\/section>\n\t\t\t\t\t<\/div>\n\t\t<\/div>\n\t\t\t\t\t<\/div>\n\t\t<\/section>\n\t\t\t\t<\/div>\n\t\t","protected":false},"excerpt":{"rendered":"<p>M\u00d3DULOS CONTRA LA FALSIFICACI\u00d3N La impresi\u00f3n de productos de seguridad requiere equipos de alta calidad y precisi\u00f3n. Nuestras imprentas offset de bobina Miyakoshi han sido probadas durante d\u00e9cadas y est\u00e1n dando servicio para trabajos destinados a la seguridad en todo el mundo. Evitar la manipulaci\u00f3n de cheques, pasaportes, certificados, sellos postales y billetes de banco [&hellip;]<\/p>\n","protected":false},"author":2,"featured_media":0,"parent":0,"menu_order":0,"comment_status":"closed","ping_status":"closed","template":"","meta":{"site-sidebar-layout":"no-sidebar","site-content-layout":"page-builder","ast-site-content-layout":"default","site-content-style":"default","site-sidebar-style":"default","ast-global-header-display":"","ast-banner-title-visibility":"","ast-main-header-display":"","ast-hfb-above-header-display":"","ast-hfb-below-header-display":"","ast-hfb-mobile-header-display":"","site-post-title":"disabled","ast-breadcrumbs-content":"","ast-featured-img":"disabled","footer-sml-layout":"","theme-transparent-header-meta":"default","adv-header-id-meta":"","stick-header-meta":"","header-above-stick-meta":"","header-main-stick-meta":"","header-below-stick-meta":"","astra-migrate-meta-layouts":"default","ast-page-background-enabled":"default","ast-page-background-meta":{"desktop":{"background-color":"","background-image":"","background-repeat":"repeat","background-position":"center center","background-size":"auto","background-attachment":"scroll","background-type":"","background-media":"","overlay-type":"","overlay-color":"","overlay-opacity":"","overlay-gradient":""},"tablet":{"background-color":"","background-image":"","background-repeat":"repeat","background-position":"center center","background-size":"auto","background-attachment":"scroll","background-type":"","background-media":"","overlay-type":"","overlay-color":"","overlay-opacity":"","overlay-gradient":""},"mobile":{"background-color":"","background-image":"","background-repeat":"repeat","background-position":"center center","background-size":"auto","background-attachment":"scroll","background-type":"","background-media":"","overlay-type":"","overlay-color":"","overlay-opacity":"","overlay-gradient":""}},"ast-content-background-meta":{"desktop":{"background-color":"var(--ast-global-color-5)","background-image":"","background-repeat":"repeat","background-position":"center center","background-size":"auto","background-attachment":"scroll","background-type":"","background-media":"","overlay-type":"","overlay-color":"","overlay-opacity":"","overlay-gradient":""},"tablet":{"background-color":"var(--ast-global-color-5)","background-image":"","background-repeat":"repeat","background-position":"center center","background-size":"auto","background-attachment":"scroll","background-type":"","background-media":"","overlay-type":"","overlay-color":"","overlay-opacity":"","overlay-gradient":""},"mobile":{"background-color":"var(--ast-global-color-5)","background-image":"","background-repeat":"repeat","background-position":"center center","background-size":"auto","background-attachment":"scroll","background-type":"","background-media":"","overlay-type":"","overlay-color":"","overlay-opacity":"","overlay-gradient":""}},"footnotes":""},"class_list":["post-5080","page","type-page","status-publish","hentry"],"yoast_head":"<!-- This site is optimized with the Yoast SEO plugin v26.3 - https:\/\/yoast.com\/wordpress\/plugins\/seo\/ -->\n<title>Impresi\u00f3n de seguridad | Miyakoshi<\/title>\n<meta name=\"robots\" content=\"index, follow, max-snippet:-1, max-image-preview:large, max-video-preview:-1\" \/>\n<link rel=\"canonical\" href=\"https:\/\/www.miyakoshi.eu\/es\/impresion-de-seguridad\/\" \/>\n<meta property=\"og:locale\" content=\"es_ES\" \/>\n<meta property=\"og:type\" content=\"article\" \/>\n<meta property=\"og:title\" content=\"Impresi\u00f3n de seguridad | Miyakoshi\" \/>\n<meta property=\"og:description\" content=\"M\u00d3DULOS CONTRA LA FALSIFICACI\u00d3N La impresi\u00f3n de productos de seguridad requiere equipos de alta calidad y precisi\u00f3n. Nuestras imprentas offset de bobina Miyakoshi han sido probadas durante d\u00e9cadas y est\u00e1n dando servicio para trabajos destinados a la seguridad en todo el mundo. Evitar la manipulaci\u00f3n de cheques, pasaportes, certificados, sellos postales y billetes de banco [&hellip;]\" \/>\n<meta property=\"og:url\" content=\"https:\/\/www.miyakoshi.eu\/es\/impresion-de-seguridad\/\" \/>\n<meta property=\"og:site_name\" content=\"Miyakoshi\" \/>\n<meta property=\"article:modified_time\" content=\"2022-10-28T14:33:35+00:00\" \/>\n<meta property=\"og:image\" content=\"https:\/\/www.miyakoshi.eu\/wp-content\/uploads\/2022\/02\/MVF-complete-web-press.gif\" \/>\n<meta name=\"twitter:card\" content=\"summary_large_image\" \/>\n<meta name=\"twitter:label1\" content=\"Tiempo de lectura\" \/>\n\t<meta name=\"twitter:data1\" content=\"1 minuto\" \/>\n<script type=\"application\/ld+json\" class=\"yoast-schema-graph\">{\"@context\":\"https:\/\/schema.org\",\"@graph\":[{\"@type\":\"WebPage\",\"@id\":\"https:\/\/www.miyakoshi.eu\/es\/impresion-de-seguridad\/\",\"url\":\"https:\/\/www.miyakoshi.eu\/es\/impresion-de-seguridad\/\",\"name\":\"Impresi\u00f3n de seguridad | Miyakoshi\",\"isPartOf\":{\"@id\":\"https:\/\/www.miyakoshi.eu\/es\/#website\"},\"primaryImageOfPage\":{\"@id\":\"https:\/\/www.miyakoshi.eu\/es\/impresion-de-seguridad\/#primaryimage\"},\"image\":{\"@id\":\"https:\/\/www.miyakoshi.eu\/es\/impresion-de-seguridad\/#primaryimage\"},\"thumbnailUrl\":\"https:\/\/www.miyakoshi.eu\/wp-content\/uploads\/2022\/02\/MVF-complete-web-press.gif\",\"datePublished\":\"2022-10-17T13:36:26+00:00\",\"dateModified\":\"2022-10-28T14:33:35+00:00\",\"breadcrumb\":{\"@id\":\"https:\/\/www.miyakoshi.eu\/es\/impresion-de-seguridad\/#breadcrumb\"},\"inLanguage\":\"es\",\"potentialAction\":[{\"@type\":\"ReadAction\",\"target\":[\"https:\/\/www.miyakoshi.eu\/es\/impresion-de-seguridad\/\"]}]},{\"@type\":\"ImageObject\",\"inLanguage\":\"es\",\"@id\":\"https:\/\/www.miyakoshi.eu\/es\/impresion-de-seguridad\/#primaryimage\",\"url\":\"https:\/\/www.miyakoshi.eu\/wp-content\/uploads\/2022\/02\/MVF-complete-web-press.gif\",\"contentUrl\":\"https:\/\/www.miyakoshi.eu\/wp-content\/uploads\/2022\/02\/MVF-complete-web-press.gif\"},{\"@type\":\"BreadcrumbList\",\"@id\":\"https:\/\/www.miyakoshi.eu\/es\/impresion-de-seguridad\/#breadcrumb\",\"itemListElement\":[{\"@type\":\"ListItem\",\"position\":1,\"name\":\"Portada\",\"item\":\"https:\/\/www.miyakoshi.eu\/es\/\"},{\"@type\":\"ListItem\",\"position\":2,\"name\":\"Impresi\u00f3n de seguridad\"}]},{\"@type\":\"WebSite\",\"@id\":\"https:\/\/www.miyakoshi.eu\/es\/#website\",\"url\":\"https:\/\/www.miyakoshi.eu\/es\/\",\"name\":\"Miyakoshi\",\"description\":\"Fabricantes japoneses de impresoras offset\",\"publisher\":{\"@id\":\"https:\/\/www.miyakoshi.eu\/es\/#organization\"},\"potentialAction\":[{\"@type\":\"SearchAction\",\"target\":{\"@type\":\"EntryPoint\",\"urlTemplate\":\"https:\/\/www.miyakoshi.eu\/es\/?s={search_term_string}\"},\"query-input\":{\"@type\":\"PropertyValueSpecification\",\"valueRequired\":true,\"valueName\":\"search_term_string\"}}],\"inLanguage\":\"es\"},{\"@type\":\"Organization\",\"@id\":\"https:\/\/www.miyakoshi.eu\/es\/#organization\",\"name\":\"Miyakoshi Europe, S.L.\",\"url\":\"https:\/\/www.miyakoshi.eu\/es\/\",\"logo\":{\"@type\":\"ImageObject\",\"inLanguage\":\"es\",\"@id\":\"https:\/\/www.miyakoshi.eu\/es\/#\/schema\/logo\/image\/\",\"url\":\"https:\/\/www.miyakoshi.eu\/wp-content\/uploads\/2022\/02\/Logo-miyakoshi.svg\",\"contentUrl\":\"https:\/\/www.miyakoshi.eu\/wp-content\/uploads\/2022\/02\/Logo-miyakoshi.svg\",\"width\":483,\"height\":98,\"caption\":\"Miyakoshi Europe, S.L.\"},\"image\":{\"@id\":\"https:\/\/www.miyakoshi.eu\/es\/#\/schema\/logo\/image\/\"},\"sameAs\":[\"https:\/\/www.linkedin.com\/company\/miyakoshieurope\/\"]}]}<\/script>\n<!-- \/ Yoast SEO plugin. -->","yoast_head_json":{"title":"Impresi\u00f3n de seguridad | Miyakoshi","robots":{"index":"index","follow":"follow","max-snippet":"max-snippet:-1","max-image-preview":"max-image-preview:large","max-video-preview":"max-video-preview:-1"},"canonical":"https:\/\/www.miyakoshi.eu\/es\/impresion-de-seguridad\/","og_locale":"es_ES","og_type":"article","og_title":"Impresi\u00f3n de seguridad | Miyakoshi","og_description":"M\u00d3DULOS CONTRA LA FALSIFICACI\u00d3N La impresi\u00f3n de productos de seguridad requiere equipos de alta calidad y precisi\u00f3n. Nuestras imprentas offset de bobina Miyakoshi han sido probadas durante d\u00e9cadas y est\u00e1n dando servicio para trabajos destinados a la seguridad en todo el mundo. Evitar la manipulaci\u00f3n de cheques, pasaportes, certificados, sellos postales y billetes de banco [&hellip;]","og_url":"https:\/\/www.miyakoshi.eu\/es\/impresion-de-seguridad\/","og_site_name":"Miyakoshi","article_modified_time":"2022-10-28T14:33:35+00:00","og_image":[{"url":"https:\/\/www.miyakoshi.eu\/wp-content\/uploads\/2022\/02\/MVF-complete-web-press.gif","type":"","width":"","height":""}],"twitter_card":"summary_large_image","twitter_misc":{"Tiempo de lectura":"1 minuto"},"schema":{"@context":"https:\/\/schema.org","@graph":[{"@type":"WebPage","@id":"https:\/\/www.miyakoshi.eu\/es\/impresion-de-seguridad\/","url":"https:\/\/www.miyakoshi.eu\/es\/impresion-de-seguridad\/","name":"Impresi\u00f3n de seguridad | Miyakoshi","isPartOf":{"@id":"https:\/\/www.miyakoshi.eu\/es\/#website"},"primaryImageOfPage":{"@id":"https:\/\/www.miyakoshi.eu\/es\/impresion-de-seguridad\/#primaryimage"},"image":{"@id":"https:\/\/www.miyakoshi.eu\/es\/impresion-de-seguridad\/#primaryimage"},"thumbnailUrl":"https:\/\/www.miyakoshi.eu\/wp-content\/uploads\/2022\/02\/MVF-complete-web-press.gif","datePublished":"2022-10-17T13:36:26+00:00","dateModified":"2022-10-28T14:33:35+00:00","breadcrumb":{"@id":"https:\/\/www.miyakoshi.eu\/es\/impresion-de-seguridad\/#breadcrumb"},"inLanguage":"es","potentialAction":[{"@type":"ReadAction","target":["https:\/\/www.miyakoshi.eu\/es\/impresion-de-seguridad\/"]}]},{"@type":"ImageObject","inLanguage":"es","@id":"https:\/\/www.miyakoshi.eu\/es\/impresion-de-seguridad\/#primaryimage","url":"https:\/\/www.miyakoshi.eu\/wp-content\/uploads\/2022\/02\/MVF-complete-web-press.gif","contentUrl":"https:\/\/www.miyakoshi.eu\/wp-content\/uploads\/2022\/02\/MVF-complete-web-press.gif"},{"@type":"BreadcrumbList","@id":"https:\/\/www.miyakoshi.eu\/es\/impresion-de-seguridad\/#breadcrumb","itemListElement":[{"@type":"ListItem","position":1,"name":"Portada","item":"https:\/\/www.miyakoshi.eu\/es\/"},{"@type":"ListItem","position":2,"name":"Impresi\u00f3n de seguridad"}]},{"@type":"WebSite","@id":"https:\/\/www.miyakoshi.eu\/es\/#website","url":"https:\/\/www.miyakoshi.eu\/es\/","name":"Miyakoshi","description":"Fabricantes japoneses de impresoras offset","publisher":{"@id":"https:\/\/www.miyakoshi.eu\/es\/#organization"},"potentialAction":[{"@type":"SearchAction","target":{"@type":"EntryPoint","urlTemplate":"https:\/\/www.miyakoshi.eu\/es\/?s={search_term_string}"},"query-input":{"@type":"PropertyValueSpecification","valueRequired":true,"valueName":"search_term_string"}}],"inLanguage":"es"},{"@type":"Organization","@id":"https:\/\/www.miyakoshi.eu\/es\/#organization","name":"Miyakoshi Europe, S.L.","url":"https:\/\/www.miyakoshi.eu\/es\/","logo":{"@type":"ImageObject","inLanguage":"es","@id":"https:\/\/www.miyakoshi.eu\/es\/#\/schema\/logo\/image\/","url":"https:\/\/www.miyakoshi.eu\/wp-content\/uploads\/2022\/02\/Logo-miyakoshi.svg","contentUrl":"https:\/\/www.miyakoshi.eu\/wp-content\/uploads\/2022\/02\/Logo-miyakoshi.svg","width":483,"height":98,"caption":"Miyakoshi Europe, S.L."},"image":{"@id":"https:\/\/www.miyakoshi.eu\/es\/#\/schema\/logo\/image\/"},"sameAs":["https:\/\/www.linkedin.com\/company\/miyakoshieurope\/"]}]}},"acf":[],"_links":{"self":[{"href":"https:\/\/www.miyakoshi.eu\/es\/wp-json\/wp\/v2\/pages\/5080","targetHints":{"allow":["GET"]}}],"collection":[{"href":"https:\/\/www.miyakoshi.eu\/es\/wp-json\/wp\/v2\/pages"}],"about":[{"href":"https:\/\/www.miyakoshi.eu\/es\/wp-json\/wp\/v2\/types\/page"}],"author":[{"embeddable":true,"href":"https:\/\/www.miyakoshi.eu\/es\/wp-json\/wp\/v2\/users\/2"}],"replies":[{"embeddable":true,"href":"https:\/\/www.miyakoshi.eu\/es\/wp-json\/wp\/v2\/comments?post=5080"}],"version-history":[{"count":28,"href":"https:\/\/www.miyakoshi.eu\/es\/wp-json\/wp\/v2\/pages\/5080\/revisions"}],"predecessor-version":[{"id":5513,"href":"https:\/\/www.miyakoshi.eu\/es\/wp-json\/wp\/v2\/pages\/5080\/revisions\/5513"}],"wp:attachment":[{"href":"https:\/\/www.miyakoshi.eu\/es\/wp-json\/wp\/v2\/media?parent=5080"}],"curies":[{"name":"wp","href":"https:\/\/api.w.org\/{rel}","templated":true}]}}