{"id":5212,"date":"2022-10-21T12:05:34","date_gmt":"2022-10-21T12:05:34","guid":{"rendered":"https:\/\/www.miyakoshi.eu\/?page_id=5212"},"modified":"2024-11-05T16:21:24","modified_gmt":"2024-11-05T16:21:24","slug":"formulario-continuo","status":"publish","type":"page","link":"https:\/\/www.miyakoshi.eu\/es\/formulario-continuo\/","title":{"rendered":"Formulario continuo"},"content":{"rendered":"\t\t<div data-elementor-type=\"wp-page\" data-elementor-id=\"5212\" class=\"elementor elementor-5212\" data-elementor-post-type=\"page\">\n\t\t\t\t\t\t<section class=\"elementor-section elementor-top-section elementor-element elementor-element-884976b elementor-section-height-min-height animated-fast elementor-section-boxed elementor-section-height-default elementor-section-items-middle elementor-invisible\" data-id=\"884976b\" data-element_type=\"section\" data-settings=\"{&quot;background_background&quot;:&quot;classic&quot;,&quot;animation&quot;:&quot;fadeInDown&quot;}\">\n\t\t\t\t\t\t\t<div class=\"elementor-background-overlay\"><\/div>\n\t\t\t\t\t\t\t<div class=\"elementor-container elementor-column-gap-default\">\n\t\t\t\t\t<div class=\"elementor-column elementor-col-100 elementor-top-column elementor-element elementor-element-4592d3d\" data-id=\"4592d3d\" data-element_type=\"column\">\n\t\t\t<div class=\"elementor-widget-wrap elementor-element-populated\">\n\t\t\t\t\t\t<div class=\"elementor-element elementor-element-1f9da9a elementor-widget elementor-widget-theme-post-title elementor-page-title elementor-widget-heading\" data-id=\"1f9da9a\" data-element_type=\"widget\" data-widget_type=\"theme-post-title.default\">\n\t\t\t\t<div class=\"elementor-widget-container\">\n\t\t\t\t\t<h1 class=\"elementor-heading-title elementor-size-default\">Formulario continuo<\/h1>\t\t\t\t<\/div>\n\t\t\t\t<\/div>\n\t\t\t\t\t<\/div>\n\t\t<\/div>\n\t\t\t\t\t<\/div>\n\t\t<\/section>\n\t\t\t\t<section class=\"elementor-section elementor-top-section elementor-element elementor-element-86bb589 elementor-section-boxed elementor-section-height-default elementor-section-height-default\" data-id=\"86bb589\" data-element_type=\"section\">\n\t\t\t\t\t\t<div class=\"elementor-container elementor-column-gap-default\">\n\t\t\t\t\t<div class=\"elementor-column elementor-col-50 elementor-top-column elementor-element elementor-element-c7acb6b elementor-invisible\" data-id=\"c7acb6b\" data-element_type=\"column\" data-settings=\"{&quot;animation&quot;:&quot;fadeInLeft&quot;,&quot;animation_delay&quot;:500}\">\n\t\t\t<div class=\"elementor-widget-wrap elementor-element-populated\">\n\t\t\t\t\t\t<div class=\"elementor-element elementor-element-fcedf9c elementor-widget elementor-widget-image\" data-id=\"fcedf9c\" data-element_type=\"widget\" data-widget_type=\"image.default\">\n\t\t\t\t<div class=\"elementor-widget-container\">\n\t\t\t\t\t\t\t\t\t\t\t\t<figure class=\"wp-caption\">\n\t\t\t\t\t\t\t\t\t\t<img fetchpriority=\"high\" decoding=\"async\" width=\"940\" height=\"630\" src=\"https:\/\/www.miyakoshi.eu\/wp-content\/uploads\/2022\/02\/44.jpg\" class=\"attachment-2048x2048 size-2048x2048 wp-image-81\" alt=\"\" srcset=\"https:\/\/www.miyakoshi.eu\/wp-content\/uploads\/2022\/02\/44.jpg 940w, https:\/\/www.miyakoshi.eu\/wp-content\/uploads\/2022\/02\/44-300x201.jpg 300w, https:\/\/www.miyakoshi.eu\/wp-content\/uploads\/2022\/02\/44-768x515.jpg 768w\" sizes=\"(max-width: 940px) 100vw, 940px\" \/>\t\t\t\t\t\t\t\t\t\t\t<figcaption class=\"widget-image-caption wp-caption-text\">Miyakoshi MVF<\/figcaption>\n\t\t\t\t\t\t\t\t\t\t<\/figure>\n\t\t\t\t\t\t\t\t\t<\/div>\n\t\t\t\t<\/div>\n\t\t\t\t\t<\/div>\n\t\t<\/div>\n\t\t\t\t<div class=\"elementor-column elementor-col-50 elementor-top-column elementor-element elementor-element-f3bb056\" data-id=\"f3bb056\" data-element_type=\"column\">\n\t\t\t<div class=\"elementor-widget-wrap elementor-element-populated\">\n\t\t\t\t\t\t<section class=\"elementor-section elementor-inner-section elementor-element elementor-element-2fea972 elementor-section-boxed elementor-section-height-default elementor-section-height-default\" data-id=\"2fea972\" data-element_type=\"section\">\n\t\t\t\t\t\t<div class=\"elementor-container elementor-column-gap-default\">\n\t\t\t\t\t<div class=\"elementor-column elementor-col-100 elementor-inner-column elementor-element elementor-element-807f0f3 elementor-invisible\" data-id=\"807f0f3\" data-element_type=\"column\" data-settings=\"{&quot;animation&quot;:&quot;fadeInRight&quot;,&quot;animation_delay&quot;:1000}\">\n\t\t\t<div class=\"elementor-widget-wrap elementor-element-populated\">\n\t\t\t\t\t\t<div class=\"elementor-element elementor-element-2036271 elementor-absolute elementor-invisible elementor-widget elementor-widget-text-editor\" data-id=\"2036271\" data-element_type=\"widget\" data-settings=\"{&quot;_animation&quot;:&quot;fadeInRight&quot;,&quot;_animation_delay&quot;:500,&quot;_position&quot;:&quot;absolute&quot;}\" data-widget_type=\"text-editor.default\">\n\t\t\t\t<div class=\"elementor-widget-container\">\n\t\t\t\t\t\t\t\t\t<p>La l\u00ednea de prensas para impresi\u00f3n de formulario continuo de Miyakoshi puede imprimir todo tipo de formularios para cualquier organizaci\u00f3n: facturas, listas de inventario, \u00f3rdenes de compra, formularios de cotizaci\u00f3n, informes comerciales y m\u00e1s.<\/p><p><span style=\"font-size: 20px; color: var( --e-global-color-text ); letter-spacing: 0px;\">Las prensas de Miyakoshi ya est\u00e1n siendo utilizadas por cientos de organizaciones por todo el mundo para imprimir sus propias facturas, manifiestos de env\u00edo y otros documentos comerciales importantes.<\/span><\/p>\n<p>Tanto si necesita una producci\u00f3n de gran volum<span style=\"font-size: 20px; color: var( --e-global-color-text ); letter-spacing: 0px;\">e<\/span><span style=\"font-size: 20px; color: var( --e-global-color-text ); letter-spacing: 0px;\">n como estilos personalizados que se ajustan a la imagen de su marca, nuestras prensas duraderas y fiables satisfar\u00e1n sus necesidades.<\/span><\/p>\n<p><\/p>\t\t\t\t\t\t\t\t<\/div>\n\t\t\t\t<\/div>\n\t\t\t\t\t<\/div>\n\t\t<\/div>\n\t\t\t\t\t<\/div>\n\t\t<\/section>\n\t\t\t\t\t<\/div>\n\t\t<\/div>\n\t\t\t\t\t<\/div>\n\t\t<\/section>\n\t\t\t\t<\/div>\n\t\t","protected":false},"excerpt":{"rendered":"<p>Miyakoshi MVF La l\u00ednea de prensas para impresi\u00f3n de formulario continuo de Miyakoshi puede imprimir todo tipo de formularios para cualquier organizaci\u00f3n: facturas, listas de inventario, \u00f3rdenes de compra, formularios de cotizaci\u00f3n, informes comerciales y m\u00e1s. Las prensas de Miyakoshi ya est\u00e1n siendo utilizadas por cientos de organizaciones por todo el mundo para imprimir sus [&hellip;]<\/p>\n","protected":false},"author":2,"featured_media":0,"parent":0,"menu_order":0,"comment_status":"closed","ping_status":"closed","template":"","meta":{"site-sidebar-layout":"no-sidebar","site-content-layout":"page-builder","ast-site-content-layout":"full-width-container","site-content-style":"unboxed","site-sidebar-style":"unboxed","ast-global-header-display":"","ast-banner-title-visibility":"","ast-main-header-display":"","ast-hfb-above-header-display":"","ast-hfb-below-header-display":"","ast-hfb-mobile-header-display":"","site-post-title":"disabled","ast-breadcrumbs-content":"","ast-featured-img":"disabled","footer-sml-layout":"","theme-transparent-header-meta":"default","adv-header-id-meta":"","stick-header-meta":"","header-above-stick-meta":"","header-main-stick-meta":"","header-below-stick-meta":"","astra-migrate-meta-layouts":"set","ast-page-background-enabled":"default","ast-page-background-meta":{"desktop":{"background-color":"","background-image":"","background-repeat":"repeat","background-position":"center center","background-size":"auto","background-attachment":"scroll","background-type":"","background-media":"","overlay-type":"","overlay-color":"","overlay-opacity":"","overlay-gradient":""},"tablet":{"background-color":"","background-image":"","background-repeat":"repeat","background-position":"center center","background-size":"auto","background-attachment":"scroll","background-type":"","background-media":"","overlay-type":"","overlay-color":"","overlay-opacity":"","overlay-gradient":""},"mobile":{"background-color":"","background-image":"","background-repeat":"repeat","background-position":"center center","background-size":"auto","background-attachment":"scroll","background-type":"","background-media":"","overlay-type":"","overlay-color":"","overlay-opacity":"","overlay-gradient":""}},"ast-content-background-meta":{"desktop":{"background-color":"var(--ast-global-color-5)","background-image":"","background-repeat":"repeat","background-position":"center center","background-size":"auto","background-attachment":"scroll","background-type":"","background-media":"","overlay-type":"","overlay-color":"","overlay-opacity":"","overlay-gradient":""},"tablet":{"background-color":"var(--ast-global-color-5)","background-image":"","background-repeat":"repeat","background-position":"center center","background-size":"auto","background-attachment":"scroll","background-type":"","background-media":"","overlay-type":"","overlay-color":"","overlay-opacity":"","overlay-gradient":""},"mobile":{"background-color":"var(--ast-global-color-5)","background-image":"","background-repeat":"repeat","background-position":"center center","background-size":"auto","background-attachment":"scroll","background-type":"","background-media":"","overlay-type":"","overlay-color":"","overlay-opacity":"","overlay-gradient":""}},"footnotes":""},"class_list":["post-5212","page","type-page","status-publish","hentry"],"yoast_head":"<!-- This site is optimized with the Yoast SEO plugin v26.3 - https:\/\/yoast.com\/wordpress\/plugins\/seo\/ -->\n<title>Formulario continuo | Miyakoshi<\/title>\n<meta name=\"robots\" content=\"index, follow, max-snippet:-1, max-image-preview:large, max-video-preview:-1\" \/>\n<link rel=\"canonical\" href=\"https:\/\/www.miyakoshi.eu\/es\/formulario-continuo\/\" \/>\n<meta property=\"og:locale\" content=\"es_ES\" \/>\n<meta property=\"og:type\" content=\"article\" \/>\n<meta property=\"og:title\" content=\"Formulario continuo | Miyakoshi\" \/>\n<meta property=\"og:description\" content=\"Miyakoshi MVF La l\u00ednea de prensas para impresi\u00f3n de formulario continuo de Miyakoshi puede imprimir todo tipo de formularios para cualquier organizaci\u00f3n: facturas, listas de inventario, \u00f3rdenes de compra, formularios de cotizaci\u00f3n, informes comerciales y m\u00e1s. Las prensas de Miyakoshi ya est\u00e1n siendo utilizadas por cientos de organizaciones por todo el mundo para imprimir sus [&hellip;]\" \/>\n<meta property=\"og:url\" content=\"https:\/\/www.miyakoshi.eu\/es\/formulario-continuo\/\" \/>\n<meta property=\"og:site_name\" content=\"Miyakoshi\" \/>\n<meta property=\"article:modified_time\" content=\"2024-11-05T16:21:24+00:00\" \/>\n<meta property=\"og:image\" content=\"https:\/\/www.miyakoshi.eu\/wp-content\/uploads\/2022\/02\/44.jpg\" \/>\n<meta name=\"twitter:card\" content=\"summary_large_image\" \/>\n<meta name=\"twitter:label1\" content=\"Tiempo de lectura\" \/>\n\t<meta name=\"twitter:data1\" content=\"1 minuto\" \/>\n<script type=\"application\/ld+json\" class=\"yoast-schema-graph\">{\"@context\":\"https:\/\/schema.org\",\"@graph\":[{\"@type\":\"WebPage\",\"@id\":\"https:\/\/www.miyakoshi.eu\/es\/formulario-continuo\/\",\"url\":\"https:\/\/www.miyakoshi.eu\/es\/formulario-continuo\/\",\"name\":\"Formulario continuo | Miyakoshi\",\"isPartOf\":{\"@id\":\"https:\/\/www.miyakoshi.eu\/es\/#website\"},\"primaryImageOfPage\":{\"@id\":\"https:\/\/www.miyakoshi.eu\/es\/formulario-continuo\/#primaryimage\"},\"image\":{\"@id\":\"https:\/\/www.miyakoshi.eu\/es\/formulario-continuo\/#primaryimage\"},\"thumbnailUrl\":\"https:\/\/www.miyakoshi.eu\/wp-content\/uploads\/2022\/02\/44.jpg\",\"datePublished\":\"2022-10-21T12:05:34+00:00\",\"dateModified\":\"2024-11-05T16:21:24+00:00\",\"breadcrumb\":{\"@id\":\"https:\/\/www.miyakoshi.eu\/es\/formulario-continuo\/#breadcrumb\"},\"inLanguage\":\"es\",\"potentialAction\":[{\"@type\":\"ReadAction\",\"target\":[\"https:\/\/www.miyakoshi.eu\/es\/formulario-continuo\/\"]}]},{\"@type\":\"ImageObject\",\"inLanguage\":\"es\",\"@id\":\"https:\/\/www.miyakoshi.eu\/es\/formulario-continuo\/#primaryimage\",\"url\":\"https:\/\/www.miyakoshi.eu\/wp-content\/uploads\/2022\/02\/44.jpg\",\"contentUrl\":\"https:\/\/www.miyakoshi.eu\/wp-content\/uploads\/2022\/02\/44.jpg\"},{\"@type\":\"BreadcrumbList\",\"@id\":\"https:\/\/www.miyakoshi.eu\/es\/formulario-continuo\/#breadcrumb\",\"itemListElement\":[{\"@type\":\"ListItem\",\"position\":1,\"name\":\"Portada\",\"item\":\"https:\/\/www.miyakoshi.eu\/es\/\"},{\"@type\":\"ListItem\",\"position\":2,\"name\":\"Formulario continuo\"}]},{\"@type\":\"WebSite\",\"@id\":\"https:\/\/www.miyakoshi.eu\/es\/#website\",\"url\":\"https:\/\/www.miyakoshi.eu\/es\/\",\"name\":\"Miyakoshi\",\"description\":\"Fabricantes japoneses de impresoras offset\",\"publisher\":{\"@id\":\"https:\/\/www.miyakoshi.eu\/es\/#organization\"},\"potentialAction\":[{\"@type\":\"SearchAction\",\"target\":{\"@type\":\"EntryPoint\",\"urlTemplate\":\"https:\/\/www.miyakoshi.eu\/es\/?s={search_term_string}\"},\"query-input\":{\"@type\":\"PropertyValueSpecification\",\"valueRequired\":true,\"valueName\":\"search_term_string\"}}],\"inLanguage\":\"es\"},{\"@type\":\"Organization\",\"@id\":\"https:\/\/www.miyakoshi.eu\/es\/#organization\",\"name\":\"Miyakoshi Europe, S.L.\",\"url\":\"https:\/\/www.miyakoshi.eu\/es\/\",\"logo\":{\"@type\":\"ImageObject\",\"inLanguage\":\"es\",\"@id\":\"https:\/\/www.miyakoshi.eu\/es\/#\/schema\/logo\/image\/\",\"url\":\"https:\/\/www.miyakoshi.eu\/wp-content\/uploads\/2022\/02\/Logo-miyakoshi.svg\",\"contentUrl\":\"https:\/\/www.miyakoshi.eu\/wp-content\/uploads\/2022\/02\/Logo-miyakoshi.svg\",\"width\":483,\"height\":98,\"caption\":\"Miyakoshi Europe, S.L.\"},\"image\":{\"@id\":\"https:\/\/www.miyakoshi.eu\/es\/#\/schema\/logo\/image\/\"},\"sameAs\":[\"https:\/\/www.linkedin.com\/company\/miyakoshieurope\/\"]}]}<\/script>\n<!-- \/ Yoast SEO plugin. -->","yoast_head_json":{"title":"Formulario continuo | Miyakoshi","robots":{"index":"index","follow":"follow","max-snippet":"max-snippet:-1","max-image-preview":"max-image-preview:large","max-video-preview":"max-video-preview:-1"},"canonical":"https:\/\/www.miyakoshi.eu\/es\/formulario-continuo\/","og_locale":"es_ES","og_type":"article","og_title":"Formulario continuo | Miyakoshi","og_description":"Miyakoshi MVF La l\u00ednea de prensas para impresi\u00f3n de formulario continuo de Miyakoshi puede imprimir todo tipo de formularios para cualquier organizaci\u00f3n: facturas, listas de inventario, \u00f3rdenes de compra, formularios de cotizaci\u00f3n, informes comerciales y m\u00e1s. Las prensas de Miyakoshi ya est\u00e1n siendo utilizadas por cientos de organizaciones por todo el mundo para imprimir sus [&hellip;]","og_url":"https:\/\/www.miyakoshi.eu\/es\/formulario-continuo\/","og_site_name":"Miyakoshi","article_modified_time":"2024-11-05T16:21:24+00:00","og_image":[{"url":"https:\/\/www.miyakoshi.eu\/wp-content\/uploads\/2022\/02\/44.jpg","type":"","width":"","height":""}],"twitter_card":"summary_large_image","twitter_misc":{"Tiempo de lectura":"1 minuto"},"schema":{"@context":"https:\/\/schema.org","@graph":[{"@type":"WebPage","@id":"https:\/\/www.miyakoshi.eu\/es\/formulario-continuo\/","url":"https:\/\/www.miyakoshi.eu\/es\/formulario-continuo\/","name":"Formulario continuo | Miyakoshi","isPartOf":{"@id":"https:\/\/www.miyakoshi.eu\/es\/#website"},"primaryImageOfPage":{"@id":"https:\/\/www.miyakoshi.eu\/es\/formulario-continuo\/#primaryimage"},"image":{"@id":"https:\/\/www.miyakoshi.eu\/es\/formulario-continuo\/#primaryimage"},"thumbnailUrl":"https:\/\/www.miyakoshi.eu\/wp-content\/uploads\/2022\/02\/44.jpg","datePublished":"2022-10-21T12:05:34+00:00","dateModified":"2024-11-05T16:21:24+00:00","breadcrumb":{"@id":"https:\/\/www.miyakoshi.eu\/es\/formulario-continuo\/#breadcrumb"},"inLanguage":"es","potentialAction":[{"@type":"ReadAction","target":["https:\/\/www.miyakoshi.eu\/es\/formulario-continuo\/"]}]},{"@type":"ImageObject","inLanguage":"es","@id":"https:\/\/www.miyakoshi.eu\/es\/formulario-continuo\/#primaryimage","url":"https:\/\/www.miyakoshi.eu\/wp-content\/uploads\/2022\/02\/44.jpg","contentUrl":"https:\/\/www.miyakoshi.eu\/wp-content\/uploads\/2022\/02\/44.jpg"},{"@type":"BreadcrumbList","@id":"https:\/\/www.miyakoshi.eu\/es\/formulario-continuo\/#breadcrumb","itemListElement":[{"@type":"ListItem","position":1,"name":"Portada","item":"https:\/\/www.miyakoshi.eu\/es\/"},{"@type":"ListItem","position":2,"name":"Formulario continuo"}]},{"@type":"WebSite","@id":"https:\/\/www.miyakoshi.eu\/es\/#website","url":"https:\/\/www.miyakoshi.eu\/es\/","name":"Miyakoshi","description":"Fabricantes japoneses de impresoras offset","publisher":{"@id":"https:\/\/www.miyakoshi.eu\/es\/#organization"},"potentialAction":[{"@type":"SearchAction","target":{"@type":"EntryPoint","urlTemplate":"https:\/\/www.miyakoshi.eu\/es\/?s={search_term_string}"},"query-input":{"@type":"PropertyValueSpecification","valueRequired":true,"valueName":"search_term_string"}}],"inLanguage":"es"},{"@type":"Organization","@id":"https:\/\/www.miyakoshi.eu\/es\/#organization","name":"Miyakoshi Europe, S.L.","url":"https:\/\/www.miyakoshi.eu\/es\/","logo":{"@type":"ImageObject","inLanguage":"es","@id":"https:\/\/www.miyakoshi.eu\/es\/#\/schema\/logo\/image\/","url":"https:\/\/www.miyakoshi.eu\/wp-content\/uploads\/2022\/02\/Logo-miyakoshi.svg","contentUrl":"https:\/\/www.miyakoshi.eu\/wp-content\/uploads\/2022\/02\/Logo-miyakoshi.svg","width":483,"height":98,"caption":"Miyakoshi Europe, S.L."},"image":{"@id":"https:\/\/www.miyakoshi.eu\/es\/#\/schema\/logo\/image\/"},"sameAs":["https:\/\/www.linkedin.com\/company\/miyakoshieurope\/"]}]}},"acf":[],"_links":{"self":[{"href":"https:\/\/www.miyakoshi.eu\/es\/wp-json\/wp\/v2\/pages\/5212","targetHints":{"allow":["GET"]}}],"collection":[{"href":"https:\/\/www.miyakoshi.eu\/es\/wp-json\/wp\/v2\/pages"}],"about":[{"href":"https:\/\/www.miyakoshi.eu\/es\/wp-json\/wp\/v2\/types\/page"}],"author":[{"embeddable":true,"href":"https:\/\/www.miyakoshi.eu\/es\/wp-json\/wp\/v2\/users\/2"}],"replies":[{"embeddable":true,"href":"https:\/\/www.miyakoshi.eu\/es\/wp-json\/wp\/v2\/comments?post=5212"}],"version-history":[{"count":45,"href":"https:\/\/www.miyakoshi.eu\/es\/wp-json\/wp\/v2\/pages\/5212\/revisions"}],"predecessor-version":[{"id":9422,"href":"https:\/\/www.miyakoshi.eu\/es\/wp-json\/wp\/v2\/pages\/5212\/revisions\/9422"}],"wp:attachment":[{"href":"https:\/\/www.miyakoshi.eu\/es\/wp-json\/wp\/v2\/media?parent=5212"}],"curies":[{"name":"wp","href":"https:\/\/api.w.org\/{rel}","templated":true}]}}