{"id":6223,"date":"2022-11-21T12:41:37","date_gmt":"2022-11-21T12:41:37","guid":{"rendered":"https:\/\/www.miyakoshi.eu\/?page_id=6223"},"modified":"2023-01-18T08:57:51","modified_gmt":"2023-01-18T08:57:51","slug":"regenerador-para-caucho-y-baterias-schwego-damp-8174","status":"publish","type":"page","link":"https:\/\/www.miyakoshi.eu\/es\/regenerador-para-caucho-y-baterias-schwego-damp-8174\/","title":{"rendered":"Regenerador para Caucho y Bater\u00edas \u2013 Schwego\u00ae Damp 8174"},"content":{"rendered":"\t\t<div data-elementor-type=\"wp-page\" data-elementor-id=\"6223\" class=\"elementor elementor-6223\" data-elementor-post-type=\"page\">\n\t\t\t\t\t\t<section class=\"elementor-section elementor-top-section elementor-element elementor-element-7db1941 elementor-section-boxed elementor-section-height-default elementor-section-height-default\" data-id=\"7db1941\" data-element_type=\"section\">\n\t\t\t\t\t\t<div class=\"elementor-container elementor-column-gap-default\">\n\t\t\t\t\t<div class=\"elementor-column elementor-col-100 elementor-top-column elementor-element elementor-element-705e926 animated-slow elementor-invisible\" data-id=\"705e926\" data-element_type=\"column\" data-settings=\"{&quot;animation&quot;:&quot;fadeIn&quot;}\">\n\t\t\t<div class=\"elementor-widget-wrap elementor-element-populated\">\n\t\t\t\t\t\t\t<\/div>\n\t\t<\/div>\n\t\t\t\t\t<\/div>\n\t\t<\/section>\n\t\t\t\t<section class=\"elementor-section elementor-top-section elementor-element elementor-element-a189b9b elementor-section-boxed elementor-section-height-default elementor-section-height-default\" data-id=\"a189b9b\" data-element_type=\"section\">\n\t\t\t\t\t\t<div class=\"elementor-container elementor-column-gap-default\">\n\t\t\t\t\t<div class=\"elementor-column elementor-col-50 elementor-top-column elementor-element elementor-element-c8a3179 animated-slow elementor-invisible\" data-id=\"c8a3179\" data-element_type=\"column\" data-settings=\"{&quot;animation&quot;:&quot;fadeIn&quot;,&quot;animation_delay&quot;:500}\">\n\t\t\t<div class=\"elementor-widget-wrap elementor-element-populated\">\n\t\t\t\t\t\t<div class=\"elementor-element elementor-element-5b1c486 elementor-widget elementor-widget-image\" data-id=\"5b1c486\" data-element_type=\"widget\" data-widget_type=\"image.default\">\n\t\t\t\t<div class=\"elementor-widget-container\">\n\t\t\t\t\t\t\t\t\t\t\t\t\t\t\t<img fetchpriority=\"high\" decoding=\"async\" width=\"1668\" height=\"1668\" src=\"https:\/\/www.miyakoshi.eu\/wp-content\/uploads\/2022\/11\/8174reducida.jpg\" class=\"attachment-full size-full wp-image-6226\" alt=\"\" srcset=\"https:\/\/www.miyakoshi.eu\/wp-content\/uploads\/2022\/11\/8174reducida.jpg 1668w, https:\/\/www.miyakoshi.eu\/wp-content\/uploads\/2022\/11\/8174reducida-300x300.jpg 300w, https:\/\/www.miyakoshi.eu\/wp-content\/uploads\/2022\/11\/8174reducida-1024x1024.jpg 1024w, https:\/\/www.miyakoshi.eu\/wp-content\/uploads\/2022\/11\/8174reducida-150x150.jpg 150w, https:\/\/www.miyakoshi.eu\/wp-content\/uploads\/2022\/11\/8174reducida-768x768.jpg 768w, https:\/\/www.miyakoshi.eu\/wp-content\/uploads\/2022\/11\/8174reducida-1536x1536.jpg 1536w\" sizes=\"(max-width: 1668px) 100vw, 1668px\" \/>\t\t\t\t\t\t\t\t\t\t\t\t\t\t\t<\/div>\n\t\t\t\t<\/div>\n\t\t\t\t\t<\/div>\n\t\t<\/div>\n\t\t\t\t<div class=\"elementor-column elementor-col-50 elementor-top-column elementor-element elementor-element-f4cda0c animated-slow elementor-invisible\" data-id=\"f4cda0c\" data-element_type=\"column\" data-settings=\"{&quot;animation&quot;:&quot;fadeIn&quot;,&quot;animation_delay&quot;:1000}\">\n\t\t\t<div class=\"elementor-widget-wrap elementor-element-populated\">\n\t\t\t\t\t\t<div class=\"elementor-element elementor-element-fa79b0a elementor-widget elementor-widget-text-editor\" data-id=\"fa79b0a\" data-element_type=\"widget\" data-widget_type=\"text-editor.default\">\n\t\t\t\t<div class=\"elementor-widget-container\">\n\t\t\t\t\t\t\t\t\t<div><div><span style=\"font-size: 20px; font-style: normal; font-weight: 700; color: var( --e-global-color-secondary );\">Schwego\u00ae<\/span><strong>&nbsp;damp 8174<\/strong>&nbsp; es un agente limpiador y desengrasante de secado r\u00e1pido para todos los rodillos de amortiguaci\u00f3n en sistemas de amortiguaci\u00f3n de alimentaci\u00f3n continua.<\/div>\n<div>&nbsp;<\/div>\n<div>Elimina dep\u00f3sitos aceitosos como residuos de tinta y soluci\u00f3n de lavado y regenera la superficie hidr\u00f3fila de los rodillos de amortiguaci\u00f3n.<\/div>\n<div>&nbsp;<\/div>\n<div>Debido al proceso de secado r\u00e1pido y sin residuos, no se depositan residuos en el agua de la fuente si el producto se usa correctamente.<\/div>\n<div>&nbsp;<\/div>\n<div><strong>Propiedades:<\/strong><\/div>\n<div>&nbsp;<\/div>\n<div>\u2013 Profunda limpieza.<br>\u2013 Los cauchos y rodillos de goma recobran su agarre y suavidad.<br>\u2013 Alarga la vida de cauchos y rodillos.<br>\u2013 No varia su dureza ni produce hinchamiento.<br>\u2013 Se incrementa la aceptaci\u00f3n de tinta y agua.<br>\u2013 No deja residuos grasientos.<br>\u2013 <b>Schwego\u00ae Damp 8174<\/b> no contiene hidrocarbonos clorados ni arom\u00e1ticos.<\/div>\n<div>\u2013Certification ISEGA<\/div>\n<div>\u2013Punto de inflamabilidad: &lt;5\u00b0C<\/div>\n<div>\u2013<span style=\"font-weight: 700; font-size: 20px; font-style: normal;\">Schwego\u00ae<\/span><b>&nbsp;dump 8174<\/b> generalmente se puede utilizar en todos los materiales en caso de suciedad intensa por tinta de impresi\u00f3n.<br>\u2013Sujeto a un almacenamiento adecuado, las propiedades descritas de&nbsp;<span style=\"font-weight: 700; font-size: 20px; font-style: normal;\">Schwego\u00ae<\/span><b>&nbsp;dump 8174<\/b> se mantienen estables durante al menos 24 meses.<\/div>\n<div>\n<div style=\"font-size: 20px; font-style: normal; font-weight: 400;\">&nbsp;<\/div>\n<\/div>\n<h4><strong>Modo de uso:<\/strong><\/h4>\n<h4>1. Limpieza de caucho y mojadores: aplicar <b>Schwego\u00ae Damp 8174<\/b> con un trapo o esponja una o dos veces al d\u00eda.<strong><br><\/strong><\/h4>\n<h4>2. Limpieza de rodillos de tinta: tras limpiar los rodillos, aplicar <b>Schwego\u00ae Damp 8174<\/b>.<\/h4>\n<div><strong>Embalaje:&nbsp; &nbsp;<\/strong><span style=\"font-size: 20px; color: var( --e-global-color-secondary );\">Botella de 1 L \u00b7 Bid\u00f3n de 200 L<\/span><\/div>\n<h6>&nbsp;<\/h6>\n<h6>*Producto para uso industrial. Se recomienda descargar Ficha t\u00e9cnica y Ficha de seguridad del producto.<br>**La fotograf\u00eda del producto puede diferir en funci\u00f3n de la selecci\u00f3n de los atributos o por actualizaci\u00f3n de envase o embalaje.<\/h6>\n<\/div>\n<div>\n<div dir=\"ltr\" lang=\"es-ES\" role=\"form\">&nbsp;<\/div>\n<\/div>\t\t\t\t\t\t\t\t<\/div>\n\t\t\t\t<\/div>\n\t\t\t\t<div class=\"elementor-element elementor-element-34c1587 elementor-button-info elementor-align-center e-transform elementor-widget elementor-widget-button\" data-id=\"34c1587\" data-element_type=\"widget\" data-settings=\"{&quot;_transform_scale_effect_hover&quot;:{&quot;unit&quot;:&quot;px&quot;,&quot;size&quot;:1.1,&quot;sizes&quot;:[]},&quot;_transform_scale_effect_hover_tablet_extra&quot;:{&quot;unit&quot;:&quot;px&quot;,&quot;size&quot;:&quot;&quot;,&quot;sizes&quot;:[]},&quot;_transform_scale_effect_hover_tablet&quot;:{&quot;unit&quot;:&quot;px&quot;,&quot;size&quot;:&quot;&quot;,&quot;sizes&quot;:[]},&quot;_transform_scale_effect_hover_mobile&quot;:{&quot;unit&quot;:&quot;px&quot;,&quot;size&quot;:&quot;&quot;,&quot;sizes&quot;:[]}}\" data-widget_type=\"button.default\">\n\t\t\t\t<div class=\"elementor-widget-container\">\n\t\t\t\t\t\t\t\t\t<div class=\"elementor-button-wrapper\">\n\t\t\t\t\t<a class=\"elementor-button elementor-button-link elementor-size-sm\" href=\"https:\/\/www.miyakoshi.eu\/es\/contacto\/\" target=\"_blank\">\n\t\t\t\t\t\t<span class=\"elementor-button-content-wrapper\">\n\t\t\t\t\t\t\t\t\t<span class=\"elementor-button-text\">Solicite informaci\u00f3n<\/span>\n\t\t\t\t\t<\/span>\n\t\t\t\t\t<\/a>\n\t\t\t\t<\/div>\n\t\t\t\t\t\t\t\t<\/div>\n\t\t\t\t<\/div>\n\t\t\t\t<div class=\"elementor-element elementor-element-07cd879 elementor-share-buttons--view-icon elementor-share-buttons--shape-circle elementor-share-buttons--skin-gradient elementor-grid-0 elementor-share-buttons--color-official elementor-widget elementor-widget-share-buttons\" data-id=\"07cd879\" data-element_type=\"widget\" data-widget_type=\"share-buttons.default\">\n\t\t\t\t<div class=\"elementor-widget-container\">\n\t\t\t\t\t\t\t<div class=\"elementor-grid\" role=\"list\">\n\t\t\t\t\t\t\t\t<div class=\"elementor-grid-item\" role=\"listitem\">\n\t\t\t\t\t\t<div class=\"elementor-share-btn elementor-share-btn_email\" role=\"button\" tabindex=\"0\" aria-label=\"Compartir en email\">\n\t\t\t\t\t\t\t\t\t\t\t\t\t\t\t<span class=\"elementor-share-btn__icon\">\n\t\t\t\t\t\t\t\t<i class=\"fas fa-envelope\" aria-hidden=\"true\"><\/i>\t\t\t\t\t\t\t<\/span>\n\t\t\t\t\t\t\t\t\t\t\t\t\t\t\t\t\t\t\t\t<\/div>\n\t\t\t\t\t<\/div>\n\t\t\t\t\t\t\t\t\t<div class=\"elementor-grid-item\" role=\"listitem\">\n\t\t\t\t\t\t<div class=\"elementor-share-btn elementor-share-btn_whatsapp\" role=\"button\" tabindex=\"0\" aria-label=\"Compartir en whatsapp\">\n\t\t\t\t\t\t\t\t\t\t\t\t\t\t\t<span class=\"elementor-share-btn__icon\">\n\t\t\t\t\t\t\t\t<i class=\"fab fa-whatsapp\" aria-hidden=\"true\"><\/i>\t\t\t\t\t\t\t<\/span>\n\t\t\t\t\t\t\t\t\t\t\t\t\t\t\t\t\t\t\t\t<\/div>\n\t\t\t\t\t<\/div>\n\t\t\t\t\t\t\t\t\t<div class=\"elementor-grid-item\" role=\"listitem\">\n\t\t\t\t\t\t<div class=\"elementor-share-btn elementor-share-btn_linkedin\" role=\"button\" tabindex=\"0\" aria-label=\"Compartir en linkedin\">\n\t\t\t\t\t\t\t\t\t\t\t\t\t\t\t<span class=\"elementor-share-btn__icon\">\n\t\t\t\t\t\t\t\t<i class=\"fab fa-linkedin\" aria-hidden=\"true\"><\/i>\t\t\t\t\t\t\t<\/span>\n\t\t\t\t\t\t\t\t\t\t\t\t\t\t\t\t\t\t\t\t<\/div>\n\t\t\t\t\t<\/div>\n\t\t\t\t\t\t\t\t\t<div class=\"elementor-grid-item\" role=\"listitem\">\n\t\t\t\t\t\t<div class=\"elementor-share-btn elementor-share-btn_pinterest\" role=\"button\" tabindex=\"0\" aria-label=\"Compartir en pinterest\">\n\t\t\t\t\t\t\t\t\t\t\t\t\t\t\t<span class=\"elementor-share-btn__icon\">\n\t\t\t\t\t\t\t\t<i class=\"fab fa-pinterest\" aria-hidden=\"true\"><\/i>\t\t\t\t\t\t\t<\/span>\n\t\t\t\t\t\t\t\t\t\t\t\t\t\t\t\t\t\t\t\t<\/div>\n\t\t\t\t\t<\/div>\n\t\t\t\t\t\t\t\t\t<div class=\"elementor-grid-item\" role=\"listitem\">\n\t\t\t\t\t\t<div class=\"elementor-share-btn elementor-share-btn_facebook\" role=\"button\" tabindex=\"0\" aria-label=\"Compartir en facebook\">\n\t\t\t\t\t\t\t\t\t\t\t\t\t\t\t<span class=\"elementor-share-btn__icon\">\n\t\t\t\t\t\t\t\t<i class=\"fab fa-facebook\" aria-hidden=\"true\"><\/i>\t\t\t\t\t\t\t<\/span>\n\t\t\t\t\t\t\t\t\t\t\t\t\t\t\t\t\t\t\t\t<\/div>\n\t\t\t\t\t<\/div>\n\t\t\t\t\t\t\t\t\t<div class=\"elementor-grid-item\" role=\"listitem\">\n\t\t\t\t\t\t<div class=\"elementor-share-btn elementor-share-btn_twitter\" role=\"button\" tabindex=\"0\" aria-label=\"Compartir en twitter\">\n\t\t\t\t\t\t\t\t\t\t\t\t\t\t\t<span class=\"elementor-share-btn__icon\">\n\t\t\t\t\t\t\t\t<i class=\"fab fa-twitter\" aria-hidden=\"true\"><\/i>\t\t\t\t\t\t\t<\/span>\n\t\t\t\t\t\t\t\t\t\t\t\t\t\t\t\t\t\t\t\t<\/div>\n\t\t\t\t\t<\/div>\n\t\t\t\t\t\t<\/div>\n\t\t\t\t\t\t<\/div>\n\t\t\t\t<\/div>\n\t\t\t\t\t<\/div>\n\t\t<\/div>\n\t\t\t\t\t<\/div>\n\t\t<\/section>\n\t\t\t\t<\/div>\n\t\t","protected":false},"excerpt":{"rendered":"<p>Schwego\u00ae&nbsp;damp 8174&nbsp; es un agente limpiador y desengrasante de secado r\u00e1pido para todos los rodillos de amortiguaci\u00f3n en sistemas de amortiguaci\u00f3n de alimentaci\u00f3n continua. &nbsp; Elimina dep\u00f3sitos aceitosos como residuos de tinta y soluci\u00f3n de lavado y regenera la superficie hidr\u00f3fila de los rodillos de amortiguaci\u00f3n. &nbsp; Debido al proceso de secado r\u00e1pido y sin [&hellip;]<\/p>\n","protected":false},"author":2,"featured_media":0,"parent":0,"menu_order":0,"comment_status":"closed","ping_status":"closed","template":"","meta":{"site-sidebar-layout":"no-sidebar","site-content-layout":"page-builder","ast-site-content-layout":"default","site-content-style":"default","site-sidebar-style":"default","ast-global-header-display":"","ast-banner-title-visibility":"","ast-main-header-display":"","ast-hfb-above-header-display":"","ast-hfb-below-header-display":"","ast-hfb-mobile-header-display":"","site-post-title":"disabled","ast-breadcrumbs-content":"","ast-featured-img":"disabled","footer-sml-layout":"","theme-transparent-header-meta":"default","adv-header-id-meta":"","stick-header-meta":"","header-above-stick-meta":"","header-main-stick-meta":"","header-below-stick-meta":"","astra-migrate-meta-layouts":"default","ast-page-background-enabled":"default","ast-page-background-meta":{"desktop":{"background-color":"","background-image":"","background-repeat":"repeat","background-position":"center center","background-size":"auto","background-attachment":"scroll","background-type":"","background-media":"","overlay-type":"","overlay-color":"","overlay-opacity":"","overlay-gradient":""},"tablet":{"background-color":"","background-image":"","background-repeat":"repeat","background-position":"center center","background-size":"auto","background-attachment":"scroll","background-type":"","background-media":"","overlay-type":"","overlay-color":"","overlay-opacity":"","overlay-gradient":""},"mobile":{"background-color":"","background-image":"","background-repeat":"repeat","background-position":"center center","background-size":"auto","background-attachment":"scroll","background-type":"","background-media":"","overlay-type":"","overlay-color":"","overlay-opacity":"","overlay-gradient":""}},"ast-content-background-meta":{"desktop":{"background-color":"var(--ast-global-color-5)","background-image":"","background-repeat":"repeat","background-position":"center center","background-size":"auto","background-attachment":"scroll","background-type":"","background-media":"","overlay-type":"","overlay-color":"","overlay-opacity":"","overlay-gradient":""},"tablet":{"background-color":"var(--ast-global-color-5)","background-image":"","background-repeat":"repeat","background-position":"center center","background-size":"auto","background-attachment":"scroll","background-type":"","background-media":"","overlay-type":"","overlay-color":"","overlay-opacity":"","overlay-gradient":""},"mobile":{"background-color":"var(--ast-global-color-5)","background-image":"","background-repeat":"repeat","background-position":"center center","background-size":"auto","background-attachment":"scroll","background-type":"","background-media":"","overlay-type":"","overlay-color":"","overlay-opacity":"","overlay-gradient":""}},"footnotes":""},"class_list":["post-6223","page","type-page","status-publish","hentry"],"yoast_head":"<!-- This site is optimized with the Yoast SEO plugin v26.3 - https:\/\/yoast.com\/wordpress\/plugins\/seo\/ -->\n<title>Regenerador para Caucho y Bater\u00edas \u2013 Schwego\u00ae Damp 8174 | Miyakoshi<\/title>\n<meta name=\"robots\" content=\"index, follow, max-snippet:-1, max-image-preview:large, max-video-preview:-1\" \/>\n<link rel=\"canonical\" href=\"https:\/\/www.miyakoshi.eu\/es\/regenerador-para-caucho-y-baterias-schwego-damp-8174\/\" \/>\n<meta property=\"og:locale\" content=\"es_ES\" \/>\n<meta property=\"og:type\" content=\"article\" \/>\n<meta property=\"og:title\" content=\"Regenerador para Caucho y Bater\u00edas \u2013 Schwego\u00ae Damp 8174 | Miyakoshi\" \/>\n<meta property=\"og:description\" content=\"Schwego\u00ae&nbsp;damp 8174&nbsp; es un agente limpiador y desengrasante de secado r\u00e1pido para todos los rodillos de amortiguaci\u00f3n en sistemas de amortiguaci\u00f3n de alimentaci\u00f3n continua. &nbsp; Elimina dep\u00f3sitos aceitosos como residuos de tinta y soluci\u00f3n de lavado y regenera la superficie hidr\u00f3fila de los rodillos de amortiguaci\u00f3n. &nbsp; Debido al proceso de secado r\u00e1pido y sin [&hellip;]\" \/>\n<meta property=\"og:url\" content=\"https:\/\/www.miyakoshi.eu\/es\/regenerador-para-caucho-y-baterias-schwego-damp-8174\/\" \/>\n<meta property=\"og:site_name\" content=\"Miyakoshi\" \/>\n<meta property=\"article:modified_time\" content=\"2023-01-18T08:57:51+00:00\" \/>\n<meta property=\"og:image\" content=\"https:\/\/www.miyakoshi.eu\/wp-content\/uploads\/2022\/11\/8174reducida.jpg\" \/>\n<meta name=\"twitter:card\" content=\"summary_large_image\" \/>\n<meta name=\"twitter:label1\" content=\"Tiempo de lectura\" \/>\n\t<meta name=\"twitter:data1\" content=\"2 minutos\" \/>\n<script type=\"application\/ld+json\" class=\"yoast-schema-graph\">{\"@context\":\"https:\/\/schema.org\",\"@graph\":[{\"@type\":\"WebPage\",\"@id\":\"https:\/\/www.miyakoshi.eu\/es\/regenerador-para-caucho-y-baterias-schwego-damp-8174\/\",\"url\":\"https:\/\/www.miyakoshi.eu\/es\/regenerador-para-caucho-y-baterias-schwego-damp-8174\/\",\"name\":\"Regenerador para Caucho y Bater\u00edas \u2013 Schwego\u00ae Damp 8174 | Miyakoshi\",\"isPartOf\":{\"@id\":\"https:\/\/www.miyakoshi.eu\/es\/#website\"},\"primaryImageOfPage\":{\"@id\":\"https:\/\/www.miyakoshi.eu\/es\/regenerador-para-caucho-y-baterias-schwego-damp-8174\/#primaryimage\"},\"image\":{\"@id\":\"https:\/\/www.miyakoshi.eu\/es\/regenerador-para-caucho-y-baterias-schwego-damp-8174\/#primaryimage\"},\"thumbnailUrl\":\"https:\/\/www.miyakoshi.eu\/wp-content\/uploads\/2022\/11\/8174reducida.jpg\",\"datePublished\":\"2022-11-21T12:41:37+00:00\",\"dateModified\":\"2023-01-18T08:57:51+00:00\",\"breadcrumb\":{\"@id\":\"https:\/\/www.miyakoshi.eu\/es\/regenerador-para-caucho-y-baterias-schwego-damp-8174\/#breadcrumb\"},\"inLanguage\":\"es\",\"potentialAction\":[{\"@type\":\"ReadAction\",\"target\":[\"https:\/\/www.miyakoshi.eu\/es\/regenerador-para-caucho-y-baterias-schwego-damp-8174\/\"]}]},{\"@type\":\"ImageObject\",\"inLanguage\":\"es\",\"@id\":\"https:\/\/www.miyakoshi.eu\/es\/regenerador-para-caucho-y-baterias-schwego-damp-8174\/#primaryimage\",\"url\":\"https:\/\/www.miyakoshi.eu\/wp-content\/uploads\/2022\/11\/8174reducida.jpg\",\"contentUrl\":\"https:\/\/www.miyakoshi.eu\/wp-content\/uploads\/2022\/11\/8174reducida.jpg\"},{\"@type\":\"BreadcrumbList\",\"@id\":\"https:\/\/www.miyakoshi.eu\/es\/regenerador-para-caucho-y-baterias-schwego-damp-8174\/#breadcrumb\",\"itemListElement\":[{\"@type\":\"ListItem\",\"position\":1,\"name\":\"Portada\",\"item\":\"https:\/\/www.miyakoshi.eu\/es\/\"},{\"@type\":\"ListItem\",\"position\":2,\"name\":\"Regenerador para Caucho y Bater\u00edas \u2013 Schwego\u00ae Damp 8174\"}]},{\"@type\":\"WebSite\",\"@id\":\"https:\/\/www.miyakoshi.eu\/es\/#website\",\"url\":\"https:\/\/www.miyakoshi.eu\/es\/\",\"name\":\"Miyakoshi\",\"description\":\"Fabricantes japoneses de impresoras offset\",\"publisher\":{\"@id\":\"https:\/\/www.miyakoshi.eu\/es\/#organization\"},\"potentialAction\":[{\"@type\":\"SearchAction\",\"target\":{\"@type\":\"EntryPoint\",\"urlTemplate\":\"https:\/\/www.miyakoshi.eu\/es\/?s={search_term_string}\"},\"query-input\":{\"@type\":\"PropertyValueSpecification\",\"valueRequired\":true,\"valueName\":\"search_term_string\"}}],\"inLanguage\":\"es\"},{\"@type\":\"Organization\",\"@id\":\"https:\/\/www.miyakoshi.eu\/es\/#organization\",\"name\":\"Miyakoshi Europe, S.L.\",\"url\":\"https:\/\/www.miyakoshi.eu\/es\/\",\"logo\":{\"@type\":\"ImageObject\",\"inLanguage\":\"es\",\"@id\":\"https:\/\/www.miyakoshi.eu\/es\/#\/schema\/logo\/image\/\",\"url\":\"https:\/\/www.miyakoshi.eu\/wp-content\/uploads\/2022\/02\/Logo-miyakoshi.svg\",\"contentUrl\":\"https:\/\/www.miyakoshi.eu\/wp-content\/uploads\/2022\/02\/Logo-miyakoshi.svg\",\"width\":483,\"height\":98,\"caption\":\"Miyakoshi Europe, S.L.\"},\"image\":{\"@id\":\"https:\/\/www.miyakoshi.eu\/es\/#\/schema\/logo\/image\/\"},\"sameAs\":[\"https:\/\/www.linkedin.com\/company\/miyakoshieurope\/\"]}]}<\/script>\n<!-- \/ Yoast SEO plugin. -->","yoast_head_json":{"title":"Regenerador para Caucho y Bater\u00edas \u2013 Schwego\u00ae Damp 8174 | Miyakoshi","robots":{"index":"index","follow":"follow","max-snippet":"max-snippet:-1","max-image-preview":"max-image-preview:large","max-video-preview":"max-video-preview:-1"},"canonical":"https:\/\/www.miyakoshi.eu\/es\/regenerador-para-caucho-y-baterias-schwego-damp-8174\/","og_locale":"es_ES","og_type":"article","og_title":"Regenerador para Caucho y Bater\u00edas \u2013 Schwego\u00ae Damp 8174 | Miyakoshi","og_description":"Schwego\u00ae&nbsp;damp 8174&nbsp; es un agente limpiador y desengrasante de secado r\u00e1pido para todos los rodillos de amortiguaci\u00f3n en sistemas de amortiguaci\u00f3n de alimentaci\u00f3n continua. &nbsp; Elimina dep\u00f3sitos aceitosos como residuos de tinta y soluci\u00f3n de lavado y regenera la superficie hidr\u00f3fila de los rodillos de amortiguaci\u00f3n. &nbsp; Debido al proceso de secado r\u00e1pido y sin [&hellip;]","og_url":"https:\/\/www.miyakoshi.eu\/es\/regenerador-para-caucho-y-baterias-schwego-damp-8174\/","og_site_name":"Miyakoshi","article_modified_time":"2023-01-18T08:57:51+00:00","og_image":[{"url":"https:\/\/www.miyakoshi.eu\/wp-content\/uploads\/2022\/11\/8174reducida.jpg","type":"","width":"","height":""}],"twitter_card":"summary_large_image","twitter_misc":{"Tiempo de lectura":"2 minutos"},"schema":{"@context":"https:\/\/schema.org","@graph":[{"@type":"WebPage","@id":"https:\/\/www.miyakoshi.eu\/es\/regenerador-para-caucho-y-baterias-schwego-damp-8174\/","url":"https:\/\/www.miyakoshi.eu\/es\/regenerador-para-caucho-y-baterias-schwego-damp-8174\/","name":"Regenerador para Caucho y Bater\u00edas \u2013 Schwego\u00ae Damp 8174 | Miyakoshi","isPartOf":{"@id":"https:\/\/www.miyakoshi.eu\/es\/#website"},"primaryImageOfPage":{"@id":"https:\/\/www.miyakoshi.eu\/es\/regenerador-para-caucho-y-baterias-schwego-damp-8174\/#primaryimage"},"image":{"@id":"https:\/\/www.miyakoshi.eu\/es\/regenerador-para-caucho-y-baterias-schwego-damp-8174\/#primaryimage"},"thumbnailUrl":"https:\/\/www.miyakoshi.eu\/wp-content\/uploads\/2022\/11\/8174reducida.jpg","datePublished":"2022-11-21T12:41:37+00:00","dateModified":"2023-01-18T08:57:51+00:00","breadcrumb":{"@id":"https:\/\/www.miyakoshi.eu\/es\/regenerador-para-caucho-y-baterias-schwego-damp-8174\/#breadcrumb"},"inLanguage":"es","potentialAction":[{"@type":"ReadAction","target":["https:\/\/www.miyakoshi.eu\/es\/regenerador-para-caucho-y-baterias-schwego-damp-8174\/"]}]},{"@type":"ImageObject","inLanguage":"es","@id":"https:\/\/www.miyakoshi.eu\/es\/regenerador-para-caucho-y-baterias-schwego-damp-8174\/#primaryimage","url":"https:\/\/www.miyakoshi.eu\/wp-content\/uploads\/2022\/11\/8174reducida.jpg","contentUrl":"https:\/\/www.miyakoshi.eu\/wp-content\/uploads\/2022\/11\/8174reducida.jpg"},{"@type":"BreadcrumbList","@id":"https:\/\/www.miyakoshi.eu\/es\/regenerador-para-caucho-y-baterias-schwego-damp-8174\/#breadcrumb","itemListElement":[{"@type":"ListItem","position":1,"name":"Portada","item":"https:\/\/www.miyakoshi.eu\/es\/"},{"@type":"ListItem","position":2,"name":"Regenerador para Caucho y Bater\u00edas \u2013 Schwego\u00ae Damp 8174"}]},{"@type":"WebSite","@id":"https:\/\/www.miyakoshi.eu\/es\/#website","url":"https:\/\/www.miyakoshi.eu\/es\/","name":"Miyakoshi","description":"Fabricantes japoneses de impresoras offset","publisher":{"@id":"https:\/\/www.miyakoshi.eu\/es\/#organization"},"potentialAction":[{"@type":"SearchAction","target":{"@type":"EntryPoint","urlTemplate":"https:\/\/www.miyakoshi.eu\/es\/?s={search_term_string}"},"query-input":{"@type":"PropertyValueSpecification","valueRequired":true,"valueName":"search_term_string"}}],"inLanguage":"es"},{"@type":"Organization","@id":"https:\/\/www.miyakoshi.eu\/es\/#organization","name":"Miyakoshi Europe, S.L.","url":"https:\/\/www.miyakoshi.eu\/es\/","logo":{"@type":"ImageObject","inLanguage":"es","@id":"https:\/\/www.miyakoshi.eu\/es\/#\/schema\/logo\/image\/","url":"https:\/\/www.miyakoshi.eu\/wp-content\/uploads\/2022\/02\/Logo-miyakoshi.svg","contentUrl":"https:\/\/www.miyakoshi.eu\/wp-content\/uploads\/2022\/02\/Logo-miyakoshi.svg","width":483,"height":98,"caption":"Miyakoshi Europe, S.L."},"image":{"@id":"https:\/\/www.miyakoshi.eu\/es\/#\/schema\/logo\/image\/"},"sameAs":["https:\/\/www.linkedin.com\/company\/miyakoshieurope\/"]}]}},"acf":[],"_links":{"self":[{"href":"https:\/\/www.miyakoshi.eu\/es\/wp-json\/wp\/v2\/pages\/6223","targetHints":{"allow":["GET"]}}],"collection":[{"href":"https:\/\/www.miyakoshi.eu\/es\/wp-json\/wp\/v2\/pages"}],"about":[{"href":"https:\/\/www.miyakoshi.eu\/es\/wp-json\/wp\/v2\/types\/page"}],"author":[{"embeddable":true,"href":"https:\/\/www.miyakoshi.eu\/es\/wp-json\/wp\/v2\/users\/2"}],"replies":[{"embeddable":true,"href":"https:\/\/www.miyakoshi.eu\/es\/wp-json\/wp\/v2\/comments?post=6223"}],"version-history":[{"count":19,"href":"https:\/\/www.miyakoshi.eu\/es\/wp-json\/wp\/v2\/pages\/6223\/revisions"}],"predecessor-version":[{"id":7875,"href":"https:\/\/www.miyakoshi.eu\/es\/wp-json\/wp\/v2\/pages\/6223\/revisions\/7875"}],"wp:attachment":[{"href":"https:\/\/www.miyakoshi.eu\/es\/wp-json\/wp\/v2\/media?parent=6223"}],"curies":[{"name":"wp","href":"https:\/\/api.w.org\/{rel}","templated":true}]}}