{"id":6262,"date":"2022-11-21T16:43:11","date_gmt":"2022-11-21T16:43:11","guid":{"rendered":"https:\/\/www.miyakoshi.eu\/?page_id=6262"},"modified":"2023-01-17T16:22:04","modified_gmt":"2023-01-17T16:22:04","slug":"descalcificador-de-baterias-rapid-optimat-8822","status":"publish","type":"page","link":"https:\/\/www.miyakoshi.eu\/es\/descalcificador-de-baterias-rapid-optimat-8822\/","title":{"rendered":"Descalcificador de Bater\u00edas \u2013 Rapid Optimat 8822"},"content":{"rendered":"\t\t<div data-elementor-type=\"wp-page\" data-elementor-id=\"6262\" class=\"elementor elementor-6262\" data-elementor-post-type=\"page\">\n\t\t\t\t\t\t<section class=\"elementor-section elementor-top-section elementor-element elementor-element-4ded91d elementor-section-boxed elementor-section-height-default elementor-section-height-default\" data-id=\"4ded91d\" data-element_type=\"section\">\n\t\t\t\t\t\t<div class=\"elementor-container elementor-column-gap-default\">\n\t\t\t\t\t<div class=\"elementor-column elementor-col-100 elementor-top-column elementor-element elementor-element-967f1f3 animated-slow elementor-invisible\" data-id=\"967f1f3\" data-element_type=\"column\" data-settings=\"{&quot;animation&quot;:&quot;fadeIn&quot;}\">\n\t\t\t<div class=\"elementor-widget-wrap elementor-element-populated\">\n\t\t\t\t\t\t\t<\/div>\n\t\t<\/div>\n\t\t\t\t\t<\/div>\n\t\t<\/section>\n\t\t\t\t<section class=\"elementor-section elementor-top-section elementor-element elementor-element-a832695 elementor-section-boxed elementor-section-height-default elementor-section-height-default\" data-id=\"a832695\" data-element_type=\"section\">\n\t\t\t\t\t\t<div class=\"elementor-container elementor-column-gap-default\">\n\t\t\t\t\t<div class=\"elementor-column elementor-col-50 elementor-top-column elementor-element elementor-element-7721d83 animated-slow elementor-invisible\" data-id=\"7721d83\" data-element_type=\"column\" data-settings=\"{&quot;animation&quot;:&quot;fadeIn&quot;,&quot;animation_delay&quot;:500}\">\n\t\t\t<div class=\"elementor-widget-wrap elementor-element-populated\">\n\t\t\t\t\t\t<div class=\"elementor-element elementor-element-6f865b6 elementor-widget elementor-widget-image\" data-id=\"6f865b6\" data-element_type=\"widget\" data-widget_type=\"image.default\">\n\t\t\t\t<div class=\"elementor-widget-container\">\n\t\t\t\t\t\t\t\t\t\t\t\t\t\t\t<img fetchpriority=\"high\" decoding=\"async\" width=\"768\" height=\"768\" src=\"https:\/\/www.miyakoshi.eu\/wp-content\/uploads\/2022\/11\/8822reducida-768x768-1.jpg\" class=\"attachment-full size-full wp-image-5718\" alt=\"\" srcset=\"https:\/\/www.miyakoshi.eu\/wp-content\/uploads\/2022\/11\/8822reducida-768x768-1.jpg 768w, https:\/\/www.miyakoshi.eu\/wp-content\/uploads\/2022\/11\/8822reducida-768x768-1-300x300.jpg 300w, https:\/\/www.miyakoshi.eu\/wp-content\/uploads\/2022\/11\/8822reducida-768x768-1-150x150.jpg 150w\" sizes=\"(max-width: 768px) 100vw, 768px\" \/>\t\t\t\t\t\t\t\t\t\t\t\t\t\t\t<\/div>\n\t\t\t\t<\/div>\n\t\t\t\t\t<\/div>\n\t\t<\/div>\n\t\t\t\t<div class=\"elementor-column elementor-col-50 elementor-top-column elementor-element elementor-element-337c3e5 animated-slow elementor-invisible\" data-id=\"337c3e5\" data-element_type=\"column\" data-settings=\"{&quot;animation&quot;:&quot;fadeIn&quot;,&quot;animation_delay&quot;:1000}\">\n\t\t\t<div class=\"elementor-widget-wrap elementor-element-populated\">\n\t\t\t\t\t\t<div class=\"elementor-element elementor-element-9abba98 elementor-widget elementor-widget-text-editor\" data-id=\"9abba98\" data-element_type=\"widget\" data-widget_type=\"text-editor.default\">\n\t\t\t\t<div class=\"elementor-widget-container\">\n\t\t\t\t\t\t\t\t\t<div class=\"product-short-description\"><p><span style=\"font-size: 20px; color: var( --e-global-color-secondary );\">Rapid Optimat 8822 es un solvente biol\u00f3gico del calcio en el agua, basado en la eliminaci\u00f3n de sal y calcio depositado en los rodillos mojadores y entintadores. El descalcificador tiene un efecto renovador en la pel\u00edcula de tinta y agua.<\/span><\/p><p><b>Propiedades:<\/b><\/p><p>\u2022 La acci\u00f3n limpiadora se efect\u00faa por una superficie mejor humectada.<br \/>\u2022 Libre de hidrocarburos clorinados\/clorofluorocarbonos y componentes arom\u00e1ticos.<br \/>\u2022 No sujeto a clasificaci\u00f3n.<br \/>\u2022 Aceptable para ambiente y usuario.<br \/>\u2022 Protege contra corrosi\u00f3n.<\/p><p><b>Aplicaci\u00f3n:<\/b><\/p><p>Diluir Rapid Optimat 8822 con agua en proporciones de mezcla 1:5 hasta 1:10. El rodillo debe girar libre aproximadamente cinco minutos despu\u00e9s de la aplicaci\u00f3n. Despu\u00e9s, el rodillo debe ser aclarado con agua y soluci\u00f3n de lavado. Si los dep\u00f3sitos son extremadamente fuertes Rapid Optimat 8822 puede ser usado concentrado sin diluir.<\/p><h6>*Producto para uso industrial. Se recomienda descargar Ficha t\u00e9cnica y Ficha de seguridad del producto.<br \/>**La fotograf\u00eda del producto puede diferir en funci\u00f3n de la selecci\u00f3n de los atributos o por actualizaci\u00f3n de envase o embalaje.<\/h6><\/div>\t\t\t\t\t\t\t\t<\/div>\n\t\t\t\t<\/div>\n\t\t\t\t<div class=\"elementor-element elementor-element-b339223 elementor-button-info elementor-align-center e-transform elementor-widget elementor-widget-button\" data-id=\"b339223\" data-element_type=\"widget\" data-settings=\"{&quot;_transform_scale_effect_hover&quot;:{&quot;unit&quot;:&quot;px&quot;,&quot;size&quot;:1.1,&quot;sizes&quot;:[]},&quot;_transform_scale_effect_hover_tablet_extra&quot;:{&quot;unit&quot;:&quot;px&quot;,&quot;size&quot;:&quot;&quot;,&quot;sizes&quot;:[]},&quot;_transform_scale_effect_hover_tablet&quot;:{&quot;unit&quot;:&quot;px&quot;,&quot;size&quot;:&quot;&quot;,&quot;sizes&quot;:[]},&quot;_transform_scale_effect_hover_mobile&quot;:{&quot;unit&quot;:&quot;px&quot;,&quot;size&quot;:&quot;&quot;,&quot;sizes&quot;:[]}}\" data-widget_type=\"button.default\">\n\t\t\t\t<div class=\"elementor-widget-container\">\n\t\t\t\t\t\t\t\t\t<div class=\"elementor-button-wrapper\">\n\t\t\t\t\t<a class=\"elementor-button elementor-button-link elementor-size-sm\" href=\"https:\/\/www.miyakoshi.eu\/es\/contacto\/\" target=\"_blank\">\n\t\t\t\t\t\t<span class=\"elementor-button-content-wrapper\">\n\t\t\t\t\t\t\t\t\t<span class=\"elementor-button-text\">Solicite informaci\u00f3n<\/span>\n\t\t\t\t\t<\/span>\n\t\t\t\t\t<\/a>\n\t\t\t\t<\/div>\n\t\t\t\t\t\t\t\t<\/div>\n\t\t\t\t<\/div>\n\t\t\t\t<div class=\"elementor-element elementor-element-cf6fadc elementor-share-buttons--view-icon elementor-share-buttons--shape-circle elementor-share-buttons--skin-gradient elementor-grid-0 elementor-share-buttons--color-official elementor-widget elementor-widget-share-buttons\" data-id=\"cf6fadc\" data-element_type=\"widget\" data-widget_type=\"share-buttons.default\">\n\t\t\t\t<div class=\"elementor-widget-container\">\n\t\t\t\t\t\t\t<div class=\"elementor-grid\" role=\"list\">\n\t\t\t\t\t\t\t\t<div class=\"elementor-grid-item\" role=\"listitem\">\n\t\t\t\t\t\t<div class=\"elementor-share-btn elementor-share-btn_email\" role=\"button\" tabindex=\"0\" aria-label=\"Compartir en email\">\n\t\t\t\t\t\t\t\t\t\t\t\t\t\t\t<span class=\"elementor-share-btn__icon\">\n\t\t\t\t\t\t\t\t<i class=\"fas fa-envelope\" aria-hidden=\"true\"><\/i>\t\t\t\t\t\t\t<\/span>\n\t\t\t\t\t\t\t\t\t\t\t\t\t\t\t\t\t\t\t\t<\/div>\n\t\t\t\t\t<\/div>\n\t\t\t\t\t\t\t\t\t<div class=\"elementor-grid-item\" role=\"listitem\">\n\t\t\t\t\t\t<div class=\"elementor-share-btn elementor-share-btn_whatsapp\" role=\"button\" tabindex=\"0\" aria-label=\"Compartir en whatsapp\">\n\t\t\t\t\t\t\t\t\t\t\t\t\t\t\t<span class=\"elementor-share-btn__icon\">\n\t\t\t\t\t\t\t\t<i class=\"fab fa-whatsapp\" aria-hidden=\"true\"><\/i>\t\t\t\t\t\t\t<\/span>\n\t\t\t\t\t\t\t\t\t\t\t\t\t\t\t\t\t\t\t\t<\/div>\n\t\t\t\t\t<\/div>\n\t\t\t\t\t\t\t\t\t<div class=\"elementor-grid-item\" role=\"listitem\">\n\t\t\t\t\t\t<div class=\"elementor-share-btn elementor-share-btn_linkedin\" role=\"button\" tabindex=\"0\" aria-label=\"Compartir en linkedin\">\n\t\t\t\t\t\t\t\t\t\t\t\t\t\t\t<span class=\"elementor-share-btn__icon\">\n\t\t\t\t\t\t\t\t<i class=\"fab fa-linkedin\" aria-hidden=\"true\"><\/i>\t\t\t\t\t\t\t<\/span>\n\t\t\t\t\t\t\t\t\t\t\t\t\t\t\t\t\t\t\t\t<\/div>\n\t\t\t\t\t<\/div>\n\t\t\t\t\t\t\t\t\t<div class=\"elementor-grid-item\" role=\"listitem\">\n\t\t\t\t\t\t<div class=\"elementor-share-btn elementor-share-btn_pinterest\" role=\"button\" tabindex=\"0\" aria-label=\"Compartir en pinterest\">\n\t\t\t\t\t\t\t\t\t\t\t\t\t\t\t<span class=\"elementor-share-btn__icon\">\n\t\t\t\t\t\t\t\t<i class=\"fab fa-pinterest\" aria-hidden=\"true\"><\/i>\t\t\t\t\t\t\t<\/span>\n\t\t\t\t\t\t\t\t\t\t\t\t\t\t\t\t\t\t\t\t<\/div>\n\t\t\t\t\t<\/div>\n\t\t\t\t\t\t\t\t\t<div class=\"elementor-grid-item\" role=\"listitem\">\n\t\t\t\t\t\t<div class=\"elementor-share-btn elementor-share-btn_facebook\" role=\"button\" tabindex=\"0\" aria-label=\"Compartir en facebook\">\n\t\t\t\t\t\t\t\t\t\t\t\t\t\t\t<span class=\"elementor-share-btn__icon\">\n\t\t\t\t\t\t\t\t<i class=\"fab fa-facebook\" aria-hidden=\"true\"><\/i>\t\t\t\t\t\t\t<\/span>\n\t\t\t\t\t\t\t\t\t\t\t\t\t\t\t\t\t\t\t\t<\/div>\n\t\t\t\t\t<\/div>\n\t\t\t\t\t\t\t\t\t<div class=\"elementor-grid-item\" role=\"listitem\">\n\t\t\t\t\t\t<div class=\"elementor-share-btn elementor-share-btn_twitter\" role=\"button\" tabindex=\"0\" aria-label=\"Compartir en twitter\">\n\t\t\t\t\t\t\t\t\t\t\t\t\t\t\t<span class=\"elementor-share-btn__icon\">\n\t\t\t\t\t\t\t\t<i class=\"fab fa-twitter\" aria-hidden=\"true\"><\/i>\t\t\t\t\t\t\t<\/span>\n\t\t\t\t\t\t\t\t\t\t\t\t\t\t\t\t\t\t\t\t<\/div>\n\t\t\t\t\t<\/div>\n\t\t\t\t\t\t<\/div>\n\t\t\t\t\t\t<\/div>\n\t\t\t\t<\/div>\n\t\t\t\t\t<\/div>\n\t\t<\/div>\n\t\t\t\t\t<\/div>\n\t\t<\/section>\n\t\t\t\t<\/div>\n\t\t","protected":false},"excerpt":{"rendered":"<p>Rapid Optimat 8822 es un solvente biol\u00f3gico del calcio en el agua, basado en la eliminaci\u00f3n de sal y calcio depositado en los rodillos mojadores y entintadores. El descalcificador tiene un efecto renovador en la pel\u00edcula de tinta y agua. Propiedades: \u2022 La acci\u00f3n limpiadora se efect\u00faa por una superficie mejor humectada.\u2022 Libre de hidrocarburos [&hellip;]<\/p>\n","protected":false},"author":2,"featured_media":0,"parent":0,"menu_order":0,"comment_status":"closed","ping_status":"closed","template":"","meta":{"site-sidebar-layout":"no-sidebar","site-content-layout":"page-builder","ast-site-content-layout":"default","site-content-style":"default","site-sidebar-style":"default","ast-global-header-display":"","ast-banner-title-visibility":"","ast-main-header-display":"","ast-hfb-above-header-display":"","ast-hfb-below-header-display":"","ast-hfb-mobile-header-display":"","site-post-title":"disabled","ast-breadcrumbs-content":"","ast-featured-img":"disabled","footer-sml-layout":"","theme-transparent-header-meta":"","adv-header-id-meta":"","stick-header-meta":"","header-above-stick-meta":"","header-main-stick-meta":"","header-below-stick-meta":"","astra-migrate-meta-layouts":"default","ast-page-background-enabled":"default","ast-page-background-meta":{"desktop":{"background-color":"","background-image":"","background-repeat":"repeat","background-position":"center center","background-size":"auto","background-attachment":"scroll","background-type":"","background-media":"","overlay-type":"","overlay-color":"","overlay-opacity":"","overlay-gradient":""},"tablet":{"background-color":"","background-image":"","background-repeat":"repeat","background-position":"center center","background-size":"auto","background-attachment":"scroll","background-type":"","background-media":"","overlay-type":"","overlay-color":"","overlay-opacity":"","overlay-gradient":""},"mobile":{"background-color":"","background-image":"","background-repeat":"repeat","background-position":"center center","background-size":"auto","background-attachment":"scroll","background-type":"","background-media":"","overlay-type":"","overlay-color":"","overlay-opacity":"","overlay-gradient":""}},"ast-content-background-meta":{"desktop":{"background-color":"var(--ast-global-color-5)","background-image":"","background-repeat":"repeat","background-position":"center center","background-size":"auto","background-attachment":"scroll","background-type":"","background-media":"","overlay-type":"","overlay-color":"","overlay-opacity":"","overlay-gradient":""},"tablet":{"background-color":"var(--ast-global-color-5)","background-image":"","background-repeat":"repeat","background-position":"center center","background-size":"auto","background-attachment":"scroll","background-type":"","background-media":"","overlay-type":"","overlay-color":"","overlay-opacity":"","overlay-gradient":""},"mobile":{"background-color":"var(--ast-global-color-5)","background-image":"","background-repeat":"repeat","background-position":"center center","background-size":"auto","background-attachment":"scroll","background-type":"","background-media":"","overlay-type":"","overlay-color":"","overlay-opacity":"","overlay-gradient":""}},"footnotes":""},"class_list":["post-6262","page","type-page","status-publish","hentry"],"yoast_head":"<!-- This site is optimized with the Yoast SEO plugin v26.3 - https:\/\/yoast.com\/wordpress\/plugins\/seo\/ -->\n<title>Descalcificador de Bater\u00edas \u2013 Rapid Optimat 8822 | Miyakoshi<\/title>\n<meta name=\"robots\" content=\"index, follow, max-snippet:-1, max-image-preview:large, max-video-preview:-1\" \/>\n<link rel=\"canonical\" href=\"https:\/\/www.miyakoshi.eu\/es\/descalcificador-de-baterias-rapid-optimat-8822\/\" \/>\n<meta property=\"og:locale\" content=\"es_ES\" \/>\n<meta property=\"og:type\" content=\"article\" \/>\n<meta property=\"og:title\" content=\"Descalcificador de Bater\u00edas \u2013 Rapid Optimat 8822 | Miyakoshi\" \/>\n<meta property=\"og:description\" content=\"Rapid Optimat 8822 es un solvente biol\u00f3gico del calcio en el agua, basado en la eliminaci\u00f3n de sal y calcio depositado en los rodillos mojadores y entintadores. El descalcificador tiene un efecto renovador en la pel\u00edcula de tinta y agua. Propiedades: \u2022 La acci\u00f3n limpiadora se efect\u00faa por una superficie mejor humectada.\u2022 Libre de hidrocarburos [&hellip;]\" \/>\n<meta property=\"og:url\" content=\"https:\/\/www.miyakoshi.eu\/es\/descalcificador-de-baterias-rapid-optimat-8822\/\" \/>\n<meta property=\"og:site_name\" content=\"Miyakoshi\" \/>\n<meta property=\"article:modified_time\" content=\"2023-01-17T16:22:04+00:00\" \/>\n<meta property=\"og:image\" content=\"https:\/\/www.miyakoshi.eu\/wp-content\/uploads\/2022\/11\/8822reducida-768x768-1.jpg\" \/>\n<meta name=\"twitter:card\" content=\"summary_large_image\" \/>\n<meta name=\"twitter:label1\" content=\"Tiempo de lectura\" \/>\n\t<meta name=\"twitter:data1\" content=\"2 minutos\" \/>\n<script type=\"application\/ld+json\" class=\"yoast-schema-graph\">{\"@context\":\"https:\/\/schema.org\",\"@graph\":[{\"@type\":\"WebPage\",\"@id\":\"https:\/\/www.miyakoshi.eu\/es\/descalcificador-de-baterias-rapid-optimat-8822\/\",\"url\":\"https:\/\/www.miyakoshi.eu\/es\/descalcificador-de-baterias-rapid-optimat-8822\/\",\"name\":\"Descalcificador de Bater\u00edas \u2013 Rapid Optimat 8822 | Miyakoshi\",\"isPartOf\":{\"@id\":\"https:\/\/www.miyakoshi.eu\/es\/#website\"},\"primaryImageOfPage\":{\"@id\":\"https:\/\/www.miyakoshi.eu\/es\/descalcificador-de-baterias-rapid-optimat-8822\/#primaryimage\"},\"image\":{\"@id\":\"https:\/\/www.miyakoshi.eu\/es\/descalcificador-de-baterias-rapid-optimat-8822\/#primaryimage\"},\"thumbnailUrl\":\"https:\/\/www.miyakoshi.eu\/wp-content\/uploads\/2022\/11\/8822reducida-768x768-1.jpg\",\"datePublished\":\"2022-11-21T16:43:11+00:00\",\"dateModified\":\"2023-01-17T16:22:04+00:00\",\"breadcrumb\":{\"@id\":\"https:\/\/www.miyakoshi.eu\/es\/descalcificador-de-baterias-rapid-optimat-8822\/#breadcrumb\"},\"inLanguage\":\"es\",\"potentialAction\":[{\"@type\":\"ReadAction\",\"target\":[\"https:\/\/www.miyakoshi.eu\/es\/descalcificador-de-baterias-rapid-optimat-8822\/\"]}]},{\"@type\":\"ImageObject\",\"inLanguage\":\"es\",\"@id\":\"https:\/\/www.miyakoshi.eu\/es\/descalcificador-de-baterias-rapid-optimat-8822\/#primaryimage\",\"url\":\"https:\/\/www.miyakoshi.eu\/wp-content\/uploads\/2022\/11\/8822reducida-768x768-1.jpg\",\"contentUrl\":\"https:\/\/www.miyakoshi.eu\/wp-content\/uploads\/2022\/11\/8822reducida-768x768-1.jpg\"},{\"@type\":\"BreadcrumbList\",\"@id\":\"https:\/\/www.miyakoshi.eu\/es\/descalcificador-de-baterias-rapid-optimat-8822\/#breadcrumb\",\"itemListElement\":[{\"@type\":\"ListItem\",\"position\":1,\"name\":\"Portada\",\"item\":\"https:\/\/www.miyakoshi.eu\/es\/\"},{\"@type\":\"ListItem\",\"position\":2,\"name\":\"Descalcificador de Bater\u00edas \u2013 Rapid Optimat 8822\"}]},{\"@type\":\"WebSite\",\"@id\":\"https:\/\/www.miyakoshi.eu\/es\/#website\",\"url\":\"https:\/\/www.miyakoshi.eu\/es\/\",\"name\":\"Miyakoshi\",\"description\":\"Fabricantes japoneses de impresoras offset\",\"publisher\":{\"@id\":\"https:\/\/www.miyakoshi.eu\/es\/#organization\"},\"potentialAction\":[{\"@type\":\"SearchAction\",\"target\":{\"@type\":\"EntryPoint\",\"urlTemplate\":\"https:\/\/www.miyakoshi.eu\/es\/?s={search_term_string}\"},\"query-input\":{\"@type\":\"PropertyValueSpecification\",\"valueRequired\":true,\"valueName\":\"search_term_string\"}}],\"inLanguage\":\"es\"},{\"@type\":\"Organization\",\"@id\":\"https:\/\/www.miyakoshi.eu\/es\/#organization\",\"name\":\"Miyakoshi Europe, S.L.\",\"url\":\"https:\/\/www.miyakoshi.eu\/es\/\",\"logo\":{\"@type\":\"ImageObject\",\"inLanguage\":\"es\",\"@id\":\"https:\/\/www.miyakoshi.eu\/es\/#\/schema\/logo\/image\/\",\"url\":\"https:\/\/www.miyakoshi.eu\/wp-content\/uploads\/2022\/02\/Logo-miyakoshi.svg\",\"contentUrl\":\"https:\/\/www.miyakoshi.eu\/wp-content\/uploads\/2022\/02\/Logo-miyakoshi.svg\",\"width\":483,\"height\":98,\"caption\":\"Miyakoshi Europe, S.L.\"},\"image\":{\"@id\":\"https:\/\/www.miyakoshi.eu\/es\/#\/schema\/logo\/image\/\"},\"sameAs\":[\"https:\/\/www.linkedin.com\/company\/miyakoshieurope\/\"]}]}<\/script>\n<!-- \/ Yoast SEO plugin. -->","yoast_head_json":{"title":"Descalcificador de Bater\u00edas \u2013 Rapid Optimat 8822 | Miyakoshi","robots":{"index":"index","follow":"follow","max-snippet":"max-snippet:-1","max-image-preview":"max-image-preview:large","max-video-preview":"max-video-preview:-1"},"canonical":"https:\/\/www.miyakoshi.eu\/es\/descalcificador-de-baterias-rapid-optimat-8822\/","og_locale":"es_ES","og_type":"article","og_title":"Descalcificador de Bater\u00edas \u2013 Rapid Optimat 8822 | Miyakoshi","og_description":"Rapid Optimat 8822 es un solvente biol\u00f3gico del calcio en el agua, basado en la eliminaci\u00f3n de sal y calcio depositado en los rodillos mojadores y entintadores. El descalcificador tiene un efecto renovador en la pel\u00edcula de tinta y agua. Propiedades: \u2022 La acci\u00f3n limpiadora se efect\u00faa por una superficie mejor humectada.\u2022 Libre de hidrocarburos [&hellip;]","og_url":"https:\/\/www.miyakoshi.eu\/es\/descalcificador-de-baterias-rapid-optimat-8822\/","og_site_name":"Miyakoshi","article_modified_time":"2023-01-17T16:22:04+00:00","og_image":[{"url":"https:\/\/www.miyakoshi.eu\/wp-content\/uploads\/2022\/11\/8822reducida-768x768-1.jpg","type":"","width":"","height":""}],"twitter_card":"summary_large_image","twitter_misc":{"Tiempo de lectura":"2 minutos"},"schema":{"@context":"https:\/\/schema.org","@graph":[{"@type":"WebPage","@id":"https:\/\/www.miyakoshi.eu\/es\/descalcificador-de-baterias-rapid-optimat-8822\/","url":"https:\/\/www.miyakoshi.eu\/es\/descalcificador-de-baterias-rapid-optimat-8822\/","name":"Descalcificador de Bater\u00edas \u2013 Rapid Optimat 8822 | Miyakoshi","isPartOf":{"@id":"https:\/\/www.miyakoshi.eu\/es\/#website"},"primaryImageOfPage":{"@id":"https:\/\/www.miyakoshi.eu\/es\/descalcificador-de-baterias-rapid-optimat-8822\/#primaryimage"},"image":{"@id":"https:\/\/www.miyakoshi.eu\/es\/descalcificador-de-baterias-rapid-optimat-8822\/#primaryimage"},"thumbnailUrl":"https:\/\/www.miyakoshi.eu\/wp-content\/uploads\/2022\/11\/8822reducida-768x768-1.jpg","datePublished":"2022-11-21T16:43:11+00:00","dateModified":"2023-01-17T16:22:04+00:00","breadcrumb":{"@id":"https:\/\/www.miyakoshi.eu\/es\/descalcificador-de-baterias-rapid-optimat-8822\/#breadcrumb"},"inLanguage":"es","potentialAction":[{"@type":"ReadAction","target":["https:\/\/www.miyakoshi.eu\/es\/descalcificador-de-baterias-rapid-optimat-8822\/"]}]},{"@type":"ImageObject","inLanguage":"es","@id":"https:\/\/www.miyakoshi.eu\/es\/descalcificador-de-baterias-rapid-optimat-8822\/#primaryimage","url":"https:\/\/www.miyakoshi.eu\/wp-content\/uploads\/2022\/11\/8822reducida-768x768-1.jpg","contentUrl":"https:\/\/www.miyakoshi.eu\/wp-content\/uploads\/2022\/11\/8822reducida-768x768-1.jpg"},{"@type":"BreadcrumbList","@id":"https:\/\/www.miyakoshi.eu\/es\/descalcificador-de-baterias-rapid-optimat-8822\/#breadcrumb","itemListElement":[{"@type":"ListItem","position":1,"name":"Portada","item":"https:\/\/www.miyakoshi.eu\/es\/"},{"@type":"ListItem","position":2,"name":"Descalcificador de Bater\u00edas \u2013 Rapid Optimat 8822"}]},{"@type":"WebSite","@id":"https:\/\/www.miyakoshi.eu\/es\/#website","url":"https:\/\/www.miyakoshi.eu\/es\/","name":"Miyakoshi","description":"Fabricantes japoneses de impresoras offset","publisher":{"@id":"https:\/\/www.miyakoshi.eu\/es\/#organization"},"potentialAction":[{"@type":"SearchAction","target":{"@type":"EntryPoint","urlTemplate":"https:\/\/www.miyakoshi.eu\/es\/?s={search_term_string}"},"query-input":{"@type":"PropertyValueSpecification","valueRequired":true,"valueName":"search_term_string"}}],"inLanguage":"es"},{"@type":"Organization","@id":"https:\/\/www.miyakoshi.eu\/es\/#organization","name":"Miyakoshi Europe, S.L.","url":"https:\/\/www.miyakoshi.eu\/es\/","logo":{"@type":"ImageObject","inLanguage":"es","@id":"https:\/\/www.miyakoshi.eu\/es\/#\/schema\/logo\/image\/","url":"https:\/\/www.miyakoshi.eu\/wp-content\/uploads\/2022\/02\/Logo-miyakoshi.svg","contentUrl":"https:\/\/www.miyakoshi.eu\/wp-content\/uploads\/2022\/02\/Logo-miyakoshi.svg","width":483,"height":98,"caption":"Miyakoshi Europe, S.L."},"image":{"@id":"https:\/\/www.miyakoshi.eu\/es\/#\/schema\/logo\/image\/"},"sameAs":["https:\/\/www.linkedin.com\/company\/miyakoshieurope\/"]}]}},"acf":[],"_links":{"self":[{"href":"https:\/\/www.miyakoshi.eu\/es\/wp-json\/wp\/v2\/pages\/6262","targetHints":{"allow":["GET"]}}],"collection":[{"href":"https:\/\/www.miyakoshi.eu\/es\/wp-json\/wp\/v2\/pages"}],"about":[{"href":"https:\/\/www.miyakoshi.eu\/es\/wp-json\/wp\/v2\/types\/page"}],"author":[{"embeddable":true,"href":"https:\/\/www.miyakoshi.eu\/es\/wp-json\/wp\/v2\/users\/2"}],"replies":[{"embeddable":true,"href":"https:\/\/www.miyakoshi.eu\/es\/wp-json\/wp\/v2\/comments?post=6262"}],"version-history":[{"count":13,"href":"https:\/\/www.miyakoshi.eu\/es\/wp-json\/wp\/v2\/pages\/6262\/revisions"}],"predecessor-version":[{"id":7847,"href":"https:\/\/www.miyakoshi.eu\/es\/wp-json\/wp\/v2\/pages\/6262\/revisions\/7847"}],"wp:attachment":[{"href":"https:\/\/www.miyakoshi.eu\/es\/wp-json\/wp\/v2\/media?parent=6262"}],"curies":[{"name":"wp","href":"https:\/\/api.w.org\/{rel}","templated":true}]}}