{"id":10420,"date":"2025-09-11T13:53:51","date_gmt":"2025-09-11T13:53:51","guid":{"rendered":"https:\/\/www.miyakoshi.eu\/impression-numerique-de-sacs-en-papier\/"},"modified":"2025-09-12T10:44:42","modified_gmt":"2025-09-12T10:44:42","slug":"impression-numerique-de-sacs-en-papier","status":"publish","type":"page","link":"https:\/\/www.miyakoshi.eu\/fr\/impression-numerique-de-sacs-en-papier\/","title":{"rendered":"Impression num\u00e9rique de sacs en papier"},"content":{"rendered":"\t\t<div data-elementor-type=\"wp-page\" data-elementor-id=\"10420\" class=\"elementor elementor-10420 elementor-10366\" data-elementor-post-type=\"page\">\n\t\t\t\t\t\t<section class=\"elementor-section elementor-top-section elementor-element elementor-element-56a9092 elementor-section-height-min-height animated-fast elementor-section-boxed elementor-section-height-default elementor-section-items-middle elementor-invisible\" data-id=\"56a9092\" data-element_type=\"section\" data-settings=\"{&quot;background_background&quot;:&quot;classic&quot;,&quot;animation&quot;:&quot;fadeInDown&quot;}\">\n\t\t\t\t\t\t\t<div class=\"elementor-background-overlay\"><\/div>\n\t\t\t\t\t\t\t<div class=\"elementor-container elementor-column-gap-default\">\n\t\t\t\t\t<div class=\"elementor-column elementor-col-100 elementor-top-column elementor-element elementor-element-c23ef50\" data-id=\"c23ef50\" data-element_type=\"column\">\n\t\t\t<div class=\"elementor-widget-wrap elementor-element-populated\">\n\t\t\t\t\t\t<div class=\"elementor-element elementor-element-2a31817 elementor-widget elementor-widget-theme-post-title elementor-page-title elementor-widget-heading\" data-id=\"2a31817\" data-element_type=\"widget\" data-widget_type=\"theme-post-title.default\">\n\t\t\t\t<div class=\"elementor-widget-container\">\n\t\t\t\t\t<h1 class=\"elementor-heading-title elementor-size-default\">Impression num\u00e9rique de sacs en papier<\/h1>\t\t\t\t<\/div>\n\t\t\t\t<\/div>\n\t\t\t\t\t<\/div>\n\t\t<\/div>\n\t\t\t\t\t<\/div>\n\t\t<\/section>\n\t\t\t\t<section class=\"elementor-section elementor-top-section elementor-element elementor-element-f3519cd elementor-section-boxed elementor-section-height-default elementor-section-height-default\" data-id=\"f3519cd\" data-element_type=\"section\" data-settings=\"{&quot;animation&quot;:&quot;none&quot;}\">\n\t\t\t\t\t\t<div class=\"elementor-container elementor-column-gap-default\">\n\t\t\t\t\t<div class=\"elementor-column elementor-col-100 elementor-top-column elementor-element elementor-element-8a3e4e0\" data-id=\"8a3e4e0\" data-element_type=\"column\" data-settings=\"{&quot;animation&quot;:&quot;none&quot;}\">\n\t\t\t<div class=\"elementor-widget-wrap elementor-element-populated\">\n\t\t\t\t\t\t<div class=\"elementor-element elementor-element-e8c6159 animated-fast elementor-widget-mobile__width-initial elementor-widget elementor-widget-text-editor\" data-id=\"e8c6159\" data-element_type=\"widget\" data-settings=\"{&quot;_animation&quot;:&quot;none&quot;,&quot;_animation_delay&quot;:500}\" data-widget_type=\"text-editor.default\">\n\t\t\t\t<div class=\"elementor-widget-container\">\n\t\t\t\t\t\t\t\t\t<p>Le secteur de la <strong>fabrication de sacs en papier<\/strong> est \u00e0 un tournant, pouss\u00e9 par la transition vers des emballages durables et le besoin de processus de production plus polyvalents. Les fabricants recherchent des machines capables de r\u00e9pondre \u00e0 la <strong>demande croissante de personnalisation<\/strong>, de g\u00e9rer les commandes en petites s\u00e9ries et de maintenir une efficacit\u00e9 maximale en termes de co\u00fbts et de temps.<\/p><p>Les progr\u00e8s technologiques ont conduit \u00e0 des solutions qui int\u00e8grent <strong>l&rsquo;impression num\u00e9rique en ligne<\/strong>, r\u00e9duisant ainsi les d\u00e9chets et optimisant le flux de travail. Il est ainsi possible de produire des sacs avec des designs variables sans avoir \u00e0 changer de plaques ou \u00e0 arr\u00eater la production, ce qui constitue un avantage concurrentiel \u00e9vident.<\/p><p>Dans ce contexte, <strong>Newlong pr\u00e9sente le mod\u00e8le 1546CTS+536HS avec imprimante num\u00e9rique NDP1250<\/strong>, une solution pionni\u00e8re qui combine la fabrication et l&rsquo;impression en couleur dans un seul processus, offrant aux fabricants un outil de production haut de gamme, flexible et rentable.<\/p>\t\t\t\t\t\t\t\t<\/div>\n\t\t\t\t<\/div>\n\t\t\t\t\t<\/div>\n\t\t<\/div>\n\t\t\t\t\t<\/div>\n\t\t<\/section>\n\t\t\t\t<section class=\"elementor-section elementor-top-section elementor-element elementor-element-b9c5873 elementor-section-boxed elementor-section-height-default elementor-section-height-default\" data-id=\"b9c5873\" data-element_type=\"section\" data-settings=\"{&quot;animation&quot;:&quot;none&quot;}\">\n\t\t\t\t\t\t<div class=\"elementor-container elementor-column-gap-default\">\n\t\t\t\t\t<div class=\"elementor-column elementor-col-100 elementor-top-column elementor-element elementor-element-205f285\" data-id=\"205f285\" data-element_type=\"column\" data-settings=\"{&quot;animation&quot;:&quot;none&quot;}\">\n\t\t\t<div class=\"elementor-widget-wrap elementor-element-populated\">\n\t\t\t\t\t\t<div class=\"elementor-element elementor-element-a71d0f8 elementor-invisible elementor-widget elementor-widget-image\" data-id=\"a71d0f8\" data-element_type=\"widget\" data-settings=\"{&quot;_animation&quot;:&quot;fadeInUp&quot;}\" data-widget_type=\"image.default\">\n\t\t\t\t<div class=\"elementor-widget-container\">\n\t\t\t\t\t\t\t\t\t\t\t\t<figure class=\"wp-caption\">\n\t\t\t\t\t\t\t\t\t\t\t<a href=\"https:\/\/www.miyakoshi.eu\/fr\/machine-dimpression-numerique-de-sacs-newlong-ndp1250\/\">\n\t\t\t\t\t\t\t<img fetchpriority=\"high\" decoding=\"async\" width=\"1024\" height=\"328\" src=\"https:\/\/www.miyakoshi.eu\/wp-content\/uploads\/2025\/09\/ShoppingBag-Making-Machine-1-1024x328.png\" class=\"attachment-large size-large wp-image-10372\" alt=\"\" srcset=\"https:\/\/www.miyakoshi.eu\/wp-content\/uploads\/2025\/09\/ShoppingBag-Making-Machine-1-1024x328.png 1024w, https:\/\/www.miyakoshi.eu\/wp-content\/uploads\/2025\/09\/ShoppingBag-Making-Machine-1-300x96.png 300w, https:\/\/www.miyakoshi.eu\/wp-content\/uploads\/2025\/09\/ShoppingBag-Making-Machine-1-768x246.png 768w, https:\/\/www.miyakoshi.eu\/wp-content\/uploads\/2025\/09\/ShoppingBag-Making-Machine-1.png 1124w\" sizes=\"(max-width: 1024px) 100vw, 1024px\" \/>\t\t\t\t\t\t\t\t<\/a>\n\t\t\t\t\t\t\t\t\t\t\t<figcaption class=\"widget-image-caption wp-caption-text\">Newlong NDP 1250<\/figcaption>\n\t\t\t\t\t\t\t\t\t\t<\/figure>\n\t\t\t\t\t\t\t\t\t<\/div>\n\t\t\t\t<\/div>\n\t\t\t\t\t<\/div>\n\t\t<\/div>\n\t\t\t\t\t<\/div>\n\t\t<\/section>\n\t\t\t\t<\/div>\n\t\t","protected":false},"excerpt":{"rendered":"<p>Le secteur de la fabrication de sacs en papier est \u00e0 un tournant, pouss\u00e9 par la transition vers des emballages durables et le besoin de processus de production plus polyvalents. Les fabricants recherchent des machines capables de r\u00e9pondre \u00e0 la demande croissante de personnalisation, de g\u00e9rer les commandes en petites s\u00e9ries et de maintenir une [&hellip;]<\/p>\n","protected":false},"author":2,"featured_media":0,"parent":0,"menu_order":0,"comment_status":"closed","ping_status":"closed","template":"","meta":{"site-sidebar-layout":"no-sidebar","site-content-layout":"page-builder","ast-site-content-layout":"full-width-container","site-content-style":"default","site-sidebar-style":"default","ast-global-header-display":"","ast-banner-title-visibility":"","ast-main-header-display":"","ast-hfb-above-header-display":"","ast-hfb-below-header-display":"","ast-hfb-mobile-header-display":"","site-post-title":"disabled","ast-breadcrumbs-content":"","ast-featured-img":"disabled","footer-sml-layout":"","theme-transparent-header-meta":"default","adv-header-id-meta":"","stick-header-meta":"","header-above-stick-meta":"","header-main-stick-meta":"","header-below-stick-meta":"","astra-migrate-meta-layouts":"default","ast-page-background-enabled":"default","ast-page-background-meta":{"desktop":{"background-color":"","background-image":"","background-repeat":"repeat","background-position":"center center","background-size":"auto","background-attachment":"scroll","background-type":"","background-media":"","overlay-type":"","overlay-color":"","overlay-opacity":"","overlay-gradient":""},"tablet":{"background-color":"","background-image":"","background-repeat":"repeat","background-position":"center center","background-size":"auto","background-attachment":"scroll","background-type":"","background-media":"","overlay-type":"","overlay-color":"","overlay-opacity":"","overlay-gradient":""},"mobile":{"background-color":"","background-image":"","background-repeat":"repeat","background-position":"center center","background-size":"auto","background-attachment":"scroll","background-type":"","background-media":"","overlay-type":"","overlay-color":"","overlay-opacity":"","overlay-gradient":""}},"ast-content-background-meta":{"desktop":{"background-color":"var(--ast-global-color-5)","background-image":"","background-repeat":"repeat","background-position":"center center","background-size":"auto","background-attachment":"scroll","background-type":"","background-media":"","overlay-type":"","overlay-color":"","overlay-opacity":"","overlay-gradient":""},"tablet":{"background-color":"var(--ast-global-color-5)","background-image":"","background-repeat":"repeat","background-position":"center center","background-size":"auto","background-attachment":"scroll","background-type":"","background-media":"","overlay-type":"","overlay-color":"","overlay-opacity":"","overlay-gradient":""},"mobile":{"background-color":"var(--ast-global-color-5)","background-image":"","background-repeat":"repeat","background-position":"center center","background-size":"auto","background-attachment":"scroll","background-type":"","background-media":"","overlay-type":"","overlay-color":"","overlay-opacity":"","overlay-gradient":""}},"footnotes":""},"class_list":["post-10420","page","type-page","status-publish","hentry"],"yoast_head":"<!-- This site is optimized with the Yoast SEO plugin v26.3 - https:\/\/yoast.com\/wordpress\/plugins\/seo\/ -->\n<title>Impression num\u00e9rique de sacs en papier<\/title>\n<meta name=\"description\" content=\"Technologie de pointe dans la fabrication et l&#039;impression de sacs en papier. Machines efficaces, durables et flexibles pour les fabricants en qu\u00eate de productivit\u00e9.\" \/>\n<meta name=\"robots\" content=\"index, follow, max-snippet:-1, max-image-preview:large, max-video-preview:-1\" \/>\n<link rel=\"canonical\" href=\"https:\/\/www.miyakoshi.eu\/fr\/impression-numerique-de-sacs-en-papier\/\" \/>\n<meta property=\"og:locale\" content=\"fr_FR\" \/>\n<meta property=\"og:type\" content=\"article\" \/>\n<meta property=\"og:title\" content=\"Impression num\u00e9rique de sacs en papier\" \/>\n<meta property=\"og:description\" content=\"Technologie de pointe dans la fabrication et l&#039;impression de sacs en papier. Machines efficaces, durables et flexibles pour les fabricants en qu\u00eate de productivit\u00e9.\" \/>\n<meta property=\"og:url\" content=\"https:\/\/www.miyakoshi.eu\/fr\/impression-numerique-de-sacs-en-papier\/\" \/>\n<meta property=\"og:site_name\" content=\"Miyakoshi\" \/>\n<meta property=\"article:modified_time\" content=\"2025-09-12T10:44:42+00:00\" \/>\n<meta property=\"og:image\" content=\"https:\/\/www.miyakoshi.eu\/wp-content\/uploads\/2025\/09\/ShoppingBag-Making-Machine-1.png\" \/>\n\t<meta property=\"og:image:width\" content=\"1124\" \/>\n\t<meta property=\"og:image:height\" content=\"360\" \/>\n\t<meta property=\"og:image:type\" content=\"image\/png\" \/>\n<meta name=\"twitter:card\" content=\"summary_large_image\" \/>\n<meta name=\"twitter:label1\" content=\"Dur\u00e9e de lecture estim\u00e9e\" \/>\n\t<meta name=\"twitter:data1\" content=\"2 minutes\" \/>\n<script type=\"application\/ld+json\" class=\"yoast-schema-graph\">{\"@context\":\"https:\/\/schema.org\",\"@graph\":[{\"@type\":\"WebPage\",\"@id\":\"https:\/\/www.miyakoshi.eu\/fr\/impression-numerique-de-sacs-en-papier\/\",\"url\":\"https:\/\/www.miyakoshi.eu\/fr\/impression-numerique-de-sacs-en-papier\/\",\"name\":\"Impression num\u00e9rique de sacs en papier\",\"isPartOf\":{\"@id\":\"https:\/\/www.miyakoshi.eu\/fr\/#website\"},\"primaryImageOfPage\":{\"@id\":\"https:\/\/www.miyakoshi.eu\/fr\/impression-numerique-de-sacs-en-papier\/#primaryimage\"},\"image\":{\"@id\":\"https:\/\/www.miyakoshi.eu\/fr\/impression-numerique-de-sacs-en-papier\/#primaryimage\"},\"thumbnailUrl\":\"https:\/\/www.miyakoshi.eu\/wp-content\/uploads\/2025\/09\/ShoppingBag-Making-Machine-1-1024x328.png\",\"datePublished\":\"2025-09-11T13:53:51+00:00\",\"dateModified\":\"2025-09-12T10:44:42+00:00\",\"description\":\"Technologie de pointe dans la fabrication et l'impression de sacs en papier. Machines efficaces, durables et flexibles pour les fabricants en qu\u00eate de productivit\u00e9.\",\"breadcrumb\":{\"@id\":\"https:\/\/www.miyakoshi.eu\/fr\/impression-numerique-de-sacs-en-papier\/#breadcrumb\"},\"inLanguage\":\"fr-FR\",\"potentialAction\":[{\"@type\":\"ReadAction\",\"target\":[\"https:\/\/www.miyakoshi.eu\/fr\/impression-numerique-de-sacs-en-papier\/\"]}]},{\"@type\":\"ImageObject\",\"inLanguage\":\"fr-FR\",\"@id\":\"https:\/\/www.miyakoshi.eu\/fr\/impression-numerique-de-sacs-en-papier\/#primaryimage\",\"url\":\"https:\/\/www.miyakoshi.eu\/wp-content\/uploads\/2025\/09\/ShoppingBag-Making-Machine-1-1024x328.png\",\"contentUrl\":\"https:\/\/www.miyakoshi.eu\/wp-content\/uploads\/2025\/09\/ShoppingBag-Making-Machine-1-1024x328.png\"},{\"@type\":\"BreadcrumbList\",\"@id\":\"https:\/\/www.miyakoshi.eu\/fr\/impression-numerique-de-sacs-en-papier\/#breadcrumb\",\"itemListElement\":[{\"@type\":\"ListItem\",\"position\":1,\"name\":\"Portada\",\"item\":\"https:\/\/www.miyakoshi.eu\/fr\/\"},{\"@type\":\"ListItem\",\"position\":2,\"name\":\"Impression num\u00e9rique de sacs en papier\"}]},{\"@type\":\"WebSite\",\"@id\":\"https:\/\/www.miyakoshi.eu\/fr\/#website\",\"url\":\"https:\/\/www.miyakoshi.eu\/fr\/\",\"name\":\"Miyakoshi\",\"description\":\"Fabricantes japoneses de impresoras offset\",\"publisher\":{\"@id\":\"https:\/\/www.miyakoshi.eu\/fr\/#organization\"},\"potentialAction\":[{\"@type\":\"SearchAction\",\"target\":{\"@type\":\"EntryPoint\",\"urlTemplate\":\"https:\/\/www.miyakoshi.eu\/fr\/?s={search_term_string}\"},\"query-input\":{\"@type\":\"PropertyValueSpecification\",\"valueRequired\":true,\"valueName\":\"search_term_string\"}}],\"inLanguage\":\"fr-FR\"},{\"@type\":\"Organization\",\"@id\":\"https:\/\/www.miyakoshi.eu\/fr\/#organization\",\"name\":\"Miyakoshi Europe, S.L.\",\"url\":\"https:\/\/www.miyakoshi.eu\/fr\/\",\"logo\":{\"@type\":\"ImageObject\",\"inLanguage\":\"fr-FR\",\"@id\":\"https:\/\/www.miyakoshi.eu\/fr\/#\/schema\/logo\/image\/\",\"url\":\"https:\/\/www.miyakoshi.eu\/wp-content\/uploads\/2022\/02\/Logo-miyakoshi.svg\",\"contentUrl\":\"https:\/\/www.miyakoshi.eu\/wp-content\/uploads\/2022\/02\/Logo-miyakoshi.svg\",\"width\":483,\"height\":98,\"caption\":\"Miyakoshi Europe, S.L.\"},\"image\":{\"@id\":\"https:\/\/www.miyakoshi.eu\/fr\/#\/schema\/logo\/image\/\"},\"sameAs\":[\"https:\/\/www.linkedin.com\/company\/miyakoshieurope\/\"]}]}<\/script>\n<!-- \/ Yoast SEO plugin. -->","yoast_head_json":{"title":"Impression num\u00e9rique de sacs en papier","description":"Technologie de pointe dans la fabrication et l'impression de sacs en papier. Machines efficaces, durables et flexibles pour les fabricants en qu\u00eate de productivit\u00e9.","robots":{"index":"index","follow":"follow","max-snippet":"max-snippet:-1","max-image-preview":"max-image-preview:large","max-video-preview":"max-video-preview:-1"},"canonical":"https:\/\/www.miyakoshi.eu\/fr\/impression-numerique-de-sacs-en-papier\/","og_locale":"fr_FR","og_type":"article","og_title":"Impression num\u00e9rique de sacs en papier","og_description":"Technologie de pointe dans la fabrication et l'impression de sacs en papier. Machines efficaces, durables et flexibles pour les fabricants en qu\u00eate de productivit\u00e9.","og_url":"https:\/\/www.miyakoshi.eu\/fr\/impression-numerique-de-sacs-en-papier\/","og_site_name":"Miyakoshi","article_modified_time":"2025-09-12T10:44:42+00:00","og_image":[{"width":1124,"height":360,"url":"https:\/\/www.miyakoshi.eu\/wp-content\/uploads\/2025\/09\/ShoppingBag-Making-Machine-1.png","type":"image\/png"}],"twitter_card":"summary_large_image","twitter_misc":{"Dur\u00e9e de lecture estim\u00e9e":"2 minutes"},"schema":{"@context":"https:\/\/schema.org","@graph":[{"@type":"WebPage","@id":"https:\/\/www.miyakoshi.eu\/fr\/impression-numerique-de-sacs-en-papier\/","url":"https:\/\/www.miyakoshi.eu\/fr\/impression-numerique-de-sacs-en-papier\/","name":"Impression num\u00e9rique de sacs en papier","isPartOf":{"@id":"https:\/\/www.miyakoshi.eu\/fr\/#website"},"primaryImageOfPage":{"@id":"https:\/\/www.miyakoshi.eu\/fr\/impression-numerique-de-sacs-en-papier\/#primaryimage"},"image":{"@id":"https:\/\/www.miyakoshi.eu\/fr\/impression-numerique-de-sacs-en-papier\/#primaryimage"},"thumbnailUrl":"https:\/\/www.miyakoshi.eu\/wp-content\/uploads\/2025\/09\/ShoppingBag-Making-Machine-1-1024x328.png","datePublished":"2025-09-11T13:53:51+00:00","dateModified":"2025-09-12T10:44:42+00:00","description":"Technologie de pointe dans la fabrication et l'impression de sacs en papier. Machines efficaces, durables et flexibles pour les fabricants en qu\u00eate de productivit\u00e9.","breadcrumb":{"@id":"https:\/\/www.miyakoshi.eu\/fr\/impression-numerique-de-sacs-en-papier\/#breadcrumb"},"inLanguage":"fr-FR","potentialAction":[{"@type":"ReadAction","target":["https:\/\/www.miyakoshi.eu\/fr\/impression-numerique-de-sacs-en-papier\/"]}]},{"@type":"ImageObject","inLanguage":"fr-FR","@id":"https:\/\/www.miyakoshi.eu\/fr\/impression-numerique-de-sacs-en-papier\/#primaryimage","url":"https:\/\/www.miyakoshi.eu\/wp-content\/uploads\/2025\/09\/ShoppingBag-Making-Machine-1-1024x328.png","contentUrl":"https:\/\/www.miyakoshi.eu\/wp-content\/uploads\/2025\/09\/ShoppingBag-Making-Machine-1-1024x328.png"},{"@type":"BreadcrumbList","@id":"https:\/\/www.miyakoshi.eu\/fr\/impression-numerique-de-sacs-en-papier\/#breadcrumb","itemListElement":[{"@type":"ListItem","position":1,"name":"Portada","item":"https:\/\/www.miyakoshi.eu\/fr\/"},{"@type":"ListItem","position":2,"name":"Impression num\u00e9rique de sacs en papier"}]},{"@type":"WebSite","@id":"https:\/\/www.miyakoshi.eu\/fr\/#website","url":"https:\/\/www.miyakoshi.eu\/fr\/","name":"Miyakoshi","description":"Fabricantes japoneses de impresoras offset","publisher":{"@id":"https:\/\/www.miyakoshi.eu\/fr\/#organization"},"potentialAction":[{"@type":"SearchAction","target":{"@type":"EntryPoint","urlTemplate":"https:\/\/www.miyakoshi.eu\/fr\/?s={search_term_string}"},"query-input":{"@type":"PropertyValueSpecification","valueRequired":true,"valueName":"search_term_string"}}],"inLanguage":"fr-FR"},{"@type":"Organization","@id":"https:\/\/www.miyakoshi.eu\/fr\/#organization","name":"Miyakoshi Europe, S.L.","url":"https:\/\/www.miyakoshi.eu\/fr\/","logo":{"@type":"ImageObject","inLanguage":"fr-FR","@id":"https:\/\/www.miyakoshi.eu\/fr\/#\/schema\/logo\/image\/","url":"https:\/\/www.miyakoshi.eu\/wp-content\/uploads\/2022\/02\/Logo-miyakoshi.svg","contentUrl":"https:\/\/www.miyakoshi.eu\/wp-content\/uploads\/2022\/02\/Logo-miyakoshi.svg","width":483,"height":98,"caption":"Miyakoshi Europe, S.L."},"image":{"@id":"https:\/\/www.miyakoshi.eu\/fr\/#\/schema\/logo\/image\/"},"sameAs":["https:\/\/www.linkedin.com\/company\/miyakoshieurope\/"]}]}},"acf":[],"_links":{"self":[{"href":"https:\/\/www.miyakoshi.eu\/fr\/wp-json\/wp\/v2\/pages\/10420","targetHints":{"allow":["GET"]}}],"collection":[{"href":"https:\/\/www.miyakoshi.eu\/fr\/wp-json\/wp\/v2\/pages"}],"about":[{"href":"https:\/\/www.miyakoshi.eu\/fr\/wp-json\/wp\/v2\/types\/page"}],"author":[{"embeddable":true,"href":"https:\/\/www.miyakoshi.eu\/fr\/wp-json\/wp\/v2\/users\/2"}],"replies":[{"embeddable":true,"href":"https:\/\/www.miyakoshi.eu\/fr\/wp-json\/wp\/v2\/comments?post=10420"}],"version-history":[{"count":4,"href":"https:\/\/www.miyakoshi.eu\/fr\/wp-json\/wp\/v2\/pages\/10420\/revisions"}],"predecessor-version":[{"id":10434,"href":"https:\/\/www.miyakoshi.eu\/fr\/wp-json\/wp\/v2\/pages\/10420\/revisions\/10434"}],"wp:attachment":[{"href":"https:\/\/www.miyakoshi.eu\/fr\/wp-json\/wp\/v2\/media?parent=10420"}],"curies":[{"name":"wp","href":"https:\/\/api.w.org\/{rel}","templated":true}]}}