{"id":1422,"date":"2022-02-14T13:21:30","date_gmt":"2022-02-14T13:21:30","guid":{"rendered":"https:\/\/miyakoshi.eu\/mentions-legales\/"},"modified":"2026-02-26T16:34:58","modified_gmt":"2026-02-26T16:34:58","slug":"mentions-legales","status":"publish","type":"page","link":"https:\/\/www.miyakoshi.eu\/fr\/mentions-legales\/","title":{"rendered":"Mentions l\u00e9gales"},"content":{"rendered":"\t\t<div data-elementor-type=\"wp-page\" data-elementor-id=\"1422\" class=\"elementor elementor-1422 elementor-372\" data-elementor-post-type=\"page\">\n\t\t\t\t\t\t<section class=\"elementor-section elementor-top-section elementor-element elementor-element-40c761bd elementor-section-boxed elementor-section-height-default elementor-section-height-default\" data-id=\"40c761bd\" data-element_type=\"section\">\n\t\t\t\t\t\t<div class=\"elementor-container elementor-column-gap-default\">\n\t\t\t\t\t<div class=\"elementor-column elementor-col-100 elementor-top-column elementor-element elementor-element-4fd1d64b\" data-id=\"4fd1d64b\" data-element_type=\"column\">\n\t\t\t<div class=\"elementor-widget-wrap elementor-element-populated\">\n\t\t\t\t\t\t<div class=\"elementor-element elementor-element-68dde86f elementor-widget elementor-widget-heading\" data-id=\"68dde86f\" data-element_type=\"widget\" data-widget_type=\"heading.default\">\n\t\t\t\t<div class=\"elementor-widget-container\">\n\t\t\t\t\t<h1 class=\"elementor-heading-title elementor-size-default\">Mentions l\u00e9gales<\/h1>\t\t\t\t<\/div>\n\t\t\t\t<\/div>\n\t\t\t\t\t<\/div>\n\t\t<\/div>\n\t\t\t\t\t<\/div>\n\t\t<\/section>\n\t\t\t\t<section class=\"elementor-section elementor-top-section elementor-element elementor-element-f0b6aff elementor-section-boxed elementor-section-height-default elementor-section-height-default\" data-id=\"f0b6aff\" data-element_type=\"section\">\n\t\t\t\t\t\t<div class=\"elementor-container elementor-column-gap-default\">\n\t\t\t\t\t<div class=\"elementor-column elementor-col-100 elementor-top-column elementor-element elementor-element-f553f07\" data-id=\"f553f07\" data-element_type=\"column\">\n\t\t\t<div class=\"elementor-widget-wrap elementor-element-populated\">\n\t\t\t\t\t\t<div class=\"elementor-element elementor-element-0658a70 elementor-widget elementor-widget-text-editor\" data-id=\"0658a70\" data-element_type=\"widget\" data-widget_type=\"text-editor.default\">\n\t\t\t\t<div class=\"elementor-widget-container\">\n\t\t\t\t\t\t\t\t\t<p><em>Conform\u00e9ment aux dispositions de la loi 34\/2002, du 11 juillet, sur les services de la soci\u00e9t\u00e9 de l&rsquo;information et le commerce \u00e9lectronique (ci-apr\u00e8s, LSSI), nous vous informons que ce site web est la propri\u00e9t\u00e9 de <\/em><strong>Miyakoshi Europe, S.L.<\/strong><em> Les informations g\u00e9n\u00e9rales du responsable de ce site web sont celles indiqu\u00e9es ci-dessous :<\/em><\/p>\n<ul>\n<li><strong>Propri\u00e9taire: Miyakoshi Europe, S.L.<\/strong><\/li>\n<li><strong>Adresse:<\/strong> <em>Avenida Prado del Espino 14 &#8211; Pol\u00edgono Industrial Prado del Espino ; 28660 &#8211; Boadilla del Monte (Madrid &#8211; Espagne)<\/em><\/li>\n<li><strong>Contact<\/strong>: <em>sales@miyakoshi.eu ou t\u00e9l\u00e9phone +34 91 632 29 76<\/em><\/li>\n<li><strong>Donn\u00e9es d&rsquo;enregistrement:<\/strong> <em>inscrit au registre du commerce de Madrid le 14 octobre 2015.<\/em><\/li>\n<li><strong>CIF:<\/strong> <em>B87383964<\/em><\/li>\n<\/ul>\n<p><em>L&rsquo;utilisateur s&rsquo;engage \u00e0 ne pas utiliser le site web ou les informations qui y sont propos\u00e9es pour mener des activit\u00e9s contraires \u00e0 la loi, \u00e0 la morale ou \u00e0 l&rsquo;ordre public. Les activit\u00e9s r\u00e9alis\u00e9es par l&rsquo;utilisateur rel\u00e8vent de la seule responsabilit\u00e9 de ce dernier, et <\/em><strong>Miyakoshi Europe, S.L.<\/strong><em> ne peut en aucun cas \u00eatre tenue pour responsable de tout dommage ou pr\u00e9judice pouvant \u00eatre caus\u00e9 par l&rsquo;activit\u00e9 r\u00e9alis\u00e9e par l&rsquo;utilisateur.<\/em><\/p>\n<p><em>Les conditions d&rsquo;utilisation de ce site sont ind\u00e9finies. <\/em><strong>Miyakoshi Europe, S.L.<\/strong><em> se r\u00e9serve le droit de modifier chacun d&rsquo;entre eux, ainsi que leur contenu. Toutes les informations publi\u00e9es sur ce site web le sont \u00e0 titre indicatif et Miyakoshi Europe, S.L. se r\u00e9serve le droit de supprimer ou de suspendre leur diffusion sans pr\u00e9avis. La prestation de services et la diffusion d&rsquo;informations sont r\u00e9gies par la l\u00e9gislation espagnole.<\/em><\/p>\n<h3 style=\"text-align: center;\"><span style=\"color: #339966;\"><strong>Avertissements L\u00e9gaux et Techniques<\/strong><\/span><\/h3>\n<h6 style=\"padding-left: 40px;\">&nbsp;<\/h6>\n<h5 style=\"text-align: left;\"><em><strong>Avertissement sur l\u2019Information<\/strong><\/em><\/h5>\n<h6>&nbsp;<\/h6>\n<p style=\"text-align: left;\"><em>Les informations fournies sur ce site web sont destin\u00e9es uniquement \u00e0 des fins d\u2019orientation g\u00e9n\u00e9rale et d\u2019information. Bien que des efforts soient faits pour en assurer l\u2019exactitude, tout le contenu doit \u00eatre compris comme indicatif et non contraignant.<\/em><\/p>\n<h5 style=\"text-align: left;\"><em><strong>Informations sur les Produits<\/strong><\/em><\/h5>\n<h6>&nbsp;<\/h6>\n<p style=\"text-align: left;\"><em>Les descriptions, sp\u00e9cifications, caract\u00e9ristiques, images et donn\u00e9es de performance sont pr\u00e9sent\u00e9es \u00e0 titre indicatif uniquement et ne constituent ni une offre contractuelle ni une garantie technique.<\/em><\/p>\n<h5 style=\"text-align: left;\"><em><strong>Configuration des \u00c9quipements<\/strong><\/em><\/h5>\n<h6>&nbsp;<\/h6>\n<p style=\"text-align: left;\"><em>Les d\u00e9tails de configuration sont fournis \u00e0 titre indicatif et peuvent varier en fonction des options s\u00e9lectionn\u00e9es.<\/em><\/p>\n<h5 style=\"text-align: left;\"><em><strong>Performances et Vitesses d\u2019Impression<\/strong><\/em><\/h5>\n<h6>&nbsp;<\/h6>\n<p style=\"text-align: left;\"><em>Toutes les vitesses d\u2019impression ou capacit\u00e9s techniques sont approximatives et se r\u00e9f\u00e8rent \u00e0 la vitesse de fonctionnement \u00e0 vide de la machine, sans modules ni \u00e9l\u00e9ments suppl\u00e9mentaires. Ces valeurs sont donn\u00e9es \u00e0 titre indicatif et ne doivent pas \u00eatre utilis\u00e9es comme r\u00e9f\u00e9rence de production. Les performances r\u00e9elles peuvent varier et \u00eatre consid\u00e9rablement r\u00e9duites selon les mat\u00e9riaux, l\u2019exp\u00e9rience de l\u2019op\u00e9rateur, les conditions environnementales et les processus auxiliaires.<\/em><\/p>\n<h5 style=\"text-align: left;\"><em><strong>Limitations Techniques<\/strong><\/em><\/h5>\n<h6>&nbsp;<\/h6>\n<p style=\"text-align: left;\"><em>Les performances de la machine \u2014 y compris la pr\u00e9cision, le s\u00e9chage, l\u2019alignement et l\u2019adh\u00e9rence \u2014 sont indicatives et peuvent varier en fonction des conditions de production sp\u00e9cifiques. Elles d\u00e9pendent \u00e9galement des mat\u00e9riaux et des proc\u00e9d\u00e9s utilis\u00e9s. Chaque travail doit \u00eatre valid\u00e9 individuellement pour confirmer son ad\u00e9quation. En aucun cas ces informations ne doivent \u00eatre utilis\u00e9es comme r\u00e9f\u00e9rence pour la production.<\/em><\/p>\n<h5 style=\"text-align: left;\"><em><strong>Consommation \u00c9lectrique<\/strong><\/em><\/h5>\n<h6>&nbsp;<\/h6>\n<p style=\"text-align: left;\"><em>La consommation \u00e9lectrique indiqu\u00e9e est donn\u00e9e \u00e0 titre indicatif et concerne uniquement la machine principale, \u00e0 l\u2019exclusion de tout \u00e9quipement p\u00e9riph\u00e9rique ou module optionnel. Ces valeurs ne peuvent pas \u00eatre utilis\u00e9es comme r\u00e9f\u00e9rence pour les besoins \u00e9nerg\u00e9tiques r\u00e9els.<\/em><\/p>\n<h5 style=\"text-align: left;\"><em><strong>Caract\u00e8re Non Contraignant des Informations<\/strong><\/em><\/h5>\n<h6>&nbsp;<\/h6>\n<p style=\"text-align: left;\"><em>Tout le contenu de ce site web, y compris les brochures et autres documents marketing, est fourni \u00e0 titre informatif uniquement, est sujet \u00e0 modification et n\u2019a aucune valeur contractuelle ni contraignante.<\/em><\/p>\n<h5 style=\"text-align: left;\"><em><strong>Modifications et Mises \u00e0 Jour<\/strong><\/em><\/h5>\n<h6>&nbsp;<\/h6>\n<p style=\"text-align: left;\"><em>Le fabricant se r\u00e9serve le droit de modifier les sp\u00e9cifications, les composants ou les configurations sans pr\u00e9avis et sans obligation de mettre \u00e0 jour les unit\u00e9s pr\u00e9c\u00e9dentes.<\/em><\/p>\n<h5 style=\"text-align: left;\"><em><strong>Propri\u00e9t\u00e9 Intellectuelle<\/strong><\/em><\/h5>\n<h6>&nbsp;<\/h6>\n<p><em>Toutes les marques, logos, noms de produits et images pr\u00e9sents sur ce site sont la propri\u00e9t\u00e9 de leurs d\u00e9tenteurs respectifs. Toute utilisation, reproduction ou distribution non autoris\u00e9e est interdite.<\/em><\/p>\n<h5 style=\"text-align: left;\"><em><strong>Limitation L\u00e9gale<\/strong><\/em><\/h5>\n<h6>&nbsp;<\/h6>\n<p><em>Ces informations ne constituent pas un conseil juridique, technique ou commercial. Aucune responsabilit\u00e9 n\u2019est assum\u00e9e quant aux erreurs, omissions ou cons\u00e9quences r\u00e9sultant de l\u2019utilisation des informations pr\u00e9sent\u00e9es.<\/em><\/p>\n<h5><b><i>Aucune autorit\u00e9<\/i><\/b><\/h5>\n<h5>&nbsp;<\/h5>\n<p><em><strong>Miyakoshi Europe S.L.<\/strong>&nbsp;<\/em><i>n&rsquo;a pas le pouvoir de lier <b>Miyakoshi Printing Machinery Co., Ltd. (Japon)<\/b> ou tout autre fabricant, ni de faire des d\u00e9clarations, \u00e9mettre des garanties, prendre des engagements ou conclure des obligations contractuelles en leur nom.<\/i><\/p>\n<h5><b><i>Obligations des utilisateurs du site web<\/i><\/b><\/h5>\n<h5>&nbsp;<\/h5>\n<p><i>Toutes les informations techniques et commerciales figurant sur ce site web sont fournies \u00e0 titre indicatif et sans engagement, conform\u00e9ment aux clauses g\u00e9n\u00e9rales de non-responsabilit\u00e9 ci-dessus, et sont susceptibles d&rsquo;\u00eatre modifi\u00e9es sans pr\u00e9avis. Les utilisateurs du site Web sont tenus d&rsquo;effectuer leurs propres v\u00e9rifications techniques et commerciales, et doivent confirmer toute information relative aux produits directement aupr\u00e8s de Miyakoshi Printing Machinery Co., Ltd. (Japon) ou de tout autre fabricant auquel ces informations se r\u00e9f\u00e8rent. Aucune information figurant sur ce site Web ne doit \u00eatre interpr\u00e9t\u00e9e comme une information officielle ou d\u00e9finitive de <b>Miyakoshi Printing Machinery Co., Ltd. (Japon)<\/b> ou de tout autre fabricant.<\/i><\/p>\n<h5><b><i>Comp\u00e9tence juridique et droit applicable<\/i><\/b><\/h5>\n<h5>&nbsp;<\/h5>\n<p><i>Tout le contenu du site web publi\u00e9 par <b>Miyakoshi Europe S.L.<\/b> est r\u00e9gi exclusivement par les lois espagnoles. Tout litige d\u00e9coulant du contenu de ce site web ou li\u00e9 \u00e0 celui-ci rel\u00e8vera de la comp\u00e9tence exclusive des tribunaux de Madrid, Royaume d&rsquo;Espagne.<\/i><\/p><p><span style=\"font-size: 20px;\"><b><i>Informations non officielles<\/i><\/b><\/span><\/p>\n<p><i>Toutes les sp\u00e9cifications, composants, configurations, donn\u00e9es de performance et autres d\u00e9tails techniques pr\u00e9sent\u00e9s sur ce site Web sont fournis \u00e0 titre indicatif uniquement et ne doivent pas \u00eatre consid\u00e9r\u00e9s comme des informations officielles ou d\u00e9finitives de la part de <b>Miyakoshi Printing Machinery Co., Ltd. (Japon) <\/b>ou de tout autre fabricant. Ces informations sont indicatives, non contraignantes et susceptibles d&rsquo;\u00eatre modifi\u00e9es \u00e0 tout moment sans pr\u00e9avis.<\/i><\/p>\n<p><b><i>Miyakoshi Europe S.L. n&rsquo;est pas le fabricant des produits pr\u00e9sent\u00e9s sur ce site web.<\/i><\/b><\/p>\t\t\t\t\t\t\t\t<\/div>\n\t\t\t\t<\/div>\n\t\t\t\t\t<\/div>\n\t\t<\/div>\n\t\t\t\t\t<\/div>\n\t\t<\/section>\n\t\t\t\t<\/div>\n\t\t","protected":false},"excerpt":{"rendered":"<p>Conform\u00e9ment aux dispositions de la loi 34\/2002, du 11 juillet, sur les services de la soci\u00e9t\u00e9 de l&rsquo;information et le commerce \u00e9lectronique (ci-apr\u00e8s, LSSI), nous vous informons que ce site web est la propri\u00e9t\u00e9 de Miyakoshi Europe, S.L. Les informations g\u00e9n\u00e9rales du responsable de ce site web sont celles indiqu\u00e9es ci-dessous : Propri\u00e9taire: Miyakoshi Europe, [&hellip;]<\/p>\n","protected":false},"author":1,"featured_media":0,"parent":0,"menu_order":0,"comment_status":"closed","ping_status":"closed","template":"elementor_header_footer","meta":{"site-sidebar-layout":"default","site-content-layout":"default","ast-site-content-layout":"default","site-content-style":"default","site-sidebar-style":"default","ast-global-header-display":"","ast-banner-title-visibility":"","ast-main-header-display":"","ast-hfb-above-header-display":"","ast-hfb-below-header-display":"","ast-hfb-mobile-header-display":"","site-post-title":"disabled","ast-breadcrumbs-content":"","ast-featured-img":"","footer-sml-layout":"","theme-transparent-header-meta":"default","adv-header-id-meta":"","stick-header-meta":"","header-above-stick-meta":"","header-main-stick-meta":"","header-below-stick-meta":"","astra-migrate-meta-layouts":"default","ast-page-background-enabled":"default","ast-page-background-meta":{"desktop":{"background-color":"","background-image":"","background-repeat":"repeat","background-position":"center center","background-size":"auto","background-attachment":"scroll","background-type":"","background-media":"","overlay-type":"","overlay-color":"","overlay-opacity":"","overlay-gradient":""},"tablet":{"background-color":"","background-image":"","background-repeat":"repeat","background-position":"center center","background-size":"auto","background-attachment":"scroll","background-type":"","background-media":"","overlay-type":"","overlay-color":"","overlay-opacity":"","overlay-gradient":""},"mobile":{"background-color":"","background-image":"","background-repeat":"repeat","background-position":"center center","background-size":"auto","background-attachment":"scroll","background-type":"","background-media":"","overlay-type":"","overlay-color":"","overlay-opacity":"","overlay-gradient":""}},"ast-content-background-meta":{"desktop":{"background-color":"var(--ast-global-color-5)","background-image":"","background-repeat":"repeat","background-position":"center center","background-size":"auto","background-attachment":"scroll","background-type":"","background-media":"","overlay-type":"","overlay-color":"","overlay-opacity":"","overlay-gradient":""},"tablet":{"background-color":"var(--ast-global-color-5)","background-image":"","background-repeat":"repeat","background-position":"center center","background-size":"auto","background-attachment":"scroll","background-type":"","background-media":"","overlay-type":"","overlay-color":"","overlay-opacity":"","overlay-gradient":""},"mobile":{"background-color":"var(--ast-global-color-5)","background-image":"","background-repeat":"repeat","background-position":"center center","background-size":"auto","background-attachment":"scroll","background-type":"","background-media":"","overlay-type":"","overlay-color":"","overlay-opacity":"","overlay-gradient":""}},"footnotes":""},"class_list":["post-1422","page","type-page","status-publish","hentry"],"yoast_head":"<!-- This site is optimized with the Yoast SEO plugin v26.3 - https:\/\/yoast.com\/wordpress\/plugins\/seo\/ -->\n<title>Mentions l\u00e9gales | Miyakoshi<\/title>\n<meta name=\"robots\" content=\"index, follow, max-snippet:-1, max-image-preview:large, max-video-preview:-1\" \/>\n<link rel=\"canonical\" href=\"https:\/\/www.miyakoshi.eu\/fr\/mentions-legales\/\" \/>\n<meta property=\"og:locale\" content=\"fr_FR\" \/>\n<meta property=\"og:type\" content=\"article\" \/>\n<meta property=\"og:title\" content=\"Mentions l\u00e9gales | Miyakoshi\" \/>\n<meta property=\"og:description\" content=\"Conform\u00e9ment aux dispositions de la loi 34\/2002, du 11 juillet, sur les services de la soci\u00e9t\u00e9 de l&rsquo;information et le commerce \u00e9lectronique (ci-apr\u00e8s, LSSI), nous vous informons que ce site web est la propri\u00e9t\u00e9 de Miyakoshi Europe, S.L. Les informations g\u00e9n\u00e9rales du responsable de ce site web sont celles indiqu\u00e9es ci-dessous : Propri\u00e9taire: Miyakoshi Europe, [&hellip;]\" \/>\n<meta property=\"og:url\" content=\"https:\/\/www.miyakoshi.eu\/fr\/mentions-legales\/\" \/>\n<meta property=\"og:site_name\" content=\"Miyakoshi\" \/>\n<meta property=\"article:modified_time\" content=\"2026-02-26T16:34:58+00:00\" \/>\n<meta name=\"twitter:card\" content=\"summary_large_image\" \/>\n<meta name=\"twitter:label1\" content=\"Dur\u00e9e de lecture estim\u00e9e\" \/>\n\t<meta name=\"twitter:data1\" content=\"5 minutes\" \/>\n<script type=\"application\/ld+json\" class=\"yoast-schema-graph\">{\"@context\":\"https:\/\/schema.org\",\"@graph\":[{\"@type\":\"WebPage\",\"@id\":\"https:\/\/www.miyakoshi.eu\/fr\/mentions-legales\/\",\"url\":\"https:\/\/www.miyakoshi.eu\/fr\/mentions-legales\/\",\"name\":\"Mentions l\u00e9gales | Miyakoshi\",\"isPartOf\":{\"@id\":\"https:\/\/www.miyakoshi.eu\/fr\/#website\"},\"datePublished\":\"2022-02-14T13:21:30+00:00\",\"dateModified\":\"2026-02-26T16:34:58+00:00\",\"breadcrumb\":{\"@id\":\"https:\/\/www.miyakoshi.eu\/fr\/mentions-legales\/#breadcrumb\"},\"inLanguage\":\"fr-FR\",\"potentialAction\":[{\"@type\":\"ReadAction\",\"target\":[\"https:\/\/www.miyakoshi.eu\/fr\/mentions-legales\/\"]}]},{\"@type\":\"BreadcrumbList\",\"@id\":\"https:\/\/www.miyakoshi.eu\/fr\/mentions-legales\/#breadcrumb\",\"itemListElement\":[{\"@type\":\"ListItem\",\"position\":1,\"name\":\"Portada\",\"item\":\"https:\/\/www.miyakoshi.eu\/fr\/\"},{\"@type\":\"ListItem\",\"position\":2,\"name\":\"Mentions l\u00e9gales\"}]},{\"@type\":\"WebSite\",\"@id\":\"https:\/\/www.miyakoshi.eu\/fr\/#website\",\"url\":\"https:\/\/www.miyakoshi.eu\/fr\/\",\"name\":\"Miyakoshi\",\"description\":\"Fabricantes japoneses de impresoras offset\",\"publisher\":{\"@id\":\"https:\/\/www.miyakoshi.eu\/fr\/#organization\"},\"potentialAction\":[{\"@type\":\"SearchAction\",\"target\":{\"@type\":\"EntryPoint\",\"urlTemplate\":\"https:\/\/www.miyakoshi.eu\/fr\/?s={search_term_string}\"},\"query-input\":{\"@type\":\"PropertyValueSpecification\",\"valueRequired\":true,\"valueName\":\"search_term_string\"}}],\"inLanguage\":\"fr-FR\"},{\"@type\":\"Organization\",\"@id\":\"https:\/\/www.miyakoshi.eu\/fr\/#organization\",\"name\":\"Miyakoshi Europe, S.L.\",\"url\":\"https:\/\/www.miyakoshi.eu\/fr\/\",\"logo\":{\"@type\":\"ImageObject\",\"inLanguage\":\"fr-FR\",\"@id\":\"https:\/\/www.miyakoshi.eu\/fr\/#\/schema\/logo\/image\/\",\"url\":\"https:\/\/www.miyakoshi.eu\/wp-content\/uploads\/2022\/02\/Logo-miyakoshi.svg\",\"contentUrl\":\"https:\/\/www.miyakoshi.eu\/wp-content\/uploads\/2022\/02\/Logo-miyakoshi.svg\",\"width\":483,\"height\":98,\"caption\":\"Miyakoshi Europe, S.L.\"},\"image\":{\"@id\":\"https:\/\/www.miyakoshi.eu\/fr\/#\/schema\/logo\/image\/\"},\"sameAs\":[\"https:\/\/www.linkedin.com\/company\/miyakoshieurope\/\"]}]}<\/script>\n<!-- \/ Yoast SEO plugin. -->","yoast_head_json":{"title":"Mentions l\u00e9gales | Miyakoshi","robots":{"index":"index","follow":"follow","max-snippet":"max-snippet:-1","max-image-preview":"max-image-preview:large","max-video-preview":"max-video-preview:-1"},"canonical":"https:\/\/www.miyakoshi.eu\/fr\/mentions-legales\/","og_locale":"fr_FR","og_type":"article","og_title":"Mentions l\u00e9gales | Miyakoshi","og_description":"Conform\u00e9ment aux dispositions de la loi 34\/2002, du 11 juillet, sur les services de la soci\u00e9t\u00e9 de l&rsquo;information et le commerce \u00e9lectronique (ci-apr\u00e8s, LSSI), nous vous informons que ce site web est la propri\u00e9t\u00e9 de Miyakoshi Europe, S.L. Les informations g\u00e9n\u00e9rales du responsable de ce site web sont celles indiqu\u00e9es ci-dessous : Propri\u00e9taire: Miyakoshi Europe, [&hellip;]","og_url":"https:\/\/www.miyakoshi.eu\/fr\/mentions-legales\/","og_site_name":"Miyakoshi","article_modified_time":"2026-02-26T16:34:58+00:00","twitter_card":"summary_large_image","twitter_misc":{"Dur\u00e9e de lecture estim\u00e9e":"5 minutes"},"schema":{"@context":"https:\/\/schema.org","@graph":[{"@type":"WebPage","@id":"https:\/\/www.miyakoshi.eu\/fr\/mentions-legales\/","url":"https:\/\/www.miyakoshi.eu\/fr\/mentions-legales\/","name":"Mentions l\u00e9gales | Miyakoshi","isPartOf":{"@id":"https:\/\/www.miyakoshi.eu\/fr\/#website"},"datePublished":"2022-02-14T13:21:30+00:00","dateModified":"2026-02-26T16:34:58+00:00","breadcrumb":{"@id":"https:\/\/www.miyakoshi.eu\/fr\/mentions-legales\/#breadcrumb"},"inLanguage":"fr-FR","potentialAction":[{"@type":"ReadAction","target":["https:\/\/www.miyakoshi.eu\/fr\/mentions-legales\/"]}]},{"@type":"BreadcrumbList","@id":"https:\/\/www.miyakoshi.eu\/fr\/mentions-legales\/#breadcrumb","itemListElement":[{"@type":"ListItem","position":1,"name":"Portada","item":"https:\/\/www.miyakoshi.eu\/fr\/"},{"@type":"ListItem","position":2,"name":"Mentions l\u00e9gales"}]},{"@type":"WebSite","@id":"https:\/\/www.miyakoshi.eu\/fr\/#website","url":"https:\/\/www.miyakoshi.eu\/fr\/","name":"Miyakoshi","description":"Fabricantes japoneses de impresoras offset","publisher":{"@id":"https:\/\/www.miyakoshi.eu\/fr\/#organization"},"potentialAction":[{"@type":"SearchAction","target":{"@type":"EntryPoint","urlTemplate":"https:\/\/www.miyakoshi.eu\/fr\/?s={search_term_string}"},"query-input":{"@type":"PropertyValueSpecification","valueRequired":true,"valueName":"search_term_string"}}],"inLanguage":"fr-FR"},{"@type":"Organization","@id":"https:\/\/www.miyakoshi.eu\/fr\/#organization","name":"Miyakoshi Europe, S.L.","url":"https:\/\/www.miyakoshi.eu\/fr\/","logo":{"@type":"ImageObject","inLanguage":"fr-FR","@id":"https:\/\/www.miyakoshi.eu\/fr\/#\/schema\/logo\/image\/","url":"https:\/\/www.miyakoshi.eu\/wp-content\/uploads\/2022\/02\/Logo-miyakoshi.svg","contentUrl":"https:\/\/www.miyakoshi.eu\/wp-content\/uploads\/2022\/02\/Logo-miyakoshi.svg","width":483,"height":98,"caption":"Miyakoshi Europe, S.L."},"image":{"@id":"https:\/\/www.miyakoshi.eu\/fr\/#\/schema\/logo\/image\/"},"sameAs":["https:\/\/www.linkedin.com\/company\/miyakoshieurope\/"]}]}},"acf":[],"_links":{"self":[{"href":"https:\/\/www.miyakoshi.eu\/fr\/wp-json\/wp\/v2\/pages\/1422","targetHints":{"allow":["GET"]}}],"collection":[{"href":"https:\/\/www.miyakoshi.eu\/fr\/wp-json\/wp\/v2\/pages"}],"about":[{"href":"https:\/\/www.miyakoshi.eu\/fr\/wp-json\/wp\/v2\/types\/page"}],"author":[{"embeddable":true,"href":"https:\/\/www.miyakoshi.eu\/fr\/wp-json\/wp\/v2\/users\/1"}],"replies":[{"embeddable":true,"href":"https:\/\/www.miyakoshi.eu\/fr\/wp-json\/wp\/v2\/comments?post=1422"}],"version-history":[{"count":17,"href":"https:\/\/www.miyakoshi.eu\/fr\/wp-json\/wp\/v2\/pages\/1422\/revisions"}],"predecessor-version":[{"id":10624,"href":"https:\/\/www.miyakoshi.eu\/fr\/wp-json\/wp\/v2\/pages\/1422\/revisions\/10624"}],"wp:attachment":[{"href":"https:\/\/www.miyakoshi.eu\/fr\/wp-json\/wp\/v2\/media?parent=1422"}],"curies":[{"name":"wp","href":"https:\/\/api.w.org\/{rel}","templated":true}]}}