{"id":5063,"date":"2022-09-28T13:54:06","date_gmt":"2022-09-28T13:54:06","guid":{"rendered":"https:\/\/www.miyakoshi.eu\/services\/"},"modified":"2025-03-25T12:08:42","modified_gmt":"2025-03-25T12:08:42","slug":"services","status":"publish","type":"page","link":"https:\/\/www.miyakoshi.eu\/fr\/services\/","title":{"rendered":"Apr\u00e8s-vente"},"content":{"rendered":"\t\t<div data-elementor-type=\"wp-page\" data-elementor-id=\"5063\" class=\"elementor elementor-5063 elementor-4780\" data-elementor-post-type=\"page\">\n\t\t\t\t\t\t<section class=\"elementor-section elementor-top-section elementor-element elementor-element-966fa44 elementor-section-boxed elementor-section-height-default elementor-section-height-default\" data-id=\"966fa44\" data-element_type=\"section\" data-settings=\"{&quot;background_background&quot;:&quot;classic&quot;}\">\n\t\t\t\t\t\t<div class=\"elementor-container elementor-column-gap-default\">\n\t\t\t\t\t<div class=\"elementor-column elementor-col-100 elementor-top-column elementor-element elementor-element-cb093d3 animated-fast elementor-invisible\" data-id=\"cb093d3\" data-element_type=\"column\" data-settings=\"{&quot;background_background&quot;:&quot;classic&quot;,&quot;animation&quot;:&quot;fadeInDown&quot;}\">\n\t\t\t<div class=\"elementor-widget-wrap elementor-element-populated\">\n\t\t\t\t\t\t<div class=\"elementor-element elementor-element-0afd79f e-transform elementor-widget elementor-widget-heading\" data-id=\"0afd79f\" data-element_type=\"widget\" data-settings=\"{&quot;motion_fx_motion_fx_mouse&quot;:&quot;yes&quot;,&quot;_transform_translateX_effect&quot;:{&quot;unit&quot;:&quot;px&quot;,&quot;size&quot;:&quot;&quot;,&quot;sizes&quot;:[]},&quot;_transform_translateX_effect_tablet_extra&quot;:{&quot;unit&quot;:&quot;px&quot;,&quot;size&quot;:&quot;&quot;,&quot;sizes&quot;:[]},&quot;_transform_translateX_effect_tablet&quot;:{&quot;unit&quot;:&quot;px&quot;,&quot;size&quot;:&quot;&quot;,&quot;sizes&quot;:[]},&quot;_transform_translateX_effect_mobile&quot;:{&quot;unit&quot;:&quot;px&quot;,&quot;size&quot;:&quot;&quot;,&quot;sizes&quot;:[]},&quot;_transform_translateY_effect&quot;:{&quot;unit&quot;:&quot;px&quot;,&quot;size&quot;:&quot;&quot;,&quot;sizes&quot;:[]},&quot;_transform_translateY_effect_tablet_extra&quot;:{&quot;unit&quot;:&quot;px&quot;,&quot;size&quot;:&quot;&quot;,&quot;sizes&quot;:[]},&quot;_transform_translateY_effect_tablet&quot;:{&quot;unit&quot;:&quot;px&quot;,&quot;size&quot;:&quot;&quot;,&quot;sizes&quot;:[]},&quot;_transform_translateY_effect_mobile&quot;:{&quot;unit&quot;:&quot;px&quot;,&quot;size&quot;:&quot;&quot;,&quot;sizes&quot;:[]}}\" data-widget_type=\"heading.default\">\n\t\t\t\t<div class=\"elementor-widget-container\">\n\t\t\t\t\t<h2 class=\"elementor-heading-title elementor-size-default\">Apr\u00e8s-vente<\/h2>\t\t\t\t<\/div>\n\t\t\t\t<\/div>\n\t\t\t\t\t<\/div>\n\t\t<\/div>\n\t\t\t\t\t<\/div>\n\t\t<\/section>\n\t\t\t\t<section class=\"elementor-section elementor-top-section elementor-element elementor-element-47d3bac elementor-section-boxed elementor-section-height-default elementor-section-height-default elementor-invisible\" data-id=\"47d3bac\" data-element_type=\"section\" data-settings=\"{&quot;animation&quot;:&quot;fadeIn&quot;}\">\n\t\t\t\t\t\t<div class=\"elementor-container elementor-column-gap-default\">\n\t\t\t\t\t<div class=\"elementor-column elementor-col-100 elementor-top-column elementor-element elementor-element-bccb363\" data-id=\"bccb363\" data-element_type=\"column\">\n\t\t\t<div class=\"elementor-widget-wrap elementor-element-populated\">\n\t\t\t\t\t\t<div class=\"elementor-element elementor-element-ea18926 elementor-widget elementor-widget-heading\" data-id=\"ea18926\" data-element_type=\"widget\" data-widget_type=\"heading.default\">\n\t\t\t\t<div class=\"elementor-widget-container\">\n\t\t\t\t\t<h2 class=\"elementor-heading-title elementor-size-default\">Service technique \/ Pi\u00e8ces d\u00e9tach\u00e9es en Europe<\/h2>\t\t\t\t<\/div>\n\t\t\t\t<\/div>\n\t\t\t\t\t<\/div>\n\t\t<\/div>\n\t\t\t\t\t<\/div>\n\t\t<\/section>\n\t\t\t\t<section class=\"elementor-section elementor-top-section elementor-element elementor-element-5c49aa7 elementor-section-boxed elementor-section-height-default elementor-section-height-default\" data-id=\"5c49aa7\" data-element_type=\"section\" data-settings=\"{&quot;motion_fx_motion_fx_scrolling&quot;:&quot;yes&quot;,&quot;animation&quot;:&quot;none&quot;,&quot;motion_fx_devices&quot;:[&quot;desktop&quot;,&quot;tablet_extra&quot;,&quot;tablet&quot;,&quot;mobile&quot;]}\">\n\t\t\t\t\t\t<div class=\"elementor-container elementor-column-gap-default\">\n\t\t\t\t\t<div class=\"elementor-column elementor-col-100 elementor-top-column elementor-element elementor-element-f64b3e1\" data-id=\"f64b3e1\" data-element_type=\"column\">\n\t\t\t<div class=\"elementor-widget-wrap elementor-element-populated\">\n\t\t\t\t\t\t<div class=\"elementor-element elementor-element-3fe87f2 elementor-widget elementor-widget-text-editor\" data-id=\"3fe87f2\" data-element_type=\"widget\" data-widget_type=\"text-editor.default\">\n\t\t\t\t<div class=\"elementor-widget-container\">\n\t\t\t\t\t\t\t\t\t<div style=\"font-size: 16px; font-style: normal; font-weight: bold; font-family: 'Roboto Condensed', sans-serif; text-align: center;\">Pour toute question ou demande, veuillez contacter notre service technique en \u00e9crivant \u00e0 notre adresse \u00e9lectronique :<\/div>\n<div><\/div>\n<div style=\"font-size: 16px; font-style: normal; font-weight: bold; font-family: 'Roboto Condensed', sans-serif; text-align: center;\">\u00a0<span style=\"color: #008000; font-size: 25px;\">sales@miyakoshi.eu<\/span><\/div>\n\t\t\t\t\t\t\t\t<\/div>\n\t\t\t\t<\/div>\n\t\t\t\t\t<\/div>\n\t\t<\/div>\n\t\t\t\t\t<\/div>\n\t\t<\/section>\n\t\t\t\t<section class=\"elementor-section elementor-top-section elementor-element elementor-element-8b3fd6c elementor-section-boxed elementor-section-height-default elementor-section-height-default\" data-id=\"8b3fd6c\" data-element_type=\"section\">\n\t\t\t\t\t\t<div class=\"elementor-container elementor-column-gap-default\">\n\t\t\t\t\t<div class=\"elementor-column elementor-col-50 elementor-top-column elementor-element elementor-element-00c38d8 animated-fast\" data-id=\"00c38d8\" data-element_type=\"column\" data-settings=\"{&quot;animation&quot;:&quot;none&quot;,&quot;animation_delay&quot;:500}\">\n\t\t\t<div class=\"elementor-widget-wrap elementor-element-populated\">\n\t\t\t\t\t\t<div class=\"elementor-element elementor-element-601559e elementor-drop-cap-yes elementor-drop-cap-view-default elementor-widget elementor-widget-text-editor\" data-id=\"601559e\" data-element_type=\"widget\" data-settings=\"{&quot;drop_cap&quot;:&quot;yes&quot;}\" data-widget_type=\"text-editor.default\">\n\t\t\t\t<div class=\"elementor-widget-container\">\n\t\t\t\t\t\t\t\t\t<h1 style=\"text-align: center;\"><span style=\"color: #028752; font-family: var( --e-global-typography-text-font-family ), Sans-serif; font-size: 40px;\">Service technique<\/span><\/h1><p><span style=\"color: #008000;\">Maximiser votre temps de fonctionnement<\/span> est l&rsquo;objectif de notre support technique et nous sommes l\u00e0 pour vous aider \u00e0 r\u00e9soudre votre probl\u00e8me. Dans de nombreux cas, nous pouvons r\u00e9soudre votre probl\u00e8me par t\u00e9l\u00e9phone, mais si vous avez besoin d&rsquo;un appel d&rsquo;un de nos techniciens, il sera programm\u00e9 rapidement et efficacement.<\/p><p><span style=\"color: #008000;\">Miyakoshi Europe<\/span> propose des contrats annuels de service\/maintenance. Il s&rsquo;agit notamment de :<\/p><ul><li>Assistance t\u00e9l\u00e9phonique<\/li><li>Main d&rsquo;\u0153uvre et pi\u00e8ces d\u00e9tach\u00e9es<\/li><li>Mise \u00e0 niveau des machines<\/li><li>D\u00e9montage\/assemblage et transferts de machines<\/li><li>Formation sp\u00e9cialis\u00e9e<\/li><li>Pi\u00e8ces de rechange originales<\/li><\/ul><p>Nos techniciens de service sont form\u00e9s par le fabricant.\u00a0Avec une \u00e9quipe de d\u00e9monstrateurs, d&rsquo;\u00e9lectroniciens et de m\u00e9caniciens parmi les plus qualifi\u00e9s du secteur.<\/p>\t\t\t\t\t\t\t\t<\/div>\n\t\t\t\t<\/div>\n\t\t\t\t\t<\/div>\n\t\t<\/div>\n\t\t\t\t<div class=\"elementor-column elementor-col-50 elementor-top-column elementor-element elementor-element-b40f647 animated-fast\" data-id=\"b40f647\" data-element_type=\"column\" data-settings=\"{&quot;animation&quot;:&quot;none&quot;,&quot;animation_delay&quot;:1000}\">\n\t\t\t<div class=\"elementor-widget-wrap elementor-element-populated\">\n\t\t\t\t\t\t<div class=\"elementor-element elementor-element-cc75d47 elementor-widget elementor-widget-text-editor\" data-id=\"cc75d47\" data-element_type=\"widget\" data-widget_type=\"text-editor.default\">\n\t\t\t\t<div class=\"elementor-widget-container\">\n\t\t\t\t\t\t\t\t\t<h1 style=\"text-align: center;\"><span style=\"color: #028752; font-family: var( --e-global-typography-text-font-family ), Sans-serif; font-size: 40px;\">Pi\u00e8ces d\u00e9tach\u00e9es<\/span><\/h1><p style=\"text-align: left;\">Veuillez nous contacter pour commander des pi\u00e8ces d\u00e9tach\u00e9es pour votre presse Miyakoshi.<\/p><p style=\"text-align: left;\">Miyakoshi Europe propose des pi\u00e8ces d\u00e9tach\u00e9es originales pour chacune de ses presses.<\/p><p style=\"text-align: left;\">Les raisons d&rsquo;utiliser notre approvisionnement en pi\u00e8ces sont les suivantes:<\/p><ul style=\"text-align: left;\"><li>Utilisation de pi\u00e8ces d&rsquo;origine de haute qualit\u00e9.<\/li><li>Les connaissances sp\u00e9cialis\u00e9es de nos techniciens vous garantissent le meilleur traitement lorsqu&rsquo;il s&rsquo;agit de vous conseiller sur les am\u00e9liorations et les modifications \u00e0 apporter \u00e0 votre \u00e9quipement.<\/li><li>Assure un temps d&rsquo;arr\u00eat minimal gr\u00e2ce \u00e0 un stock permanent de pi\u00e8ces d&rsquo;origine.<\/li><li>Contr\u00f4le exhaustif de la qualit\u00e9 des composants avant l&rsquo;exp\u00e9dition.<\/li><li>Garantie de remboursement en cas de livraison de pi\u00e8ces d\u00e9tach\u00e9es incorrectes.<\/li><\/ul>\t\t\t\t\t\t\t\t<\/div>\n\t\t\t\t<\/div>\n\t\t\t\t\t<\/div>\n\t\t<\/div>\n\t\t\t\t\t<\/div>\n\t\t<\/section>\n\t\t\t\t<section class=\"elementor-section elementor-top-section elementor-element elementor-element-92fe1a7 elementor-section-boxed elementor-section-height-default elementor-section-height-default\" data-id=\"92fe1a7\" data-element_type=\"section\">\n\t\t\t\t\t\t<div class=\"elementor-container elementor-column-gap-default\">\n\t\t\t\t\t<div class=\"elementor-column elementor-col-100 elementor-top-column elementor-element elementor-element-23f9af6\" data-id=\"23f9af6\" data-element_type=\"column\">\n\t\t\t<div class=\"elementor-widget-wrap elementor-element-populated\">\n\t\t\t\t\t\t<div class=\"elementor-element elementor-element-d11c337 elementor-widget elementor-widget-html\" data-id=\"d11c337\" data-element_type=\"widget\" data-widget_type=\"html.default\">\n\t\t\t\t<div class=\"elementor-widget-container\">\n\t\t\t\t\t<style>\r\n  .video-container {\r\n    position: relative;\r\n    width: 100%;\r\n    padding-top: 56.25%; \/* Proporci\u00f3n 16:9 *\/\r\n    overflow: hidden;\r\n  }\r\n\r\n  .video-container iframe {\r\n    position: absolute;\r\n    top: 0;\r\n    left: 0;\r\n    width: 100%;\r\n    height: 100%;\r\n    border: none;\r\n  }\r\n<\/style>\r\n\r\n<div class=\"video-container\">\r\n  <iframe src=\"https:\/\/www.youtube.com\/embed\/8LSzHjxQmHs?controls=0&loop=1&playlist=8LSzHjxQmHs&rel=0\" \r\n    title=\"YouTube video player\" \r\n    allow=\"accelerometer; autoplay; clipboard-write; encrypted-media; gyroscope; picture-in-picture\" \r\n    allowfullscreen>\r\n  <\/iframe>\r\n<\/div>\r\n\t\t\t\t<\/div>\n\t\t\t\t<\/div>\n\t\t\t\t\t<\/div>\n\t\t<\/div>\n\t\t\t\t\t<\/div>\n\t\t<\/section>\n\t\t\t\t<section class=\"elementor-section elementor-top-section elementor-element elementor-element-96e0d21 elementor-section-boxed elementor-section-height-default elementor-section-height-default\" data-id=\"96e0d21\" data-element_type=\"section\">\n\t\t\t\t\t\t<div class=\"elementor-container elementor-column-gap-default\">\n\t\t\t\t\t<div class=\"elementor-column elementor-col-100 elementor-top-column elementor-element elementor-element-e41cbc8\" data-id=\"e41cbc8\" data-element_type=\"column\">\n\t\t\t<div class=\"elementor-widget-wrap elementor-element-populated\">\n\t\t\t\t\t\t<div class=\"elementor-element elementor-element-9023a43 elementor-widget elementor-widget-image\" data-id=\"9023a43\" data-element_type=\"widget\" data-widget_type=\"image.default\">\n\t\t\t\t<div class=\"elementor-widget-container\">\n\t\t\t\t\t\t\t\t\t\t\t\t\t\t\t<img fetchpriority=\"high\" decoding=\"async\" width=\"2048\" height=\"614\" src=\"https:\/\/www.miyakoshi.eu\/wp-content\/uploads\/2022\/08\/Logo_Miyakoshi_Europe-2048x614.jpg\" class=\"attachment-2048x2048 size-2048x2048 wp-image-4630\" alt=\"\" srcset=\"https:\/\/www.miyakoshi.eu\/wp-content\/uploads\/2022\/08\/Logo_Miyakoshi_Europe-2048x614.jpg 2048w, https:\/\/www.miyakoshi.eu\/wp-content\/uploads\/2022\/08\/Logo_Miyakoshi_Europe-300x90.jpg 300w, https:\/\/www.miyakoshi.eu\/wp-content\/uploads\/2022\/08\/Logo_Miyakoshi_Europe-1024x307.jpg 1024w, https:\/\/www.miyakoshi.eu\/wp-content\/uploads\/2022\/08\/Logo_Miyakoshi_Europe-768x230.jpg 768w, https:\/\/www.miyakoshi.eu\/wp-content\/uploads\/2022\/08\/Logo_Miyakoshi_Europe-1536x461.jpg 1536w\" sizes=\"(max-width: 2048px) 100vw, 2048px\" \/>\t\t\t\t\t\t\t\t\t\t\t\t\t\t\t<\/div>\n\t\t\t\t<\/div>\n\t\t\t\t\t<\/div>\n\t\t<\/div>\n\t\t\t\t\t<\/div>\n\t\t<\/section>\n\t\t\t\t<\/div>\n\t\t","protected":false},"excerpt":{"rendered":"<p>Apr\u00e8s-vente Service technique \/ Pi\u00e8ces d\u00e9tach\u00e9es en Europe Pour toute question ou demande, veuillez contacter notre service technique en \u00e9crivant \u00e0 notre adresse \u00e9lectronique : \u00a0sales@miyakoshi.eu Service technique Maximiser votre temps de fonctionnement est l&rsquo;objectif de notre support technique et nous sommes l\u00e0 pour vous aider \u00e0 r\u00e9soudre votre probl\u00e8me. Dans de nombreux cas, nous [&hellip;]<\/p>\n","protected":false},"author":2,"featured_media":0,"parent":0,"menu_order":0,"comment_status":"closed","ping_status":"closed","template":"","meta":{"site-sidebar-layout":"no-sidebar","site-content-layout":"page-builder","ast-site-content-layout":"default","site-content-style":"default","site-sidebar-style":"default","ast-global-header-display":"","ast-banner-title-visibility":"","ast-main-header-display":"","ast-hfb-above-header-display":"","ast-hfb-below-header-display":"","ast-hfb-mobile-header-display":"","site-post-title":"disabled","ast-breadcrumbs-content":"","ast-featured-img":"disabled","footer-sml-layout":"","theme-transparent-header-meta":"default","adv-header-id-meta":"","stick-header-meta":"","header-above-stick-meta":"","header-main-stick-meta":"","header-below-stick-meta":"","astra-migrate-meta-layouts":"default","ast-page-background-enabled":"default","ast-page-background-meta":{"desktop":{"background-color":"","background-image":"","background-repeat":"repeat","background-position":"center center","background-size":"auto","background-attachment":"scroll","background-type":"","background-media":"","overlay-type":"","overlay-color":"","overlay-opacity":"","overlay-gradient":""},"tablet":{"background-color":"","background-image":"","background-repeat":"repeat","background-position":"center center","background-size":"auto","background-attachment":"scroll","background-type":"","background-media":"","overlay-type":"","overlay-color":"","overlay-opacity":"","overlay-gradient":""},"mobile":{"background-color":"","background-image":"","background-repeat":"repeat","background-position":"center center","background-size":"auto","background-attachment":"scroll","background-type":"","background-media":"","overlay-type":"","overlay-color":"","overlay-opacity":"","overlay-gradient":""}},"ast-content-background-meta":{"desktop":{"background-color":"var(--ast-global-color-5)","background-image":"","background-repeat":"repeat","background-position":"center center","background-size":"auto","background-attachment":"scroll","background-type":"","background-media":"","overlay-type":"","overlay-color":"","overlay-opacity":"","overlay-gradient":""},"tablet":{"background-color":"var(--ast-global-color-5)","background-image":"","background-repeat":"repeat","background-position":"center center","background-size":"auto","background-attachment":"scroll","background-type":"","background-media":"","overlay-type":"","overlay-color":"","overlay-opacity":"","overlay-gradient":""},"mobile":{"background-color":"var(--ast-global-color-5)","background-image":"","background-repeat":"repeat","background-position":"center center","background-size":"auto","background-attachment":"scroll","background-type":"","background-media":"","overlay-type":"","overlay-color":"","overlay-opacity":"","overlay-gradient":""}},"footnotes":""},"class_list":["post-5063","page","type-page","status-publish","hentry"],"yoast_head":"<!-- This site is optimized with the Yoast SEO plugin v26.3 - https:\/\/yoast.com\/wordpress\/plugins\/seo\/ -->\n<title>Apr\u00e8s-vente | Miyakoshi<\/title>\n<meta name=\"robots\" content=\"index, follow, max-snippet:-1, max-image-preview:large, max-video-preview:-1\" \/>\n<link rel=\"canonical\" href=\"https:\/\/www.miyakoshi.eu\/fr\/services\/\" \/>\n<meta property=\"og:locale\" content=\"fr_FR\" \/>\n<meta property=\"og:type\" content=\"article\" \/>\n<meta property=\"og:title\" content=\"Apr\u00e8s-vente | Miyakoshi\" \/>\n<meta property=\"og:description\" content=\"Apr\u00e8s-vente Service technique \/ Pi\u00e8ces d\u00e9tach\u00e9es en Europe Pour toute question ou demande, veuillez contacter notre service technique en \u00e9crivant \u00e0 notre adresse \u00e9lectronique : \u00a0sales@miyakoshi.eu Service technique Maximiser votre temps de fonctionnement est l&rsquo;objectif de notre support technique et nous sommes l\u00e0 pour vous aider \u00e0 r\u00e9soudre votre probl\u00e8me. Dans de nombreux cas, nous [&hellip;]\" \/>\n<meta property=\"og:url\" content=\"https:\/\/www.miyakoshi.eu\/fr\/services\/\" \/>\n<meta property=\"og:site_name\" content=\"Miyakoshi\" \/>\n<meta property=\"article:modified_time\" content=\"2025-03-25T12:08:42+00:00\" \/>\n<meta property=\"og:image\" content=\"https:\/\/www.miyakoshi.eu\/wp-content\/uploads\/2022\/08\/Logo_Miyakoshi_Europe-scaled.jpg\" \/>\n\t<meta property=\"og:image:width\" content=\"2560\" \/>\n\t<meta property=\"og:image:height\" content=\"768\" \/>\n\t<meta property=\"og:image:type\" content=\"image\/jpeg\" \/>\n<meta name=\"twitter:card\" content=\"summary_large_image\" \/>\n<meta name=\"twitter:label1\" content=\"Dur\u00e9e de lecture estim\u00e9e\" \/>\n\t<meta name=\"twitter:data1\" content=\"2 minutes\" \/>\n<script type=\"application\/ld+json\" class=\"yoast-schema-graph\">{\"@context\":\"https:\/\/schema.org\",\"@graph\":[{\"@type\":\"WebPage\",\"@id\":\"https:\/\/www.miyakoshi.eu\/fr\/services\/\",\"url\":\"https:\/\/www.miyakoshi.eu\/fr\/services\/\",\"name\":\"Apr\u00e8s-vente | Miyakoshi\",\"isPartOf\":{\"@id\":\"https:\/\/www.miyakoshi.eu\/fr\/#website\"},\"primaryImageOfPage\":{\"@id\":\"https:\/\/www.miyakoshi.eu\/fr\/services\/#primaryimage\"},\"image\":{\"@id\":\"https:\/\/www.miyakoshi.eu\/fr\/services\/#primaryimage\"},\"thumbnailUrl\":\"https:\/\/www.miyakoshi.eu\/wp-content\/uploads\/2022\/08\/Logo_Miyakoshi_Europe-2048x614.jpg\",\"datePublished\":\"2022-09-28T13:54:06+00:00\",\"dateModified\":\"2025-03-25T12:08:42+00:00\",\"breadcrumb\":{\"@id\":\"https:\/\/www.miyakoshi.eu\/fr\/services\/#breadcrumb\"},\"inLanguage\":\"fr-FR\",\"potentialAction\":[{\"@type\":\"ReadAction\",\"target\":[\"https:\/\/www.miyakoshi.eu\/fr\/services\/\"]}]},{\"@type\":\"ImageObject\",\"inLanguage\":\"fr-FR\",\"@id\":\"https:\/\/www.miyakoshi.eu\/fr\/services\/#primaryimage\",\"url\":\"https:\/\/www.miyakoshi.eu\/wp-content\/uploads\/2022\/08\/Logo_Miyakoshi_Europe-2048x614.jpg\",\"contentUrl\":\"https:\/\/www.miyakoshi.eu\/wp-content\/uploads\/2022\/08\/Logo_Miyakoshi_Europe-2048x614.jpg\"},{\"@type\":\"BreadcrumbList\",\"@id\":\"https:\/\/www.miyakoshi.eu\/fr\/services\/#breadcrumb\",\"itemListElement\":[{\"@type\":\"ListItem\",\"position\":1,\"name\":\"Portada\",\"item\":\"https:\/\/www.miyakoshi.eu\/fr\/\"},{\"@type\":\"ListItem\",\"position\":2,\"name\":\"Apr\u00e8s-vente\"}]},{\"@type\":\"WebSite\",\"@id\":\"https:\/\/www.miyakoshi.eu\/fr\/#website\",\"url\":\"https:\/\/www.miyakoshi.eu\/fr\/\",\"name\":\"Miyakoshi\",\"description\":\"Fabricantes japoneses de impresoras offset\",\"publisher\":{\"@id\":\"https:\/\/www.miyakoshi.eu\/fr\/#organization\"},\"potentialAction\":[{\"@type\":\"SearchAction\",\"target\":{\"@type\":\"EntryPoint\",\"urlTemplate\":\"https:\/\/www.miyakoshi.eu\/fr\/?s={search_term_string}\"},\"query-input\":{\"@type\":\"PropertyValueSpecification\",\"valueRequired\":true,\"valueName\":\"search_term_string\"}}],\"inLanguage\":\"fr-FR\"},{\"@type\":\"Organization\",\"@id\":\"https:\/\/www.miyakoshi.eu\/fr\/#organization\",\"name\":\"Miyakoshi Europe, S.L.\",\"url\":\"https:\/\/www.miyakoshi.eu\/fr\/\",\"logo\":{\"@type\":\"ImageObject\",\"inLanguage\":\"fr-FR\",\"@id\":\"https:\/\/www.miyakoshi.eu\/fr\/#\/schema\/logo\/image\/\",\"url\":\"https:\/\/www.miyakoshi.eu\/wp-content\/uploads\/2022\/02\/Logo-miyakoshi.svg\",\"contentUrl\":\"https:\/\/www.miyakoshi.eu\/wp-content\/uploads\/2022\/02\/Logo-miyakoshi.svg\",\"width\":483,\"height\":98,\"caption\":\"Miyakoshi Europe, S.L.\"},\"image\":{\"@id\":\"https:\/\/www.miyakoshi.eu\/fr\/#\/schema\/logo\/image\/\"},\"sameAs\":[\"https:\/\/www.linkedin.com\/company\/miyakoshieurope\/\"]}]}<\/script>\n<!-- \/ Yoast SEO plugin. -->","yoast_head_json":{"title":"Apr\u00e8s-vente | Miyakoshi","robots":{"index":"index","follow":"follow","max-snippet":"max-snippet:-1","max-image-preview":"max-image-preview:large","max-video-preview":"max-video-preview:-1"},"canonical":"https:\/\/www.miyakoshi.eu\/fr\/services\/","og_locale":"fr_FR","og_type":"article","og_title":"Apr\u00e8s-vente | Miyakoshi","og_description":"Apr\u00e8s-vente Service technique \/ Pi\u00e8ces d\u00e9tach\u00e9es en Europe Pour toute question ou demande, veuillez contacter notre service technique en \u00e9crivant \u00e0 notre adresse \u00e9lectronique : \u00a0sales@miyakoshi.eu Service technique Maximiser votre temps de fonctionnement est l&rsquo;objectif de notre support technique et nous sommes l\u00e0 pour vous aider \u00e0 r\u00e9soudre votre probl\u00e8me. Dans de nombreux cas, nous [&hellip;]","og_url":"https:\/\/www.miyakoshi.eu\/fr\/services\/","og_site_name":"Miyakoshi","article_modified_time":"2025-03-25T12:08:42+00:00","og_image":[{"width":2560,"height":768,"url":"https:\/\/www.miyakoshi.eu\/wp-content\/uploads\/2022\/08\/Logo_Miyakoshi_Europe-scaled.jpg","type":"image\/jpeg"}],"twitter_card":"summary_large_image","twitter_misc":{"Dur\u00e9e de lecture estim\u00e9e":"2 minutes"},"schema":{"@context":"https:\/\/schema.org","@graph":[{"@type":"WebPage","@id":"https:\/\/www.miyakoshi.eu\/fr\/services\/","url":"https:\/\/www.miyakoshi.eu\/fr\/services\/","name":"Apr\u00e8s-vente | Miyakoshi","isPartOf":{"@id":"https:\/\/www.miyakoshi.eu\/fr\/#website"},"primaryImageOfPage":{"@id":"https:\/\/www.miyakoshi.eu\/fr\/services\/#primaryimage"},"image":{"@id":"https:\/\/www.miyakoshi.eu\/fr\/services\/#primaryimage"},"thumbnailUrl":"https:\/\/www.miyakoshi.eu\/wp-content\/uploads\/2022\/08\/Logo_Miyakoshi_Europe-2048x614.jpg","datePublished":"2022-09-28T13:54:06+00:00","dateModified":"2025-03-25T12:08:42+00:00","breadcrumb":{"@id":"https:\/\/www.miyakoshi.eu\/fr\/services\/#breadcrumb"},"inLanguage":"fr-FR","potentialAction":[{"@type":"ReadAction","target":["https:\/\/www.miyakoshi.eu\/fr\/services\/"]}]},{"@type":"ImageObject","inLanguage":"fr-FR","@id":"https:\/\/www.miyakoshi.eu\/fr\/services\/#primaryimage","url":"https:\/\/www.miyakoshi.eu\/wp-content\/uploads\/2022\/08\/Logo_Miyakoshi_Europe-2048x614.jpg","contentUrl":"https:\/\/www.miyakoshi.eu\/wp-content\/uploads\/2022\/08\/Logo_Miyakoshi_Europe-2048x614.jpg"},{"@type":"BreadcrumbList","@id":"https:\/\/www.miyakoshi.eu\/fr\/services\/#breadcrumb","itemListElement":[{"@type":"ListItem","position":1,"name":"Portada","item":"https:\/\/www.miyakoshi.eu\/fr\/"},{"@type":"ListItem","position":2,"name":"Apr\u00e8s-vente"}]},{"@type":"WebSite","@id":"https:\/\/www.miyakoshi.eu\/fr\/#website","url":"https:\/\/www.miyakoshi.eu\/fr\/","name":"Miyakoshi","description":"Fabricantes japoneses de impresoras offset","publisher":{"@id":"https:\/\/www.miyakoshi.eu\/fr\/#organization"},"potentialAction":[{"@type":"SearchAction","target":{"@type":"EntryPoint","urlTemplate":"https:\/\/www.miyakoshi.eu\/fr\/?s={search_term_string}"},"query-input":{"@type":"PropertyValueSpecification","valueRequired":true,"valueName":"search_term_string"}}],"inLanguage":"fr-FR"},{"@type":"Organization","@id":"https:\/\/www.miyakoshi.eu\/fr\/#organization","name":"Miyakoshi Europe, S.L.","url":"https:\/\/www.miyakoshi.eu\/fr\/","logo":{"@type":"ImageObject","inLanguage":"fr-FR","@id":"https:\/\/www.miyakoshi.eu\/fr\/#\/schema\/logo\/image\/","url":"https:\/\/www.miyakoshi.eu\/wp-content\/uploads\/2022\/02\/Logo-miyakoshi.svg","contentUrl":"https:\/\/www.miyakoshi.eu\/wp-content\/uploads\/2022\/02\/Logo-miyakoshi.svg","width":483,"height":98,"caption":"Miyakoshi Europe, S.L."},"image":{"@id":"https:\/\/www.miyakoshi.eu\/fr\/#\/schema\/logo\/image\/"},"sameAs":["https:\/\/www.linkedin.com\/company\/miyakoshieurope\/"]}]}},"acf":[],"_links":{"self":[{"href":"https:\/\/www.miyakoshi.eu\/fr\/wp-json\/wp\/v2\/pages\/5063","targetHints":{"allow":["GET"]}}],"collection":[{"href":"https:\/\/www.miyakoshi.eu\/fr\/wp-json\/wp\/v2\/pages"}],"about":[{"href":"https:\/\/www.miyakoshi.eu\/fr\/wp-json\/wp\/v2\/types\/page"}],"author":[{"embeddable":true,"href":"https:\/\/www.miyakoshi.eu\/fr\/wp-json\/wp\/v2\/users\/2"}],"replies":[{"embeddable":true,"href":"https:\/\/www.miyakoshi.eu\/fr\/wp-json\/wp\/v2\/comments?post=5063"}],"version-history":[{"count":41,"href":"https:\/\/www.miyakoshi.eu\/fr\/wp-json\/wp\/v2\/pages\/5063\/revisions"}],"predecessor-version":[{"id":10052,"href":"https:\/\/www.miyakoshi.eu\/fr\/wp-json\/wp\/v2\/pages\/5063\/revisions\/10052"}],"wp:attachment":[{"href":"https:\/\/www.miyakoshi.eu\/fr\/wp-json\/wp\/v2\/media?parent=5063"}],"curies":[{"name":"wp","href":"https:\/\/api.w.org\/{rel}","templated":true}]}}