{"id":5129,"date":"2022-10-04T15:53:14","date_gmt":"2022-10-04T15:53:14","guid":{"rendered":"https:\/\/www.miyakoshi.eu\/impression-commerciale\/"},"modified":"2022-10-28T14:25:20","modified_gmt":"2022-10-28T14:25:20","slug":"impression-commerciale","status":"publish","type":"page","link":"https:\/\/www.miyakoshi.eu\/fr\/impression-commerciale\/","title":{"rendered":"Impression commerciale"},"content":{"rendered":"\t\t<div data-elementor-type=\"wp-page\" data-elementor-id=\"5129\" class=\"elementor elementor-5129 elementor-4905\" data-elementor-post-type=\"page\">\n\t\t\t\t\t\t<section class=\"elementor-section elementor-top-section elementor-element elementor-element-bb1780d elementor-section-height-min-height animated-fast elementor-section-boxed elementor-section-height-default elementor-section-items-middle elementor-invisible\" data-id=\"bb1780d\" data-element_type=\"section\" data-settings=\"{&quot;background_background&quot;:&quot;classic&quot;,&quot;animation&quot;:&quot;fadeInDown&quot;}\">\n\t\t\t\t\t\t\t<div class=\"elementor-background-overlay\"><\/div>\n\t\t\t\t\t\t\t<div class=\"elementor-container elementor-column-gap-default\">\n\t\t\t\t\t<div class=\"elementor-column elementor-col-100 elementor-top-column elementor-element elementor-element-8c5ad68\" data-id=\"8c5ad68\" data-element_type=\"column\">\n\t\t\t<div class=\"elementor-widget-wrap elementor-element-populated\">\n\t\t\t\t\t\t<div class=\"elementor-element elementor-element-c733ade elementor-widget elementor-widget-theme-post-title elementor-page-title elementor-widget-heading\" data-id=\"c733ade\" data-element_type=\"widget\" data-widget_type=\"theme-post-title.default\">\n\t\t\t\t<div class=\"elementor-widget-container\">\n\t\t\t\t\t<h1 class=\"elementor-heading-title elementor-size-default\">Impression commerciale<\/h1>\t\t\t\t<\/div>\n\t\t\t\t<\/div>\n\t\t\t\t\t<\/div>\n\t\t<\/div>\n\t\t\t\t\t<\/div>\n\t\t<\/section>\n\t\t\t\t<section class=\"elementor-section elementor-top-section elementor-element elementor-element-82e03b3 elementor-section-boxed elementor-section-height-default elementor-section-height-default\" data-id=\"82e03b3\" data-element_type=\"section\">\n\t\t\t\t\t\t<div class=\"elementor-container elementor-column-gap-default\">\n\t\t\t\t\t<div class=\"elementor-column elementor-col-100 elementor-top-column elementor-element elementor-element-dd495d0\" data-id=\"dd495d0\" data-element_type=\"column\">\n\t\t\t<div class=\"elementor-widget-wrap elementor-element-populated\">\n\t\t\t\t\t\t<section class=\"elementor-section elementor-inner-section elementor-element elementor-element-8f1645a elementor-reverse-mobile elementor-section-boxed elementor-section-height-default elementor-section-height-default\" data-id=\"8f1645a\" data-element_type=\"section\">\n\t\t\t\t\t\t<div class=\"elementor-container elementor-column-gap-default\">\n\t\t\t\t\t<div class=\"elementor-column elementor-col-50 elementor-inner-column elementor-element elementor-element-8d3d37b elementor-invisible\" data-id=\"8d3d37b\" data-element_type=\"column\" data-settings=\"{&quot;animation&quot;:&quot;fadeInLeft&quot;}\">\n\t\t\t<div class=\"elementor-widget-wrap elementor-element-populated\">\n\t\t\t\t\t\t<div class=\"elementor-element elementor-element-f25295e animated-fast elementor-widget-mobile__width-initial elementor-invisible elementor-widget elementor-widget-text-editor\" data-id=\"f25295e\" data-element_type=\"widget\" data-settings=\"{&quot;_animation&quot;:&quot;fadeInLeft&quot;,&quot;_animation_delay&quot;:500}\" data-widget_type=\"text-editor.default\">\n\t\t\t\t<div class=\"elementor-widget-container\">\n\t\t\t\t\t\t\t\t\t<p>L&rsquo;impression num\u00e9rique est une solution id\u00e9ale pour l&rsquo;impression commerciale : la qualit\u00e9 d&rsquo;impression doit \u00eatre \u00e9lev\u00e9e, de grandes quantit\u00e9s de copies sont souvent n\u00e9cessaires et les images doivent \u00eatre imprim\u00e9es sur du papier \u00e9pais.<\/p><p>Les presses d&rsquo;impression num\u00e9rique de Miyakoshi sont non seulement capables de r\u00e9pondre \u00e0 ces exigences, mais elles offrent \u00e9galement une fiabilit\u00e9 et une flexibilit\u00e9 maximales.<\/p>\t\t\t\t\t\t\t\t<\/div>\n\t\t\t\t<\/div>\n\t\t\t\t\t<\/div>\n\t\t<\/div>\n\t\t\t\t<div class=\"elementor-column elementor-col-50 elementor-inner-column elementor-element elementor-element-0f2cdae\" data-id=\"0f2cdae\" data-element_type=\"column\">\n\t\t\t<div class=\"elementor-widget-wrap elementor-element-populated\">\n\t\t\t\t\t\t<div class=\"elementor-element elementor-element-e7da643 animated-fast elementor-invisible elementor-widget elementor-widget-image\" data-id=\"e7da643\" data-element_type=\"widget\" data-settings=\"{&quot;_animation&quot;:&quot;fadeInRight&quot;,&quot;_animation_delay&quot;:1000}\" data-widget_type=\"image.default\">\n\t\t\t\t<div class=\"elementor-widget-container\">\n\t\t\t\t\t\t\t\t\t\t\t\t<figure class=\"wp-caption\">\n\t\t\t\t\t\t\t\t\t\t<img fetchpriority=\"high\" decoding=\"async\" width=\"2000\" height=\"766\" src=\"https:\/\/www.miyakoshi.eu\/wp-content\/uploads\/2022\/02\/prensa-digital-MJP20IXS.png\" class=\"attachment-2048x2048 size-2048x2048 wp-image-3204\" alt=\"\" srcset=\"https:\/\/www.miyakoshi.eu\/wp-content\/uploads\/2022\/02\/prensa-digital-MJP20IXS.png 2000w, https:\/\/www.miyakoshi.eu\/wp-content\/uploads\/2022\/02\/prensa-digital-MJP20IXS-300x115.png 300w, https:\/\/www.miyakoshi.eu\/wp-content\/uploads\/2022\/02\/prensa-digital-MJP20IXS-1024x392.png 1024w, https:\/\/www.miyakoshi.eu\/wp-content\/uploads\/2022\/02\/prensa-digital-MJP20IXS-768x294.png 768w, https:\/\/www.miyakoshi.eu\/wp-content\/uploads\/2022\/02\/prensa-digital-MJP20IXS-1536x588.png 1536w\" sizes=\"(max-width: 2000px) 100vw, 2000px\" \/>\t\t\t\t\t\t\t\t\t\t\t<figcaption class=\"widget-image-caption wp-caption-text\">Miyakoshi MJP20IXS<\/figcaption>\n\t\t\t\t\t\t\t\t\t\t<\/figure>\n\t\t\t\t\t\t\t\t\t<\/div>\n\t\t\t\t<\/div>\n\t\t\t\t\t<\/div>\n\t\t<\/div>\n\t\t\t\t\t<\/div>\n\t\t<\/section>\n\t\t\t\t\t<\/div>\n\t\t<\/div>\n\t\t\t\t\t<\/div>\n\t\t<\/section>\n\t\t\t\t<\/div>\n\t\t","protected":false},"excerpt":{"rendered":"<p>L&rsquo;impression num\u00e9rique est une solution id\u00e9ale pour l&rsquo;impression commerciale : la qualit\u00e9 d&rsquo;impression doit \u00eatre \u00e9lev\u00e9e, de grandes quantit\u00e9s de copies sont souvent n\u00e9cessaires et les images doivent \u00eatre imprim\u00e9es sur du papier \u00e9pais. Les presses d&rsquo;impression num\u00e9rique de Miyakoshi sont non seulement capables de r\u00e9pondre \u00e0 ces exigences, mais elles offrent \u00e9galement une fiabilit\u00e9 [&hellip;]<\/p>\n","protected":false},"author":2,"featured_media":0,"parent":0,"menu_order":0,"comment_status":"closed","ping_status":"closed","template":"","meta":{"site-sidebar-layout":"no-sidebar","site-content-layout":"page-builder","ast-site-content-layout":"default","site-content-style":"default","site-sidebar-style":"default","ast-global-header-display":"","ast-banner-title-visibility":"","ast-main-header-display":"","ast-hfb-above-header-display":"","ast-hfb-below-header-display":"","ast-hfb-mobile-header-display":"","site-post-title":"disabled","ast-breadcrumbs-content":"","ast-featured-img":"disabled","footer-sml-layout":"","theme-transparent-header-meta":"default","adv-header-id-meta":"","stick-header-meta":"","header-above-stick-meta":"","header-main-stick-meta":"","header-below-stick-meta":"","astra-migrate-meta-layouts":"default","ast-page-background-enabled":"default","ast-page-background-meta":{"desktop":{"background-color":"","background-image":"","background-repeat":"repeat","background-position":"center center","background-size":"auto","background-attachment":"scroll","background-type":"","background-media":"","overlay-type":"","overlay-color":"","overlay-opacity":"","overlay-gradient":""},"tablet":{"background-color":"","background-image":"","background-repeat":"repeat","background-position":"center center","background-size":"auto","background-attachment":"scroll","background-type":"","background-media":"","overlay-type":"","overlay-color":"","overlay-opacity":"","overlay-gradient":""},"mobile":{"background-color":"","background-image":"","background-repeat":"repeat","background-position":"center center","background-size":"auto","background-attachment":"scroll","background-type":"","background-media":"","overlay-type":"","overlay-color":"","overlay-opacity":"","overlay-gradient":""}},"ast-content-background-meta":{"desktop":{"background-color":"var(--ast-global-color-5)","background-image":"","background-repeat":"repeat","background-position":"center center","background-size":"auto","background-attachment":"scroll","background-type":"","background-media":"","overlay-type":"","overlay-color":"","overlay-opacity":"","overlay-gradient":""},"tablet":{"background-color":"var(--ast-global-color-5)","background-image":"","background-repeat":"repeat","background-position":"center center","background-size":"auto","background-attachment":"scroll","background-type":"","background-media":"","overlay-type":"","overlay-color":"","overlay-opacity":"","overlay-gradient":""},"mobile":{"background-color":"var(--ast-global-color-5)","background-image":"","background-repeat":"repeat","background-position":"center center","background-size":"auto","background-attachment":"scroll","background-type":"","background-media":"","overlay-type":"","overlay-color":"","overlay-opacity":"","overlay-gradient":""}},"footnotes":""},"class_list":["post-5129","page","type-page","status-publish","hentry"],"yoast_head":"<!-- This site is optimized with the Yoast SEO plugin v26.3 - https:\/\/yoast.com\/wordpress\/plugins\/seo\/ -->\n<title>Impression commerciale | Miyakoshi<\/title>\n<meta name=\"robots\" content=\"index, follow, max-snippet:-1, max-image-preview:large, max-video-preview:-1\" \/>\n<link rel=\"canonical\" href=\"https:\/\/www.miyakoshi.eu\/fr\/impression-commerciale\/\" \/>\n<meta property=\"og:locale\" content=\"fr_FR\" \/>\n<meta property=\"og:type\" content=\"article\" \/>\n<meta property=\"og:title\" content=\"Impression commerciale | Miyakoshi\" \/>\n<meta property=\"og:description\" content=\"L&rsquo;impression num\u00e9rique est une solution id\u00e9ale pour l&rsquo;impression commerciale : la qualit\u00e9 d&rsquo;impression doit \u00eatre \u00e9lev\u00e9e, de grandes quantit\u00e9s de copies sont souvent n\u00e9cessaires et les images doivent \u00eatre imprim\u00e9es sur du papier \u00e9pais. Les presses d&rsquo;impression num\u00e9rique de Miyakoshi sont non seulement capables de r\u00e9pondre \u00e0 ces exigences, mais elles offrent \u00e9galement une fiabilit\u00e9 [&hellip;]\" \/>\n<meta property=\"og:url\" content=\"https:\/\/www.miyakoshi.eu\/fr\/impression-commerciale\/\" \/>\n<meta property=\"og:site_name\" content=\"Miyakoshi\" \/>\n<meta property=\"article:modified_time\" content=\"2022-10-28T14:25:20+00:00\" \/>\n<meta property=\"og:image\" content=\"https:\/\/www.miyakoshi.eu\/wp-content\/uploads\/2022\/02\/prensa-digital-MJP20IXS.png\" \/>\n<meta name=\"twitter:card\" content=\"summary_large_image\" \/>\n<meta name=\"twitter:label1\" content=\"Dur\u00e9e de lecture estim\u00e9e\" \/>\n\t<meta name=\"twitter:data1\" content=\"1 minute\" \/>\n<script type=\"application\/ld+json\" class=\"yoast-schema-graph\">{\"@context\":\"https:\/\/schema.org\",\"@graph\":[{\"@type\":\"WebPage\",\"@id\":\"https:\/\/www.miyakoshi.eu\/fr\/impression-commerciale\/\",\"url\":\"https:\/\/www.miyakoshi.eu\/fr\/impression-commerciale\/\",\"name\":\"Impression commerciale | Miyakoshi\",\"isPartOf\":{\"@id\":\"https:\/\/www.miyakoshi.eu\/fr\/#website\"},\"primaryImageOfPage\":{\"@id\":\"https:\/\/www.miyakoshi.eu\/fr\/impression-commerciale\/#primaryimage\"},\"image\":{\"@id\":\"https:\/\/www.miyakoshi.eu\/fr\/impression-commerciale\/#primaryimage\"},\"thumbnailUrl\":\"https:\/\/www.miyakoshi.eu\/wp-content\/uploads\/2022\/02\/prensa-digital-MJP20IXS.png\",\"datePublished\":\"2022-10-04T15:53:14+00:00\",\"dateModified\":\"2022-10-28T14:25:20+00:00\",\"breadcrumb\":{\"@id\":\"https:\/\/www.miyakoshi.eu\/fr\/impression-commerciale\/#breadcrumb\"},\"inLanguage\":\"fr-FR\",\"potentialAction\":[{\"@type\":\"ReadAction\",\"target\":[\"https:\/\/www.miyakoshi.eu\/fr\/impression-commerciale\/\"]}]},{\"@type\":\"ImageObject\",\"inLanguage\":\"fr-FR\",\"@id\":\"https:\/\/www.miyakoshi.eu\/fr\/impression-commerciale\/#primaryimage\",\"url\":\"https:\/\/www.miyakoshi.eu\/wp-content\/uploads\/2022\/02\/prensa-digital-MJP20IXS.png\",\"contentUrl\":\"https:\/\/www.miyakoshi.eu\/wp-content\/uploads\/2022\/02\/prensa-digital-MJP20IXS.png\"},{\"@type\":\"BreadcrumbList\",\"@id\":\"https:\/\/www.miyakoshi.eu\/fr\/impression-commerciale\/#breadcrumb\",\"itemListElement\":[{\"@type\":\"ListItem\",\"position\":1,\"name\":\"Portada\",\"item\":\"https:\/\/www.miyakoshi.eu\/fr\/\"},{\"@type\":\"ListItem\",\"position\":2,\"name\":\"Impression commerciale\"}]},{\"@type\":\"WebSite\",\"@id\":\"https:\/\/www.miyakoshi.eu\/fr\/#website\",\"url\":\"https:\/\/www.miyakoshi.eu\/fr\/\",\"name\":\"Miyakoshi\",\"description\":\"Fabricantes japoneses de impresoras offset\",\"publisher\":{\"@id\":\"https:\/\/www.miyakoshi.eu\/fr\/#organization\"},\"potentialAction\":[{\"@type\":\"SearchAction\",\"target\":{\"@type\":\"EntryPoint\",\"urlTemplate\":\"https:\/\/www.miyakoshi.eu\/fr\/?s={search_term_string}\"},\"query-input\":{\"@type\":\"PropertyValueSpecification\",\"valueRequired\":true,\"valueName\":\"search_term_string\"}}],\"inLanguage\":\"fr-FR\"},{\"@type\":\"Organization\",\"@id\":\"https:\/\/www.miyakoshi.eu\/fr\/#organization\",\"name\":\"Miyakoshi Europe, S.L.\",\"url\":\"https:\/\/www.miyakoshi.eu\/fr\/\",\"logo\":{\"@type\":\"ImageObject\",\"inLanguage\":\"fr-FR\",\"@id\":\"https:\/\/www.miyakoshi.eu\/fr\/#\/schema\/logo\/image\/\",\"url\":\"https:\/\/www.miyakoshi.eu\/wp-content\/uploads\/2022\/02\/Logo-miyakoshi.svg\",\"contentUrl\":\"https:\/\/www.miyakoshi.eu\/wp-content\/uploads\/2022\/02\/Logo-miyakoshi.svg\",\"width\":483,\"height\":98,\"caption\":\"Miyakoshi Europe, S.L.\"},\"image\":{\"@id\":\"https:\/\/www.miyakoshi.eu\/fr\/#\/schema\/logo\/image\/\"},\"sameAs\":[\"https:\/\/www.linkedin.com\/company\/miyakoshieurope\/\"]}]}<\/script>\n<!-- \/ Yoast SEO plugin. -->","yoast_head_json":{"title":"Impression commerciale | Miyakoshi","robots":{"index":"index","follow":"follow","max-snippet":"max-snippet:-1","max-image-preview":"max-image-preview:large","max-video-preview":"max-video-preview:-1"},"canonical":"https:\/\/www.miyakoshi.eu\/fr\/impression-commerciale\/","og_locale":"fr_FR","og_type":"article","og_title":"Impression commerciale | Miyakoshi","og_description":"L&rsquo;impression num\u00e9rique est une solution id\u00e9ale pour l&rsquo;impression commerciale : la qualit\u00e9 d&rsquo;impression doit \u00eatre \u00e9lev\u00e9e, de grandes quantit\u00e9s de copies sont souvent n\u00e9cessaires et les images doivent \u00eatre imprim\u00e9es sur du papier \u00e9pais. Les presses d&rsquo;impression num\u00e9rique de Miyakoshi sont non seulement capables de r\u00e9pondre \u00e0 ces exigences, mais elles offrent \u00e9galement une fiabilit\u00e9 [&hellip;]","og_url":"https:\/\/www.miyakoshi.eu\/fr\/impression-commerciale\/","og_site_name":"Miyakoshi","article_modified_time":"2022-10-28T14:25:20+00:00","og_image":[{"url":"https:\/\/www.miyakoshi.eu\/wp-content\/uploads\/2022\/02\/prensa-digital-MJP20IXS.png","type":"","width":"","height":""}],"twitter_card":"summary_large_image","twitter_misc":{"Dur\u00e9e de lecture estim\u00e9e":"1 minute"},"schema":{"@context":"https:\/\/schema.org","@graph":[{"@type":"WebPage","@id":"https:\/\/www.miyakoshi.eu\/fr\/impression-commerciale\/","url":"https:\/\/www.miyakoshi.eu\/fr\/impression-commerciale\/","name":"Impression commerciale | Miyakoshi","isPartOf":{"@id":"https:\/\/www.miyakoshi.eu\/fr\/#website"},"primaryImageOfPage":{"@id":"https:\/\/www.miyakoshi.eu\/fr\/impression-commerciale\/#primaryimage"},"image":{"@id":"https:\/\/www.miyakoshi.eu\/fr\/impression-commerciale\/#primaryimage"},"thumbnailUrl":"https:\/\/www.miyakoshi.eu\/wp-content\/uploads\/2022\/02\/prensa-digital-MJP20IXS.png","datePublished":"2022-10-04T15:53:14+00:00","dateModified":"2022-10-28T14:25:20+00:00","breadcrumb":{"@id":"https:\/\/www.miyakoshi.eu\/fr\/impression-commerciale\/#breadcrumb"},"inLanguage":"fr-FR","potentialAction":[{"@type":"ReadAction","target":["https:\/\/www.miyakoshi.eu\/fr\/impression-commerciale\/"]}]},{"@type":"ImageObject","inLanguage":"fr-FR","@id":"https:\/\/www.miyakoshi.eu\/fr\/impression-commerciale\/#primaryimage","url":"https:\/\/www.miyakoshi.eu\/wp-content\/uploads\/2022\/02\/prensa-digital-MJP20IXS.png","contentUrl":"https:\/\/www.miyakoshi.eu\/wp-content\/uploads\/2022\/02\/prensa-digital-MJP20IXS.png"},{"@type":"BreadcrumbList","@id":"https:\/\/www.miyakoshi.eu\/fr\/impression-commerciale\/#breadcrumb","itemListElement":[{"@type":"ListItem","position":1,"name":"Portada","item":"https:\/\/www.miyakoshi.eu\/fr\/"},{"@type":"ListItem","position":2,"name":"Impression commerciale"}]},{"@type":"WebSite","@id":"https:\/\/www.miyakoshi.eu\/fr\/#website","url":"https:\/\/www.miyakoshi.eu\/fr\/","name":"Miyakoshi","description":"Fabricantes japoneses de impresoras offset","publisher":{"@id":"https:\/\/www.miyakoshi.eu\/fr\/#organization"},"potentialAction":[{"@type":"SearchAction","target":{"@type":"EntryPoint","urlTemplate":"https:\/\/www.miyakoshi.eu\/fr\/?s={search_term_string}"},"query-input":{"@type":"PropertyValueSpecification","valueRequired":true,"valueName":"search_term_string"}}],"inLanguage":"fr-FR"},{"@type":"Organization","@id":"https:\/\/www.miyakoshi.eu\/fr\/#organization","name":"Miyakoshi Europe, S.L.","url":"https:\/\/www.miyakoshi.eu\/fr\/","logo":{"@type":"ImageObject","inLanguage":"fr-FR","@id":"https:\/\/www.miyakoshi.eu\/fr\/#\/schema\/logo\/image\/","url":"https:\/\/www.miyakoshi.eu\/wp-content\/uploads\/2022\/02\/Logo-miyakoshi.svg","contentUrl":"https:\/\/www.miyakoshi.eu\/wp-content\/uploads\/2022\/02\/Logo-miyakoshi.svg","width":483,"height":98,"caption":"Miyakoshi Europe, S.L."},"image":{"@id":"https:\/\/www.miyakoshi.eu\/fr\/#\/schema\/logo\/image\/"},"sameAs":["https:\/\/www.linkedin.com\/company\/miyakoshieurope\/"]}]}},"acf":[],"_links":{"self":[{"href":"https:\/\/www.miyakoshi.eu\/fr\/wp-json\/wp\/v2\/pages\/5129","targetHints":{"allow":["GET"]}}],"collection":[{"href":"https:\/\/www.miyakoshi.eu\/fr\/wp-json\/wp\/v2\/pages"}],"about":[{"href":"https:\/\/www.miyakoshi.eu\/fr\/wp-json\/wp\/v2\/types\/page"}],"author":[{"embeddable":true,"href":"https:\/\/www.miyakoshi.eu\/fr\/wp-json\/wp\/v2\/users\/2"}],"replies":[{"embeddable":true,"href":"https:\/\/www.miyakoshi.eu\/fr\/wp-json\/wp\/v2\/comments?post=5129"}],"version-history":[{"count":6,"href":"https:\/\/www.miyakoshi.eu\/fr\/wp-json\/wp\/v2\/pages\/5129\/revisions"}],"predecessor-version":[{"id":5506,"href":"https:\/\/www.miyakoshi.eu\/fr\/wp-json\/wp\/v2\/pages\/5129\/revisions\/5506"}],"wp:attachment":[{"href":"https:\/\/www.miyakoshi.eu\/fr\/wp-json\/wp\/v2\/media?parent=5129"}],"curies":[{"name":"wp","href":"https:\/\/api.w.org\/{rel}","templated":true}]}}