{"id":5249,"date":"2022-10-21T12:05:34","date_gmt":"2022-10-21T12:05:34","guid":{"rendered":"https:\/\/www.miyakoshi.eu\/formulaires-commerciaux\/"},"modified":"2022-12-01T16:03:19","modified_gmt":"2022-12-01T16:03:19","slug":"formulaire-continu","status":"publish","type":"page","link":"https:\/\/www.miyakoshi.eu\/fr\/formulaire-continu\/","title":{"rendered":"Formulaire continu"},"content":{"rendered":"\t\t<div data-elementor-type=\"wp-page\" data-elementor-id=\"5249\" class=\"elementor elementor-5249 elementor-5212\" data-elementor-post-type=\"page\">\n\t\t\t\t\t\t<section class=\"elementor-section elementor-top-section elementor-element elementor-element-884976b elementor-section-height-min-height animated-fast elementor-section-boxed elementor-section-height-default elementor-section-items-middle elementor-invisible\" data-id=\"884976b\" data-element_type=\"section\" data-settings=\"{&quot;background_background&quot;:&quot;classic&quot;,&quot;animation&quot;:&quot;fadeInDown&quot;}\">\n\t\t\t\t\t\t\t<div class=\"elementor-background-overlay\"><\/div>\n\t\t\t\t\t\t\t<div class=\"elementor-container elementor-column-gap-default\">\n\t\t\t\t\t<div class=\"elementor-column elementor-col-100 elementor-top-column elementor-element elementor-element-4592d3d\" data-id=\"4592d3d\" data-element_type=\"column\">\n\t\t\t<div class=\"elementor-widget-wrap elementor-element-populated\">\n\t\t\t\t\t\t<div class=\"elementor-element elementor-element-1f9da9a elementor-widget elementor-widget-theme-post-title elementor-page-title elementor-widget-heading\" data-id=\"1f9da9a\" data-element_type=\"widget\" data-widget_type=\"theme-post-title.default\">\n\t\t\t\t<div class=\"elementor-widget-container\">\n\t\t\t\t\t<h1 class=\"elementor-heading-title elementor-size-default\">Formulaire continu<\/h1>\t\t\t\t<\/div>\n\t\t\t\t<\/div>\n\t\t\t\t\t<\/div>\n\t\t<\/div>\n\t\t\t\t\t<\/div>\n\t\t<\/section>\n\t\t\t\t<section class=\"elementor-section elementor-top-section elementor-element elementor-element-86bb589 elementor-section-boxed elementor-section-height-default elementor-section-height-default\" data-id=\"86bb589\" data-element_type=\"section\">\n\t\t\t\t\t\t<div class=\"elementor-container elementor-column-gap-default\">\n\t\t\t\t\t<div class=\"elementor-column elementor-col-50 elementor-top-column elementor-element elementor-element-c7acb6b elementor-invisible\" data-id=\"c7acb6b\" data-element_type=\"column\" data-settings=\"{&quot;animation&quot;:&quot;fadeInLeft&quot;,&quot;animation_delay&quot;:500}\">\n\t\t\t<div class=\"elementor-widget-wrap elementor-element-populated\">\n\t\t\t\t\t\t<div class=\"elementor-element elementor-element-fcedf9c elementor-widget elementor-widget-image\" data-id=\"fcedf9c\" data-element_type=\"widget\" data-widget_type=\"image.default\">\n\t\t\t\t<div class=\"elementor-widget-container\">\n\t\t\t\t\t\t\t\t\t\t\t\t<figure class=\"wp-caption\">\n\t\t\t\t\t\t\t\t\t\t<img fetchpriority=\"high\" decoding=\"async\" width=\"940\" height=\"630\" src=\"https:\/\/www.miyakoshi.eu\/wp-content\/uploads\/2022\/02\/44.jpg\" class=\"attachment-2048x2048 size-2048x2048 wp-image-1018\" alt=\"\" srcset=\"https:\/\/www.miyakoshi.eu\/wp-content\/uploads\/2022\/02\/44.jpg 940w, https:\/\/www.miyakoshi.eu\/wp-content\/uploads\/2022\/02\/44-300x201.jpg 300w, https:\/\/www.miyakoshi.eu\/wp-content\/uploads\/2022\/02\/44-768x515.jpg 768w\" sizes=\"(max-width: 940px) 100vw, 940px\" \/>\t\t\t\t\t\t\t\t\t\t\t<figcaption class=\"widget-image-caption wp-caption-text\">Miyakoshi MVF<\/figcaption>\n\t\t\t\t\t\t\t\t\t\t<\/figure>\n\t\t\t\t\t\t\t\t\t<\/div>\n\t\t\t\t<\/div>\n\t\t\t\t\t<\/div>\n\t\t<\/div>\n\t\t\t\t<div class=\"elementor-column elementor-col-50 elementor-top-column elementor-element elementor-element-f3bb056\" data-id=\"f3bb056\" data-element_type=\"column\">\n\t\t\t<div class=\"elementor-widget-wrap elementor-element-populated\">\n\t\t\t\t\t\t<section class=\"elementor-section elementor-inner-section elementor-element elementor-element-2fea972 elementor-section-boxed elementor-section-height-default elementor-section-height-default\" data-id=\"2fea972\" data-element_type=\"section\">\n\t\t\t\t\t\t<div class=\"elementor-container elementor-column-gap-default\">\n\t\t\t\t\t<div class=\"elementor-column elementor-col-100 elementor-inner-column elementor-element elementor-element-807f0f3 elementor-invisible\" data-id=\"807f0f3\" data-element_type=\"column\" data-settings=\"{&quot;animation&quot;:&quot;fadeInRight&quot;,&quot;animation_delay&quot;:1000}\">\n\t\t\t<div class=\"elementor-widget-wrap elementor-element-populated\">\n\t\t\t\t\t\t<div class=\"elementor-element elementor-element-2036271 elementor-absolute elementor-invisible elementor-widget elementor-widget-text-editor\" data-id=\"2036271\" data-element_type=\"widget\" data-settings=\"{&quot;_animation&quot;:&quot;fadeInRight&quot;,&quot;_animation_delay&quot;:500,&quot;_position&quot;:&quot;absolute&quot;}\" data-widget_type=\"text-editor.default\">\n\t\t\t\t<div class=\"elementor-widget-container\">\n\t\t\t\t\t\t\t\t\t<p>La gamme de presses \u00e0 formulaires en continu de Miyakoshi permet d&rsquo;imprimer tous les types de formulaires pour toute organisation : factures, listes d&rsquo;inventaire, bons de commande, formulaires de devis, rapports d&rsquo;activit\u00e9, etc.<\/p><p>Les presses Miyakoshi sont d\u00e9j\u00e0 utilis\u00e9es par des centaines d&rsquo;organisations dans le monde pour imprimer leurs propres factures, manifestes d&rsquo;exp\u00e9dition et autres documents commerciaux importants.<\/p><p>Que vous ayez besoin d&rsquo;une production \u00e0 haut volume ou de styles personnalis\u00e9s qui correspondent \u00e0 votre image de marque, nos presses durables et fiables r\u00e9pondront \u00e0 vos besoins.<\/p>\t\t\t\t\t\t\t\t<\/div>\n\t\t\t\t<\/div>\n\t\t\t\t\t<\/div>\n\t\t<\/div>\n\t\t\t\t\t<\/div>\n\t\t<\/section>\n\t\t\t\t\t<\/div>\n\t\t<\/div>\n\t\t\t\t\t<\/div>\n\t\t<\/section>\n\t\t\t\t<\/div>\n\t\t","protected":false},"excerpt":{"rendered":"<p>Miyakoshi MVF La gamme de presses \u00e0 formulaires en continu de Miyakoshi permet d&rsquo;imprimer tous les types de formulaires pour toute organisation : factures, listes d&rsquo;inventaire, bons de commande, formulaires de devis, rapports d&rsquo;activit\u00e9, etc. Les presses Miyakoshi sont d\u00e9j\u00e0 utilis\u00e9es par des centaines d&rsquo;organisations dans le monde pour imprimer leurs propres factures, manifestes d&rsquo;exp\u00e9dition [&hellip;]<\/p>\n","protected":false},"author":2,"featured_media":0,"parent":0,"menu_order":0,"comment_status":"closed","ping_status":"closed","template":"","meta":{"site-sidebar-layout":"no-sidebar","site-content-layout":"page-builder","ast-site-content-layout":"default","site-content-style":"default","site-sidebar-style":"default","ast-global-header-display":"","ast-banner-title-visibility":"","ast-main-header-display":"","ast-hfb-above-header-display":"","ast-hfb-below-header-display":"","ast-hfb-mobile-header-display":"","site-post-title":"disabled","ast-breadcrumbs-content":"","ast-featured-img":"disabled","footer-sml-layout":"","theme-transparent-header-meta":"default","adv-header-id-meta":"","stick-header-meta":"","header-above-stick-meta":"","header-main-stick-meta":"","header-below-stick-meta":"","astra-migrate-meta-layouts":"default","ast-page-background-enabled":"default","ast-page-background-meta":{"desktop":{"background-color":"","background-image":"","background-repeat":"repeat","background-position":"center center","background-size":"auto","background-attachment":"scroll","background-type":"","background-media":"","overlay-type":"","overlay-color":"","overlay-opacity":"","overlay-gradient":""},"tablet":{"background-color":"","background-image":"","background-repeat":"repeat","background-position":"center center","background-size":"auto","background-attachment":"scroll","background-type":"","background-media":"","overlay-type":"","overlay-color":"","overlay-opacity":"","overlay-gradient":""},"mobile":{"background-color":"","background-image":"","background-repeat":"repeat","background-position":"center center","background-size":"auto","background-attachment":"scroll","background-type":"","background-media":"","overlay-type":"","overlay-color":"","overlay-opacity":"","overlay-gradient":""}},"ast-content-background-meta":{"desktop":{"background-color":"var(--ast-global-color-5)","background-image":"","background-repeat":"repeat","background-position":"center center","background-size":"auto","background-attachment":"scroll","background-type":"","background-media":"","overlay-type":"","overlay-color":"","overlay-opacity":"","overlay-gradient":""},"tablet":{"background-color":"var(--ast-global-color-5)","background-image":"","background-repeat":"repeat","background-position":"center center","background-size":"auto","background-attachment":"scroll","background-type":"","background-media":"","overlay-type":"","overlay-color":"","overlay-opacity":"","overlay-gradient":""},"mobile":{"background-color":"var(--ast-global-color-5)","background-image":"","background-repeat":"repeat","background-position":"center center","background-size":"auto","background-attachment":"scroll","background-type":"","background-media":"","overlay-type":"","overlay-color":"","overlay-opacity":"","overlay-gradient":""}},"footnotes":""},"class_list":["post-5249","page","type-page","status-publish","hentry"],"yoast_head":"<!-- This site is optimized with the Yoast SEO plugin v26.3 - https:\/\/yoast.com\/wordpress\/plugins\/seo\/ -->\n<title>Formulaire continu | Miyakoshi<\/title>\n<meta name=\"robots\" content=\"index, follow, max-snippet:-1, max-image-preview:large, max-video-preview:-1\" \/>\n<link rel=\"canonical\" href=\"https:\/\/www.miyakoshi.eu\/fr\/formulaire-continu\/\" \/>\n<meta property=\"og:locale\" content=\"fr_FR\" \/>\n<meta property=\"og:type\" content=\"article\" \/>\n<meta property=\"og:title\" content=\"Formulaire continu | Miyakoshi\" \/>\n<meta property=\"og:description\" content=\"Miyakoshi MVF La gamme de presses \u00e0 formulaires en continu de Miyakoshi permet d&rsquo;imprimer tous les types de formulaires pour toute organisation : factures, listes d&rsquo;inventaire, bons de commande, formulaires de devis, rapports d&rsquo;activit\u00e9, etc. Les presses Miyakoshi sont d\u00e9j\u00e0 utilis\u00e9es par des centaines d&rsquo;organisations dans le monde pour imprimer leurs propres factures, manifestes d&rsquo;exp\u00e9dition [&hellip;]\" \/>\n<meta property=\"og:url\" content=\"https:\/\/www.miyakoshi.eu\/fr\/formulaire-continu\/\" \/>\n<meta property=\"og:site_name\" content=\"Miyakoshi\" \/>\n<meta property=\"article:modified_time\" content=\"2022-12-01T16:03:19+00:00\" \/>\n<meta property=\"og:image\" content=\"https:\/\/www.miyakoshi.eu\/wp-content\/uploads\/2022\/10\/AdobeStock_418299163-scaled.jpeg\" \/>\n\t<meta property=\"og:image:width\" content=\"2560\" \/>\n\t<meta property=\"og:image:height\" content=\"1708\" \/>\n\t<meta property=\"og:image:type\" content=\"image\/jpeg\" \/>\n<meta name=\"twitter:card\" content=\"summary_large_image\" \/>\n<meta name=\"twitter:label1\" content=\"Dur\u00e9e de lecture estim\u00e9e\" \/>\n\t<meta name=\"twitter:data1\" content=\"1 minute\" \/>\n<script type=\"application\/ld+json\" class=\"yoast-schema-graph\">{\"@context\":\"https:\/\/schema.org\",\"@graph\":[{\"@type\":\"WebPage\",\"@id\":\"https:\/\/www.miyakoshi.eu\/fr\/formulaire-continu\/\",\"url\":\"https:\/\/www.miyakoshi.eu\/fr\/formulaire-continu\/\",\"name\":\"Formulaire continu | Miyakoshi\",\"isPartOf\":{\"@id\":\"https:\/\/www.miyakoshi.eu\/fr\/#website\"},\"primaryImageOfPage\":{\"@id\":\"https:\/\/www.miyakoshi.eu\/fr\/formulaire-continu\/#primaryimage\"},\"image\":{\"@id\":\"https:\/\/www.miyakoshi.eu\/fr\/formulaire-continu\/#primaryimage\"},\"thumbnailUrl\":\"https:\/\/www.miyakoshi.eu\/wp-content\/uploads\/2022\/02\/44.jpg\",\"datePublished\":\"2022-10-21T12:05:34+00:00\",\"dateModified\":\"2022-12-01T16:03:19+00:00\",\"breadcrumb\":{\"@id\":\"https:\/\/www.miyakoshi.eu\/fr\/formulaire-continu\/#breadcrumb\"},\"inLanguage\":\"fr-FR\",\"potentialAction\":[{\"@type\":\"ReadAction\",\"target\":[\"https:\/\/www.miyakoshi.eu\/fr\/formulaire-continu\/\"]}]},{\"@type\":\"ImageObject\",\"inLanguage\":\"fr-FR\",\"@id\":\"https:\/\/www.miyakoshi.eu\/fr\/formulaire-continu\/#primaryimage\",\"url\":\"https:\/\/www.miyakoshi.eu\/wp-content\/uploads\/2022\/02\/44.jpg\",\"contentUrl\":\"https:\/\/www.miyakoshi.eu\/wp-content\/uploads\/2022\/02\/44.jpg\"},{\"@type\":\"BreadcrumbList\",\"@id\":\"https:\/\/www.miyakoshi.eu\/fr\/formulaire-continu\/#breadcrumb\",\"itemListElement\":[{\"@type\":\"ListItem\",\"position\":1,\"name\":\"Portada\",\"item\":\"https:\/\/www.miyakoshi.eu\/fr\/\"},{\"@type\":\"ListItem\",\"position\":2,\"name\":\"Formulaire continu\"}]},{\"@type\":\"WebSite\",\"@id\":\"https:\/\/www.miyakoshi.eu\/fr\/#website\",\"url\":\"https:\/\/www.miyakoshi.eu\/fr\/\",\"name\":\"Miyakoshi\",\"description\":\"Fabricantes japoneses de impresoras offset\",\"publisher\":{\"@id\":\"https:\/\/www.miyakoshi.eu\/fr\/#organization\"},\"potentialAction\":[{\"@type\":\"SearchAction\",\"target\":{\"@type\":\"EntryPoint\",\"urlTemplate\":\"https:\/\/www.miyakoshi.eu\/fr\/?s={search_term_string}\"},\"query-input\":{\"@type\":\"PropertyValueSpecification\",\"valueRequired\":true,\"valueName\":\"search_term_string\"}}],\"inLanguage\":\"fr-FR\"},{\"@type\":\"Organization\",\"@id\":\"https:\/\/www.miyakoshi.eu\/fr\/#organization\",\"name\":\"Miyakoshi Europe, S.L.\",\"url\":\"https:\/\/www.miyakoshi.eu\/fr\/\",\"logo\":{\"@type\":\"ImageObject\",\"inLanguage\":\"fr-FR\",\"@id\":\"https:\/\/www.miyakoshi.eu\/fr\/#\/schema\/logo\/image\/\",\"url\":\"https:\/\/www.miyakoshi.eu\/wp-content\/uploads\/2022\/02\/Logo-miyakoshi.svg\",\"contentUrl\":\"https:\/\/www.miyakoshi.eu\/wp-content\/uploads\/2022\/02\/Logo-miyakoshi.svg\",\"width\":483,\"height\":98,\"caption\":\"Miyakoshi Europe, S.L.\"},\"image\":{\"@id\":\"https:\/\/www.miyakoshi.eu\/fr\/#\/schema\/logo\/image\/\"},\"sameAs\":[\"https:\/\/www.linkedin.com\/company\/miyakoshieurope\/\"]}]}<\/script>\n<!-- \/ Yoast SEO plugin. -->","yoast_head_json":{"title":"Formulaire continu | Miyakoshi","robots":{"index":"index","follow":"follow","max-snippet":"max-snippet:-1","max-image-preview":"max-image-preview:large","max-video-preview":"max-video-preview:-1"},"canonical":"https:\/\/www.miyakoshi.eu\/fr\/formulaire-continu\/","og_locale":"fr_FR","og_type":"article","og_title":"Formulaire continu | Miyakoshi","og_description":"Miyakoshi MVF La gamme de presses \u00e0 formulaires en continu de Miyakoshi permet d&rsquo;imprimer tous les types de formulaires pour toute organisation : factures, listes d&rsquo;inventaire, bons de commande, formulaires de devis, rapports d&rsquo;activit\u00e9, etc. Les presses Miyakoshi sont d\u00e9j\u00e0 utilis\u00e9es par des centaines d&rsquo;organisations dans le monde pour imprimer leurs propres factures, manifestes d&rsquo;exp\u00e9dition [&hellip;]","og_url":"https:\/\/www.miyakoshi.eu\/fr\/formulaire-continu\/","og_site_name":"Miyakoshi","article_modified_time":"2022-12-01T16:03:19+00:00","og_image":[{"width":2560,"height":1708,"url":"https:\/\/www.miyakoshi.eu\/wp-content\/uploads\/2022\/10\/AdobeStock_418299163-scaled.jpeg","type":"image\/jpeg"}],"twitter_card":"summary_large_image","twitter_misc":{"Dur\u00e9e de lecture estim\u00e9e":"1 minute"},"schema":{"@context":"https:\/\/schema.org","@graph":[{"@type":"WebPage","@id":"https:\/\/www.miyakoshi.eu\/fr\/formulaire-continu\/","url":"https:\/\/www.miyakoshi.eu\/fr\/formulaire-continu\/","name":"Formulaire continu | Miyakoshi","isPartOf":{"@id":"https:\/\/www.miyakoshi.eu\/fr\/#website"},"primaryImageOfPage":{"@id":"https:\/\/www.miyakoshi.eu\/fr\/formulaire-continu\/#primaryimage"},"image":{"@id":"https:\/\/www.miyakoshi.eu\/fr\/formulaire-continu\/#primaryimage"},"thumbnailUrl":"https:\/\/www.miyakoshi.eu\/wp-content\/uploads\/2022\/02\/44.jpg","datePublished":"2022-10-21T12:05:34+00:00","dateModified":"2022-12-01T16:03:19+00:00","breadcrumb":{"@id":"https:\/\/www.miyakoshi.eu\/fr\/formulaire-continu\/#breadcrumb"},"inLanguage":"fr-FR","potentialAction":[{"@type":"ReadAction","target":["https:\/\/www.miyakoshi.eu\/fr\/formulaire-continu\/"]}]},{"@type":"ImageObject","inLanguage":"fr-FR","@id":"https:\/\/www.miyakoshi.eu\/fr\/formulaire-continu\/#primaryimage","url":"https:\/\/www.miyakoshi.eu\/wp-content\/uploads\/2022\/02\/44.jpg","contentUrl":"https:\/\/www.miyakoshi.eu\/wp-content\/uploads\/2022\/02\/44.jpg"},{"@type":"BreadcrumbList","@id":"https:\/\/www.miyakoshi.eu\/fr\/formulaire-continu\/#breadcrumb","itemListElement":[{"@type":"ListItem","position":1,"name":"Portada","item":"https:\/\/www.miyakoshi.eu\/fr\/"},{"@type":"ListItem","position":2,"name":"Formulaire continu"}]},{"@type":"WebSite","@id":"https:\/\/www.miyakoshi.eu\/fr\/#website","url":"https:\/\/www.miyakoshi.eu\/fr\/","name":"Miyakoshi","description":"Fabricantes japoneses de impresoras offset","publisher":{"@id":"https:\/\/www.miyakoshi.eu\/fr\/#organization"},"potentialAction":[{"@type":"SearchAction","target":{"@type":"EntryPoint","urlTemplate":"https:\/\/www.miyakoshi.eu\/fr\/?s={search_term_string}"},"query-input":{"@type":"PropertyValueSpecification","valueRequired":true,"valueName":"search_term_string"}}],"inLanguage":"fr-FR"},{"@type":"Organization","@id":"https:\/\/www.miyakoshi.eu\/fr\/#organization","name":"Miyakoshi Europe, S.L.","url":"https:\/\/www.miyakoshi.eu\/fr\/","logo":{"@type":"ImageObject","inLanguage":"fr-FR","@id":"https:\/\/www.miyakoshi.eu\/fr\/#\/schema\/logo\/image\/","url":"https:\/\/www.miyakoshi.eu\/wp-content\/uploads\/2022\/02\/Logo-miyakoshi.svg","contentUrl":"https:\/\/www.miyakoshi.eu\/wp-content\/uploads\/2022\/02\/Logo-miyakoshi.svg","width":483,"height":98,"caption":"Miyakoshi Europe, S.L."},"image":{"@id":"https:\/\/www.miyakoshi.eu\/fr\/#\/schema\/logo\/image\/"},"sameAs":["https:\/\/www.linkedin.com\/company\/miyakoshieurope\/"]}]}},"acf":[],"_links":{"self":[{"href":"https:\/\/www.miyakoshi.eu\/fr\/wp-json\/wp\/v2\/pages\/5249","targetHints":{"allow":["GET"]}}],"collection":[{"href":"https:\/\/www.miyakoshi.eu\/fr\/wp-json\/wp\/v2\/pages"}],"about":[{"href":"https:\/\/www.miyakoshi.eu\/fr\/wp-json\/wp\/v2\/types\/page"}],"author":[{"embeddable":true,"href":"https:\/\/www.miyakoshi.eu\/fr\/wp-json\/wp\/v2\/users\/2"}],"replies":[{"embeddable":true,"href":"https:\/\/www.miyakoshi.eu\/fr\/wp-json\/wp\/v2\/comments?post=5249"}],"version-history":[{"count":18,"href":"https:\/\/www.miyakoshi.eu\/fr\/wp-json\/wp\/v2\/pages\/5249\/revisions"}],"predecessor-version":[{"id":7110,"href":"https:\/\/www.miyakoshi.eu\/fr\/wp-json\/wp\/v2\/pages\/5249\/revisions\/7110"}],"wp:attachment":[{"href":"https:\/\/www.miyakoshi.eu\/fr\/wp-json\/wp\/v2\/media?parent=5249"}],"curies":[{"name":"wp","href":"https:\/\/api.w.org\/{rel}","templated":true}]}}