{"id":5358,"date":"2022-10-21T15:23:17","date_gmt":"2022-10-21T15:23:17","guid":{"rendered":"https:\/\/www.miyakoshi.eu\/pharmaceutique\/"},"modified":"2022-12-01T16:06:31","modified_gmt":"2022-12-01T16:06:31","slug":"produits-pharmaceutiques","status":"publish","type":"page","link":"https:\/\/www.miyakoshi.eu\/fr\/produits-pharmaceutiques\/","title":{"rendered":"Produits Pharmaceutiques"},"content":{"rendered":"\t\t<div data-elementor-type=\"wp-page\" data-elementor-id=\"5358\" class=\"elementor elementor-5358 elementor-5308\" data-elementor-post-type=\"page\">\n\t\t\t\t\t\t<section class=\"elementor-section elementor-top-section elementor-element elementor-element-e8547ec elementor-section-height-min-height animated-fast elementor-section-boxed elementor-section-height-default elementor-section-items-middle elementor-invisible\" data-id=\"e8547ec\" data-element_type=\"section\" data-settings=\"{&quot;background_background&quot;:&quot;classic&quot;,&quot;animation&quot;:&quot;fadeInDown&quot;}\">\n\t\t\t\t\t\t\t<div class=\"elementor-background-overlay\"><\/div>\n\t\t\t\t\t\t\t<div class=\"elementor-container elementor-column-gap-default\">\n\t\t\t\t\t<div class=\"elementor-column elementor-col-100 elementor-top-column elementor-element elementor-element-968f494\" data-id=\"968f494\" data-element_type=\"column\">\n\t\t\t<div class=\"elementor-widget-wrap elementor-element-populated\">\n\t\t\t\t\t\t<div class=\"elementor-element elementor-element-3d01768 elementor-widget elementor-widget-theme-post-title elementor-page-title elementor-widget-heading\" data-id=\"3d01768\" data-element_type=\"widget\" data-widget_type=\"theme-post-title.default\">\n\t\t\t\t<div class=\"elementor-widget-container\">\n\t\t\t\t\t<h1 class=\"elementor-heading-title elementor-size-default\">Produits Pharmaceutiques<\/h1>\t\t\t\t<\/div>\n\t\t\t\t<\/div>\n\t\t\t\t\t<\/div>\n\t\t<\/div>\n\t\t\t\t\t<\/div>\n\t\t<\/section>\n\t\t\t\t<section class=\"elementor-section elementor-top-section elementor-element elementor-element-f82ad08 elementor-reverse-mobile elementor-section-boxed elementor-section-height-default elementor-section-height-default\" data-id=\"f82ad08\" data-element_type=\"section\">\n\t\t\t\t\t\t<div class=\"elementor-container elementor-column-gap-default\">\n\t\t\t\t\t<div class=\"elementor-column elementor-col-50 elementor-top-column elementor-element elementor-element-ee3e596\" data-id=\"ee3e596\" data-element_type=\"column\">\n\t\t\t<div class=\"elementor-widget-wrap elementor-element-populated\">\n\t\t\t\t\t\t<section class=\"elementor-section elementor-inner-section elementor-element elementor-element-2d7a0be elementor-section-boxed elementor-section-height-default elementor-section-height-default\" data-id=\"2d7a0be\" data-element_type=\"section\">\n\t\t\t\t\t\t<div class=\"elementor-container elementor-column-gap-default\">\n\t\t\t\t\t<div class=\"elementor-column elementor-col-100 elementor-inner-column elementor-element elementor-element-ee554e5 elementor-invisible\" data-id=\"ee554e5\" data-element_type=\"column\" data-settings=\"{&quot;animation&quot;:&quot;fadeInRight&quot;,&quot;animation_delay&quot;:1000}\">\n\t\t\t<div class=\"elementor-widget-wrap elementor-element-populated\">\n\t\t\t\t\t\t<div class=\"elementor-element elementor-element-f729306 elementor-absolute elementor-invisible elementor-widget elementor-widget-text-editor\" data-id=\"f729306\" data-element_type=\"widget\" data-settings=\"{&quot;_animation&quot;:&quot;fadeInRight&quot;,&quot;_animation_delay&quot;:500,&quot;_position&quot;:&quot;absolute&quot;}\" data-widget_type=\"text-editor.default\">\n\t\t\t\t<div class=\"elementor-widget-container\">\n\t\t\t\t\t\t\t\t\t<h2>Miyakoshi : haute qualit\u00e9 sur des substrats tr\u00e8s fins<\/h2><p>En raison de la grande quantit\u00e9 d&rsquo;informations (souvent aussi en diff\u00e9rentes langues) et de la petite taille, les emballages pharmaceutiques sont imprim\u00e9s en tr\u00e8s petits caract\u00e8res et n\u00e9cessitent donc une grande pr\u00e9cision de la part de la machine.<\/p><p>En outre, les m\u00e9dicaments sont emball\u00e9s dans le plus petit emballage possible (nos machines sont \u00e9galement parfaites pour les emballages souples) et la notice pharmaceutique doit y tenir. Cela implique beaucoup de travail de pliage et certaines exigences en mati\u00e8re de papier que Miyakoshi est en mesure de g\u00e9rer pour r\u00e9pondre \u00e0 toutes les normes industrielles.<\/p>\t\t\t\t\t\t\t\t<\/div>\n\t\t\t\t<\/div>\n\t\t\t\t\t<\/div>\n\t\t<\/div>\n\t\t\t\t\t<\/div>\n\t\t<\/section>\n\t\t\t\t\t<\/div>\n\t\t<\/div>\n\t\t\t\t<div class=\"elementor-column elementor-col-50 elementor-top-column elementor-element elementor-element-6f9b7c2 elementor-invisible\" data-id=\"6f9b7c2\" data-element_type=\"column\" data-settings=\"{&quot;animation&quot;:&quot;fadeInLeft&quot;,&quot;animation_delay&quot;:500}\">\n\t\t\t<div class=\"elementor-widget-wrap elementor-element-populated\">\n\t\t\t\t\t\t<div class=\"elementor-element elementor-element-3700794 elementor-widget elementor-widget-image\" data-id=\"3700794\" data-element_type=\"widget\" data-widget_type=\"image.default\">\n\t\t\t\t<div class=\"elementor-widget-container\">\n\t\t\t\t\t\t\t\t\t\t\t\t<figure class=\"wp-caption\">\n\t\t\t\t\t\t\t\t\t\t<img fetchpriority=\"high\" decoding=\"async\" width=\"961\" height=\"642\" src=\"https:\/\/www.miyakoshi.eu\/wp-content\/uploads\/2022\/02\/7-caract.jpg\" class=\"attachment-2048x2048 size-2048x2048 wp-image-916\" alt=\"\" srcset=\"https:\/\/www.miyakoshi.eu\/wp-content\/uploads\/2022\/02\/7-caract.jpg 961w, https:\/\/www.miyakoshi.eu\/wp-content\/uploads\/2022\/02\/7-caract-300x200.jpg 300w, https:\/\/www.miyakoshi.eu\/wp-content\/uploads\/2022\/02\/7-caract-768x513.jpg 768w\" sizes=\"(max-width: 961px) 100vw, 961px\" \/>\t\t\t\t\t\t\t\t\t\t\t<figcaption class=\"widget-image-caption wp-caption-text\">Miyakoshi MVF<\/figcaption>\n\t\t\t\t\t\t\t\t\t\t<\/figure>\n\t\t\t\t\t\t\t\t\t<\/div>\n\t\t\t\t<\/div>\n\t\t\t\t\t<\/div>\n\t\t<\/div>\n\t\t\t\t\t<\/div>\n\t\t<\/section>\n\t\t\t\t<\/div>\n\t\t","protected":false},"excerpt":{"rendered":"<p>Miyakoshi : haute qualit\u00e9 sur des substrats tr\u00e8s fins En raison de la grande quantit\u00e9 d&rsquo;informations (souvent aussi en diff\u00e9rentes langues) et de la petite taille, les emballages pharmaceutiques sont imprim\u00e9s en tr\u00e8s petits caract\u00e8res et n\u00e9cessitent donc une grande pr\u00e9cision de la part de la machine. En outre, les m\u00e9dicaments sont emball\u00e9s dans le [&hellip;]<\/p>\n","protected":false},"author":2,"featured_media":0,"parent":0,"menu_order":0,"comment_status":"closed","ping_status":"closed","template":"","meta":{"site-sidebar-layout":"no-sidebar","site-content-layout":"page-builder","ast-site-content-layout":"default","site-content-style":"default","site-sidebar-style":"default","ast-global-header-display":"","ast-banner-title-visibility":"","ast-main-header-display":"","ast-hfb-above-header-display":"","ast-hfb-below-header-display":"","ast-hfb-mobile-header-display":"","site-post-title":"disabled","ast-breadcrumbs-content":"","ast-featured-img":"disabled","footer-sml-layout":"","theme-transparent-header-meta":"default","adv-header-id-meta":"","stick-header-meta":"","header-above-stick-meta":"","header-main-stick-meta":"","header-below-stick-meta":"","astra-migrate-meta-layouts":"default","ast-page-background-enabled":"default","ast-page-background-meta":{"desktop":{"background-color":"","background-image":"","background-repeat":"repeat","background-position":"center center","background-size":"auto","background-attachment":"scroll","background-type":"","background-media":"","overlay-type":"","overlay-color":"","overlay-opacity":"","overlay-gradient":""},"tablet":{"background-color":"","background-image":"","background-repeat":"repeat","background-position":"center center","background-size":"auto","background-attachment":"scroll","background-type":"","background-media":"","overlay-type":"","overlay-color":"","overlay-opacity":"","overlay-gradient":""},"mobile":{"background-color":"","background-image":"","background-repeat":"repeat","background-position":"center center","background-size":"auto","background-attachment":"scroll","background-type":"","background-media":"","overlay-type":"","overlay-color":"","overlay-opacity":"","overlay-gradient":""}},"ast-content-background-meta":{"desktop":{"background-color":"var(--ast-global-color-5)","background-image":"","background-repeat":"repeat","background-position":"center center","background-size":"auto","background-attachment":"scroll","background-type":"","background-media":"","overlay-type":"","overlay-color":"","overlay-opacity":"","overlay-gradient":""},"tablet":{"background-color":"var(--ast-global-color-5)","background-image":"","background-repeat":"repeat","background-position":"center center","background-size":"auto","background-attachment":"scroll","background-type":"","background-media":"","overlay-type":"","overlay-color":"","overlay-opacity":"","overlay-gradient":""},"mobile":{"background-color":"var(--ast-global-color-5)","background-image":"","background-repeat":"repeat","background-position":"center center","background-size":"auto","background-attachment":"scroll","background-type":"","background-media":"","overlay-type":"","overlay-color":"","overlay-opacity":"","overlay-gradient":""}},"footnotes":""},"class_list":["post-5358","page","type-page","status-publish","hentry"],"yoast_head":"<!-- This site is optimized with the Yoast SEO plugin v26.3 - https:\/\/yoast.com\/wordpress\/plugins\/seo\/ -->\n<title>Produits Pharmaceutiques | Miyakoshi<\/title>\n<meta name=\"robots\" content=\"index, follow, max-snippet:-1, max-image-preview:large, max-video-preview:-1\" \/>\n<link rel=\"canonical\" href=\"https:\/\/www.miyakoshi.eu\/fr\/produits-pharmaceutiques\/\" \/>\n<meta property=\"og:locale\" content=\"fr_FR\" \/>\n<meta property=\"og:type\" content=\"article\" \/>\n<meta property=\"og:title\" content=\"Produits Pharmaceutiques | Miyakoshi\" \/>\n<meta property=\"og:description\" content=\"Miyakoshi : haute qualit\u00e9 sur des substrats tr\u00e8s fins En raison de la grande quantit\u00e9 d&rsquo;informations (souvent aussi en diff\u00e9rentes langues) et de la petite taille, les emballages pharmaceutiques sont imprim\u00e9s en tr\u00e8s petits caract\u00e8res et n\u00e9cessitent donc une grande pr\u00e9cision de la part de la machine. En outre, les m\u00e9dicaments sont emball\u00e9s dans le [&hellip;]\" \/>\n<meta property=\"og:url\" content=\"https:\/\/www.miyakoshi.eu\/fr\/produits-pharmaceutiques\/\" \/>\n<meta property=\"og:site_name\" content=\"Miyakoshi\" \/>\n<meta property=\"article:modified_time\" content=\"2022-12-01T16:06:31+00:00\" \/>\n<meta property=\"og:image\" content=\"https:\/\/www.miyakoshi.eu\/wp-content\/uploads\/2022\/09\/AdobeStock_107028855-scaled.jpeg\" \/>\n\t<meta property=\"og:image:width\" content=\"2560\" \/>\n\t<meta property=\"og:image:height\" content=\"1969\" \/>\n\t<meta property=\"og:image:type\" content=\"image\/jpeg\" \/>\n<meta name=\"twitter:card\" content=\"summary_large_image\" \/>\n<meta name=\"twitter:label1\" content=\"Dur\u00e9e de lecture estim\u00e9e\" \/>\n\t<meta name=\"twitter:data1\" content=\"1 minute\" \/>\n<script type=\"application\/ld+json\" class=\"yoast-schema-graph\">{\"@context\":\"https:\/\/schema.org\",\"@graph\":[{\"@type\":\"WebPage\",\"@id\":\"https:\/\/www.miyakoshi.eu\/fr\/produits-pharmaceutiques\/\",\"url\":\"https:\/\/www.miyakoshi.eu\/fr\/produits-pharmaceutiques\/\",\"name\":\"Produits Pharmaceutiques | Miyakoshi\",\"isPartOf\":{\"@id\":\"https:\/\/www.miyakoshi.eu\/fr\/#website\"},\"primaryImageOfPage\":{\"@id\":\"https:\/\/www.miyakoshi.eu\/fr\/produits-pharmaceutiques\/#primaryimage\"},\"image\":{\"@id\":\"https:\/\/www.miyakoshi.eu\/fr\/produits-pharmaceutiques\/#primaryimage\"},\"thumbnailUrl\":\"https:\/\/www.miyakoshi.eu\/wp-content\/uploads\/2022\/02\/7-caract.jpg\",\"datePublished\":\"2022-10-21T15:23:17+00:00\",\"dateModified\":\"2022-12-01T16:06:31+00:00\",\"breadcrumb\":{\"@id\":\"https:\/\/www.miyakoshi.eu\/fr\/produits-pharmaceutiques\/#breadcrumb\"},\"inLanguage\":\"fr-FR\",\"potentialAction\":[{\"@type\":\"ReadAction\",\"target\":[\"https:\/\/www.miyakoshi.eu\/fr\/produits-pharmaceutiques\/\"]}]},{\"@type\":\"ImageObject\",\"inLanguage\":\"fr-FR\",\"@id\":\"https:\/\/www.miyakoshi.eu\/fr\/produits-pharmaceutiques\/#primaryimage\",\"url\":\"https:\/\/www.miyakoshi.eu\/wp-content\/uploads\/2022\/02\/7-caract.jpg\",\"contentUrl\":\"https:\/\/www.miyakoshi.eu\/wp-content\/uploads\/2022\/02\/7-caract.jpg\"},{\"@type\":\"BreadcrumbList\",\"@id\":\"https:\/\/www.miyakoshi.eu\/fr\/produits-pharmaceutiques\/#breadcrumb\",\"itemListElement\":[{\"@type\":\"ListItem\",\"position\":1,\"name\":\"Portada\",\"item\":\"https:\/\/www.miyakoshi.eu\/fr\/\"},{\"@type\":\"ListItem\",\"position\":2,\"name\":\"Produits Pharmaceutiques\"}]},{\"@type\":\"WebSite\",\"@id\":\"https:\/\/www.miyakoshi.eu\/fr\/#website\",\"url\":\"https:\/\/www.miyakoshi.eu\/fr\/\",\"name\":\"Miyakoshi\",\"description\":\"Fabricantes japoneses de impresoras offset\",\"publisher\":{\"@id\":\"https:\/\/www.miyakoshi.eu\/fr\/#organization\"},\"potentialAction\":[{\"@type\":\"SearchAction\",\"target\":{\"@type\":\"EntryPoint\",\"urlTemplate\":\"https:\/\/www.miyakoshi.eu\/fr\/?s={search_term_string}\"},\"query-input\":{\"@type\":\"PropertyValueSpecification\",\"valueRequired\":true,\"valueName\":\"search_term_string\"}}],\"inLanguage\":\"fr-FR\"},{\"@type\":\"Organization\",\"@id\":\"https:\/\/www.miyakoshi.eu\/fr\/#organization\",\"name\":\"Miyakoshi Europe, S.L.\",\"url\":\"https:\/\/www.miyakoshi.eu\/fr\/\",\"logo\":{\"@type\":\"ImageObject\",\"inLanguage\":\"fr-FR\",\"@id\":\"https:\/\/www.miyakoshi.eu\/fr\/#\/schema\/logo\/image\/\",\"url\":\"https:\/\/www.miyakoshi.eu\/wp-content\/uploads\/2022\/02\/Logo-miyakoshi.svg\",\"contentUrl\":\"https:\/\/www.miyakoshi.eu\/wp-content\/uploads\/2022\/02\/Logo-miyakoshi.svg\",\"width\":483,\"height\":98,\"caption\":\"Miyakoshi Europe, S.L.\"},\"image\":{\"@id\":\"https:\/\/www.miyakoshi.eu\/fr\/#\/schema\/logo\/image\/\"},\"sameAs\":[\"https:\/\/www.linkedin.com\/company\/miyakoshieurope\/\"]}]}<\/script>\n<!-- \/ Yoast SEO plugin. -->","yoast_head_json":{"title":"Produits Pharmaceutiques | Miyakoshi","robots":{"index":"index","follow":"follow","max-snippet":"max-snippet:-1","max-image-preview":"max-image-preview:large","max-video-preview":"max-video-preview:-1"},"canonical":"https:\/\/www.miyakoshi.eu\/fr\/produits-pharmaceutiques\/","og_locale":"fr_FR","og_type":"article","og_title":"Produits Pharmaceutiques | Miyakoshi","og_description":"Miyakoshi : haute qualit\u00e9 sur des substrats tr\u00e8s fins En raison de la grande quantit\u00e9 d&rsquo;informations (souvent aussi en diff\u00e9rentes langues) et de la petite taille, les emballages pharmaceutiques sont imprim\u00e9s en tr\u00e8s petits caract\u00e8res et n\u00e9cessitent donc une grande pr\u00e9cision de la part de la machine. En outre, les m\u00e9dicaments sont emball\u00e9s dans le [&hellip;]","og_url":"https:\/\/www.miyakoshi.eu\/fr\/produits-pharmaceutiques\/","og_site_name":"Miyakoshi","article_modified_time":"2022-12-01T16:06:31+00:00","og_image":[{"width":2560,"height":1969,"url":"https:\/\/www.miyakoshi.eu\/wp-content\/uploads\/2022\/09\/AdobeStock_107028855-scaled.jpeg","type":"image\/jpeg"}],"twitter_card":"summary_large_image","twitter_misc":{"Dur\u00e9e de lecture estim\u00e9e":"1 minute"},"schema":{"@context":"https:\/\/schema.org","@graph":[{"@type":"WebPage","@id":"https:\/\/www.miyakoshi.eu\/fr\/produits-pharmaceutiques\/","url":"https:\/\/www.miyakoshi.eu\/fr\/produits-pharmaceutiques\/","name":"Produits Pharmaceutiques | Miyakoshi","isPartOf":{"@id":"https:\/\/www.miyakoshi.eu\/fr\/#website"},"primaryImageOfPage":{"@id":"https:\/\/www.miyakoshi.eu\/fr\/produits-pharmaceutiques\/#primaryimage"},"image":{"@id":"https:\/\/www.miyakoshi.eu\/fr\/produits-pharmaceutiques\/#primaryimage"},"thumbnailUrl":"https:\/\/www.miyakoshi.eu\/wp-content\/uploads\/2022\/02\/7-caract.jpg","datePublished":"2022-10-21T15:23:17+00:00","dateModified":"2022-12-01T16:06:31+00:00","breadcrumb":{"@id":"https:\/\/www.miyakoshi.eu\/fr\/produits-pharmaceutiques\/#breadcrumb"},"inLanguage":"fr-FR","potentialAction":[{"@type":"ReadAction","target":["https:\/\/www.miyakoshi.eu\/fr\/produits-pharmaceutiques\/"]}]},{"@type":"ImageObject","inLanguage":"fr-FR","@id":"https:\/\/www.miyakoshi.eu\/fr\/produits-pharmaceutiques\/#primaryimage","url":"https:\/\/www.miyakoshi.eu\/wp-content\/uploads\/2022\/02\/7-caract.jpg","contentUrl":"https:\/\/www.miyakoshi.eu\/wp-content\/uploads\/2022\/02\/7-caract.jpg"},{"@type":"BreadcrumbList","@id":"https:\/\/www.miyakoshi.eu\/fr\/produits-pharmaceutiques\/#breadcrumb","itemListElement":[{"@type":"ListItem","position":1,"name":"Portada","item":"https:\/\/www.miyakoshi.eu\/fr\/"},{"@type":"ListItem","position":2,"name":"Produits Pharmaceutiques"}]},{"@type":"WebSite","@id":"https:\/\/www.miyakoshi.eu\/fr\/#website","url":"https:\/\/www.miyakoshi.eu\/fr\/","name":"Miyakoshi","description":"Fabricantes japoneses de impresoras offset","publisher":{"@id":"https:\/\/www.miyakoshi.eu\/fr\/#organization"},"potentialAction":[{"@type":"SearchAction","target":{"@type":"EntryPoint","urlTemplate":"https:\/\/www.miyakoshi.eu\/fr\/?s={search_term_string}"},"query-input":{"@type":"PropertyValueSpecification","valueRequired":true,"valueName":"search_term_string"}}],"inLanguage":"fr-FR"},{"@type":"Organization","@id":"https:\/\/www.miyakoshi.eu\/fr\/#organization","name":"Miyakoshi Europe, S.L.","url":"https:\/\/www.miyakoshi.eu\/fr\/","logo":{"@type":"ImageObject","inLanguage":"fr-FR","@id":"https:\/\/www.miyakoshi.eu\/fr\/#\/schema\/logo\/image\/","url":"https:\/\/www.miyakoshi.eu\/wp-content\/uploads\/2022\/02\/Logo-miyakoshi.svg","contentUrl":"https:\/\/www.miyakoshi.eu\/wp-content\/uploads\/2022\/02\/Logo-miyakoshi.svg","width":483,"height":98,"caption":"Miyakoshi Europe, S.L."},"image":{"@id":"https:\/\/www.miyakoshi.eu\/fr\/#\/schema\/logo\/image\/"},"sameAs":["https:\/\/www.linkedin.com\/company\/miyakoshieurope\/"]}]}},"acf":[],"_links":{"self":[{"href":"https:\/\/www.miyakoshi.eu\/fr\/wp-json\/wp\/v2\/pages\/5358","targetHints":{"allow":["GET"]}}],"collection":[{"href":"https:\/\/www.miyakoshi.eu\/fr\/wp-json\/wp\/v2\/pages"}],"about":[{"href":"https:\/\/www.miyakoshi.eu\/fr\/wp-json\/wp\/v2\/types\/page"}],"author":[{"embeddable":true,"href":"https:\/\/www.miyakoshi.eu\/fr\/wp-json\/wp\/v2\/users\/2"}],"replies":[{"embeddable":true,"href":"https:\/\/www.miyakoshi.eu\/fr\/wp-json\/wp\/v2\/comments?post=5358"}],"version-history":[{"count":11,"href":"https:\/\/www.miyakoshi.eu\/fr\/wp-json\/wp\/v2\/pages\/5358\/revisions"}],"predecessor-version":[{"id":7111,"href":"https:\/\/www.miyakoshi.eu\/fr\/wp-json\/wp\/v2\/pages\/5358\/revisions\/7111"}],"wp:attachment":[{"href":"https:\/\/www.miyakoshi.eu\/fr\/wp-json\/wp\/v2\/media?parent=5358"}],"curies":[{"name":"wp","href":"https:\/\/api.w.org\/{rel}","templated":true}]}}