{"id":6561,"date":"2022-11-21T12:41:37","date_gmt":"2022-11-21T12:41:37","guid":{"rendered":"https:\/\/www.miyakoshi.eu\/regenerateur-pour-le-caoutchouc-et-les-batteries-schwego-damp-8174\/"},"modified":"2023-01-18T09:35:04","modified_gmt":"2023-01-18T09:35:04","slug":"regenerateur-pour-le-caoutchouc-et-les-batteries-schwego-damp-8174","status":"publish","type":"page","link":"https:\/\/www.miyakoshi.eu\/fr\/regenerateur-pour-le-caoutchouc-et-les-batteries-schwego-damp-8174\/","title":{"rendered":"R\u00e9g\u00e9n\u00e9rateur pour le caoutchouc et les batteries \u2013 Schwego\u00ae Damp 8174"},"content":{"rendered":"\t\t<div data-elementor-type=\"wp-page\" data-elementor-id=\"6561\" class=\"elementor elementor-6561 elementor-6223\" data-elementor-post-type=\"page\">\n\t\t\t\t\t\t<section class=\"elementor-section elementor-top-section elementor-element elementor-element-7db1941 elementor-section-boxed elementor-section-height-default elementor-section-height-default\" data-id=\"7db1941\" data-element_type=\"section\">\n\t\t\t\t\t\t<div class=\"elementor-container elementor-column-gap-default\">\n\t\t\t\t\t<div class=\"elementor-column elementor-col-100 elementor-top-column elementor-element elementor-element-705e926 animated-slow elementor-invisible\" data-id=\"705e926\" data-element_type=\"column\" data-settings=\"{&quot;animation&quot;:&quot;fadeIn&quot;}\">\n\t\t\t<div class=\"elementor-widget-wrap elementor-element-populated\">\n\t\t\t\t\t\t\t<\/div>\n\t\t<\/div>\n\t\t\t\t\t<\/div>\n\t\t<\/section>\n\t\t\t\t<section class=\"elementor-section elementor-top-section elementor-element elementor-element-a189b9b elementor-section-boxed elementor-section-height-default elementor-section-height-default\" data-id=\"a189b9b\" data-element_type=\"section\">\n\t\t\t\t\t\t<div class=\"elementor-container elementor-column-gap-default\">\n\t\t\t\t\t<div class=\"elementor-column elementor-col-50 elementor-top-column elementor-element elementor-element-c8a3179 animated-slow elementor-invisible\" data-id=\"c8a3179\" data-element_type=\"column\" data-settings=\"{&quot;animation&quot;:&quot;fadeIn&quot;,&quot;animation_delay&quot;:500}\">\n\t\t\t<div class=\"elementor-widget-wrap elementor-element-populated\">\n\t\t\t\t\t\t<div class=\"elementor-element elementor-element-5b1c486 elementor-widget elementor-widget-image\" data-id=\"5b1c486\" data-element_type=\"widget\" data-widget_type=\"image.default\">\n\t\t\t\t<div class=\"elementor-widget-container\">\n\t\t\t\t\t\t\t\t\t\t\t\t\t\t\t<img fetchpriority=\"high\" decoding=\"async\" width=\"1668\" height=\"1668\" src=\"https:\/\/www.miyakoshi.eu\/wp-content\/uploads\/2022\/11\/8174reducida.jpg\" class=\"attachment-full size-full wp-image-6228\" alt=\"\" srcset=\"https:\/\/www.miyakoshi.eu\/wp-content\/uploads\/2022\/11\/8174reducida.jpg 1668w, https:\/\/www.miyakoshi.eu\/wp-content\/uploads\/2022\/11\/8174reducida-300x300.jpg 300w, https:\/\/www.miyakoshi.eu\/wp-content\/uploads\/2022\/11\/8174reducida-1024x1024.jpg 1024w, https:\/\/www.miyakoshi.eu\/wp-content\/uploads\/2022\/11\/8174reducida-150x150.jpg 150w, https:\/\/www.miyakoshi.eu\/wp-content\/uploads\/2022\/11\/8174reducida-768x768.jpg 768w, https:\/\/www.miyakoshi.eu\/wp-content\/uploads\/2022\/11\/8174reducida-1536x1536.jpg 1536w\" sizes=\"(max-width: 1668px) 100vw, 1668px\" \/>\t\t\t\t\t\t\t\t\t\t\t\t\t\t\t<\/div>\n\t\t\t\t<\/div>\n\t\t\t\t\t<\/div>\n\t\t<\/div>\n\t\t\t\t<div class=\"elementor-column elementor-col-50 elementor-top-column elementor-element elementor-element-f4cda0c animated-slow elementor-invisible\" data-id=\"f4cda0c\" data-element_type=\"column\" data-settings=\"{&quot;animation&quot;:&quot;fadeIn&quot;,&quot;animation_delay&quot;:1000}\">\n\t\t\t<div class=\"elementor-widget-wrap elementor-element-populated\">\n\t\t\t\t\t\t<div class=\"elementor-element elementor-element-fa79b0a elementor-widget elementor-widget-text-editor\" data-id=\"fa79b0a\" data-element_type=\"widget\" data-widget_type=\"text-editor.default\">\n\t\t\t\t<div class=\"elementor-widget-container\">\n\t\t\t\t\t\t\t\t\t<div class=\"product-short-description\"><div><p><strong>Schwego\u00ae<\/strong> <strong>damp 8174<\/strong> est un agent de nettoyage et de d\u00e9graissage \u00e0 s\u00e9chage rapide pour tous les rouleaux amortisseurs dans les syst\u00e8mes d&rsquo;amortissement \u00e0 alimentation continue.<\/p><p>Elimine les d\u00e9p\u00f4ts huileux tels que les r\u00e9sidus d&rsquo;encre et les solutions de lavage et r\u00e9g\u00e9n\u00e8re la surface hydrophile des rouleaux de mouillage.<\/p><p>Gr\u00e2ce au processus de s\u00e9chage rapide et sans r\u00e9sidu, aucun r\u00e9sidu ne se d\u00e9pose dans l&rsquo;eau de source si le produit est utilis\u00e9 correctement.<\/p><p><strong>Propri\u00e9t\u00e9s:<\/strong><\/p><ul><li>Nettoyage en profondeur.<\/li><li>Les caoutchoucs et les rouleaux retrouvent leur adh\u00e9rence et leur douceur.<\/li><li>Prolonge la dur\u00e9e de vie des caoutchoucs et des rouleaux.<\/li><li>Aucun changement dans la duret\u00e9 ou le gonflement.<\/li><li>Augmente l&rsquo;acceptation de l&rsquo;encre et de l&rsquo;eau.<\/li><li>Aucun r\u00e9sidu gras.<\/li><li>Certification ISEGA<\/li><li><strong>Schwego\u00ae Damp 8174<\/strong> est exempt d&rsquo;hydrocarbures chlor\u00e9s et aromatiques.<\/li><li><strong>Schwego\u00ae dump 8174<\/strong> peut g\u00e9n\u00e9ralement \u00eatre utilis\u00e9 sur tous les mat\u00e9riaux en cas de forte salissure par les encres d&rsquo;impression.<\/li><li>Sous r\u00e9serve d&rsquo;un stockage appropri\u00e9, les propri\u00e9t\u00e9s d\u00e9crites du <strong>Schwego\u00ae dump 8174<\/strong> restent stables pendant au moins 24 mois.<\/li><\/ul><p><strong>Mode d&#8217;emploi:<\/strong><\/p><p>1. Nettoyage du caoutchouc et des amortisseurs : appliquer Schwego\u00ae Damp 8174 avec un chiffon ou une \u00e9ponge une \u00e0 deux fois par jour.<br \/>2. Nettoyage des rouleaux d&rsquo;encre : apr\u00e8s avoir nettoy\u00e9 les rouleaux, appliquer Schwego\u00ae Damp 8174.<\/p><p><strong>Conditionnement:<\/strong> bouteille de 1 L &#8211; f\u00fbt de 200 L<\/p><p><span style=\"color: #333333; font-size: 0.9375rem;\">*Produit \u00e0 usage industriel. Il est recommand\u00e9 de t\u00e9l\u00e9charger la fiche produit et la fiche de donn\u00e9es de s\u00e9curit\u00e9.<\/span><\/p><p><span style=\"color: #333333; font-size: 0.9375rem;\">**L&rsquo;image du produit peut diff\u00e9rer en fonction de la s\u00e9lection des attributs ou en raison de la mise \u00e0 jour de l&#8217;emballage.<\/span><\/p><\/div><\/div>\t\t\t\t\t\t\t\t<\/div>\n\t\t\t\t<\/div>\n\t\t\t\t<div class=\"elementor-element elementor-element-34c1587 elementor-button-info elementor-align-center e-transform elementor-widget elementor-widget-button\" data-id=\"34c1587\" data-element_type=\"widget\" data-settings=\"{&quot;_transform_scale_effect_hover&quot;:{&quot;unit&quot;:&quot;px&quot;,&quot;size&quot;:1.1,&quot;sizes&quot;:[]},&quot;_transform_scale_effect_hover_tablet_extra&quot;:{&quot;unit&quot;:&quot;px&quot;,&quot;size&quot;:&quot;&quot;,&quot;sizes&quot;:[]},&quot;_transform_scale_effect_hover_tablet&quot;:{&quot;unit&quot;:&quot;px&quot;,&quot;size&quot;:&quot;&quot;,&quot;sizes&quot;:[]},&quot;_transform_scale_effect_hover_mobile&quot;:{&quot;unit&quot;:&quot;px&quot;,&quot;size&quot;:&quot;&quot;,&quot;sizes&quot;:[]}}\" data-widget_type=\"button.default\">\n\t\t\t\t<div class=\"elementor-widget-container\">\n\t\t\t\t\t\t\t\t\t<div class=\"elementor-button-wrapper\">\n\t\t\t\t\t<a class=\"elementor-button elementor-button-link elementor-size-sm\" href=\"https:\/\/www.miyakoshi.eu\/fr\/contact\/\" target=\"_blank\">\n\t\t\t\t\t\t<span class=\"elementor-button-content-wrapper\">\n\t\t\t\t\t\t\t\t\t<span class=\"elementor-button-text\">Demande d'information<\/span>\n\t\t\t\t\t<\/span>\n\t\t\t\t\t<\/a>\n\t\t\t\t<\/div>\n\t\t\t\t\t\t\t\t<\/div>\n\t\t\t\t<\/div>\n\t\t\t\t<div class=\"elementor-element elementor-element-07cd879 elementor-share-buttons--view-icon elementor-share-buttons--shape-circle elementor-share-buttons--skin-gradient elementor-grid-0 elementor-share-buttons--color-official elementor-widget elementor-widget-share-buttons\" data-id=\"07cd879\" data-element_type=\"widget\" data-widget_type=\"share-buttons.default\">\n\t\t\t\t<div class=\"elementor-widget-container\">\n\t\t\t\t\t\t\t<div class=\"elementor-grid\" role=\"list\">\n\t\t\t\t\t\t\t\t<div class=\"elementor-grid-item\" role=\"listitem\">\n\t\t\t\t\t\t<div class=\"elementor-share-btn elementor-share-btn_email\" role=\"button\" tabindex=\"0\" aria-label=\"Partager sur email\">\n\t\t\t\t\t\t\t\t\t\t\t\t\t\t\t<span class=\"elementor-share-btn__icon\">\n\t\t\t\t\t\t\t\t<i class=\"fas fa-envelope\" aria-hidden=\"true\"><\/i>\t\t\t\t\t\t\t<\/span>\n\t\t\t\t\t\t\t\t\t\t\t\t\t\t\t\t\t\t\t\t<\/div>\n\t\t\t\t\t<\/div>\n\t\t\t\t\t\t\t\t\t<div class=\"elementor-grid-item\" role=\"listitem\">\n\t\t\t\t\t\t<div class=\"elementor-share-btn elementor-share-btn_whatsapp\" role=\"button\" tabindex=\"0\" aria-label=\"Partager sur whatsapp\">\n\t\t\t\t\t\t\t\t\t\t\t\t\t\t\t<span class=\"elementor-share-btn__icon\">\n\t\t\t\t\t\t\t\t<i class=\"fab fa-whatsapp\" aria-hidden=\"true\"><\/i>\t\t\t\t\t\t\t<\/span>\n\t\t\t\t\t\t\t\t\t\t\t\t\t\t\t\t\t\t\t\t<\/div>\n\t\t\t\t\t<\/div>\n\t\t\t\t\t\t\t\t\t<div class=\"elementor-grid-item\" role=\"listitem\">\n\t\t\t\t\t\t<div class=\"elementor-share-btn elementor-share-btn_linkedin\" role=\"button\" tabindex=\"0\" aria-label=\"Partager sur linkedin\">\n\t\t\t\t\t\t\t\t\t\t\t\t\t\t\t<span class=\"elementor-share-btn__icon\">\n\t\t\t\t\t\t\t\t<i class=\"fab fa-linkedin\" aria-hidden=\"true\"><\/i>\t\t\t\t\t\t\t<\/span>\n\t\t\t\t\t\t\t\t\t\t\t\t\t\t\t\t\t\t\t\t<\/div>\n\t\t\t\t\t<\/div>\n\t\t\t\t\t\t\t\t\t<div class=\"elementor-grid-item\" role=\"listitem\">\n\t\t\t\t\t\t<div class=\"elementor-share-btn elementor-share-btn_pinterest\" role=\"button\" tabindex=\"0\" aria-label=\"Partager sur pinterest\">\n\t\t\t\t\t\t\t\t\t\t\t\t\t\t\t<span class=\"elementor-share-btn__icon\">\n\t\t\t\t\t\t\t\t<i class=\"fab fa-pinterest\" aria-hidden=\"true\"><\/i>\t\t\t\t\t\t\t<\/span>\n\t\t\t\t\t\t\t\t\t\t\t\t\t\t\t\t\t\t\t\t<\/div>\n\t\t\t\t\t<\/div>\n\t\t\t\t\t\t\t\t\t<div class=\"elementor-grid-item\" role=\"listitem\">\n\t\t\t\t\t\t<div class=\"elementor-share-btn elementor-share-btn_facebook\" role=\"button\" tabindex=\"0\" aria-label=\"Partager sur facebook\">\n\t\t\t\t\t\t\t\t\t\t\t\t\t\t\t<span class=\"elementor-share-btn__icon\">\n\t\t\t\t\t\t\t\t<i class=\"fab fa-facebook\" aria-hidden=\"true\"><\/i>\t\t\t\t\t\t\t<\/span>\n\t\t\t\t\t\t\t\t\t\t\t\t\t\t\t\t\t\t\t\t<\/div>\n\t\t\t\t\t<\/div>\n\t\t\t\t\t\t\t\t\t<div class=\"elementor-grid-item\" role=\"listitem\">\n\t\t\t\t\t\t<div class=\"elementor-share-btn elementor-share-btn_twitter\" role=\"button\" tabindex=\"0\" aria-label=\"Partager sur twitter\">\n\t\t\t\t\t\t\t\t\t\t\t\t\t\t\t<span class=\"elementor-share-btn__icon\">\n\t\t\t\t\t\t\t\t<i class=\"fab fa-twitter\" aria-hidden=\"true\"><\/i>\t\t\t\t\t\t\t<\/span>\n\t\t\t\t\t\t\t\t\t\t\t\t\t\t\t\t\t\t\t\t<\/div>\n\t\t\t\t\t<\/div>\n\t\t\t\t\t\t<\/div>\n\t\t\t\t\t\t<\/div>\n\t\t\t\t<\/div>\n\t\t\t\t\t<\/div>\n\t\t<\/div>\n\t\t\t\t\t<\/div>\n\t\t<\/section>\n\t\t\t\t<\/div>\n\t\t","protected":false},"excerpt":{"rendered":"<p>Schwego\u00ae damp 8174 est un agent de nettoyage et de d\u00e9graissage \u00e0 s\u00e9chage rapide pour tous les rouleaux amortisseurs dans les syst\u00e8mes d&rsquo;amortissement \u00e0 alimentation continue. Elimine les d\u00e9p\u00f4ts huileux tels que les r\u00e9sidus d&rsquo;encre et les solutions de lavage et r\u00e9g\u00e9n\u00e8re la surface hydrophile des rouleaux de mouillage. Gr\u00e2ce au processus de s\u00e9chage rapide [&hellip;]<\/p>\n","protected":false},"author":2,"featured_media":0,"parent":0,"menu_order":0,"comment_status":"closed","ping_status":"closed","template":"","meta":{"site-sidebar-layout":"no-sidebar","site-content-layout":"page-builder","ast-site-content-layout":"default","site-content-style":"default","site-sidebar-style":"default","ast-global-header-display":"","ast-banner-title-visibility":"","ast-main-header-display":"","ast-hfb-above-header-display":"","ast-hfb-below-header-display":"","ast-hfb-mobile-header-display":"","site-post-title":"disabled","ast-breadcrumbs-content":"","ast-featured-img":"disabled","footer-sml-layout":"","theme-transparent-header-meta":"default","adv-header-id-meta":"","stick-header-meta":"","header-above-stick-meta":"","header-main-stick-meta":"","header-below-stick-meta":"","astra-migrate-meta-layouts":"default","ast-page-background-enabled":"default","ast-page-background-meta":{"desktop":{"background-color":"","background-image":"","background-repeat":"repeat","background-position":"center center","background-size":"auto","background-attachment":"scroll","background-type":"","background-media":"","overlay-type":"","overlay-color":"","overlay-opacity":"","overlay-gradient":""},"tablet":{"background-color":"","background-image":"","background-repeat":"repeat","background-position":"center center","background-size":"auto","background-attachment":"scroll","background-type":"","background-media":"","overlay-type":"","overlay-color":"","overlay-opacity":"","overlay-gradient":""},"mobile":{"background-color":"","background-image":"","background-repeat":"repeat","background-position":"center center","background-size":"auto","background-attachment":"scroll","background-type":"","background-media":"","overlay-type":"","overlay-color":"","overlay-opacity":"","overlay-gradient":""}},"ast-content-background-meta":{"desktop":{"background-color":"var(--ast-global-color-5)","background-image":"","background-repeat":"repeat","background-position":"center center","background-size":"auto","background-attachment":"scroll","background-type":"","background-media":"","overlay-type":"","overlay-color":"","overlay-opacity":"","overlay-gradient":""},"tablet":{"background-color":"var(--ast-global-color-5)","background-image":"","background-repeat":"repeat","background-position":"center center","background-size":"auto","background-attachment":"scroll","background-type":"","background-media":"","overlay-type":"","overlay-color":"","overlay-opacity":"","overlay-gradient":""},"mobile":{"background-color":"var(--ast-global-color-5)","background-image":"","background-repeat":"repeat","background-position":"center center","background-size":"auto","background-attachment":"scroll","background-type":"","background-media":"","overlay-type":"","overlay-color":"","overlay-opacity":"","overlay-gradient":""}},"footnotes":""},"class_list":["post-6561","page","type-page","status-publish","hentry"],"yoast_head":"<!-- This site is optimized with the Yoast SEO plugin v26.3 - https:\/\/yoast.com\/wordpress\/plugins\/seo\/ -->\n<title>R\u00e9g\u00e9n\u00e9rateur pour le caoutchouc et les batteries \u2013 Schwego\u00ae Damp 8174 | Miyakoshi<\/title>\n<meta name=\"robots\" content=\"index, follow, max-snippet:-1, max-image-preview:large, max-video-preview:-1\" \/>\n<link rel=\"canonical\" href=\"https:\/\/www.miyakoshi.eu\/fr\/regenerateur-pour-le-caoutchouc-et-les-batteries-schwego-damp-8174\/\" \/>\n<meta property=\"og:locale\" content=\"fr_FR\" \/>\n<meta property=\"og:type\" content=\"article\" \/>\n<meta property=\"og:title\" content=\"R\u00e9g\u00e9n\u00e9rateur pour le caoutchouc et les batteries \u2013 Schwego\u00ae Damp 8174 | Miyakoshi\" \/>\n<meta property=\"og:description\" content=\"Schwego\u00ae damp 8174 est un agent de nettoyage et de d\u00e9graissage \u00e0 s\u00e9chage rapide pour tous les rouleaux amortisseurs dans les syst\u00e8mes d&rsquo;amortissement \u00e0 alimentation continue. Elimine les d\u00e9p\u00f4ts huileux tels que les r\u00e9sidus d&rsquo;encre et les solutions de lavage et r\u00e9g\u00e9n\u00e8re la surface hydrophile des rouleaux de mouillage. Gr\u00e2ce au processus de s\u00e9chage rapide [&hellip;]\" \/>\n<meta property=\"og:url\" content=\"https:\/\/www.miyakoshi.eu\/fr\/regenerateur-pour-le-caoutchouc-et-les-batteries-schwego-damp-8174\/\" \/>\n<meta property=\"og:site_name\" content=\"Miyakoshi\" \/>\n<meta property=\"article:modified_time\" content=\"2023-01-18T09:35:04+00:00\" \/>\n<meta property=\"og:image\" content=\"https:\/\/www.miyakoshi.eu\/wp-content\/uploads\/2022\/11\/8174reducida.jpg\" \/>\n<meta name=\"twitter:card\" content=\"summary_large_image\" \/>\n<meta name=\"twitter:label1\" content=\"Dur\u00e9e de lecture estim\u00e9e\" \/>\n\t<meta name=\"twitter:data1\" content=\"2 minutes\" \/>\n<script type=\"application\/ld+json\" class=\"yoast-schema-graph\">{\"@context\":\"https:\/\/schema.org\",\"@graph\":[{\"@type\":\"WebPage\",\"@id\":\"https:\/\/www.miyakoshi.eu\/fr\/regenerateur-pour-le-caoutchouc-et-les-batteries-schwego-damp-8174\/\",\"url\":\"https:\/\/www.miyakoshi.eu\/fr\/regenerateur-pour-le-caoutchouc-et-les-batteries-schwego-damp-8174\/\",\"name\":\"R\u00e9g\u00e9n\u00e9rateur pour le caoutchouc et les batteries \u2013 Schwego\u00ae Damp 8174 | Miyakoshi\",\"isPartOf\":{\"@id\":\"https:\/\/www.miyakoshi.eu\/fr\/#website\"},\"primaryImageOfPage\":{\"@id\":\"https:\/\/www.miyakoshi.eu\/fr\/regenerateur-pour-le-caoutchouc-et-les-batteries-schwego-damp-8174\/#primaryimage\"},\"image\":{\"@id\":\"https:\/\/www.miyakoshi.eu\/fr\/regenerateur-pour-le-caoutchouc-et-les-batteries-schwego-damp-8174\/#primaryimage\"},\"thumbnailUrl\":\"https:\/\/www.miyakoshi.eu\/wp-content\/uploads\/2022\/11\/8174reducida.jpg\",\"datePublished\":\"2022-11-21T12:41:37+00:00\",\"dateModified\":\"2023-01-18T09:35:04+00:00\",\"breadcrumb\":{\"@id\":\"https:\/\/www.miyakoshi.eu\/fr\/regenerateur-pour-le-caoutchouc-et-les-batteries-schwego-damp-8174\/#breadcrumb\"},\"inLanguage\":\"fr-FR\",\"potentialAction\":[{\"@type\":\"ReadAction\",\"target\":[\"https:\/\/www.miyakoshi.eu\/fr\/regenerateur-pour-le-caoutchouc-et-les-batteries-schwego-damp-8174\/\"]}]},{\"@type\":\"ImageObject\",\"inLanguage\":\"fr-FR\",\"@id\":\"https:\/\/www.miyakoshi.eu\/fr\/regenerateur-pour-le-caoutchouc-et-les-batteries-schwego-damp-8174\/#primaryimage\",\"url\":\"https:\/\/www.miyakoshi.eu\/wp-content\/uploads\/2022\/11\/8174reducida.jpg\",\"contentUrl\":\"https:\/\/www.miyakoshi.eu\/wp-content\/uploads\/2022\/11\/8174reducida.jpg\"},{\"@type\":\"BreadcrumbList\",\"@id\":\"https:\/\/www.miyakoshi.eu\/fr\/regenerateur-pour-le-caoutchouc-et-les-batteries-schwego-damp-8174\/#breadcrumb\",\"itemListElement\":[{\"@type\":\"ListItem\",\"position\":1,\"name\":\"Portada\",\"item\":\"https:\/\/www.miyakoshi.eu\/fr\/\"},{\"@type\":\"ListItem\",\"position\":2,\"name\":\"R\u00e9g\u00e9n\u00e9rateur pour le caoutchouc et les batteries \u2013 Schwego\u00ae Damp 8174\"}]},{\"@type\":\"WebSite\",\"@id\":\"https:\/\/www.miyakoshi.eu\/fr\/#website\",\"url\":\"https:\/\/www.miyakoshi.eu\/fr\/\",\"name\":\"Miyakoshi\",\"description\":\"Fabricantes japoneses de impresoras offset\",\"publisher\":{\"@id\":\"https:\/\/www.miyakoshi.eu\/fr\/#organization\"},\"potentialAction\":[{\"@type\":\"SearchAction\",\"target\":{\"@type\":\"EntryPoint\",\"urlTemplate\":\"https:\/\/www.miyakoshi.eu\/fr\/?s={search_term_string}\"},\"query-input\":{\"@type\":\"PropertyValueSpecification\",\"valueRequired\":true,\"valueName\":\"search_term_string\"}}],\"inLanguage\":\"fr-FR\"},{\"@type\":\"Organization\",\"@id\":\"https:\/\/www.miyakoshi.eu\/fr\/#organization\",\"name\":\"Miyakoshi Europe, S.L.\",\"url\":\"https:\/\/www.miyakoshi.eu\/fr\/\",\"logo\":{\"@type\":\"ImageObject\",\"inLanguage\":\"fr-FR\",\"@id\":\"https:\/\/www.miyakoshi.eu\/fr\/#\/schema\/logo\/image\/\",\"url\":\"https:\/\/www.miyakoshi.eu\/wp-content\/uploads\/2022\/02\/Logo-miyakoshi.svg\",\"contentUrl\":\"https:\/\/www.miyakoshi.eu\/wp-content\/uploads\/2022\/02\/Logo-miyakoshi.svg\",\"width\":483,\"height\":98,\"caption\":\"Miyakoshi Europe, S.L.\"},\"image\":{\"@id\":\"https:\/\/www.miyakoshi.eu\/fr\/#\/schema\/logo\/image\/\"},\"sameAs\":[\"https:\/\/www.linkedin.com\/company\/miyakoshieurope\/\"]}]}<\/script>\n<!-- \/ Yoast SEO plugin. -->","yoast_head_json":{"title":"R\u00e9g\u00e9n\u00e9rateur pour le caoutchouc et les batteries \u2013 Schwego\u00ae Damp 8174 | Miyakoshi","robots":{"index":"index","follow":"follow","max-snippet":"max-snippet:-1","max-image-preview":"max-image-preview:large","max-video-preview":"max-video-preview:-1"},"canonical":"https:\/\/www.miyakoshi.eu\/fr\/regenerateur-pour-le-caoutchouc-et-les-batteries-schwego-damp-8174\/","og_locale":"fr_FR","og_type":"article","og_title":"R\u00e9g\u00e9n\u00e9rateur pour le caoutchouc et les batteries \u2013 Schwego\u00ae Damp 8174 | Miyakoshi","og_description":"Schwego\u00ae damp 8174 est un agent de nettoyage et de d\u00e9graissage \u00e0 s\u00e9chage rapide pour tous les rouleaux amortisseurs dans les syst\u00e8mes d&rsquo;amortissement \u00e0 alimentation continue. Elimine les d\u00e9p\u00f4ts huileux tels que les r\u00e9sidus d&rsquo;encre et les solutions de lavage et r\u00e9g\u00e9n\u00e8re la surface hydrophile des rouleaux de mouillage. Gr\u00e2ce au processus de s\u00e9chage rapide [&hellip;]","og_url":"https:\/\/www.miyakoshi.eu\/fr\/regenerateur-pour-le-caoutchouc-et-les-batteries-schwego-damp-8174\/","og_site_name":"Miyakoshi","article_modified_time":"2023-01-18T09:35:04+00:00","og_image":[{"url":"https:\/\/www.miyakoshi.eu\/wp-content\/uploads\/2022\/11\/8174reducida.jpg","type":"","width":"","height":""}],"twitter_card":"summary_large_image","twitter_misc":{"Dur\u00e9e de lecture estim\u00e9e":"2 minutes"},"schema":{"@context":"https:\/\/schema.org","@graph":[{"@type":"WebPage","@id":"https:\/\/www.miyakoshi.eu\/fr\/regenerateur-pour-le-caoutchouc-et-les-batteries-schwego-damp-8174\/","url":"https:\/\/www.miyakoshi.eu\/fr\/regenerateur-pour-le-caoutchouc-et-les-batteries-schwego-damp-8174\/","name":"R\u00e9g\u00e9n\u00e9rateur pour le caoutchouc et les batteries \u2013 Schwego\u00ae Damp 8174 | Miyakoshi","isPartOf":{"@id":"https:\/\/www.miyakoshi.eu\/fr\/#website"},"primaryImageOfPage":{"@id":"https:\/\/www.miyakoshi.eu\/fr\/regenerateur-pour-le-caoutchouc-et-les-batteries-schwego-damp-8174\/#primaryimage"},"image":{"@id":"https:\/\/www.miyakoshi.eu\/fr\/regenerateur-pour-le-caoutchouc-et-les-batteries-schwego-damp-8174\/#primaryimage"},"thumbnailUrl":"https:\/\/www.miyakoshi.eu\/wp-content\/uploads\/2022\/11\/8174reducida.jpg","datePublished":"2022-11-21T12:41:37+00:00","dateModified":"2023-01-18T09:35:04+00:00","breadcrumb":{"@id":"https:\/\/www.miyakoshi.eu\/fr\/regenerateur-pour-le-caoutchouc-et-les-batteries-schwego-damp-8174\/#breadcrumb"},"inLanguage":"fr-FR","potentialAction":[{"@type":"ReadAction","target":["https:\/\/www.miyakoshi.eu\/fr\/regenerateur-pour-le-caoutchouc-et-les-batteries-schwego-damp-8174\/"]}]},{"@type":"ImageObject","inLanguage":"fr-FR","@id":"https:\/\/www.miyakoshi.eu\/fr\/regenerateur-pour-le-caoutchouc-et-les-batteries-schwego-damp-8174\/#primaryimage","url":"https:\/\/www.miyakoshi.eu\/wp-content\/uploads\/2022\/11\/8174reducida.jpg","contentUrl":"https:\/\/www.miyakoshi.eu\/wp-content\/uploads\/2022\/11\/8174reducida.jpg"},{"@type":"BreadcrumbList","@id":"https:\/\/www.miyakoshi.eu\/fr\/regenerateur-pour-le-caoutchouc-et-les-batteries-schwego-damp-8174\/#breadcrumb","itemListElement":[{"@type":"ListItem","position":1,"name":"Portada","item":"https:\/\/www.miyakoshi.eu\/fr\/"},{"@type":"ListItem","position":2,"name":"R\u00e9g\u00e9n\u00e9rateur pour le caoutchouc et les batteries \u2013 Schwego\u00ae Damp 8174"}]},{"@type":"WebSite","@id":"https:\/\/www.miyakoshi.eu\/fr\/#website","url":"https:\/\/www.miyakoshi.eu\/fr\/","name":"Miyakoshi","description":"Fabricantes japoneses de impresoras offset","publisher":{"@id":"https:\/\/www.miyakoshi.eu\/fr\/#organization"},"potentialAction":[{"@type":"SearchAction","target":{"@type":"EntryPoint","urlTemplate":"https:\/\/www.miyakoshi.eu\/fr\/?s={search_term_string}"},"query-input":{"@type":"PropertyValueSpecification","valueRequired":true,"valueName":"search_term_string"}}],"inLanguage":"fr-FR"},{"@type":"Organization","@id":"https:\/\/www.miyakoshi.eu\/fr\/#organization","name":"Miyakoshi Europe, S.L.","url":"https:\/\/www.miyakoshi.eu\/fr\/","logo":{"@type":"ImageObject","inLanguage":"fr-FR","@id":"https:\/\/www.miyakoshi.eu\/fr\/#\/schema\/logo\/image\/","url":"https:\/\/www.miyakoshi.eu\/wp-content\/uploads\/2022\/02\/Logo-miyakoshi.svg","contentUrl":"https:\/\/www.miyakoshi.eu\/wp-content\/uploads\/2022\/02\/Logo-miyakoshi.svg","width":483,"height":98,"caption":"Miyakoshi Europe, S.L."},"image":{"@id":"https:\/\/www.miyakoshi.eu\/fr\/#\/schema\/logo\/image\/"},"sameAs":["https:\/\/www.linkedin.com\/company\/miyakoshieurope\/"]}]}},"acf":[],"_links":{"self":[{"href":"https:\/\/www.miyakoshi.eu\/fr\/wp-json\/wp\/v2\/pages\/6561","targetHints":{"allow":["GET"]}}],"collection":[{"href":"https:\/\/www.miyakoshi.eu\/fr\/wp-json\/wp\/v2\/pages"}],"about":[{"href":"https:\/\/www.miyakoshi.eu\/fr\/wp-json\/wp\/v2\/types\/page"}],"author":[{"embeddable":true,"href":"https:\/\/www.miyakoshi.eu\/fr\/wp-json\/wp\/v2\/users\/2"}],"replies":[{"embeddable":true,"href":"https:\/\/www.miyakoshi.eu\/fr\/wp-json\/wp\/v2\/comments?post=6561"}],"version-history":[{"count":17,"href":"https:\/\/www.miyakoshi.eu\/fr\/wp-json\/wp\/v2\/pages\/6561\/revisions"}],"predecessor-version":[{"id":7894,"href":"https:\/\/www.miyakoshi.eu\/fr\/wp-json\/wp\/v2\/pages\/6561\/revisions\/7894"}],"wp:attachment":[{"href":"https:\/\/www.miyakoshi.eu\/fr\/wp-json\/wp\/v2\/media?parent=6561"}],"curies":[{"name":"wp","href":"https:\/\/api.w.org\/{rel}","templated":true}]}}